{"id":858,"date":"2025-12-19T16:31:28","date_gmt":"2025-12-19T16:31:28","guid":{"rendered":"https:\/\/beutox.com\/product\/juvederm-voluma-2-x-1-ml\/"},"modified":"2025-12-19T16:31:28","modified_gmt":"2025-12-19T16:31:28","slug":"juvederm-voluma-2-x-1-ml","status":"publish","type":"product","link":"https:\/\/beutox.com\/pt-pt\/product\/juvederm-voluma-2-x-1-ml\/","title":{"rendered":"Juvederm Voluma 2 x 1 ml"},"content":{"rendered":"<h3 data-path-to-node=\"4\"><b data-path-to-node=\"4\" data-index-in-node=\"0\">Reimagine o Volume Facial e a Estrutura Jovem<\/b><\/h3>\n<p data-path-to-node=\"5\">Apresentamos a solu\u00e7\u00e3o definitiva para a perda de volume relacionada com a idade com o <b data-path-to-node=\"5\" data-index-in-node=\"67\">Juv\u00e9derm Voluma<\/b>, uma pedra angular da mundialmente famosa Cole\u00e7\u00e3o Juv\u00e9derm de Preenchimentos. O Voluma \u00e9 formulado por especialistas para inje\u00e7\u00e3o profunda no ter\u00e7o m\u00e9dio da face, projetado n\u00e3o apenas para preencher, mas para fornecer um lifting poderoso e restaurar os contornos harmoniosos da juventude. <\/p>\n<p data-path-to-node=\"6\">O Voluma \u00e9 o \u00fanico preenchimento de \u00c1cido Hialur\u00f3nico (AH) comprovado para fornecer resultados que podem durar at\u00e9 <b data-path-to-node=\"6\" data-index-in-node=\"97\">dois anos<\/b> com o tratamento ideal, estabelecendo-o como a principal escolha para os m\u00e9dicos que procuram longevidade m\u00e1xima e satisfa\u00e7\u00e3o do paciente.<\/p>\n<h3 data-path-to-node=\"7\"><b data-path-to-node=\"7\" data-index-in-node=\"0\">Com a tecnologia VYCROSS\u00ae<\/b><\/h3>\n<p data-path-to-node=\"8\">O desempenho superior do Juv\u00e9derm Voluma \u00e9 atribu\u00eddo \u00e0 <b data-path-to-node=\"8\" data-index-in-node=\"84\">Tecnologia VYCROSS\u00ae<\/b> patenteada da Allergan. Este processo de fabrico inovador reticula cadeias de AH de baixo e alto peso molecular, criando um gel incrivelmente suave e coeso com uma capacidade de lifting excecional. Esta composi\u00e7\u00e3o espec\u00edfica garante:  <\/p>\n<ul data-path-to-node=\"9\">\n<li>\n<p data-path-to-node=\"9,0,0\"><b data-path-to-node=\"9,0,0\" data-index-in-node=\"0\">Proje\u00e7\u00e3o M\u00e1xima:<\/b> A alta integridade estrutural do gel fornece a firmeza necess\u00e1ria para levantar os tecidos fl\u00e1cidos e restaurar a defini\u00e7\u00e3o das ma\u00e7\u00e3s do rosto e do queixo.<\/p>\n<\/li>\n<li>\n<p data-path-to-node=\"9,1,0\"><b data-path-to-node=\"9,1,0\" data-index-in-node=\"0\">Sensa\u00e7\u00e3o Natural:<\/b> Apesar da sua for\u00e7a, o gel VYCROSS \u00e9 suave e f\u00e1cil de injetar, integrando-se perfeitamente com o tecido circundante para uma apar\u00eancia natural e n\u00e3o inchada.<\/p>\n<\/li>\n<li>\n<p data-path-to-node=\"9,2,0\"><b data-path-to-node=\"9,2,0\" data-index-in-node=\"0\">Durabilidade Prolongada:<\/b> A reticula\u00e7\u00e3o eficiente retarda o processo de degrada\u00e7\u00e3o natural, proporcionando a maior dura\u00e7\u00e3o de corre\u00e7\u00e3o da sua classe.<\/p>\n<\/li>\n<\/ul>\n<h3 data-path-to-node=\"10\"><b data-path-to-node=\"10\" data-index-in-node=\"0\">Indica\u00e7\u00f5es Principais do Tratamento<\/b><\/h3>\n<p data-path-to-node=\"11\">O Juv\u00e9derm Voluma \u00e9 a ferramenta essencial para:<\/p>\n<ul data-path-to-node=\"12\">\n<li>\n<p data-path-to-node=\"12,0,0\"><b data-path-to-node=\"12,0,0\" data-index-in-node=\"0\">Aumento das Ma\u00e7\u00e3s do Rosto:<\/b> Corrigir o d\u00e9fice de volume relacionado com a idade no ter\u00e7o m\u00e9dio da face, resultando num lifting imediato e num perfil renovado.<\/p>\n<\/li>\n<li>\n<p data-path-to-node=\"12,1,0\"><b data-path-to-node=\"12,1,0\" data-index-in-node=\"0\">Aumento do Queixo:<\/b> Melhorar a proje\u00e7\u00e3o e a defini\u00e7\u00e3o do queixo para melhorar o equil\u00edbrio e o perfil facial geral.<\/p>\n<\/li>\n<li>\n<p data-path-to-node=\"12,2,0\"><b data-path-to-node=\"12,2,0\" data-index-in-node=\"0\">Contorno Facial:<\/b> Esculpir a linha da mand\u00edbula e corrigir a perda de volume nas t\u00eamporas para um rejuvenescimento estrutural abrangente.<\/p>\n<\/li>\n<\/ul>\n<p data-path-to-node=\"13\">Com <b data-path-to-node=\"13\" data-index-in-node=\"5\">Lidoca\u00edna (0,3%)<\/b> integrada na f\u00f3rmula, o Juv\u00e9derm Voluma garante uma experi\u00eancia de tratamento significativamente mais confort\u00e1vel, permitindo-lhe fornecer uma restaura\u00e7\u00e3o de volume transformadora e duradoura com confian\u00e7a e precis\u00e3o.<\/p>\n","protected":false},"excerpt":{"rendered":"<p>O <b data-path-to-node=\"17\" data-index-in-node=\"0\">Juv\u00e9derm Voluma<\/b> \u00e9 um preenchimento de \u00c1cido Hialur\u00f3nico de alta viscosidade e qualidade superior que utiliza a <b data-path-to-node=\"17\" data-index-in-node=\"78\">Tecnologia VYCROSS\u00ae<\/b> para uma restaura\u00e7\u00e3o profunda do volume. Principalmente indicado para o <g id=\"gid_2\">aumento das ma\u00e7\u00e3s do rosto<\/g> e o <g id=\"gid_3\">contorno do queixo<\/g>, proporciona um lifting e uma estrutura significativos para corrigir a perda de volume relacionada com a idade. Com Lidoca\u00edna integrada e resultados que duram at\u00e9 dois anos, \u00e9 a principal escolha para o rejuvenescimento facial a longo prazo.  <\/p>\n","protected":false},"featured_media":237,"comment_status":"open","ping_status":"closed","template":"","meta":[],"product_brand":[],"product_cat":[75],"product_tag":[],"class_list":{"0":"post-858","1":"product","2":"type-product","3":"status-publish","4":"has-post-thumbnail","6":"product_cat-preenchimentos-dermicos","8":"first","9":"instock","10":"shipping-taxable","11":"purchasable","12":"product-type-simple"},"yoast_head":"<!-- This site is optimized with the Yoast SEO plugin v26.6 - https:\/\/yoast.com\/wordpress\/plugins\/seo\/ -->\n<title>Comprar Juvederm Voluma 2 x 1 ml Online - Beutox.com<\/title>\n<meta name=\"robots\" content=\"index, follow, max-snippet:-1, max-image-preview:large, max-video-preview:-1\" \/>\n<link rel=\"canonical\" href=\"https:\/\/beutox.com\/pt-pt\/product\/juvederm-voluma-2-x-1-ml\/\" \/>\n<meta property=\"og:locale\" content=\"pt_PT\" \/>\n<meta property=\"og:type\" content=\"article\" \/>\n<meta property=\"og:title\" content=\"Comprar Juvederm Voluma 2 x 1 ml Online - Beutox.com\" \/>\n<meta property=\"og:description\" content=\"O Juv\u00e9derm Voluma \u00e9 um preenchimento de \u00c1cido Hialur\u00f3nico de alta viscosidade e qualidade superior que utiliza a Tecnologia VYCROSS\u00ae para uma restaura\u00e7\u00e3o profunda do volume. Principalmente indicado para o aumento das ma\u00e7\u00e3s do rosto e o contorno do queixo, proporciona um lifting e uma estrutura significativos para corrigir a perda de volume relacionada com a idade. Com Lidoca\u00edna integrada e resultados que duram at\u00e9 dois anos, \u00e9 a principal escolha para o rejuvenescimento facial a longo prazo.\" \/>\n<meta property=\"og:url\" content=\"https:\/\/beutox.com\/pt-pt\/product\/juvederm-voluma-2-x-1-ml\/\" \/>\n<meta property=\"og:site_name\" content=\"Beutox.com\" \/>\n<meta property=\"og:image\" content=\"https:\/\/beutox.com\/wp-content\/uploads\/2025\/12\/Juvederm-Voluma.jpg\" \/>\n\t<meta property=\"og:image:width\" content=\"1024\" \/>\n\t<meta property=\"og:image:height\" content=\"1024\" \/>\n\t<meta property=\"og:image:type\" content=\"image\/jpeg\" \/>\n<meta name=\"twitter:card\" content=\"summary_large_image\" \/>\n<meta name=\"twitter:label1\" content=\"Tempo estimado de leitura\" \/>\n\t<meta name=\"twitter:data1\" content=\"2 minutos\" \/>\n<script type=\"application\/ld+json\" class=\"yoast-schema-graph\">{\"@context\":\"https:\/\/schema.org\",\"@graph\":[{\"@type\":\"WebPage\",\"@id\":\"https:\/\/beutox.com\/pt-pt\/product\/juvederm-voluma-2-x-1-ml\/\",\"url\":\"https:\/\/beutox.com\/pt-pt\/product\/juvederm-voluma-2-x-1-ml\/\",\"name\":\"Comprar Juvederm Voluma 2 x 1 ml Online - Beutox.com\",\"isPartOf\":{\"@id\":\"https:\/\/beutox.com\/pt-pt\/#website\"},\"primaryImageOfPage\":{\"@id\":\"https:\/\/beutox.com\/pt-pt\/product\/juvederm-voluma-2-x-1-ml\/#primaryimage\"},\"image\":{\"@id\":\"https:\/\/beutox.com\/pt-pt\/product\/juvederm-voluma-2-x-1-ml\/#primaryimage\"},\"thumbnailUrl\":\"https:\/\/beutox.com\/wp-content\/uploads\/2025\/12\/Juvederm-Voluma.jpg\",\"datePublished\":\"2025-12-19T16:31:28+00:00\",\"breadcrumb\":{\"@id\":\"https:\/\/beutox.com\/pt-pt\/product\/juvederm-voluma-2-x-1-ml\/#breadcrumb\"},\"inLanguage\":\"pt-PT\",\"potentialAction\":[{\"@type\":\"ReadAction\",\"target\":[\"https:\/\/beutox.com\/pt-pt\/product\/juvederm-voluma-2-x-1-ml\/\"]}]},{\"@type\":\"ImageObject\",\"inLanguage\":\"pt-PT\",\"@id\":\"https:\/\/beutox.com\/pt-pt\/product\/juvederm-voluma-2-x-1-ml\/#primaryimage\",\"url\":\"https:\/\/beutox.com\/wp-content\/uploads\/2025\/12\/Juvederm-Voluma.jpg\",\"contentUrl\":\"https:\/\/beutox.com\/wp-content\/uploads\/2025\/12\/Juvederm-Voluma.jpg\",\"width\":1024,\"height\":1024},{\"@type\":\"BreadcrumbList\",\"@id\":\"https:\/\/beutox.com\/pt-pt\/product\/juvederm-voluma-2-x-1-ml\/#breadcrumb\",\"itemListElement\":[{\"@type\":\"ListItem\",\"position\":1,\"name\":\"In\u00edcio\",\"item\":\"https:\/\/beutox.com\/pt-pt\/inicio\/\"},{\"@type\":\"ListItem\",\"position\":2,\"name\":\"Loja\",\"item\":\"https:\/\/beutox.com\/shop\/\"},{\"@type\":\"ListItem\",\"position\":3,\"name\":\"Juvederm Voluma 2 x 1 ml\"}]},{\"@type\":\"WebSite\",\"@id\":\"https:\/\/beutox.com\/pt-pt\/#website\",\"url\":\"https:\/\/beutox.com\/pt-pt\/\",\"name\":\"Beutox.com\",\"description\":\"Buy botox online, We ship to USA, UK, Canada, Australia, EU, Saudi Arabia and the rest of the world\",\"potentialAction\":[{\"@type\":\"SearchAction\",\"target\":{\"@type\":\"EntryPoint\",\"urlTemplate\":\"https:\/\/beutox.com\/pt-pt\/?s={search_term_string}\"},\"query-input\":{\"@type\":\"PropertyValueSpecification\",\"valueRequired\":true,\"valueName\":\"search_term_string\"}}],\"inLanguage\":\"pt-PT\"}]}<\/script>\n<!-- \/ Yoast SEO plugin. -->","yoast_head_json":{"title":"Comprar Juvederm Voluma 2 x 1 ml Online - Beutox.com","robots":{"index":"index","follow":"follow","max-snippet":"max-snippet:-1","max-image-preview":"max-image-preview:large","max-video-preview":"max-video-preview:-1"},"canonical":"https:\/\/beutox.com\/pt-pt\/product\/juvederm-voluma-2-x-1-ml\/","og_locale":"pt_PT","og_type":"article","og_title":"Comprar Juvederm Voluma 2 x 1 ml Online - Beutox.com","og_description":"O Juv\u00e9derm Voluma \u00e9 um preenchimento de \u00c1cido Hialur\u00f3nico de alta viscosidade e qualidade superior que utiliza a Tecnologia VYCROSS\u00ae para uma restaura\u00e7\u00e3o profunda do volume. Principalmente indicado para o aumento das ma\u00e7\u00e3s do rosto e o contorno do queixo, proporciona um lifting e uma estrutura significativos para corrigir a perda de volume relacionada com a idade. Com Lidoca\u00edna integrada e resultados que duram at\u00e9 dois anos, \u00e9 a principal escolha para o rejuvenescimento facial a longo prazo.","og_url":"https:\/\/beutox.com\/pt-pt\/product\/juvederm-voluma-2-x-1-ml\/","og_site_name":"Beutox.com","og_image":[{"width":1024,"height":1024,"url":"https:\/\/beutox.com\/wp-content\/uploads\/2025\/12\/Juvederm-Voluma.jpg","type":"image\/jpeg"}],"twitter_card":"summary_large_image","twitter_misc":{"Tempo estimado de leitura":"2 minutos"},"schema":{"@context":"https:\/\/schema.org","@graph":[{"@type":"WebPage","@id":"https:\/\/beutox.com\/pt-pt\/product\/juvederm-voluma-2-x-1-ml\/","url":"https:\/\/beutox.com\/pt-pt\/product\/juvederm-voluma-2-x-1-ml\/","name":"Comprar Juvederm Voluma 2 x 1 ml Online - Beutox.com","isPartOf":{"@id":"https:\/\/beutox.com\/pt-pt\/#website"},"primaryImageOfPage":{"@id":"https:\/\/beutox.com\/pt-pt\/product\/juvederm-voluma-2-x-1-ml\/#primaryimage"},"image":{"@id":"https:\/\/beutox.com\/pt-pt\/product\/juvederm-voluma-2-x-1-ml\/#primaryimage"},"thumbnailUrl":"https:\/\/beutox.com\/wp-content\/uploads\/2025\/12\/Juvederm-Voluma.jpg","datePublished":"2025-12-19T16:31:28+00:00","breadcrumb":{"@id":"https:\/\/beutox.com\/pt-pt\/product\/juvederm-voluma-2-x-1-ml\/#breadcrumb"},"inLanguage":"pt-PT","potentialAction":[{"@type":"ReadAction","target":["https:\/\/beutox.com\/pt-pt\/product\/juvederm-voluma-2-x-1-ml\/"]}]},{"@type":"ImageObject","inLanguage":"pt-PT","@id":"https:\/\/beutox.com\/pt-pt\/product\/juvederm-voluma-2-x-1-ml\/#primaryimage","url":"https:\/\/beutox.com\/wp-content\/uploads\/2025\/12\/Juvederm-Voluma.jpg","contentUrl":"https:\/\/beutox.com\/wp-content\/uploads\/2025\/12\/Juvederm-Voluma.jpg","width":1024,"height":1024},{"@type":"BreadcrumbList","@id":"https:\/\/beutox.com\/pt-pt\/product\/juvederm-voluma-2-x-1-ml\/#breadcrumb","itemListElement":[{"@type":"ListItem","position":1,"name":"In\u00edcio","item":"https:\/\/beutox.com\/pt-pt\/inicio\/"},{"@type":"ListItem","position":2,"name":"Loja","item":"https:\/\/beutox.com\/shop\/"},{"@type":"ListItem","position":3,"name":"Juvederm Voluma 2 x 1 ml"}]},{"@type":"WebSite","@id":"https:\/\/beutox.com\/pt-pt\/#website","url":"https:\/\/beutox.com\/pt-pt\/","name":"Beutox.com","description":"Buy botox online, We ship to USA, UK, Canada, Australia, EU, Saudi Arabia and the rest of the world","potentialAction":[{"@type":"SearchAction","target":{"@type":"EntryPoint","urlTemplate":"https:\/\/beutox.com\/pt-pt\/?s={search_term_string}"},"query-input":{"@type":"PropertyValueSpecification","valueRequired":true,"valueName":"search_term_string"}}],"inLanguage":"pt-PT"}]}},"_links":{"self":[{"href":"https:\/\/beutox.com\/pt-pt\/wp-json\/wp\/v2\/product\/858","targetHints":{"allow":["GET"]}}],"collection":[{"href":"https:\/\/beutox.com\/pt-pt\/wp-json\/wp\/v2\/product"}],"about":[{"href":"https:\/\/beutox.com\/pt-pt\/wp-json\/wp\/v2\/types\/product"}],"replies":[{"embeddable":true,"href":"https:\/\/beutox.com\/pt-pt\/wp-json\/wp\/v2\/comments?post=858"}],"wp:featuredmedia":[{"embeddable":true,"href":"https:\/\/beutox.com\/pt-pt\/wp-json\/wp\/v2\/media\/237"}],"wp:attachment":[{"href":"https:\/\/beutox.com\/pt-pt\/wp-json\/wp\/v2\/media?parent=858"}],"wp:term":[{"taxonomy":"product_brand","embeddable":true,"href":"https:\/\/beutox.com\/pt-pt\/wp-json\/wp\/v2\/product_brand?post=858"},{"taxonomy":"product_cat","embeddable":true,"href":"https:\/\/beutox.com\/pt-pt\/wp-json\/wp\/v2\/product_cat?post=858"},{"taxonomy":"product_tag","embeddable":true,"href":"https:\/\/beutox.com\/pt-pt\/wp-json\/wp\/v2\/product_tag?post=858"}],"curies":[{"name":"wp","href":"https:\/\/api.w.org\/{rel}","templated":true}]}}