{"id":850,"date":"2025-12-19T16:39:25","date_gmt":"2025-12-19T16:39:25","guid":{"rendered":"https:\/\/beutox.com\/product\/profhilo-hl\/"},"modified":"2025-12-19T16:39:25","modified_gmt":"2025-12-19T16:39:25","slug":"profhilo-hl","status":"publish","type":"product","link":"https:\/\/beutox.com\/pt-pt\/product\/profhilo-hl\/","title":{"rendered":"Profhilo H+L"},"content":{"rendered":"<h3 data-path-to-node=\"4\"><b data-path-to-node=\"4\" data-index-in-node=\"0\">A Ci\u00eancia da Flacidez da Pele: Para Al\u00e9m do Preenchimento<\/b><\/h3>\n<p data-path-to-node=\"5\">Apresente aos seus clientes a inova\u00e7\u00e3o do <b data-path-to-node=\"5\" data-index-in-node=\"44\">Profhilo H+L<\/b>, um tratamento injet\u00e1vel inovador que redefine o rejuvenescimento da pele. Ao contr\u00e1rio dos preenchimentos d\u00e9rmicos tradicionais que se concentram no volume localizado, o Profhilo emprega uma abordagem \u00fanica de &#8220;biorremodela\u00e7\u00e3o&#8221;, visando a flacidez global da pele, a hidrata\u00e7\u00e3o e a qualidade geral. <\/p>\n<p data-path-to-node=\"6\">Este produto premiado n\u00e3o \u00e9 apenas um refor\u00e7o da pele; \u00e9 o primeiro injet\u00e1vel de \u00c1cido Hialur\u00f3nico (AH) estabilizado formulado sem agentes de liga\u00e7\u00e3o cruzada qu\u00edmicos (como o BDDE), tornando-o altamente biocompat\u00edvel.<\/p>\n<h3 data-path-to-node=\"7\"><b data-path-to-node=\"7\" data-index-in-node=\"0\">Tecnologia NAHYCO\u00ae Patenteada e Alta Concentra\u00e7\u00e3o<\/b><\/h3>\n<p data-path-to-node=\"8\">O Profhilo H+L utiliza a <b data-path-to-node=\"8\" data-index-in-node=\"35\">Tecnologia NAHYCO\u00ae<\/b> patenteada, que combina dois tipos distintos de \u00c1cido Hialur\u00f3nico puro e ultrapuro \u2014 Alto Peso Molecular (H-HA) e Baixo Peso Molecular (L-HA) \u2014 em complexos cooperativos h\u00edbridos est\u00e1veis atrav\u00e9s de um processo t\u00e9rmico.<\/p>\n<p data-path-to-node=\"9\"><b data-path-to-node=\"9\" data-index-in-node=\"0\">Especifica\u00e7\u00e3o do Produto:<\/b> Cada embalagem cont\u00e9m <b data-path-to-node=\"9\" data-index-in-node=\"45\">1 seringa pr\u00e9-cheia de <span class=\"math-inline\" data-math=\"2 \\text{ ml}\" data-index-in-node=\"69\">2 ml<\/span><\/b>, fornecendo uma concentra\u00e7\u00e3o total impressionante de <b data-path-to-node=\"9\" data-index-in-node=\"131\"><span class=\"math-inline\" data-math=\"64 \\text{ mg}\" data-index-in-node=\"131\">64 mg<\/span> de AH<\/b> (32 mg H-HA + 32 mg L-HA), uma das mais altas do mercado.<\/p>\n<p data-path-to-node=\"10\">Esta f\u00f3rmula exclusiva de dupla a\u00e7\u00e3o permite:<\/p>\n<ul data-path-to-node=\"11\">\n<li>\n<p data-path-to-node=\"11,0,0\"><b data-path-to-node=\"11,0,0\" data-index-in-node=\"0\">L-HA (Baixo Peso Molecular):<\/b> Hidrata profundamente a pele e fornece o &#8220;impulso&#8221; inicial de hidrata\u00e7\u00e3o.<\/p>\n<\/li>\n<li>\n<p data-path-to-node=\"11,1,0\"><b data-path-to-node=\"11,1,0\" data-index-in-node=\"0\">H-HA (Alto Peso Molecular):<\/b> Cria uma estrutura de AH est\u00e1vel que fornece suporte \u00e0 derme, libertando-se lentamente ao longo do tempo.<\/p>\n<\/li>\n<\/ul>\n<h3 data-path-to-node=\"12\"><b data-path-to-node=\"12\" data-index-in-node=\"0\">Estimula\u00e7\u00e3o e Longevidade<\/b><\/h3>\n<p data-path-to-node=\"13\">Uma vez injetado (normalmente utilizando a t\u00e9cnica espec\u00edfica de <b data-path-to-node=\"13\" data-index-in-node=\"44\">Pontos Bio Est\u00e9ticos (BAP)<\/b>), o Profhilo espalha-se facilmente e integra-se perfeitamente no tecido. Atua estimulando a produ\u00e7\u00e3o natural de quatro tipos diferentes de <b data-path-to-node=\"13\" data-index-in-node=\"224\">colag\u00e9nio<\/b> e <b data-path-to-node=\"13\" data-index-in-node=\"237\">elastina<\/b>, abordando eficazmente a atrofia d\u00e9rmica e biorremodelando a pele de dentro para fora. O resultado \u00e9 uma melhoria vis\u00edvel na qualidade, textura, firmeza e luminosidade da pele no rosto, pesco\u00e7o, decote e m\u00e3os.  <\/p>\n<p data-path-to-node=\"14\">Ofere\u00e7a o Profhilo H+L como o tratamento definitivo para pele com aspeto ba\u00e7o, cansado ou fl\u00e1cido. A sua pureza incompar\u00e1vel e alta concentra\u00e7\u00e3o proporcionam um resultado natural, revigorado e duradouro, normalmente exigindo apenas duas sess\u00f5es iniciais com um m\u00eas de intervalo. <\/p>\n","protected":false},"excerpt":{"rendered":"<p>O <b data-path-to-node=\"18\" data-index-in-node=\"0\">Profhilo H+L<\/b> \u00e9 um tratamento injet\u00e1vel de biorremodela\u00e7\u00e3o revolucion\u00e1rio com <b data-path-to-node=\"18\" data-index-in-node=\"78\"><span class=\"math-inline\" data-math=\"64 \\text{ mg}\" data-index-in-node=\"78\">64 mg<\/span> de \u00c1cido Hialur\u00f3nico puro<\/b> (H-HA + L-HA) numa <b data-path-to-node=\"18\" data-index-in-node=\"135\"><span class=\"math-inline\" data-math=\"2 \\text{ ml}\" data-index-in-node=\"135\">seringa de 2 ml<\/span><\/b>. Desenvolvido com a <b data-path-to-node=\"18\" data-index-in-node=\"172\">Tecnologia NAHYCO\u00ae<\/b> (sem agentes de liga\u00e7\u00e3o cruzada qu\u00edmicos), hidrata intensamente a pele e estimula o colag\u00e9nio e a elastina, tratando eficazmente a flacidez da pele e melhorando a textura e o brilho geral para um rejuvenescimento natural e duradouro. <\/p>\n","protected":false},"featured_media":239,"comment_status":"open","ping_status":"closed","template":"","meta":[],"product_brand":[],"product_cat":[75],"product_tag":[],"class_list":{"0":"post-850","1":"product","2":"type-product","3":"status-publish","4":"has-post-thumbnail","6":"product_cat-preenchimentos-dermicos","8":"first","9":"instock","10":"shipping-taxable","11":"purchasable","12":"product-type-simple"},"yoast_head":"<!-- This site is optimized with the Yoast SEO plugin v26.6 - https:\/\/yoast.com\/wordpress\/plugins\/seo\/ -->\n<title>Comprar Profhilo H+L Online - Beutox.com<\/title>\n<meta name=\"robots\" content=\"index, follow, max-snippet:-1, max-image-preview:large, max-video-preview:-1\" \/>\n<link rel=\"canonical\" href=\"https:\/\/beutox.com\/pt-pt\/product\/profhilo-hl\/\" \/>\n<meta property=\"og:locale\" content=\"pt_PT\" \/>\n<meta property=\"og:type\" content=\"article\" \/>\n<meta property=\"og:title\" content=\"Comprar Profhilo H+L Online - Beutox.com\" \/>\n<meta property=\"og:description\" content=\"O Profhilo H+L \u00e9 um tratamento injet\u00e1vel de biorremodela\u00e7\u00e3o revolucion\u00e1rio com 64 mg de \u00c1cido Hialur\u00f3nico puro (H-HA + L-HA) numa seringa de 2 ml. Desenvolvido com a Tecnologia NAHYCO\u00ae (sem agentes de liga\u00e7\u00e3o cruzada qu\u00edmicos), hidrata intensamente a pele e estimula o colag\u00e9nio e a elastina, tratando eficazmente a flacidez da pele e melhorando a textura e o brilho geral para um rejuvenescimento natural e duradouro.\" \/>\n<meta property=\"og:url\" content=\"https:\/\/beutox.com\/pt-pt\/product\/profhilo-hl\/\" \/>\n<meta property=\"og:site_name\" content=\"Beutox.com\" \/>\n<meta property=\"og:image\" content=\"https:\/\/beutox.com\/wp-content\/uploads\/2025\/12\/PROFHILO-HL.webp\" \/>\n\t<meta property=\"og:image:width\" content=\"550\" \/>\n\t<meta property=\"og:image:height\" content=\"550\" \/>\n\t<meta property=\"og:image:type\" content=\"image\/webp\" \/>\n<meta name=\"twitter:card\" content=\"summary_large_image\" \/>\n<meta name=\"twitter:label1\" content=\"Tempo estimado de leitura\" \/>\n\t<meta name=\"twitter:data1\" content=\"2 minutos\" \/>\n<script type=\"application\/ld+json\" class=\"yoast-schema-graph\">{\"@context\":\"https:\/\/schema.org\",\"@graph\":[{\"@type\":\"WebPage\",\"@id\":\"https:\/\/beutox.com\/pt-pt\/product\/profhilo-hl\/\",\"url\":\"https:\/\/beutox.com\/pt-pt\/product\/profhilo-hl\/\",\"name\":\"Comprar Profhilo H+L Online - Beutox.com\",\"isPartOf\":{\"@id\":\"https:\/\/beutox.com\/pt-pt\/#website\"},\"primaryImageOfPage\":{\"@id\":\"https:\/\/beutox.com\/pt-pt\/product\/profhilo-hl\/#primaryimage\"},\"image\":{\"@id\":\"https:\/\/beutox.com\/pt-pt\/product\/profhilo-hl\/#primaryimage\"},\"thumbnailUrl\":\"https:\/\/beutox.com\/wp-content\/uploads\/2025\/12\/PROFHILO-HL.webp\",\"datePublished\":\"2025-12-19T16:39:25+00:00\",\"breadcrumb\":{\"@id\":\"https:\/\/beutox.com\/pt-pt\/product\/profhilo-hl\/#breadcrumb\"},\"inLanguage\":\"pt-PT\",\"potentialAction\":[{\"@type\":\"ReadAction\",\"target\":[\"https:\/\/beutox.com\/pt-pt\/product\/profhilo-hl\/\"]}]},{\"@type\":\"ImageObject\",\"inLanguage\":\"pt-PT\",\"@id\":\"https:\/\/beutox.com\/pt-pt\/product\/profhilo-hl\/#primaryimage\",\"url\":\"https:\/\/beutox.com\/wp-content\/uploads\/2025\/12\/PROFHILO-HL.webp\",\"contentUrl\":\"https:\/\/beutox.com\/wp-content\/uploads\/2025\/12\/PROFHILO-HL.webp\",\"width\":550,\"height\":550},{\"@type\":\"BreadcrumbList\",\"@id\":\"https:\/\/beutox.com\/pt-pt\/product\/profhilo-hl\/#breadcrumb\",\"itemListElement\":[{\"@type\":\"ListItem\",\"position\":1,\"name\":\"In\u00edcio\",\"item\":\"https:\/\/beutox.com\/pt-pt\/inicio\/\"},{\"@type\":\"ListItem\",\"position\":2,\"name\":\"Loja\",\"item\":\"https:\/\/beutox.com\/shop\/\"},{\"@type\":\"ListItem\",\"position\":3,\"name\":\"Profhilo H+L\"}]},{\"@type\":\"WebSite\",\"@id\":\"https:\/\/beutox.com\/pt-pt\/#website\",\"url\":\"https:\/\/beutox.com\/pt-pt\/\",\"name\":\"Beutox.com\",\"description\":\"Buy botox online, We ship to USA, UK, Canada, Australia, EU, Saudi Arabia and the rest of the world\",\"potentialAction\":[{\"@type\":\"SearchAction\",\"target\":{\"@type\":\"EntryPoint\",\"urlTemplate\":\"https:\/\/beutox.com\/pt-pt\/?s={search_term_string}\"},\"query-input\":{\"@type\":\"PropertyValueSpecification\",\"valueRequired\":true,\"valueName\":\"search_term_string\"}}],\"inLanguage\":\"pt-PT\"}]}<\/script>\n<!-- \/ Yoast SEO plugin. -->","yoast_head_json":{"title":"Comprar Profhilo H+L Online - Beutox.com","robots":{"index":"index","follow":"follow","max-snippet":"max-snippet:-1","max-image-preview":"max-image-preview:large","max-video-preview":"max-video-preview:-1"},"canonical":"https:\/\/beutox.com\/pt-pt\/product\/profhilo-hl\/","og_locale":"pt_PT","og_type":"article","og_title":"Comprar Profhilo H+L Online - Beutox.com","og_description":"O Profhilo H+L \u00e9 um tratamento injet\u00e1vel de biorremodela\u00e7\u00e3o revolucion\u00e1rio com 64 mg de \u00c1cido Hialur\u00f3nico puro (H-HA + L-HA) numa seringa de 2 ml. Desenvolvido com a Tecnologia NAHYCO\u00ae (sem agentes de liga\u00e7\u00e3o cruzada qu\u00edmicos), hidrata intensamente a pele e estimula o colag\u00e9nio e a elastina, tratando eficazmente a flacidez da pele e melhorando a textura e o brilho geral para um rejuvenescimento natural e duradouro.","og_url":"https:\/\/beutox.com\/pt-pt\/product\/profhilo-hl\/","og_site_name":"Beutox.com","og_image":[{"width":550,"height":550,"url":"https:\/\/beutox.com\/wp-content\/uploads\/2025\/12\/PROFHILO-HL.webp","type":"image\/webp"}],"twitter_card":"summary_large_image","twitter_misc":{"Tempo estimado de leitura":"2 minutos"},"schema":{"@context":"https:\/\/schema.org","@graph":[{"@type":"WebPage","@id":"https:\/\/beutox.com\/pt-pt\/product\/profhilo-hl\/","url":"https:\/\/beutox.com\/pt-pt\/product\/profhilo-hl\/","name":"Comprar Profhilo H+L Online - Beutox.com","isPartOf":{"@id":"https:\/\/beutox.com\/pt-pt\/#website"},"primaryImageOfPage":{"@id":"https:\/\/beutox.com\/pt-pt\/product\/profhilo-hl\/#primaryimage"},"image":{"@id":"https:\/\/beutox.com\/pt-pt\/product\/profhilo-hl\/#primaryimage"},"thumbnailUrl":"https:\/\/beutox.com\/wp-content\/uploads\/2025\/12\/PROFHILO-HL.webp","datePublished":"2025-12-19T16:39:25+00:00","breadcrumb":{"@id":"https:\/\/beutox.com\/pt-pt\/product\/profhilo-hl\/#breadcrumb"},"inLanguage":"pt-PT","potentialAction":[{"@type":"ReadAction","target":["https:\/\/beutox.com\/pt-pt\/product\/profhilo-hl\/"]}]},{"@type":"ImageObject","inLanguage":"pt-PT","@id":"https:\/\/beutox.com\/pt-pt\/product\/profhilo-hl\/#primaryimage","url":"https:\/\/beutox.com\/wp-content\/uploads\/2025\/12\/PROFHILO-HL.webp","contentUrl":"https:\/\/beutox.com\/wp-content\/uploads\/2025\/12\/PROFHILO-HL.webp","width":550,"height":550},{"@type":"BreadcrumbList","@id":"https:\/\/beutox.com\/pt-pt\/product\/profhilo-hl\/#breadcrumb","itemListElement":[{"@type":"ListItem","position":1,"name":"In\u00edcio","item":"https:\/\/beutox.com\/pt-pt\/inicio\/"},{"@type":"ListItem","position":2,"name":"Loja","item":"https:\/\/beutox.com\/shop\/"},{"@type":"ListItem","position":3,"name":"Profhilo H+L"}]},{"@type":"WebSite","@id":"https:\/\/beutox.com\/pt-pt\/#website","url":"https:\/\/beutox.com\/pt-pt\/","name":"Beutox.com","description":"Buy botox online, We ship to USA, UK, Canada, Australia, EU, Saudi Arabia and the rest of the world","potentialAction":[{"@type":"SearchAction","target":{"@type":"EntryPoint","urlTemplate":"https:\/\/beutox.com\/pt-pt\/?s={search_term_string}"},"query-input":{"@type":"PropertyValueSpecification","valueRequired":true,"valueName":"search_term_string"}}],"inLanguage":"pt-PT"}]}},"_links":{"self":[{"href":"https:\/\/beutox.com\/pt-pt\/wp-json\/wp\/v2\/product\/850","targetHints":{"allow":["GET"]}}],"collection":[{"href":"https:\/\/beutox.com\/pt-pt\/wp-json\/wp\/v2\/product"}],"about":[{"href":"https:\/\/beutox.com\/pt-pt\/wp-json\/wp\/v2\/types\/product"}],"replies":[{"embeddable":true,"href":"https:\/\/beutox.com\/pt-pt\/wp-json\/wp\/v2\/comments?post=850"}],"wp:featuredmedia":[{"embeddable":true,"href":"https:\/\/beutox.com\/pt-pt\/wp-json\/wp\/v2\/media\/239"}],"wp:attachment":[{"href":"https:\/\/beutox.com\/pt-pt\/wp-json\/wp\/v2\/media?parent=850"}],"wp:term":[{"taxonomy":"product_brand","embeddable":true,"href":"https:\/\/beutox.com\/pt-pt\/wp-json\/wp\/v2\/product_brand?post=850"},{"taxonomy":"product_cat","embeddable":true,"href":"https:\/\/beutox.com\/pt-pt\/wp-json\/wp\/v2\/product_cat?post=850"},{"taxonomy":"product_tag","embeddable":true,"href":"https:\/\/beutox.com\/pt-pt\/wp-json\/wp\/v2\/product_tag?post=850"}],"curies":[{"name":"wp","href":"https:\/\/api.w.org\/{rel}","templated":true}]}}