{"id":797,"date":"2025-12-19T15:59:42","date_gmt":"2025-12-19T15:59:42","guid":{"rendered":"https:\/\/beutox.com\/product\/hylenex-amphadase-hyalase-vitrase\/"},"modified":"2025-12-19T15:59:42","modified_gmt":"2025-12-19T15:59:42","slug":"hylenex-amphadase-hyalase-vitrase","status":"publish","type":"product","link":"https:\/\/beutox.com\/pt-pt\/product\/hylenex-amphadase-hyalase-vitrase\/","title":{"rendered":"Hylenex, Amphadase, Hyalase, Vitrase"},"content":{"rendered":"<h3 data-path-to-node=\"3\"><strong>Alternativa a Hylenex, Amphadase, Hyalase, Vitrase <\/strong><\/h3>\n<p data-path-to-node=\"3\">No mundo do aperfei\u00e7oamento est\u00e9tico, a precis\u00e3o e a tranquilidade s\u00e3o inegoci\u00e1veis. Quer seja um profissional licenciado a gerir uma corre\u00e7\u00e3o excessiva ou a procurar refinar um trabalho anterior com preenchimento d\u00e9rmico, ter uma hialuronidase fi\u00e1vel e de alta qualidade \u00e0 m\u00e3o \u00e9 essencial para fornecer resultados impec\u00e1veis e garantir a seguran\u00e7a do cliente. <\/p>\n<p data-path-to-node=\"4\">Apresentamos a <b data-path-to-node=\"4\" data-index-in-node=\"12\">Liporase Hialuronidase<\/b>, a solu\u00e7\u00e3o de confian\u00e7a concebida para a dissolu\u00e7\u00e3o direcionada e eficiente de preenchimentos \u00e0 base de \u00e1cido hialur\u00f3nico. Obtida e fabricada sob rigorosos controlos de qualidade, a Liporase oferece aos profissionais uma ferramenta fi\u00e1vel e eficaz para fazer ajustes precisos, garantindo que est\u00e1 sempre preparado para corre\u00e7\u00f5es delicadas ou emerg\u00eancias. <\/p>\n<h3 data-path-to-node=\"5\"><b data-path-to-node=\"5\" data-index-in-node=\"0\">A Alternativa Vers\u00e1til em que Pode Confiar<\/b><\/h3>\n<p data-path-to-node=\"6\">Embora os produtos b\u00e1sicos da ind\u00fastria como <b data-path-to-node=\"6\" data-index-in-node=\"28\">Hylenex<\/b>, <b data-path-to-node=\"6\" data-index-in-node=\"37\">Amphadase<\/b>, <b data-path-to-node=\"6\" data-index-in-node=\"48\">Hyalase<\/b> e <b data-path-to-node=\"6\" data-index-in-node=\"61\">Vitrase Hialuronidase<\/b> tenham o seu lugar, a Liporase oferece uma alternativa poderosa e econ\u00f3mica sem comprometer a efic\u00e1cia. O nosso produto \u00e9 especificamente formulado para hidrolisar rapidamente o \u00e1cido hialur\u00f3nico, facilitando a r\u00e1pida absor\u00e7\u00e3o e corre\u00e7\u00e3o de complica\u00e7\u00f5es como n\u00f3dulos, preenchimento excessivo ou compromisso vascular. <\/p>\n<p data-path-to-node=\"7\"><b data-path-to-node=\"7\" data-index-in-node=\"0\">Este an\u00fancio \u00e9 para a escolha do profissional: uma embalagem conveniente de 10 ampolas.<\/b>  Esta op\u00e7\u00e3o a granel garante que a sua cl\u00ednica est\u00e1 sempre abastecida, oferecendo acesso imediato ao agente de corre\u00e7\u00e3o necess\u00e1rio quando o tempo \u00e9 cr\u00edtico.<\/p>\n<p data-path-to-node=\"8\"><b data-path-to-node=\"8\" data-index-in-node=\"0\">Por que escolher a embalagem de 10 ampolas de Liporase para a sua cl\u00ednica?<\/b><\/p>\n<ul data-path-to-node=\"9\">\n<li>\n<p data-path-to-node=\"9,0,0\"><b data-path-to-node=\"9,0,0\" data-index-in-node=\"0\">Fiabilidade:<\/b> Confian\u00e7a de profissionais em todo o mundo para resultados consistentes e de a\u00e7\u00e3o r\u00e1pida.<\/p>\n<\/li>\n<li>\n<p data-path-to-node=\"9,1,0\"><b data-path-to-node=\"9,1,0\" data-index-in-node=\"0\">Efic\u00e1cia Direcionada:<\/b> Quebra rapidamente o preenchimento indesejado, minimizando o tempo de recupera\u00e7\u00e3o e maximizando a satisfa\u00e7\u00e3o do cliente.<\/p>\n<\/li>\n<li>\n<p data-path-to-node=\"9,2,0\"><b data-path-to-node=\"9,2,0\" data-index-in-node=\"0\">Valor Excecional:<\/b> Oferece uma proposta de custo por tratamento superior em compara\u00e7\u00e3o com as marcas l\u00edderes, tornando a corre\u00e7\u00e3o de alta qualidade acess\u00edvel.<\/p>\n<\/li>\n<\/ul>\n<p data-path-to-node=\"10\">Eleve os padr\u00f5es de seguran\u00e7a da sua cl\u00ednica e expanda as suas capacidades de corre\u00e7\u00e3o com esta embalagem profissional pronta a usar. N\u00e3o se contente com menos ao gerir procedimentos delicados. Escolha a precis\u00e3o e conveni\u00eancia fi\u00e1veis da <b data-path-to-node=\"10\" data-index-in-node=\"233\">Liporase Hialuronidase (10 Ampolas)<\/b>.  <\/p>\n<p data-path-to-node=\"11\"><b data-path-to-node=\"11\" data-index-in-node=\"0\">Compre hoje a nossa embalagem profissional de 10 ampolas e garanta a ferramenta essencial para uma gest\u00e3o impec\u00e1vel do preenchimento d\u00e9rmico.<\/b><\/p>\n","protected":false},"excerpt":{"rendered":"<p>A Liporase Hialuronidase \u00e9 a alternativa profissional e fi\u00e1vel a <b data-path-to-node=\"3\" data-index-in-node=\"68\">Hylenex<\/b>, <b data-path-to-node=\"3\" data-index-in-node=\"77\">Amphadase<\/b>, <b data-path-to-node=\"3\" data-index-in-node=\"88\">Hyalase<\/b> e <b data-path-to-node=\"3\" data-index-in-node=\"101\">Vitrase<\/b>. Esta <g id=\"gid_4\">embalagem de 10 ampolas<\/g> essencial oferece uma dissolu\u00e7\u00e3o r\u00e1pida e direcionada de preenchimentos de HA, perfeita para corrigir corre\u00e7\u00f5es excessivas ou emerg\u00eancias. Escolha Liporase para uma efic\u00e1cia, seguran\u00e7a e valor superiores.   <b data-path-to-node=\"3\" data-index-in-node=\"303\">Compre agora esta ferramenta de corre\u00e7\u00e3o profissional.<\/b><\/p>\n","protected":false},"featured_media":227,"comment_status":"open","ping_status":"closed","template":"","meta":[],"product_brand":[],"product_cat":[91],"product_tag":[],"class_list":{"0":"post-797","1":"product","2":"type-product","3":"status-publish","4":"has-post-thumbnail","6":"product_cat-hialuronidase","8":"first","9":"instock","10":"shipping-taxable","11":"purchasable","12":"product-type-simple"},"yoast_head":"<!-- This site is optimized with the Yoast SEO plugin v26.6 - https:\/\/yoast.com\/wordpress\/plugins\/seo\/ -->\n<title>Comprar Hylenex, Amphadase, Hyalase, Vitrase Online - Beutox.com<\/title>\n<meta name=\"robots\" content=\"index, follow, max-snippet:-1, max-image-preview:large, max-video-preview:-1\" \/>\n<link rel=\"canonical\" href=\"https:\/\/beutox.com\/pt-pt\/product\/hylenex-amphadase-hyalase-vitrase\/\" \/>\n<meta property=\"og:locale\" content=\"pt_PT\" \/>\n<meta property=\"og:type\" content=\"article\" \/>\n<meta property=\"og:title\" content=\"Comprar Hylenex, Amphadase, Hyalase, Vitrase Online - Beutox.com\" \/>\n<meta property=\"og:description\" content=\"A Liporase Hialuronidase \u00e9 a alternativa profissional e fi\u00e1vel a Hylenex, Amphadase, Hyalase e Vitrase. Esta embalagem de 10 ampolas essencial oferece uma dissolu\u00e7\u00e3o r\u00e1pida e direcionada de preenchimentos de HA, perfeita para corrigir corre\u00e7\u00f5es excessivas ou emerg\u00eancias. Escolha Liporase para uma efic\u00e1cia, seguran\u00e7a e valor superiores.  Compre agora esta ferramenta de corre\u00e7\u00e3o profissional.\" \/>\n<meta property=\"og:url\" content=\"https:\/\/beutox.com\/pt-pt\/product\/hylenex-amphadase-hyalase-vitrase\/\" \/>\n<meta property=\"og:site_name\" content=\"Beutox.com\" \/>\n<meta property=\"og:image\" content=\"https:\/\/beutox.com\/wp-content\/uploads\/2025\/12\/Hylenex-Amphadase-Hyalase-Vitrase.webp\" \/>\n\t<meta property=\"og:image:width\" content=\"600\" \/>\n\t<meta property=\"og:image:height\" content=\"600\" \/>\n\t<meta property=\"og:image:type\" content=\"image\/webp\" \/>\n<meta name=\"twitter:card\" content=\"summary_large_image\" \/>\n<meta name=\"twitter:label1\" content=\"Tempo estimado de leitura\" \/>\n\t<meta name=\"twitter:data1\" content=\"2 minutos\" \/>\n<script type=\"application\/ld+json\" class=\"yoast-schema-graph\">{\"@context\":\"https:\/\/schema.org\",\"@graph\":[{\"@type\":\"WebPage\",\"@id\":\"https:\/\/beutox.com\/pt-pt\/product\/hylenex-amphadase-hyalase-vitrase\/\",\"url\":\"https:\/\/beutox.com\/pt-pt\/product\/hylenex-amphadase-hyalase-vitrase\/\",\"name\":\"Comprar Hylenex, Amphadase, Hyalase, Vitrase Online - Beutox.com\",\"isPartOf\":{\"@id\":\"https:\/\/beutox.com\/pt-pt\/#website\"},\"primaryImageOfPage\":{\"@id\":\"https:\/\/beutox.com\/pt-pt\/product\/hylenex-amphadase-hyalase-vitrase\/#primaryimage\"},\"image\":{\"@id\":\"https:\/\/beutox.com\/pt-pt\/product\/hylenex-amphadase-hyalase-vitrase\/#primaryimage\"},\"thumbnailUrl\":\"https:\/\/beutox.com\/wp-content\/uploads\/2025\/12\/Hylenex-Amphadase-Hyalase-Vitrase.webp\",\"datePublished\":\"2025-12-19T15:59:42+00:00\",\"breadcrumb\":{\"@id\":\"https:\/\/beutox.com\/pt-pt\/product\/hylenex-amphadase-hyalase-vitrase\/#breadcrumb\"},\"inLanguage\":\"pt-PT\",\"potentialAction\":[{\"@type\":\"ReadAction\",\"target\":[\"https:\/\/beutox.com\/pt-pt\/product\/hylenex-amphadase-hyalase-vitrase\/\"]}]},{\"@type\":\"ImageObject\",\"inLanguage\":\"pt-PT\",\"@id\":\"https:\/\/beutox.com\/pt-pt\/product\/hylenex-amphadase-hyalase-vitrase\/#primaryimage\",\"url\":\"https:\/\/beutox.com\/wp-content\/uploads\/2025\/12\/Hylenex-Amphadase-Hyalase-Vitrase.webp\",\"contentUrl\":\"https:\/\/beutox.com\/wp-content\/uploads\/2025\/12\/Hylenex-Amphadase-Hyalase-Vitrase.webp\",\"width\":600,\"height\":600},{\"@type\":\"BreadcrumbList\",\"@id\":\"https:\/\/beutox.com\/pt-pt\/product\/hylenex-amphadase-hyalase-vitrase\/#breadcrumb\",\"itemListElement\":[{\"@type\":\"ListItem\",\"position\":1,\"name\":\"In\u00edcio\",\"item\":\"https:\/\/beutox.com\/pt-pt\/inicio\/\"},{\"@type\":\"ListItem\",\"position\":2,\"name\":\"Loja\",\"item\":\"https:\/\/beutox.com\/shop\/\"},{\"@type\":\"ListItem\",\"position\":3,\"name\":\"Hylenex, Amphadase, Hyalase, Vitrase\"}]},{\"@type\":\"WebSite\",\"@id\":\"https:\/\/beutox.com\/pt-pt\/#website\",\"url\":\"https:\/\/beutox.com\/pt-pt\/\",\"name\":\"Beutox.com\",\"description\":\"Buy botox online, We ship to USA, UK, Canada, Australia, EU, Saudi Arabia and the rest of the world\",\"potentialAction\":[{\"@type\":\"SearchAction\",\"target\":{\"@type\":\"EntryPoint\",\"urlTemplate\":\"https:\/\/beutox.com\/pt-pt\/?s={search_term_string}\"},\"query-input\":{\"@type\":\"PropertyValueSpecification\",\"valueRequired\":true,\"valueName\":\"search_term_string\"}}],\"inLanguage\":\"pt-PT\"}]}<\/script>\n<!-- \/ Yoast SEO plugin. -->","yoast_head_json":{"title":"Comprar Hylenex, Amphadase, Hyalase, Vitrase Online - Beutox.com","robots":{"index":"index","follow":"follow","max-snippet":"max-snippet:-1","max-image-preview":"max-image-preview:large","max-video-preview":"max-video-preview:-1"},"canonical":"https:\/\/beutox.com\/pt-pt\/product\/hylenex-amphadase-hyalase-vitrase\/","og_locale":"pt_PT","og_type":"article","og_title":"Comprar Hylenex, Amphadase, Hyalase, Vitrase Online - Beutox.com","og_description":"A Liporase Hialuronidase \u00e9 a alternativa profissional e fi\u00e1vel a Hylenex, Amphadase, Hyalase e Vitrase. Esta embalagem de 10 ampolas essencial oferece uma dissolu\u00e7\u00e3o r\u00e1pida e direcionada de preenchimentos de HA, perfeita para corrigir corre\u00e7\u00f5es excessivas ou emerg\u00eancias. Escolha Liporase para uma efic\u00e1cia, seguran\u00e7a e valor superiores.  Compre agora esta ferramenta de corre\u00e7\u00e3o profissional.","og_url":"https:\/\/beutox.com\/pt-pt\/product\/hylenex-amphadase-hyalase-vitrase\/","og_site_name":"Beutox.com","og_image":[{"width":600,"height":600,"url":"https:\/\/beutox.com\/wp-content\/uploads\/2025\/12\/Hylenex-Amphadase-Hyalase-Vitrase.webp","type":"image\/webp"}],"twitter_card":"summary_large_image","twitter_misc":{"Tempo estimado de leitura":"2 minutos"},"schema":{"@context":"https:\/\/schema.org","@graph":[{"@type":"WebPage","@id":"https:\/\/beutox.com\/pt-pt\/product\/hylenex-amphadase-hyalase-vitrase\/","url":"https:\/\/beutox.com\/pt-pt\/product\/hylenex-amphadase-hyalase-vitrase\/","name":"Comprar Hylenex, Amphadase, Hyalase, Vitrase Online - Beutox.com","isPartOf":{"@id":"https:\/\/beutox.com\/pt-pt\/#website"},"primaryImageOfPage":{"@id":"https:\/\/beutox.com\/pt-pt\/product\/hylenex-amphadase-hyalase-vitrase\/#primaryimage"},"image":{"@id":"https:\/\/beutox.com\/pt-pt\/product\/hylenex-amphadase-hyalase-vitrase\/#primaryimage"},"thumbnailUrl":"https:\/\/beutox.com\/wp-content\/uploads\/2025\/12\/Hylenex-Amphadase-Hyalase-Vitrase.webp","datePublished":"2025-12-19T15:59:42+00:00","breadcrumb":{"@id":"https:\/\/beutox.com\/pt-pt\/product\/hylenex-amphadase-hyalase-vitrase\/#breadcrumb"},"inLanguage":"pt-PT","potentialAction":[{"@type":"ReadAction","target":["https:\/\/beutox.com\/pt-pt\/product\/hylenex-amphadase-hyalase-vitrase\/"]}]},{"@type":"ImageObject","inLanguage":"pt-PT","@id":"https:\/\/beutox.com\/pt-pt\/product\/hylenex-amphadase-hyalase-vitrase\/#primaryimage","url":"https:\/\/beutox.com\/wp-content\/uploads\/2025\/12\/Hylenex-Amphadase-Hyalase-Vitrase.webp","contentUrl":"https:\/\/beutox.com\/wp-content\/uploads\/2025\/12\/Hylenex-Amphadase-Hyalase-Vitrase.webp","width":600,"height":600},{"@type":"BreadcrumbList","@id":"https:\/\/beutox.com\/pt-pt\/product\/hylenex-amphadase-hyalase-vitrase\/#breadcrumb","itemListElement":[{"@type":"ListItem","position":1,"name":"In\u00edcio","item":"https:\/\/beutox.com\/pt-pt\/inicio\/"},{"@type":"ListItem","position":2,"name":"Loja","item":"https:\/\/beutox.com\/shop\/"},{"@type":"ListItem","position":3,"name":"Hylenex, Amphadase, Hyalase, Vitrase"}]},{"@type":"WebSite","@id":"https:\/\/beutox.com\/pt-pt\/#website","url":"https:\/\/beutox.com\/pt-pt\/","name":"Beutox.com","description":"Buy botox online, We ship to USA, UK, Canada, Australia, EU, Saudi Arabia and the rest of the world","potentialAction":[{"@type":"SearchAction","target":{"@type":"EntryPoint","urlTemplate":"https:\/\/beutox.com\/pt-pt\/?s={search_term_string}"},"query-input":{"@type":"PropertyValueSpecification","valueRequired":true,"valueName":"search_term_string"}}],"inLanguage":"pt-PT"}]}},"_links":{"self":[{"href":"https:\/\/beutox.com\/pt-pt\/wp-json\/wp\/v2\/product\/797","targetHints":{"allow":["GET"]}}],"collection":[{"href":"https:\/\/beutox.com\/pt-pt\/wp-json\/wp\/v2\/product"}],"about":[{"href":"https:\/\/beutox.com\/pt-pt\/wp-json\/wp\/v2\/types\/product"}],"replies":[{"embeddable":true,"href":"https:\/\/beutox.com\/pt-pt\/wp-json\/wp\/v2\/comments?post=797"}],"wp:featuredmedia":[{"embeddable":true,"href":"https:\/\/beutox.com\/pt-pt\/wp-json\/wp\/v2\/media\/227"}],"wp:attachment":[{"href":"https:\/\/beutox.com\/pt-pt\/wp-json\/wp\/v2\/media?parent=797"}],"wp:term":[{"taxonomy":"product_brand","embeddable":true,"href":"https:\/\/beutox.com\/pt-pt\/wp-json\/wp\/v2\/product_brand?post=797"},{"taxonomy":"product_cat","embeddable":true,"href":"https:\/\/beutox.com\/pt-pt\/wp-json\/wp\/v2\/product_cat?post=797"},{"taxonomy":"product_tag","embeddable":true,"href":"https:\/\/beutox.com\/pt-pt\/wp-json\/wp\/v2\/product_tag?post=797"}],"curies":[{"name":"wp","href":"https:\/\/api.w.org\/{rel}","templated":true}]}}