{"id":547,"date":"2025-10-27T21:21:10","date_gmt":"2025-10-27T21:21:10","guid":{"rendered":"https:\/\/beutox.com\/product\/botulax-100ui\/"},"modified":"2026-02-13T03:40:58","modified_gmt":"2026-02-13T03:40:58","slug":"biot100-rejuvenescimento-com-neuropeptideos","status":"publish","type":"product","link":"https:\/\/beutox.com\/pt-pt\/product\/biot100-rejuvenescimento-com-neuropeptideos\/","title":{"rendered":"BIOT100 | Rejuvenescimento com Neuropept\u00eddeos"},"content":{"rendered":"<h4 data-path-to-node=\"8\"><b data-path-to-node=\"8\" data-index-in-node=\"0\">Mecanismo de A\u00e7\u00e3o Molecular<\/b><\/h4>\n<p data-path-to-node=\"9\"><b data-path-to-node=\"9\" data-index-in-node=\"0\">BIOT100<\/b> representa um marco no campo da bioengenharia est\u00e9tica molecular. Esta solu\u00e7\u00e3o de alta pot\u00eancia \u00e9 formulada especificamente para a gest\u00e3o dos ritmos faciais din\u00e2micos, oferecendo uma <b data-path-to-node=\"9\" data-index-in-node=\"217\">resposta botox-like<\/b> definitiva atrav\u00e9s de um protocolo n\u00e3o invasivo. O cerne da sua efic\u00e1cia reside na modula\u00e7\u00e3o estrat\u00e9gica das vias de neurotransmissores respons\u00e1veis pela contra\u00e7\u00e3o das fibras musculares.<\/p>\n<p data-path-to-node=\"10\">O complexo ativo do BIOT100 utiliza uma elevada concentra\u00e7\u00e3o de <b data-path-to-node=\"10\" data-index-in-node=\"67\">hexapept\u00eddeos biomim\u00e9ticos<\/b>, rigorosamente desenvolvidos para interferir na <b data-path-to-node=\"10\" data-index-in-node=\"144\">montagem da prote\u00edna SNARE<\/b>. Ao desestabilizar este complexo, a solu\u00e7\u00e3o inibe a exocitose da acetilcolina na jun\u00e7\u00e3o neuromuscular. Este processo resulta num relaxamento controlado das microtens\u00f5es faciais que levam \u00e0 forma\u00e7\u00e3o e ao aprofundamento das linhas glabelares, sulcos na testa e &#8220;p\u00e9s de galinha&#8221; periorbitais.<\/p>\n<h4 data-path-to-node=\"11\"><b data-path-to-node=\"11\" data-index-in-node=\"0\">Sistema Avan\u00e7ado de Liberta\u00e7\u00e3o Transd\u00e9rmica<\/b><\/h4>\n<p data-path-to-node=\"12\">Um componente cr\u00edtico do seu perfil cl\u00ednico \u00e9 o <b data-path-to-node=\"12\" data-index-in-node=\"52\">ve\u00edculo transd\u00e9rmico de grau farmac\u00eautico<\/b>. Este transportador garante que as mol\u00e9culas de pept\u00eddeos mant\u00eam a sua integridade estrutural ao permearem o estrato c\u00f3rneo em dire\u00e7\u00e3o \u00e0 <b data-path-to-node=\"12\" data-index-in-node=\"242\">jun\u00e7\u00e3o d\u00e9rmico-epid\u00e9rmica<\/b> profunda. Este m\u00e9todo de <b data-path-to-node=\"12\" data-index-in-node=\"284\">administra\u00e7\u00e3o transd\u00e9rmica<\/b> permite uma elevada biodisponibilidade dos princ\u00edpios ativos, garantindo que estes alcancem os recetores sin\u00e1pticos alvo com a m\u00e1xima efic\u00e1cia, sem medidas invasivas.<\/p>\n<h4 data-path-to-node=\"13\"><b data-path-to-node=\"13\" data-index-in-node=\"0\">Redensifica\u00e7\u00e3o D\u00e9rmica Estrutural<\/b><\/h4>\n<p data-path-to-node=\"14\">Al\u00e9m da sua a\u00e7\u00e3o miorrelaxante imediata, o BIOT100 promove a redensifica\u00e7\u00e3o a longo prazo da <b data-path-to-node=\"14\" data-index-in-node=\"98\">matriz extracelular (MEC)<\/b>. Ao fomentar um ambiente est\u00e1vel para a atividade dos fibroblastos, estimula a s\u00edntese de <b data-path-to-node=\"14\" data-index-in-node=\"216\">colag\u00e9nio end\u00f3geno tipo I<\/b> e elastina. Esta abordagem de dupla a\u00e7\u00e3o torna o BIOT100 a escolha de elei\u00e7\u00e3o para protocolos profissionais que visam adiar ou complementar procedimentos cl\u00ednicos.<\/p>\n","protected":false},"excerpt":{"rendered":"<p>Mecanismo de A\u00e7\u00e3o Molecular BIOT100 representa um marco no campo da bioengenharia est\u00e9tica molecular. Esta solu\u00e7\u00e3o de alta pot\u00eancia \u00e9&hellip;<\/p>\n","protected":false},"featured_media":1012,"comment_status":"open","ping_status":"closed","template":"","meta":[],"product_brand":[],"product_cat":[71],"product_tag":[],"class_list":{"0":"post-547","1":"product","2":"type-product","3":"status-publish","4":"has-post-thumbnail","6":"product_cat-botox","8":"first","9":"instock","10":"shipping-taxable","11":"purchasable","12":"product-type-simple"},"yoast_head":"<!-- This site is optimized with the Yoast SEO plugin v26.6 - https:\/\/yoast.com\/wordpress\/plugins\/seo\/ -->\n<title>Comprar BIOT100 | Solu\u00e7\u00e3o Avan\u00e7ada de Neuropept\u00eddeos | Efeito Botox - Beutox.com<\/title>\n<meta name=\"description\" content=\"Descubra o BIOT100: uma solu\u00e7\u00e3o profissional de neuropept\u00eddeos com um potente efeito botox-like. Concebido para aplica\u00e7\u00e3o transd\u00e9rmica para suavizar linhas de express\u00e3o profundas.\" \/>\n<meta name=\"robots\" content=\"index, follow, max-snippet:-1, max-image-preview:large, max-video-preview:-1\" \/>\n<link rel=\"canonical\" href=\"https:\/\/beutox.com\/pt-pt\/product\/biot100-rejuvenescimento-com-neuropeptideos\/\" \/>\n<meta property=\"og:locale\" content=\"pt_PT\" \/>\n<meta property=\"og:type\" content=\"article\" \/>\n<meta property=\"og:title\" content=\"Comprar BIOT100 | Solu\u00e7\u00e3o Avan\u00e7ada de Neuropept\u00eddeos | Efeito Botox - Beutox.com\" \/>\n<meta property=\"og:description\" content=\"Descubra o BIOT100: uma solu\u00e7\u00e3o profissional de neuropept\u00eddeos com um potente efeito botox-like. Concebido para aplica\u00e7\u00e3o transd\u00e9rmica para suavizar linhas de express\u00e3o profundas.\" \/>\n<meta property=\"og:url\" content=\"https:\/\/beutox.com\/pt-pt\/product\/biot100-rejuvenescimento-com-neuropeptideos\/\" \/>\n<meta property=\"og:site_name\" content=\"Beutox.com\" \/>\n<meta property=\"article:modified_time\" content=\"2026-02-13T03:40:58+00:00\" \/>\n<meta property=\"og:image\" content=\"https:\/\/beutox.com\/wp-content\/uploads\/2025\/10\/biotox100.jpg\" \/>\n\t<meta property=\"og:image:width\" content=\"500\" \/>\n\t<meta property=\"og:image:height\" content=\"500\" \/>\n\t<meta property=\"og:image:type\" content=\"image\/jpeg\" \/>\n<meta name=\"twitter:card\" content=\"summary_large_image\" \/>\n<meta name=\"twitter:label1\" content=\"Tempo estimado de leitura\" \/>\n\t<meta name=\"twitter:data1\" content=\"2 minutos\" \/>\n<script type=\"application\/ld+json\" class=\"yoast-schema-graph\">{\"@context\":\"https:\/\/schema.org\",\"@graph\":[{\"@type\":\"WebPage\",\"@id\":\"https:\/\/beutox.com\/pt-pt\/product\/biot100-rejuvenescimento-com-neuropeptideos\/\",\"url\":\"https:\/\/beutox.com\/pt-pt\/product\/biot100-rejuvenescimento-com-neuropeptideos\/\",\"name\":\"Comprar BIOT100 | Solu\u00e7\u00e3o Avan\u00e7ada de Neuropept\u00eddeos | Efeito Botox - Beutox.com\",\"isPartOf\":{\"@id\":\"https:\/\/beutox.com\/pt-pt\/#website\"},\"primaryImageOfPage\":{\"@id\":\"https:\/\/beutox.com\/pt-pt\/product\/biot100-rejuvenescimento-com-neuropeptideos\/#primaryimage\"},\"image\":{\"@id\":\"https:\/\/beutox.com\/pt-pt\/product\/biot100-rejuvenescimento-com-neuropeptideos\/#primaryimage\"},\"thumbnailUrl\":\"https:\/\/beutox.com\/wp-content\/uploads\/2025\/10\/biotox100.jpg\",\"datePublished\":\"2025-10-27T21:21:10+00:00\",\"dateModified\":\"2026-02-13T03:40:58+00:00\",\"description\":\"Descubra o BIOT100: uma solu\u00e7\u00e3o profissional de neuropept\u00eddeos com um potente efeito botox-like. Concebido para aplica\u00e7\u00e3o transd\u00e9rmica para suavizar linhas de express\u00e3o profundas.\",\"breadcrumb\":{\"@id\":\"https:\/\/beutox.com\/pt-pt\/product\/biot100-rejuvenescimento-com-neuropeptideos\/#breadcrumb\"},\"inLanguage\":\"pt-PT\",\"potentialAction\":[{\"@type\":\"ReadAction\",\"target\":[\"https:\/\/beutox.com\/pt-pt\/product\/biot100-rejuvenescimento-com-neuropeptideos\/\"]}]},{\"@type\":\"ImageObject\",\"inLanguage\":\"pt-PT\",\"@id\":\"https:\/\/beutox.com\/pt-pt\/product\/biot100-rejuvenescimento-com-neuropeptideos\/#primaryimage\",\"url\":\"https:\/\/beutox.com\/wp-content\/uploads\/2025\/10\/biotox100.jpg\",\"contentUrl\":\"https:\/\/beutox.com\/wp-content\/uploads\/2025\/10\/biotox100.jpg\",\"width\":500,\"height\":500},{\"@type\":\"BreadcrumbList\",\"@id\":\"https:\/\/beutox.com\/pt-pt\/product\/biot100-rejuvenescimento-com-neuropeptideos\/#breadcrumb\",\"itemListElement\":[{\"@type\":\"ListItem\",\"position\":1,\"name\":\"In\u00edcio\",\"item\":\"https:\/\/beutox.com\/pt-pt\/inicio\/\"},{\"@type\":\"ListItem\",\"position\":2,\"name\":\"Loja\",\"item\":\"https:\/\/beutox.com\/shop\/\"},{\"@type\":\"ListItem\",\"position\":3,\"name\":\"BIOT100 | Rejuvenescimento com Neuropept\u00eddeos\"}]},{\"@type\":\"WebSite\",\"@id\":\"https:\/\/beutox.com\/pt-pt\/#website\",\"url\":\"https:\/\/beutox.com\/pt-pt\/\",\"name\":\"Beutox.com\",\"description\":\"Buy botox online, We ship to USA, UK, Canada, Australia, EU, Saudi Arabia and the rest of the world\",\"potentialAction\":[{\"@type\":\"SearchAction\",\"target\":{\"@type\":\"EntryPoint\",\"urlTemplate\":\"https:\/\/beutox.com\/pt-pt\/?s={search_term_string}\"},\"query-input\":{\"@type\":\"PropertyValueSpecification\",\"valueRequired\":true,\"valueName\":\"search_term_string\"}}],\"inLanguage\":\"pt-PT\"}]}<\/script>\n<!-- \/ Yoast SEO plugin. -->","yoast_head_json":{"title":"Comprar BIOT100 | Solu\u00e7\u00e3o Avan\u00e7ada de Neuropept\u00eddeos | Efeito Botox - Beutox.com","description":"Descubra o BIOT100: uma solu\u00e7\u00e3o profissional de neuropept\u00eddeos com um potente efeito botox-like. Concebido para aplica\u00e7\u00e3o transd\u00e9rmica para suavizar linhas de express\u00e3o profundas.","robots":{"index":"index","follow":"follow","max-snippet":"max-snippet:-1","max-image-preview":"max-image-preview:large","max-video-preview":"max-video-preview:-1"},"canonical":"https:\/\/beutox.com\/pt-pt\/product\/biot100-rejuvenescimento-com-neuropeptideos\/","og_locale":"pt_PT","og_type":"article","og_title":"Comprar BIOT100 | Solu\u00e7\u00e3o Avan\u00e7ada de Neuropept\u00eddeos | Efeito Botox - Beutox.com","og_description":"Descubra o BIOT100: uma solu\u00e7\u00e3o profissional de neuropept\u00eddeos com um potente efeito botox-like. Concebido para aplica\u00e7\u00e3o transd\u00e9rmica para suavizar linhas de express\u00e3o profundas.","og_url":"https:\/\/beutox.com\/pt-pt\/product\/biot100-rejuvenescimento-com-neuropeptideos\/","og_site_name":"Beutox.com","article_modified_time":"2026-02-13T03:40:58+00:00","og_image":[{"width":500,"height":500,"url":"https:\/\/beutox.com\/wp-content\/uploads\/2025\/10\/biotox100.jpg","type":"image\/jpeg"}],"twitter_card":"summary_large_image","twitter_misc":{"Tempo estimado de leitura":"2 minutos"},"schema":{"@context":"https:\/\/schema.org","@graph":[{"@type":"WebPage","@id":"https:\/\/beutox.com\/pt-pt\/product\/biot100-rejuvenescimento-com-neuropeptideos\/","url":"https:\/\/beutox.com\/pt-pt\/product\/biot100-rejuvenescimento-com-neuropeptideos\/","name":"Comprar BIOT100 | Solu\u00e7\u00e3o Avan\u00e7ada de Neuropept\u00eddeos | Efeito Botox - Beutox.com","isPartOf":{"@id":"https:\/\/beutox.com\/pt-pt\/#website"},"primaryImageOfPage":{"@id":"https:\/\/beutox.com\/pt-pt\/product\/biot100-rejuvenescimento-com-neuropeptideos\/#primaryimage"},"image":{"@id":"https:\/\/beutox.com\/pt-pt\/product\/biot100-rejuvenescimento-com-neuropeptideos\/#primaryimage"},"thumbnailUrl":"https:\/\/beutox.com\/wp-content\/uploads\/2025\/10\/biotox100.jpg","datePublished":"2025-10-27T21:21:10+00:00","dateModified":"2026-02-13T03:40:58+00:00","description":"Descubra o BIOT100: uma solu\u00e7\u00e3o profissional de neuropept\u00eddeos com um potente efeito botox-like. Concebido para aplica\u00e7\u00e3o transd\u00e9rmica para suavizar linhas de express\u00e3o profundas.","breadcrumb":{"@id":"https:\/\/beutox.com\/pt-pt\/product\/biot100-rejuvenescimento-com-neuropeptideos\/#breadcrumb"},"inLanguage":"pt-PT","potentialAction":[{"@type":"ReadAction","target":["https:\/\/beutox.com\/pt-pt\/product\/biot100-rejuvenescimento-com-neuropeptideos\/"]}]},{"@type":"ImageObject","inLanguage":"pt-PT","@id":"https:\/\/beutox.com\/pt-pt\/product\/biot100-rejuvenescimento-com-neuropeptideos\/#primaryimage","url":"https:\/\/beutox.com\/wp-content\/uploads\/2025\/10\/biotox100.jpg","contentUrl":"https:\/\/beutox.com\/wp-content\/uploads\/2025\/10\/biotox100.jpg","width":500,"height":500},{"@type":"BreadcrumbList","@id":"https:\/\/beutox.com\/pt-pt\/product\/biot100-rejuvenescimento-com-neuropeptideos\/#breadcrumb","itemListElement":[{"@type":"ListItem","position":1,"name":"In\u00edcio","item":"https:\/\/beutox.com\/pt-pt\/inicio\/"},{"@type":"ListItem","position":2,"name":"Loja","item":"https:\/\/beutox.com\/shop\/"},{"@type":"ListItem","position":3,"name":"BIOT100 | Rejuvenescimento com Neuropept\u00eddeos"}]},{"@type":"WebSite","@id":"https:\/\/beutox.com\/pt-pt\/#website","url":"https:\/\/beutox.com\/pt-pt\/","name":"Beutox.com","description":"Buy botox online, We ship to USA, UK, Canada, Australia, EU, Saudi Arabia and the rest of the world","potentialAction":[{"@type":"SearchAction","target":{"@type":"EntryPoint","urlTemplate":"https:\/\/beutox.com\/pt-pt\/?s={search_term_string}"},"query-input":{"@type":"PropertyValueSpecification","valueRequired":true,"valueName":"search_term_string"}}],"inLanguage":"pt-PT"}]}},"_links":{"self":[{"href":"https:\/\/beutox.com\/pt-pt\/wp-json\/wp\/v2\/product\/547","targetHints":{"allow":["GET"]}}],"collection":[{"href":"https:\/\/beutox.com\/pt-pt\/wp-json\/wp\/v2\/product"}],"about":[{"href":"https:\/\/beutox.com\/pt-pt\/wp-json\/wp\/v2\/types\/product"}],"replies":[{"embeddable":true,"href":"https:\/\/beutox.com\/pt-pt\/wp-json\/wp\/v2\/comments?post=547"}],"wp:featuredmedia":[{"embeddable":true,"href":"https:\/\/beutox.com\/pt-pt\/wp-json\/wp\/v2\/media\/1012"}],"wp:attachment":[{"href":"https:\/\/beutox.com\/pt-pt\/wp-json\/wp\/v2\/media?parent=547"}],"wp:term":[{"taxonomy":"product_brand","embeddable":true,"href":"https:\/\/beutox.com\/pt-pt\/wp-json\/wp\/v2\/product_brand?post=547"},{"taxonomy":"product_cat","embeddable":true,"href":"https:\/\/beutox.com\/pt-pt\/wp-json\/wp\/v2\/product_cat?post=547"},{"taxonomy":"product_tag","embeddable":true,"href":"https:\/\/beutox.com\/pt-pt\/wp-json\/wp\/v2\/product_tag?post=547"}],"curies":[{"name":"wp","href":"https:\/\/api.w.org\/{rel}","templated":true}]}}