{"id":640,"date":"2025-10-30T08:43:48","date_gmt":"2025-10-30T08:43:48","guid":{"rendered":"https:\/\/beutox.com\/sobre-nos\/"},"modified":"2025-10-30T08:43:48","modified_gmt":"2025-10-30T08:43:48","slug":"sobre-nos","status":"publish","type":"page","link":"https:\/\/beutox.com\/pt-pt\/sobre-nos\/","title":{"rendered":"Sobre n\u00f3s"},"content":{"rendered":"<h2>Beutox: O Seu Parceiro Certificado para a Excel\u00eancia Est\u00e9tica<\/h2>\n<p>Bem-vindo(a) \u00e0 Beutox! Somos um <b>destino de com\u00e9rcio eletr\u00f3nico global de excel\u00eancia<\/b>, dedicado <b>exclusivamente<\/b> ao fornecimento de produtos est\u00e9ticos certificados e de alta qualidade a <b>profissionais de sa\u00fade licenciados e profissionais de est\u00e9tica<\/b> em todo o mundo (<b>Modelo de Vendas Estritamente B2B<\/b>).<\/p>\n<p>No mundo da medicina est\u00e9tica, que est\u00e1 em r\u00e1pida evolu\u00e7\u00e3o, a base de qualquer tratamento bem-sucedido \u00e9 a <b>qualidade certificada<\/b> e a integridade do produto. \u00c9 por isso que a Beutox foi fundada: para colmatar a lacuna entre os fabricantes de classe mundial e os especialistas que necessitam de solu\u00e7\u00f5es seguras e eficazes que proporcionem resultados excecionais aos pacientes.<\/p>\n<hr>\n<h2>\ud83d\udd2c O Nosso Compromisso: Qualidade, Seguran\u00e7a e Conformidade<\/h2>\n<p>Entendemos que, no que diz respeito a injet\u00e1veis e solu\u00e7\u00f5es est\u00e9ticas avan\u00e7adas, n\u00e3o h\u00e1 espa\u00e7o para compromissos. A nossa sele\u00e7\u00e3o de produtos \u00e9 orientada por <b>rigorosos padr\u00f5es de conformidade certificados<\/b> e por uma aposta na excel\u00eancia cl\u00ednica:<\/p>\n<h3>Garantia de Autenticidade e Regulamenta\u00e7\u00e3o<\/h3>\n<ul>\n<li><b>Botox (Toxina Botul\u00ednica \u2013 Medicamento Farmac\u00eautico):<\/b> Fornecemos apenas <b>formula\u00e7\u00f5es genu\u00ednas e rastre\u00e1veis<\/b> de neurotoxinas. Uma vez que este \u00e9 classificado como um <b>Medicamento Sujeito a Receita M\u00e9dica (POM\/Rx)<\/b>, garantimos que as vendas cumprem as regulamenta\u00e7\u00f5es mais rigorosas.<\/li>\n<li><b>Preenchimentos D\u00e9rmicos (Dispositivos M\u00e9dicos de Alta Classe):<\/b> Fornecemos uma gama selecionada de preenchimentos biocompat\u00edveis. Embora nem todos sejam legalmente classificados como medicamentos sujeitos a receita m\u00e9dica, os nossos produtos s\u00e3o aprovados como <b>dispositivos m\u00e9dicos de Classe III<\/b> e s\u00e3o obtidos <b>apenas de marcas globais de confian\u00e7a<\/b> que det\u00eam as certifica\u00e7\u00f5es necess\u00e1rias, como a <b>Marca CE<\/b> para a Europa e o <b>registo\/aprova\u00e7\u00e3o da FDA<\/b> (quando aplic\u00e1vel) para os EUA.<\/li>\n<\/ul>\n<p><b>Todos os nossos produtos s\u00e3o certificados e rastre\u00e1veis.<\/b> Cada artigo do nosso cat\u00e1logo \u00e9 obtido com um foco intenso na autenticidade, no armazenamento adequado e na conformidade certificada. Isto inclui o <b>envio com temperatura controlada (cadeia de frio)<\/b>, quando necess\u00e1rio, para garantir a integridade do produto at\u00e9 \u00e0 sua cl\u00ednica.<\/p>\n<hr>\n<h2>\ud83d\udc69\u200d\u2695\ufe0f Por Que Escolher a Beutox? A Nossa Experi\u00eancia e Transpar\u00eancia Corporativa<\/h2>\n<p>N\u00e3o nos limitamos a vender produtos; atuamos como um parceiro cl\u00ednico. O nosso compromisso \u00e9 sustentado pela nossa experi\u00eancia, transpar\u00eancia operacional e supervis\u00e3o m\u00e9dica:<\/p>\n<h3>1. Lideran\u00e7a Cl\u00ednica e Responsabilidade<\/h3>\n<p>A nossa estrat\u00e9gia de produtos e a sele\u00e7\u00e3o de invent\u00e1rio s\u00e3o validadas por especialistas do setor:<\/p>\n<p>\u2705 Consultor M\u00e9dico Chefe: Dr. Elias Sayers, Dermatologista Certificado.<\/p>\n<p>O Dr. Sayers fornece supervis\u00e3o cl\u00ednica cont\u00ednua para garantir que todos os produtos do nosso cat\u00e1logo cumprem os mais elevados padr\u00f5es de efic\u00e1cia e seguran\u00e7a exigidos pela comunidade m\u00e9dica internacional.<\/p>\n<h3>2. Pol\u00edtica de Vendas B2B Rigorosa<\/h3>\n<p>Para garantir a m\u00e1xima seguran\u00e7a e responsabilidade, <b>a Beutox vende apenas a profissionais m\u00e9dicos e de est\u00e9tica licenciados.<\/b>  O nosso rigoroso processo de registo foi concebido para:<\/p>\n<ul>\n<li><b>Impedir<\/b> a compra e utiliza\u00e7\u00e3o indevidas por n\u00e3o profissionais.<\/li>\n<li><b>Manter a legitimidade e a seguran\u00e7a<\/b> da cadeia de abastecimento, protegendo tanto os profissionais como os pacientes.<\/li>\n<\/ul>\n<h3>3. Informa\u00e7\u00f5es Corporativas Essenciais para Verifica\u00e7\u00e3o (Transpar\u00eancia)<\/h3>\n<p>Para aumentar ainda mais a confian\u00e7a, disponibilizamos todas as informa\u00e7\u00f5es necess\u00e1rias para a verifica\u00e7\u00e3o da nossa entidade legal, um indicador fundamental da nossa seriedade e fiabilidade:<\/p>\n<table>\n<thead>\n<tr>\n<td><strong>Detalhe Corporativo<\/strong><\/td>\n<td><strong>Informa\u00e7\u00f5es Fornecidas<\/strong><\/td>\n<\/tr>\n<\/thead>\n<tbody>\n<tr>\n<td><b>Entidade Legal<\/b><\/td>\n<td>Beutox LLC<\/td>\n<\/tr>\n<tr>\n<td><b>Morada Principal<\/b><\/td>\n<td>120 Madeira Dr NE, Albuquerque, NM 87108, USA<\/td>\n<\/tr>\n<tr>\n<td><b>N\u00famero de Registo Comercial<\/b><\/td>\n<td>6433850<\/td>\n<\/tr>\n<tr>\n<td><b>N\u00daMERO FEI<\/b> (ID Federal do Empregador)<\/td>\n<td>3010757679<\/td>\n<\/tr>\n<tr>\n<td><b>E-mail<\/b> (Suporte 24\/7)<\/td>\n<td>info@beutox.com<\/td>\n<\/tr>\n<tr>\n<td><b>Telefone EUA<\/b><\/td>\n<td>+1 (505) 123-4567<\/td>\n<\/tr>\n<\/tbody>\n<\/table>\n<hr>\n<blockquote><p>\u201cA nossa miss\u00e3o \u00e9 simples: capacitar os profissionais de est\u00e9tica com os produtos mais fi\u00e1veis e da mais alta qualidade do setor, permitindo-lhes criar beleza com confian\u00e7a e precis\u00e3o.\u201d<\/p><\/blockquote>\n<p>Pronto(a) para Melhorar a Sua Pr\u00e1tica?<\/p>\n<p>Explore a nossa gama completa e registe-se hoje mesmo como um profissional verificado.<\/p>\n","protected":false},"excerpt":{"rendered":"<p>Beutox: O Seu Parceiro Certificado para a Excel\u00eancia Est\u00e9tica Bem-vindo(a) \u00e0 Beutox! Somos um destino de com\u00e9rcio eletr\u00f3nico global de&hellip;<\/p>\n","protected":false},"author":1,"featured_media":0,"parent":0,"menu_order":0,"comment_status":"closed","ping_status":"closed","template":"","meta":{"footnotes":""},"class_list":["post-640","page","type-page","status-publish","hentry"],"yoast_head":"<!-- This site is optimized with the Yoast SEO plugin v26.6 - https:\/\/yoast.com\/wordpress\/plugins\/seo\/ -->\n<title>Sobre n\u00f3s - Beutox.com<\/title>\n<meta name=\"robots\" content=\"index, follow, max-snippet:-1, max-image-preview:large, max-video-preview:-1\" \/>\n<link rel=\"canonical\" href=\"https:\/\/beutox.com\/pt-pt\/sobre-nos\/\" \/>\n<meta property=\"og:locale\" content=\"pt_PT\" \/>\n<meta property=\"og:type\" content=\"article\" \/>\n<meta property=\"og:title\" content=\"Sobre n\u00f3s - Beutox.com\" \/>\n<meta property=\"og:description\" content=\"Beutox: O Seu Parceiro Certificado para a Excel\u00eancia Est\u00e9tica Bem-vindo(a) \u00e0 Beutox! Somos um destino de com\u00e9rcio eletr\u00f3nico global de&hellip;\" \/>\n<meta property=\"og:url\" content=\"https:\/\/beutox.com\/pt-pt\/sobre-nos\/\" \/>\n<meta property=\"og:site_name\" content=\"Beutox.com\" \/>\n<meta name=\"twitter:card\" content=\"summary_large_image\" \/>\n<meta name=\"twitter:label1\" content=\"Tempo estimado de leitura\" \/>\n\t<meta name=\"twitter:data1\" content=\"3 minutos\" \/>\n<script type=\"application\/ld+json\" class=\"yoast-schema-graph\">{\"@context\":\"https:\/\/schema.org\",\"@graph\":[{\"@type\":\"WebPage\",\"@id\":\"https:\/\/beutox.com\/pt-pt\/sobre-nos\/\",\"url\":\"https:\/\/beutox.com\/pt-pt\/sobre-nos\/\",\"name\":\"Sobre n\u00f3s - Beutox.com\",\"isPartOf\":{\"@id\":\"https:\/\/beutox.com\/pt-pt\/#website\"},\"datePublished\":\"2025-10-30T08:43:48+00:00\",\"breadcrumb\":{\"@id\":\"https:\/\/beutox.com\/pt-pt\/sobre-nos\/#breadcrumb\"},\"inLanguage\":\"pt-PT\",\"potentialAction\":[{\"@type\":\"ReadAction\",\"target\":[\"https:\/\/beutox.com\/pt-pt\/sobre-nos\/\"]}]},{\"@type\":\"BreadcrumbList\",\"@id\":\"https:\/\/beutox.com\/pt-pt\/sobre-nos\/#breadcrumb\",\"itemListElement\":[{\"@type\":\"ListItem\",\"position\":1,\"name\":\"In\u00edcio\",\"item\":\"https:\/\/beutox.com\/pt-pt\/inicio\/\"},{\"@type\":\"ListItem\",\"position\":2,\"name\":\"Sobre n\u00f3s\"}]},{\"@type\":\"WebSite\",\"@id\":\"https:\/\/beutox.com\/pt-pt\/#website\",\"url\":\"https:\/\/beutox.com\/pt-pt\/\",\"name\":\"Beutox.com\",\"description\":\"Buy botox online, We ship to USA, UK, Canada, Australia, EU, Saudi Arabia and the rest of the world\",\"potentialAction\":[{\"@type\":\"SearchAction\",\"target\":{\"@type\":\"EntryPoint\",\"urlTemplate\":\"https:\/\/beutox.com\/pt-pt\/?s={search_term_string}\"},\"query-input\":{\"@type\":\"PropertyValueSpecification\",\"valueRequired\":true,\"valueName\":\"search_term_string\"}}],\"inLanguage\":\"pt-PT\"}]}<\/script>\n<!-- \/ Yoast SEO plugin. -->","yoast_head_json":{"title":"Sobre n\u00f3s - Beutox.com","robots":{"index":"index","follow":"follow","max-snippet":"max-snippet:-1","max-image-preview":"max-image-preview:large","max-video-preview":"max-video-preview:-1"},"canonical":"https:\/\/beutox.com\/pt-pt\/sobre-nos\/","og_locale":"pt_PT","og_type":"article","og_title":"Sobre n\u00f3s - Beutox.com","og_description":"Beutox: O Seu Parceiro Certificado para a Excel\u00eancia Est\u00e9tica Bem-vindo(a) \u00e0 Beutox! Somos um destino de com\u00e9rcio eletr\u00f3nico global de&hellip;","og_url":"https:\/\/beutox.com\/pt-pt\/sobre-nos\/","og_site_name":"Beutox.com","twitter_card":"summary_large_image","twitter_misc":{"Tempo estimado de leitura":"3 minutos"},"schema":{"@context":"https:\/\/schema.org","@graph":[{"@type":"WebPage","@id":"https:\/\/beutox.com\/pt-pt\/sobre-nos\/","url":"https:\/\/beutox.com\/pt-pt\/sobre-nos\/","name":"Sobre n\u00f3s - Beutox.com","isPartOf":{"@id":"https:\/\/beutox.com\/pt-pt\/#website"},"datePublished":"2025-10-30T08:43:48+00:00","breadcrumb":{"@id":"https:\/\/beutox.com\/pt-pt\/sobre-nos\/#breadcrumb"},"inLanguage":"pt-PT","potentialAction":[{"@type":"ReadAction","target":["https:\/\/beutox.com\/pt-pt\/sobre-nos\/"]}]},{"@type":"BreadcrumbList","@id":"https:\/\/beutox.com\/pt-pt\/sobre-nos\/#breadcrumb","itemListElement":[{"@type":"ListItem","position":1,"name":"In\u00edcio","item":"https:\/\/beutox.com\/pt-pt\/inicio\/"},{"@type":"ListItem","position":2,"name":"Sobre n\u00f3s"}]},{"@type":"WebSite","@id":"https:\/\/beutox.com\/pt-pt\/#website","url":"https:\/\/beutox.com\/pt-pt\/","name":"Beutox.com","description":"Buy botox online, We ship to USA, UK, Canada, Australia, EU, Saudi Arabia and the rest of the world","potentialAction":[{"@type":"SearchAction","target":{"@type":"EntryPoint","urlTemplate":"https:\/\/beutox.com\/pt-pt\/?s={search_term_string}"},"query-input":{"@type":"PropertyValueSpecification","valueRequired":true,"valueName":"search_term_string"}}],"inLanguage":"pt-PT"}]}},"_links":{"self":[{"href":"https:\/\/beutox.com\/pt-pt\/wp-json\/wp\/v2\/pages\/640","targetHints":{"allow":["GET"]}}],"collection":[{"href":"https:\/\/beutox.com\/pt-pt\/wp-json\/wp\/v2\/pages"}],"about":[{"href":"https:\/\/beutox.com\/pt-pt\/wp-json\/wp\/v2\/types\/page"}],"author":[{"embeddable":true,"href":"https:\/\/beutox.com\/pt-pt\/wp-json\/wp\/v2\/users\/1"}],"replies":[{"embeddable":true,"href":"https:\/\/beutox.com\/pt-pt\/wp-json\/wp\/v2\/comments?post=640"}],"version-history":[{"count":0,"href":"https:\/\/beutox.com\/pt-pt\/wp-json\/wp\/v2\/pages\/640\/revisions"}],"wp:attachment":[{"href":"https:\/\/beutox.com\/pt-pt\/wp-json\/wp\/v2\/media?parent=640"}],"curies":[{"name":"wp","href":"https:\/\/api.w.org\/{rel}","templated":true}]}}