{"id":471,"date":"2025-10-27T22:13:36","date_gmt":"2025-10-27T22:13:36","guid":{"rendered":"https:\/\/beutox.com\/politicas-de-envio\/"},"modified":"2025-10-27T22:13:36","modified_gmt":"2025-10-27T22:13:36","slug":"politicas-de-envio","status":"publish","type":"page","link":"https:\/\/beutox.com\/pt-pt\/politicas-de-envio\/","title":{"rendered":"Pol\u00edticas de Envio"},"content":{"rendered":"<p><b>Data de entrada em vigor:<\/b> 30 de outubro de 2025<\/p>\n<p>Na <b>Beutox<\/b>, estamos empenhados em entregar os seus injet\u00e1veis de beleza premium de forma segura e eficiente em todo o mundo. Devido \u00e0 natureza sens\u00edvel dos nossos produtos, os nossos procedimentos de envio priorizam a rapidez, a seguran\u00e7a e a integridade.<\/p>\n<h2>1. Processamento e Manuseamento<\/h2>\n<ul>\n<li><b>Tempo de Processamento da Encomenda:<\/b> Todas as encomendas s\u00e3o processadas no prazo de <b>1 a 3 dias \u00fateis<\/b> (de segunda a sexta-feira, exceto feriados). As encomendas efetuadas ap\u00f3s as 12:00 (CET) come\u00e7ar\u00e3o a ser processadas no dia \u00fatil seguinte.<\/li>\n<li><b>Verifica\u00e7\u00e3o de Qualidade:<\/b> Antes do envio, todos os produtos injet\u00e1veis s\u00e3o submetidos a uma rigorosa verifica\u00e7\u00e3o de qualidade e embalagem para garantir a integridade e a conformidade com os nossos protocolos de armazenamento.<\/li>\n<li><b>Embalagem:<\/b> Os produtos s\u00e3o embalados de forma segura para manter a estabilidade durante o transporte. Sempre que necess\u00e1rio, \u00e9 utilizada embalagem com temperatura controlada ou isolada para proteger a viabilidade do produto.<\/li>\n<\/ul>\n<hr>\n<h2>2. Destinos de Envio e Transportadoras<\/h2>\n<ul>\n<li><b>Entrega Global:<\/b> Oferecemos envio fi\u00e1vel para a maioria dos pa\u00edses em todo o mundo.<\/li>\n<li><b>Transportadoras:<\/b> Colaboramos com os principais fornecedores de log\u00edstica global (por exemplo, DHL, FedEx, UPS) para garantir uma entrega r\u00e1pida e rastre\u00e1vel. A transportadora espec\u00edfica ser\u00e1 selecionada com base no destino e no tempo de tr\u00e2nsito necess\u00e1rio para a estabilidade do produto.<\/li>\n<li><b>Rastreamento:<\/b> Todos os envios incluem um n\u00famero de rastreamento, que lhe ser\u00e1 fornecido por e-mail ap\u00f3s o envio.<\/li>\n<\/ul>\n<h2>3. Custos de Envio e Estimativas de Entrega<\/h2>\n<ul>\n<li><b>C\u00e1lculo:<\/b> Os custos de envio s\u00e3o calculados no checkout com base no peso da sua encomenda, no pa\u00eds de destino e na velocidade de servi\u00e7o selecionada.<\/li>\n<li><b>Estimativas de Entrega:<\/b>\n<ul>\n<li><b>Internacional Padr\u00e3o:<\/b> 7-15 dias \u00fateis (aplicam-se os termos DDP\/DDU \u2014 ver Sec\u00e7\u00e3o 4).<\/li>\n<li><b>Internacional Expresso:<\/b> 3-7 dias \u00fateis (Recomendado para produtos sens\u00edveis).<\/li>\n<\/ul>\n<\/li>\n<\/ul>\n<p><i><b>Nota:<\/b> Os prazos de entrega s\u00e3o apenas estimativas e n\u00e3o t\u00eam em conta potenciais atrasos alfandeg\u00e1rios no pa\u00eds de destino.<\/i><\/p>\n<h2>4. Envios Internacionais: Alf\u00e2ndega, Direitos e Impostos<\/h2>\n<p><b>Esta sec\u00e7\u00e3o \u00e9 fundamental para todas as encomendas n\u00e3o provenientes dos EUA.<\/b><\/p>\n<ul>\n<li><b>Alf\u00e2ndega &amp; Responsabilidade pela Importa\u00e7\u00e3o:<\/b> O <b>Cliente (Destinat\u00e1rio) \u00e9 o Importador Registado<\/b> e \u00e9 respons\u00e1vel pelo cumprimento de todas as leis e regulamentos do pa\u00eds de destino.<\/li>\n<li><b>Direitos e Impostos (DDU):<\/b> Salvo indica\u00e7\u00e3o expl\u00edcita em contr\u00e1rio (como &#8220;DDP&#8221; &#8211; Delivery Duty Paid) no checkout, todos os envios s\u00e3o enviados numa base de <b>Delivery Duty Unpaid (DDU)<\/b>.\n<ul>\n<li><b>Isto significa que todos os direitos de importa\u00e7\u00e3o, taxas alfandeg\u00e1rias, tarifas, taxas de corretagem e impostos locais s\u00e3o da exclusiva responsabilidade do cliente.<\/b>  Estas taxas s\u00e3o normalmente cobradas pela transportadora no momento da entrega.<\/li>\n<\/ul>\n<\/li>\n<li><b>Envios Recusados:<\/b> Se um envio for recusado pelo cliente devido ao n\u00e3o pagamento de direitos alfandeg\u00e1rios, a Beutox deduzir\u00e1 o custo de envio original e quaisquer taxas de envio de devolu\u00e7\u00e3o incorridas no montante do reembolso (se um reembolso for aplic\u00e1vel ao abrigo da nossa Pol\u00edtica de Devolu\u00e7\u00e3o).<\/li>\n<\/ul>\n<h2>5. Precis\u00e3o do Endere\u00e7o e Problemas de Entrega<\/h2>\n<ul>\n<li><b>Verifica\u00e7\u00e3o do Endere\u00e7o:<\/b> Certifique-se de que o seu endere\u00e7o de envio est\u00e1 totalmente correto e completo, incluindo o n\u00famero do apartamento ou da suite. N\u00e3o somos respons\u00e1veis por atrasos ou perdas resultantes de dados de endere\u00e7o incorretos fornecidos no checkout.<\/li>\n<li><b>Assinatura Obrigat\u00f3ria:<\/b> Por motivos de seguran\u00e7a e integridade do produto, a maioria dos envios internacionais exige uma assinatura no momento da entrega. Se a entrega falhar ap\u00f3s v\u00e1rias tentativas, a encomenda poder\u00e1 ser-nos devolvida, incorrendo em taxas de devolu\u00e7\u00e3o.<\/li>\n<\/ul>\n","protected":false},"excerpt":{"rendered":"<p>Data de entrada em vigor: 30 de outubro de 2025 Na Beutox, estamos empenhados em entregar os seus injet\u00e1veis de&hellip;<\/p>\n","protected":false},"author":1,"featured_media":0,"parent":0,"menu_order":0,"comment_status":"closed","ping_status":"closed","template":"","meta":{"footnotes":""},"class_list":["post-471","page","type-page","status-publish","hentry"],"yoast_head":"<!-- This site is optimized with the Yoast SEO plugin v26.6 - https:\/\/yoast.com\/wordpress\/plugins\/seo\/ -->\n<title>Pol\u00edticas de Envio - Beutox.com<\/title>\n<meta name=\"robots\" content=\"index, follow, max-snippet:-1, max-image-preview:large, max-video-preview:-1\" \/>\n<link rel=\"canonical\" href=\"https:\/\/beutox.com\/pt-pt\/politicas-de-envio\/\" \/>\n<meta property=\"og:locale\" content=\"pt_PT\" \/>\n<meta property=\"og:type\" content=\"article\" \/>\n<meta property=\"og:title\" content=\"Pol\u00edticas de Envio - Beutox.com\" \/>\n<meta property=\"og:description\" content=\"Data de entrada em vigor: 30 de outubro de 2025 Na Beutox, estamos empenhados em entregar os seus injet\u00e1veis de&hellip;\" \/>\n<meta property=\"og:url\" content=\"https:\/\/beutox.com\/pt-pt\/politicas-de-envio\/\" \/>\n<meta property=\"og:site_name\" content=\"Beutox.com\" \/>\n<meta name=\"twitter:card\" content=\"summary_large_image\" \/>\n<meta name=\"twitter:label1\" content=\"Tempo estimado de leitura\" \/>\n\t<meta name=\"twitter:data1\" content=\"3 minutos\" \/>\n<script type=\"application\/ld+json\" class=\"yoast-schema-graph\">{\"@context\":\"https:\/\/schema.org\",\"@graph\":[{\"@type\":\"WebPage\",\"@id\":\"https:\/\/beutox.com\/pt-pt\/politicas-de-envio\/\",\"url\":\"https:\/\/beutox.com\/pt-pt\/politicas-de-envio\/\",\"name\":\"Pol\u00edticas de Envio - Beutox.com\",\"isPartOf\":{\"@id\":\"https:\/\/beutox.com\/pt-pt\/#website\"},\"datePublished\":\"2025-10-27T22:13:36+00:00\",\"breadcrumb\":{\"@id\":\"https:\/\/beutox.com\/pt-pt\/politicas-de-envio\/#breadcrumb\"},\"inLanguage\":\"pt-PT\",\"potentialAction\":[{\"@type\":\"ReadAction\",\"target\":[\"https:\/\/beutox.com\/pt-pt\/politicas-de-envio\/\"]}]},{\"@type\":\"BreadcrumbList\",\"@id\":\"https:\/\/beutox.com\/pt-pt\/politicas-de-envio\/#breadcrumb\",\"itemListElement\":[{\"@type\":\"ListItem\",\"position\":1,\"name\":\"In\u00edcio\",\"item\":\"https:\/\/beutox.com\/pt-pt\/inicio\/\"},{\"@type\":\"ListItem\",\"position\":2,\"name\":\"Pol\u00edticas de Envio\"}]},{\"@type\":\"WebSite\",\"@id\":\"https:\/\/beutox.com\/pt-pt\/#website\",\"url\":\"https:\/\/beutox.com\/pt-pt\/\",\"name\":\"Beutox.com\",\"description\":\"Buy botox online, We ship to USA, UK, Canada, Australia, EU, Saudi Arabia and the rest of the world\",\"potentialAction\":[{\"@type\":\"SearchAction\",\"target\":{\"@type\":\"EntryPoint\",\"urlTemplate\":\"https:\/\/beutox.com\/pt-pt\/?s={search_term_string}\"},\"query-input\":{\"@type\":\"PropertyValueSpecification\",\"valueRequired\":true,\"valueName\":\"search_term_string\"}}],\"inLanguage\":\"pt-PT\"}]}<\/script>\n<!-- \/ Yoast SEO plugin. -->","yoast_head_json":{"title":"Pol\u00edticas de Envio - Beutox.com","robots":{"index":"index","follow":"follow","max-snippet":"max-snippet:-1","max-image-preview":"max-image-preview:large","max-video-preview":"max-video-preview:-1"},"canonical":"https:\/\/beutox.com\/pt-pt\/politicas-de-envio\/","og_locale":"pt_PT","og_type":"article","og_title":"Pol\u00edticas de Envio - Beutox.com","og_description":"Data de entrada em vigor: 30 de outubro de 2025 Na Beutox, estamos empenhados em entregar os seus injet\u00e1veis de&hellip;","og_url":"https:\/\/beutox.com\/pt-pt\/politicas-de-envio\/","og_site_name":"Beutox.com","twitter_card":"summary_large_image","twitter_misc":{"Tempo estimado de leitura":"3 minutos"},"schema":{"@context":"https:\/\/schema.org","@graph":[{"@type":"WebPage","@id":"https:\/\/beutox.com\/pt-pt\/politicas-de-envio\/","url":"https:\/\/beutox.com\/pt-pt\/politicas-de-envio\/","name":"Pol\u00edticas de Envio - Beutox.com","isPartOf":{"@id":"https:\/\/beutox.com\/pt-pt\/#website"},"datePublished":"2025-10-27T22:13:36+00:00","breadcrumb":{"@id":"https:\/\/beutox.com\/pt-pt\/politicas-de-envio\/#breadcrumb"},"inLanguage":"pt-PT","potentialAction":[{"@type":"ReadAction","target":["https:\/\/beutox.com\/pt-pt\/politicas-de-envio\/"]}]},{"@type":"BreadcrumbList","@id":"https:\/\/beutox.com\/pt-pt\/politicas-de-envio\/#breadcrumb","itemListElement":[{"@type":"ListItem","position":1,"name":"In\u00edcio","item":"https:\/\/beutox.com\/pt-pt\/inicio\/"},{"@type":"ListItem","position":2,"name":"Pol\u00edticas de Envio"}]},{"@type":"WebSite","@id":"https:\/\/beutox.com\/pt-pt\/#website","url":"https:\/\/beutox.com\/pt-pt\/","name":"Beutox.com","description":"Buy botox online, We ship to USA, UK, Canada, Australia, EU, Saudi Arabia and the rest of the world","potentialAction":[{"@type":"SearchAction","target":{"@type":"EntryPoint","urlTemplate":"https:\/\/beutox.com\/pt-pt\/?s={search_term_string}"},"query-input":{"@type":"PropertyValueSpecification","valueRequired":true,"valueName":"search_term_string"}}],"inLanguage":"pt-PT"}]}},"_links":{"self":[{"href":"https:\/\/beutox.com\/pt-pt\/wp-json\/wp\/v2\/pages\/471","targetHints":{"allow":["GET"]}}],"collection":[{"href":"https:\/\/beutox.com\/pt-pt\/wp-json\/wp\/v2\/pages"}],"about":[{"href":"https:\/\/beutox.com\/pt-pt\/wp-json\/wp\/v2\/types\/page"}],"author":[{"embeddable":true,"href":"https:\/\/beutox.com\/pt-pt\/wp-json\/wp\/v2\/users\/1"}],"replies":[{"embeddable":true,"href":"https:\/\/beutox.com\/pt-pt\/wp-json\/wp\/v2\/comments?post=471"}],"version-history":[{"count":0,"href":"https:\/\/beutox.com\/pt-pt\/wp-json\/wp\/v2\/pages\/471\/revisions"}],"wp:attachment":[{"href":"https:\/\/beutox.com\/pt-pt\/wp-json\/wp\/v2\/media?parent=471"}],"curies":[{"name":"wp","href":"https:\/\/api.w.org\/{rel}","templated":true}]}}