{"id":878,"date":"2025-12-19T16:24:30","date_gmt":"2025-12-19T16:24:30","guid":{"rendered":"https:\/\/beutox.com\/product\/juvederm-ultra-4\/"},"modified":"2025-12-19T16:24:30","modified_gmt":"2025-12-19T16:24:30","slug":"juvederm-ultra-4","status":"publish","type":"product","link":"https:\/\/beutox.com\/fr\/product\/juvederm-ultra-4\/","title":{"rendered":"Juvederm Ultra 4"},"content":{"rendered":"<h3 data-path-to-node=\"4\"><b data-path-to-node=\"4\" data-index-in-node=\"0\">La solution pour une perte de volume importante<\/b><\/h3>\n<p data-path-to-node=\"5\">Sublimez vos proc\u00e9dures avanc\u00e9es de remodelage et de restauration du volume avec <b data-path-to-node=\"5\" data-index-in-node=\"72\">Juv\u00e9derm Ultra 4<\/b>. Issu de la gamme Juv\u00e9derm, mondialement reconnue, ce produit de comblement dermique injectable est sp\u00e9cialement formul\u00e9 avec une concentration plus \u00e9lev\u00e9e d&rsquo;acide hyaluronique (AH) r\u00e9ticul\u00e9 pour relever les d\u00e9fis esth\u00e9tiques les plus exigeants. <\/p>\n<p data-path-to-node=\"6\">Juv\u00e9derm Ultra 4 poss\u00e8de une <b data-path-to-node=\"6\" data-index-in-node=\"29\">consistance de gel robuste \u00e0 haute viscosit\u00e9<\/b>, ce qui en fait le choix id\u00e9al pour une injection profonde dans les tissus afin de corriger les d\u00e9ficiences de volume prononc\u00e9es et les plis s\u00e9v\u00e8res qui n\u00e9cessitent un lifting et une projection importants.<\/p>\n<h3 data-path-to-node=\"7\"><b data-path-to-node=\"7\" data-index-in-node=\"0\">Ing\u00e9nierie de pr\u00e9cision pour une correction en profondeur<\/b><\/h3>\n<p data-path-to-node=\"8\">Chaque seringue de Juv\u00e9derm Ultra 4 contient <b data-path-to-node=\"8\" data-index-in-node=\"42\">24 mg\/ml d&rsquo;AH hautement r\u00e9ticul\u00e9<\/b>, ce qui lui conf\u00e8re l&rsquo;int\u00e9grit\u00e9 structurelle n\u00e9cessaire pour&nbsp;:<\/p>\n<ul data-path-to-node=\"9\">\n<li>\n<p data-path-to-node=\"9,0,0\"><b data-path-to-node=\"9,0,0\" data-index-in-node=\"0\">Plis nasog\u00e9niens s\u00e9v\u00e8res&nbsp;:<\/b> Comble et lisse efficacement les rides les plus profondes allant du nez \u00e0 la bouche.<\/p>\n<\/li>\n<li>\n<p data-path-to-node=\"9,1,0\"><b data-path-to-node=\"9,1,0\" data-index-in-node=\"0\">Volume des joues et du milieu du visage&nbsp;:<\/b> Restaure le volume perdu des joues et de la r\u00e9gion sous-malaire, corrige le creux et am\u00e9liore la convexit\u00e9 g\u00e9n\u00e9rale du visage.<\/p>\n<\/li>\n<li>\n<p data-path-to-node=\"9,2,0\"><b data-path-to-node=\"9,2,0\" data-index-in-node=\"0\">D\u00e9finition du contour du visage&nbsp;:<\/b> Sculpte et d\u00e9finit la ligne de la m\u00e2choire et le menton, apportant \u00e9quilibre et harmonie au bas du visage.<\/p>\n<\/li>\n<li>\n<p data-path-to-node=\"9,3,0\"><b data-path-to-node=\"9,3,0\" data-index-in-node=\"0\">Comblement des d\u00e9pressions profondes&nbsp;:<\/b> Traite d&rsquo;autres d\u00e9pressions faciales profondes et cicatrices qui n\u00e9cessitent un soutien tissulaire important.<\/p>\n<\/li>\n<\/ul>\n<h3 data-path-to-node=\"10\"><b data-path-to-node=\"10\" data-index-in-node=\"0\">Soutien fiable et confort am\u00e9lior\u00e9<\/b><\/h3>\n<p data-path-to-node=\"11\">Gr\u00e2ce \u00e0 sa formulation durable, le soutien structurel fourni par Juv\u00e9derm Ultra 4 est exceptionnellement durable, avec des r\u00e9sultats qui durent souvent jusqu&rsquo;\u00e0 12&nbsp;mois ou plus. De plus, l&rsquo;inclusion de <b data-path-to-node=\"11\" data-index-in-node=\"207\">lidoca\u00efne (0,3&nbsp;%)<\/b> assure une exp\u00e9rience plus confortable au patient pendant le processus d&rsquo;injection profonde, vous permettant de vous concentrer sur l&rsquo;obtention d&rsquo;un remodelage et d&rsquo;un lifting optimaux. <\/p>\n<p data-path-to-node=\"12\">Choisissez Juv\u00e9derm Ultra 4 lorsque vos patients exigent une solution puissante et fiable pour une correction importante du volume et une r\u00e9duction profonde des rides. Faites confiance \u00e0 ce produit de comblement robuste pour obtenir des r\u00e9sultats d\u00e9finis, lift\u00e9s et structur\u00e9s de mani\u00e8re jeune qui distinguent une pratique experte. <\/p>\n","protected":false},"excerpt":{"rendered":"<p><b data-path-to-node=\"16\" data-index-in-node=\"0\">Juv\u00e9derm Ultra 4<\/b> est un produit de comblement dermique dense \u00e0 base d&rsquo;acide hyaluronique hautement r\u00e9ticul\u00e9, con\u00e7u pour la <b data-path-to-node=\"16\" data-index-in-node=\"92\">restauration du volume en profondeur<\/b> et la correction des <b data-path-to-node=\"16\" data-index-in-node=\"138\">plis faciaux s\u00e9v\u00e8res<\/b>. Id\u00e9al pour rehausser les joues, d\u00e9finir les contours du visage et traiter les rides nasog\u00e9niennes profondes, sa formulation robuste offre un lifting substantiel et des r\u00e9sultats visibles et durables. Contient de la lidoca\u00efne pour un confort accru du patient.  <\/p>\n","protected":false},"featured_media":235,"comment_status":"open","ping_status":"closed","template":"","meta":[],"product_brand":[],"product_cat":[79],"product_tag":[],"class_list":{"0":"post-878","1":"product","2":"type-product","3":"status-publish","4":"has-post-thumbnail","6":"product_cat-produits-de-comblement-cutane","8":"first","9":"instock","10":"shipping-taxable","11":"purchasable","12":"product-type-simple"},"yoast_head":"<!-- This site is optimized with the Yoast SEO plugin v26.6 - https:\/\/yoast.com\/wordpress\/plugins\/seo\/ -->\n<title>Acheter Juvederm Ultra 4 Online - Beutox.com<\/title>\n<meta name=\"robots\" content=\"index, follow, max-snippet:-1, max-image-preview:large, max-video-preview:-1\" \/>\n<link rel=\"canonical\" href=\"https:\/\/beutox.com\/fr\/product\/juvederm-ultra-4\/\" \/>\n<meta property=\"og:locale\" content=\"fr_FR\" \/>\n<meta property=\"og:type\" content=\"article\" \/>\n<meta property=\"og:title\" content=\"Acheter Juvederm Ultra 4 Online - Beutox.com\" \/>\n<meta property=\"og:description\" content=\"Juv\u00e9derm Ultra 4 est un produit de comblement dermique dense \u00e0 base d&#039;acide hyaluronique hautement r\u00e9ticul\u00e9, con\u00e7u pour la restauration du volume en profondeur et la correction des plis faciaux s\u00e9v\u00e8res. Id\u00e9al pour rehausser les joues, d\u00e9finir les contours du visage et traiter les rides nasog\u00e9niennes profondes, sa formulation robuste offre un lifting substantiel et des r\u00e9sultats visibles et durables. Contient de la lidoca\u00efne pour un confort accru du patient.\" \/>\n<meta property=\"og:url\" content=\"https:\/\/beutox.com\/fr\/product\/juvederm-ultra-4\/\" \/>\n<meta property=\"og:site_name\" content=\"Beutox.com\" \/>\n<meta property=\"og:image\" content=\"https:\/\/beutox.com\/wp-content\/uploads\/2025\/12\/juvederm-ultra-4-.jpg.webp\" \/>\n\t<meta property=\"og:image:width\" content=\"800\" \/>\n\t<meta property=\"og:image:height\" content=\"800\" \/>\n\t<meta property=\"og:image:type\" content=\"image\/webp\" \/>\n<meta name=\"twitter:card\" content=\"summary_large_image\" \/>\n<meta name=\"twitter:label1\" content=\"Dur\u00e9e de lecture estim\u00e9e\" \/>\n\t<meta name=\"twitter:data1\" content=\"2 minutes\" \/>\n<script type=\"application\/ld+json\" class=\"yoast-schema-graph\">{\"@context\":\"https:\/\/schema.org\",\"@graph\":[{\"@type\":\"WebPage\",\"@id\":\"https:\/\/beutox.com\/fr\/product\/juvederm-ultra-4\/\",\"url\":\"https:\/\/beutox.com\/fr\/product\/juvederm-ultra-4\/\",\"name\":\"Acheter Juvederm Ultra 4 Online - Beutox.com\",\"isPartOf\":{\"@id\":\"https:\/\/beutox.com\/fr\/#website\"},\"primaryImageOfPage\":{\"@id\":\"https:\/\/beutox.com\/fr\/product\/juvederm-ultra-4\/#primaryimage\"},\"image\":{\"@id\":\"https:\/\/beutox.com\/fr\/product\/juvederm-ultra-4\/#primaryimage\"},\"thumbnailUrl\":\"https:\/\/beutox.com\/wp-content\/uploads\/2025\/12\/juvederm-ultra-4-.jpg.webp\",\"datePublished\":\"2025-12-19T16:24:30+00:00\",\"breadcrumb\":{\"@id\":\"https:\/\/beutox.com\/fr\/product\/juvederm-ultra-4\/#breadcrumb\"},\"inLanguage\":\"fr-FR\",\"potentialAction\":[{\"@type\":\"ReadAction\",\"target\":[\"https:\/\/beutox.com\/fr\/product\/juvederm-ultra-4\/\"]}]},{\"@type\":\"ImageObject\",\"inLanguage\":\"fr-FR\",\"@id\":\"https:\/\/beutox.com\/fr\/product\/juvederm-ultra-4\/#primaryimage\",\"url\":\"https:\/\/beutox.com\/wp-content\/uploads\/2025\/12\/juvederm-ultra-4-.jpg.webp\",\"contentUrl\":\"https:\/\/beutox.com\/wp-content\/uploads\/2025\/12\/juvederm-ultra-4-.jpg.webp\",\"width\":800,\"height\":800},{\"@type\":\"BreadcrumbList\",\"@id\":\"https:\/\/beutox.com\/fr\/product\/juvederm-ultra-4\/#breadcrumb\",\"itemListElement\":[{\"@type\":\"ListItem\",\"position\":1,\"name\":\"Accueil\",\"item\":\"https:\/\/beutox.com\/fr\/accueil\/\"},{\"@type\":\"ListItem\",\"position\":2,\"name\":\"Boutique\",\"item\":\"https:\/\/beutox.com\/shop\/\"},{\"@type\":\"ListItem\",\"position\":3,\"name\":\"Juvederm Ultra 4\"}]},{\"@type\":\"WebSite\",\"@id\":\"https:\/\/beutox.com\/fr\/#website\",\"url\":\"https:\/\/beutox.com\/fr\/\",\"name\":\"Beutox.com\",\"description\":\"Buy botox online, We ship to USA, UK, Canada, Australia, EU, Saudi Arabia and the rest of the world\",\"potentialAction\":[{\"@type\":\"SearchAction\",\"target\":{\"@type\":\"EntryPoint\",\"urlTemplate\":\"https:\/\/beutox.com\/fr\/?s={search_term_string}\"},\"query-input\":{\"@type\":\"PropertyValueSpecification\",\"valueRequired\":true,\"valueName\":\"search_term_string\"}}],\"inLanguage\":\"fr-FR\"}]}<\/script>\n<!-- \/ Yoast SEO plugin. -->","yoast_head_json":{"title":"Acheter Juvederm Ultra 4 Online - Beutox.com","robots":{"index":"index","follow":"follow","max-snippet":"max-snippet:-1","max-image-preview":"max-image-preview:large","max-video-preview":"max-video-preview:-1"},"canonical":"https:\/\/beutox.com\/fr\/product\/juvederm-ultra-4\/","og_locale":"fr_FR","og_type":"article","og_title":"Acheter Juvederm Ultra 4 Online - Beutox.com","og_description":"Juv\u00e9derm Ultra 4 est un produit de comblement dermique dense \u00e0 base d'acide hyaluronique hautement r\u00e9ticul\u00e9, con\u00e7u pour la restauration du volume en profondeur et la correction des plis faciaux s\u00e9v\u00e8res. Id\u00e9al pour rehausser les joues, d\u00e9finir les contours du visage et traiter les rides nasog\u00e9niennes profondes, sa formulation robuste offre un lifting substantiel et des r\u00e9sultats visibles et durables. Contient de la lidoca\u00efne pour un confort accru du patient.","og_url":"https:\/\/beutox.com\/fr\/product\/juvederm-ultra-4\/","og_site_name":"Beutox.com","og_image":[{"width":800,"height":800,"url":"https:\/\/beutox.com\/wp-content\/uploads\/2025\/12\/juvederm-ultra-4-.jpg.webp","type":"image\/webp"}],"twitter_card":"summary_large_image","twitter_misc":{"Dur\u00e9e de lecture estim\u00e9e":"2 minutes"},"schema":{"@context":"https:\/\/schema.org","@graph":[{"@type":"WebPage","@id":"https:\/\/beutox.com\/fr\/product\/juvederm-ultra-4\/","url":"https:\/\/beutox.com\/fr\/product\/juvederm-ultra-4\/","name":"Acheter Juvederm Ultra 4 Online - Beutox.com","isPartOf":{"@id":"https:\/\/beutox.com\/fr\/#website"},"primaryImageOfPage":{"@id":"https:\/\/beutox.com\/fr\/product\/juvederm-ultra-4\/#primaryimage"},"image":{"@id":"https:\/\/beutox.com\/fr\/product\/juvederm-ultra-4\/#primaryimage"},"thumbnailUrl":"https:\/\/beutox.com\/wp-content\/uploads\/2025\/12\/juvederm-ultra-4-.jpg.webp","datePublished":"2025-12-19T16:24:30+00:00","breadcrumb":{"@id":"https:\/\/beutox.com\/fr\/product\/juvederm-ultra-4\/#breadcrumb"},"inLanguage":"fr-FR","potentialAction":[{"@type":"ReadAction","target":["https:\/\/beutox.com\/fr\/product\/juvederm-ultra-4\/"]}]},{"@type":"ImageObject","inLanguage":"fr-FR","@id":"https:\/\/beutox.com\/fr\/product\/juvederm-ultra-4\/#primaryimage","url":"https:\/\/beutox.com\/wp-content\/uploads\/2025\/12\/juvederm-ultra-4-.jpg.webp","contentUrl":"https:\/\/beutox.com\/wp-content\/uploads\/2025\/12\/juvederm-ultra-4-.jpg.webp","width":800,"height":800},{"@type":"BreadcrumbList","@id":"https:\/\/beutox.com\/fr\/product\/juvederm-ultra-4\/#breadcrumb","itemListElement":[{"@type":"ListItem","position":1,"name":"Accueil","item":"https:\/\/beutox.com\/fr\/accueil\/"},{"@type":"ListItem","position":2,"name":"Boutique","item":"https:\/\/beutox.com\/shop\/"},{"@type":"ListItem","position":3,"name":"Juvederm Ultra 4"}]},{"@type":"WebSite","@id":"https:\/\/beutox.com\/fr\/#website","url":"https:\/\/beutox.com\/fr\/","name":"Beutox.com","description":"Buy botox online, We ship to USA, UK, Canada, Australia, EU, Saudi Arabia and the rest of the world","potentialAction":[{"@type":"SearchAction","target":{"@type":"EntryPoint","urlTemplate":"https:\/\/beutox.com\/fr\/?s={search_term_string}"},"query-input":{"@type":"PropertyValueSpecification","valueRequired":true,"valueName":"search_term_string"}}],"inLanguage":"fr-FR"}]}},"_links":{"self":[{"href":"https:\/\/beutox.com\/fr\/wp-json\/wp\/v2\/product\/878","targetHints":{"allow":["GET"]}}],"collection":[{"href":"https:\/\/beutox.com\/fr\/wp-json\/wp\/v2\/product"}],"about":[{"href":"https:\/\/beutox.com\/fr\/wp-json\/wp\/v2\/types\/product"}],"replies":[{"embeddable":true,"href":"https:\/\/beutox.com\/fr\/wp-json\/wp\/v2\/comments?post=878"}],"wp:featuredmedia":[{"embeddable":true,"href":"https:\/\/beutox.com\/fr\/wp-json\/wp\/v2\/media\/235"}],"wp:attachment":[{"href":"https:\/\/beutox.com\/fr\/wp-json\/wp\/v2\/media?parent=878"}],"wp:term":[{"taxonomy":"product_brand","embeddable":true,"href":"https:\/\/beutox.com\/fr\/wp-json\/wp\/v2\/product_brand?post=878"},{"taxonomy":"product_cat","embeddable":true,"href":"https:\/\/beutox.com\/fr\/wp-json\/wp\/v2\/product_cat?post=878"},{"taxonomy":"product_tag","embeddable":true,"href":"https:\/\/beutox.com\/fr\/wp-json\/wp\/v2\/product_tag?post=878"}],"curies":[{"name":"wp","href":"https:\/\/api.w.org\/{rel}","templated":true}]}}