{"id":864,"date":"2025-12-19T16:39:25","date_gmt":"2025-12-19T16:39:25","guid":{"rendered":"https:\/\/beutox.com\/product\/profhilo-hl\/"},"modified":"2025-12-19T16:39:25","modified_gmt":"2025-12-19T16:39:25","slug":"profhilo-hl","status":"publish","type":"product","link":"https:\/\/beutox.com\/fr\/product\/profhilo-hl\/","title":{"rendered":"Profhilo H+L"},"content":{"rendered":"<h3 data-path-to-node=\"4\"><b data-path-to-node=\"4\" data-index-in-node=\"0\">La science du rel\u00e2chement cutan\u00e9 : au-del\u00e0 du comblement<\/b><\/h3>\n<p data-path-to-node=\"5\">Pr\u00e9sentez \u00e0 vos clients l&rsquo;innovation de <b data-path-to-node=\"5\" data-index-in-node=\"44\">Profhilo H+L<\/b>, un traitement injectable r\u00e9volutionnaire qui red\u00e9finit le rajeunissement de la peau. Contrairement aux produits de comblement dermique traditionnels qui se concentrent sur le volume localis\u00e9, Profhilo emploie une approche unique de \u00ab bio-remodelage \u00bb, ciblant le rel\u00e2chement cutan\u00e9 global, l&rsquo;hydratation et la qualit\u00e9 g\u00e9n\u00e9rale. <\/p>\n<p data-path-to-node=\"6\">Ce produit prim\u00e9 n&rsquo;est pas qu&rsquo;un simple booster de peau ; c&rsquo;est le premier injectable d&rsquo;acide hyaluronique (AH) stabilis\u00e9 formul\u00e9 sans agents de r\u00e9ticulation chimiques (comme le BDDE), ce qui le rend hautement biocompatible.<\/p>\n<h3 data-path-to-node=\"7\"><b data-path-to-node=\"7\" data-index-in-node=\"0\">Technologie NAHYCO\u00ae brevet\u00e9e et concentration \u00e9lev\u00e9e<\/b><\/h3>\n<p data-path-to-node=\"8\">Profhilo H+L utilise la <b data-path-to-node=\"8\" data-index-in-node=\"35\">technologie NAHYCO\u00ae<\/b> brevet\u00e9e, qui combine deux types distincts d&rsquo;acide hyaluronique pur et ultra-pur \u2014 de haut poids mol\u00e9culaire (H-HA) et de bas poids mol\u00e9culaire (L-HA) \u2014 en complexes coop\u00e9ratifs hybrides stables gr\u00e2ce \u00e0 un processus thermique.<\/p>\n<p data-path-to-node=\"9\"><b data-path-to-node=\"9\" data-index-in-node=\"0\">Sp\u00e9cifications du produit :<\/b> Chaque emballage contient <b data-path-to-node=\"9\" data-index-in-node=\"45\">1 seringue pr\u00e9remplie de <span class=\"math-inline\" data-math=\"2 \\text{ ml}\" data-index-in-node=\"69\">2 ml<\/span><\/b>, d\u00e9livrant une concentration totale impressionnante de <b data-path-to-node=\"9\" data-index-in-node=\"131\"><span class=\"math-inline\" data-math=\"64 \\text{ mg}\" data-index-in-node=\"131\">64 mg<\/span> d&rsquo;AH<\/b> (32 mg de H-HA + 32 mg de L-HA), l&rsquo;une des plus \u00e9lev\u00e9es du march\u00e9.<\/p>\n<p data-path-to-node=\"10\">Cette formule unique \u00e0 double action permet :<\/p>\n<ul data-path-to-node=\"11\">\n<li>\n<p data-path-to-node=\"11,0,0\"><b data-path-to-node=\"11,0,0\" data-index-in-node=\"0\">L-HA (bas poids mol\u00e9culaire) :<\/b> Hydrate la peau en profondeur et fournit le \u00ab coup de pouce \u00bb initial d&rsquo;hydratation.<\/p>\n<\/li>\n<li>\n<p data-path-to-node=\"11,1,0\"><b data-path-to-node=\"11,1,0\" data-index-in-node=\"0\">H-HA (haut poids mol\u00e9culaire) :<\/b> Cr\u00e9e une structure d&rsquo;AH stable qui fournit un \u00e9chafaudage au derme, se lib\u00e9rant lentement au fil du temps.<\/p>\n<\/li>\n<\/ul>\n<h3 data-path-to-node=\"12\"><b data-path-to-node=\"12\" data-index-in-node=\"0\">Stimulation et long\u00e9vit\u00e9<\/b><\/h3>\n<p data-path-to-node=\"13\">Une fois inject\u00e9 (g\u00e9n\u00e9ralement en utilisant la technique sp\u00e9cifique des <b data-path-to-node=\"13\" data-index-in-node=\"44\">points bio-esth\u00e9tiques (BAP)<\/b>), Profhilo se r\u00e9pand facilement et s&rsquo;int\u00e8gre parfaitement dans les tissus. Il agit en stimulant la production naturelle de quatre types diff\u00e9rents de <b data-path-to-node=\"13\" data-index-in-node=\"224\">collag\u00e8ne<\/b> et d&rsquo;<b data-path-to-node=\"13\" data-index-in-node=\"237\">\u00e9lastine<\/b>, traitant efficacement l&rsquo;atrophie dermique et bio-remodelant la peau de l&rsquo;int\u00e9rieur. Le r\u00e9sultat est une am\u00e9lioration visible de la qualit\u00e9, de la texture, de la fermet\u00e9 et de la luminosit\u00e9 de la peau sur le visage, le cou, le d\u00e9collet\u00e9 et les mains.  <\/p>\n<p data-path-to-node=\"14\">Proposez Profhilo H+L comme le traitement ultime pour les peaux d&rsquo;apparence terne, fatigu\u00e9e ou rel\u00e2ch\u00e9e. Sa puret\u00e9 in\u00e9gal\u00e9e et sa concentration \u00e9lev\u00e9e offrent un r\u00e9sultat naturel, rafra\u00eechi et durable, ne n\u00e9cessitant g\u00e9n\u00e9ralement que deux s\u00e9ances initiales espac\u00e9es d&rsquo;un mois. <\/p>\n","protected":false},"excerpt":{"rendered":"<p><b data-path-to-node=\"18\" data-index-in-node=\"0\">Profhilo H+L<\/b> est un traitement de bio-remodelage injectable r\u00e9volutionnaire contenant <b data-path-to-node=\"18\" data-index-in-node=\"78\"><span class=\"math-inline\" data-math=\"64 \\text{ mg}\" data-index-in-node=\"78\">64 mg<\/span> d&rsquo;acide hyaluronique pur<\/b> (H-HA + L-HA) dans une <b data-path-to-node=\"18\" data-index-in-node=\"135\"><span class=\"math-inline\" data-math=\"2 \\text{ ml}\" data-index-in-node=\"135\">seringue de 2 ml<\/span><\/b>. D\u00e9velopp\u00e9 avec la <b data-path-to-node=\"18\" data-index-in-node=\"172\">technologie NAHYCO\u00ae<\/b> (sans agents de r\u00e9ticulation chimiques), il hydrate intens\u00e9ment la peau et stimule le collag\u00e8ne et l&rsquo;\u00e9lastine, traitant efficacement le rel\u00e2chement cutan\u00e9 et am\u00e9liorant la texture et l&rsquo;\u00e9clat g\u00e9n\u00e9ral pour un rajeunissement naturel et durable. <\/p>\n","protected":false},"featured_media":239,"comment_status":"open","ping_status":"closed","template":"","meta":[],"product_brand":[],"product_cat":[79],"product_tag":[],"class_list":{"0":"post-864","1":"product","2":"type-product","3":"status-publish","4":"has-post-thumbnail","6":"product_cat-produits-de-comblement-cutane","8":"first","9":"instock","10":"shipping-taxable","11":"purchasable","12":"product-type-simple"},"yoast_head":"<!-- This site is optimized with the Yoast SEO plugin v26.6 - https:\/\/yoast.com\/wordpress\/plugins\/seo\/ -->\n<title>Acheter Profhilo H+L Online - Beutox.com<\/title>\n<meta name=\"robots\" content=\"index, follow, max-snippet:-1, max-image-preview:large, max-video-preview:-1\" \/>\n<link rel=\"canonical\" href=\"https:\/\/beutox.com\/fr\/product\/profhilo-hl\/\" \/>\n<meta property=\"og:locale\" content=\"fr_FR\" \/>\n<meta property=\"og:type\" content=\"article\" \/>\n<meta property=\"og:title\" content=\"Acheter Profhilo H+L Online - Beutox.com\" \/>\n<meta property=\"og:description\" content=\"Profhilo H+L est un traitement de bio-remodelage injectable r\u00e9volutionnaire contenant 64 mg d&#039;acide hyaluronique pur (H-HA + L-HA) dans une seringue de 2 ml. D\u00e9velopp\u00e9 avec la technologie NAHYCO\u00ae (sans agents de r\u00e9ticulation chimiques), il hydrate intens\u00e9ment la peau et stimule le collag\u00e8ne et l&#039;\u00e9lastine, traitant efficacement le rel\u00e2chement cutan\u00e9 et am\u00e9liorant la texture et l&#039;\u00e9clat g\u00e9n\u00e9ral pour un rajeunissement naturel et durable.\" \/>\n<meta property=\"og:url\" content=\"https:\/\/beutox.com\/fr\/product\/profhilo-hl\/\" \/>\n<meta property=\"og:site_name\" content=\"Beutox.com\" \/>\n<meta property=\"og:image\" content=\"https:\/\/beutox.com\/wp-content\/uploads\/2025\/12\/PROFHILO-HL.webp\" \/>\n\t<meta property=\"og:image:width\" content=\"550\" \/>\n\t<meta property=\"og:image:height\" content=\"550\" \/>\n\t<meta property=\"og:image:type\" content=\"image\/webp\" \/>\n<meta name=\"twitter:card\" content=\"summary_large_image\" \/>\n<meta name=\"twitter:label1\" content=\"Dur\u00e9e de lecture estim\u00e9e\" \/>\n\t<meta name=\"twitter:data1\" content=\"2 minutes\" \/>\n<script type=\"application\/ld+json\" class=\"yoast-schema-graph\">{\"@context\":\"https:\/\/schema.org\",\"@graph\":[{\"@type\":\"WebPage\",\"@id\":\"https:\/\/beutox.com\/fr\/product\/profhilo-hl\/\",\"url\":\"https:\/\/beutox.com\/fr\/product\/profhilo-hl\/\",\"name\":\"Acheter Profhilo H+L Online - Beutox.com\",\"isPartOf\":{\"@id\":\"https:\/\/beutox.com\/fr\/#website\"},\"primaryImageOfPage\":{\"@id\":\"https:\/\/beutox.com\/fr\/product\/profhilo-hl\/#primaryimage\"},\"image\":{\"@id\":\"https:\/\/beutox.com\/fr\/product\/profhilo-hl\/#primaryimage\"},\"thumbnailUrl\":\"https:\/\/beutox.com\/wp-content\/uploads\/2025\/12\/PROFHILO-HL.webp\",\"datePublished\":\"2025-12-19T16:39:25+00:00\",\"breadcrumb\":{\"@id\":\"https:\/\/beutox.com\/fr\/product\/profhilo-hl\/#breadcrumb\"},\"inLanguage\":\"fr-FR\",\"potentialAction\":[{\"@type\":\"ReadAction\",\"target\":[\"https:\/\/beutox.com\/fr\/product\/profhilo-hl\/\"]}]},{\"@type\":\"ImageObject\",\"inLanguage\":\"fr-FR\",\"@id\":\"https:\/\/beutox.com\/fr\/product\/profhilo-hl\/#primaryimage\",\"url\":\"https:\/\/beutox.com\/wp-content\/uploads\/2025\/12\/PROFHILO-HL.webp\",\"contentUrl\":\"https:\/\/beutox.com\/wp-content\/uploads\/2025\/12\/PROFHILO-HL.webp\",\"width\":550,\"height\":550},{\"@type\":\"BreadcrumbList\",\"@id\":\"https:\/\/beutox.com\/fr\/product\/profhilo-hl\/#breadcrumb\",\"itemListElement\":[{\"@type\":\"ListItem\",\"position\":1,\"name\":\"Accueil\",\"item\":\"https:\/\/beutox.com\/fr\/accueil\/\"},{\"@type\":\"ListItem\",\"position\":2,\"name\":\"Boutique\",\"item\":\"https:\/\/beutox.com\/shop\/\"},{\"@type\":\"ListItem\",\"position\":3,\"name\":\"Profhilo H+L\"}]},{\"@type\":\"WebSite\",\"@id\":\"https:\/\/beutox.com\/fr\/#website\",\"url\":\"https:\/\/beutox.com\/fr\/\",\"name\":\"Beutox.com\",\"description\":\"Buy botox online, We ship to USA, UK, Canada, Australia, EU, Saudi Arabia and the rest of the world\",\"potentialAction\":[{\"@type\":\"SearchAction\",\"target\":{\"@type\":\"EntryPoint\",\"urlTemplate\":\"https:\/\/beutox.com\/fr\/?s={search_term_string}\"},\"query-input\":{\"@type\":\"PropertyValueSpecification\",\"valueRequired\":true,\"valueName\":\"search_term_string\"}}],\"inLanguage\":\"fr-FR\"}]}<\/script>\n<!-- \/ Yoast SEO plugin. -->","yoast_head_json":{"title":"Acheter Profhilo H+L Online - Beutox.com","robots":{"index":"index","follow":"follow","max-snippet":"max-snippet:-1","max-image-preview":"max-image-preview:large","max-video-preview":"max-video-preview:-1"},"canonical":"https:\/\/beutox.com\/fr\/product\/profhilo-hl\/","og_locale":"fr_FR","og_type":"article","og_title":"Acheter Profhilo H+L Online - Beutox.com","og_description":"Profhilo H+L est un traitement de bio-remodelage injectable r\u00e9volutionnaire contenant 64 mg d'acide hyaluronique pur (H-HA + L-HA) dans une seringue de 2 ml. D\u00e9velopp\u00e9 avec la technologie NAHYCO\u00ae (sans agents de r\u00e9ticulation chimiques), il hydrate intens\u00e9ment la peau et stimule le collag\u00e8ne et l'\u00e9lastine, traitant efficacement le rel\u00e2chement cutan\u00e9 et am\u00e9liorant la texture et l'\u00e9clat g\u00e9n\u00e9ral pour un rajeunissement naturel et durable.","og_url":"https:\/\/beutox.com\/fr\/product\/profhilo-hl\/","og_site_name":"Beutox.com","og_image":[{"width":550,"height":550,"url":"https:\/\/beutox.com\/wp-content\/uploads\/2025\/12\/PROFHILO-HL.webp","type":"image\/webp"}],"twitter_card":"summary_large_image","twitter_misc":{"Dur\u00e9e de lecture estim\u00e9e":"2 minutes"},"schema":{"@context":"https:\/\/schema.org","@graph":[{"@type":"WebPage","@id":"https:\/\/beutox.com\/fr\/product\/profhilo-hl\/","url":"https:\/\/beutox.com\/fr\/product\/profhilo-hl\/","name":"Acheter Profhilo H+L Online - Beutox.com","isPartOf":{"@id":"https:\/\/beutox.com\/fr\/#website"},"primaryImageOfPage":{"@id":"https:\/\/beutox.com\/fr\/product\/profhilo-hl\/#primaryimage"},"image":{"@id":"https:\/\/beutox.com\/fr\/product\/profhilo-hl\/#primaryimage"},"thumbnailUrl":"https:\/\/beutox.com\/wp-content\/uploads\/2025\/12\/PROFHILO-HL.webp","datePublished":"2025-12-19T16:39:25+00:00","breadcrumb":{"@id":"https:\/\/beutox.com\/fr\/product\/profhilo-hl\/#breadcrumb"},"inLanguage":"fr-FR","potentialAction":[{"@type":"ReadAction","target":["https:\/\/beutox.com\/fr\/product\/profhilo-hl\/"]}]},{"@type":"ImageObject","inLanguage":"fr-FR","@id":"https:\/\/beutox.com\/fr\/product\/profhilo-hl\/#primaryimage","url":"https:\/\/beutox.com\/wp-content\/uploads\/2025\/12\/PROFHILO-HL.webp","contentUrl":"https:\/\/beutox.com\/wp-content\/uploads\/2025\/12\/PROFHILO-HL.webp","width":550,"height":550},{"@type":"BreadcrumbList","@id":"https:\/\/beutox.com\/fr\/product\/profhilo-hl\/#breadcrumb","itemListElement":[{"@type":"ListItem","position":1,"name":"Accueil","item":"https:\/\/beutox.com\/fr\/accueil\/"},{"@type":"ListItem","position":2,"name":"Boutique","item":"https:\/\/beutox.com\/shop\/"},{"@type":"ListItem","position":3,"name":"Profhilo H+L"}]},{"@type":"WebSite","@id":"https:\/\/beutox.com\/fr\/#website","url":"https:\/\/beutox.com\/fr\/","name":"Beutox.com","description":"Buy botox online, We ship to USA, UK, Canada, Australia, EU, Saudi Arabia and the rest of the world","potentialAction":[{"@type":"SearchAction","target":{"@type":"EntryPoint","urlTemplate":"https:\/\/beutox.com\/fr\/?s={search_term_string}"},"query-input":{"@type":"PropertyValueSpecification","valueRequired":true,"valueName":"search_term_string"}}],"inLanguage":"fr-FR"}]}},"_links":{"self":[{"href":"https:\/\/beutox.com\/fr\/wp-json\/wp\/v2\/product\/864","targetHints":{"allow":["GET"]}}],"collection":[{"href":"https:\/\/beutox.com\/fr\/wp-json\/wp\/v2\/product"}],"about":[{"href":"https:\/\/beutox.com\/fr\/wp-json\/wp\/v2\/types\/product"}],"replies":[{"embeddable":true,"href":"https:\/\/beutox.com\/fr\/wp-json\/wp\/v2\/comments?post=864"}],"wp:featuredmedia":[{"embeddable":true,"href":"https:\/\/beutox.com\/fr\/wp-json\/wp\/v2\/media\/239"}],"wp:attachment":[{"href":"https:\/\/beutox.com\/fr\/wp-json\/wp\/v2\/media?parent=864"}],"wp:term":[{"taxonomy":"product_brand","embeddable":true,"href":"https:\/\/beutox.com\/fr\/wp-json\/wp\/v2\/product_brand?post=864"},{"taxonomy":"product_cat","embeddable":true,"href":"https:\/\/beutox.com\/fr\/wp-json\/wp\/v2\/product_cat?post=864"},{"taxonomy":"product_tag","embeddable":true,"href":"https:\/\/beutox.com\/fr\/wp-json\/wp\/v2\/product_tag?post=864"}],"curies":[{"name":"wp","href":"https:\/\/api.w.org\/{rel}","templated":true}]}}