{"id":834,"date":"2025-12-19T20:31:47","date_gmt":"2025-12-19T20:31:47","guid":{"rendered":"https:\/\/beutox.com\/product\/sculptra-agent-de-comblement-a-base-dacide-poly-l-lactique\/"},"modified":"2025-12-19T20:31:47","modified_gmt":"2025-12-19T20:31:47","slug":"sculptra-agent-de-comblement-a-base-dacide-poly-l-lactique","status":"publish","type":"product","link":"https:\/\/beutox.com\/fr\/product\/sculptra-agent-de-comblement-a-base-dacide-poly-l-lactique\/","title":{"rendered":"Sculptra : agent de comblement \u00e0 base d\u2019acide poly-L-lactique"},"content":{"rendered":"<h3 data-path-to-node=\"4\"><b data-path-to-node=\"4\" data-index-in-node=\"0\">Le pouvoir du PLLA : Reconstruire la jeunesse de l\u2019int\u00e9rieur<\/b><\/h3>\n<p data-path-to-node=\"5\">Entrez dans le futur de l\u2019anti-\u00e2ge avec <b data-path-to-node=\"5\" data-index-in-node=\"40\">Sculptra<\/b>, un traitement injectable unique et mondialement reconnu qui va au-del\u00e0 du simple comblement imm\u00e9diat. Sculptra est un stimulateur de collag\u00e8ne sophistiqu\u00e9, compos\u00e9 d\u2019<b data-path-to-node=\"5\" data-index-in-node=\"194\">acide poly-L-lactique (PLLA)<\/b>, con\u00e7u pour traiter les causes sous-jacentes du vieillissement du visage en activant le pouvoir naturel de la peau pour reconstruire le collag\u00e8ne perdu. <\/p>\n<p data-path-to-node=\"6\">Contrairement aux agents de comblement \u00e0 base d\u2019acide hyaluronique qui fournissent un volume imm\u00e9diat, Sculptra agit progressivement et subtilement, restaurant la structure et le volume au cours d\u2019une s\u00e9rie de traitements. Il en r\u00e9sulte une apparence naturellement rafra\u00eechie et durable qui peut perdurer pendant <b data-path-to-node=\"6\" data-index-in-node=\"243\">plus de deux ans<\/b>. <\/p>\n<h3 data-path-to-node=\"7\"><b data-path-to-node=\"7\" data-index-in-node=\"0\">Sp\u00e9cifications et m\u00e9canisme du produit<\/b><\/h3>\n<p data-path-to-node=\"8\"><b data-path-to-node=\"8\" data-index-in-node=\"0\">Sp\u00e9cifications du produit :<\/b> Chaque flacon contient <b data-path-to-node=\"8\" data-index-in-node=\"42\"><span class=\"math-inline\" data-math=\"150 \\text{ mg}\" data-index-in-node=\"42\">150 mg<\/span> de poudre st\u00e9rile lyophilis\u00e9e d\u2019acide poly-L-lactique<\/b>. Cette poudre est g\u00e9n\u00e9ralement reconstitu\u00e9e avec <span class=\"math-inline\" data-math=\"5 \\text{ ml}\" data-index-in-node=\"152\">5 ml<\/span> d\u2019eau st\u00e9rile pour injection, souvent associ\u00e9e \u00e0 une petite quantit\u00e9 de lidoca\u00efne, cr\u00e9ant ainsi la suspension injectable finale. <\/p>\n<p data-path-to-node=\"9\">Une fois inject\u00e9es profond\u00e9ment dans le derme, les microparticules de PLLA sont absorb\u00e9es par l\u2019organisme. Elles initient une puissante r\u00e9ponse biologique : <\/p>\n<ol start=\"1\" data-path-to-node=\"10\">\n<li>\n<p data-path-to-node=\"10,0,0\"><b data-path-to-node=\"10,0,0\" data-index-in-node=\"0\">Stimulation :<\/b> Les microparticules de PLLA agissent comme des \u00e9chafaudages, incitant les fibroblastes (les cellules de la peau qui produisent le collag\u00e8ne) \u00e0 augmenter progressivement leur production.<\/p>\n<\/li>\n<li>\n<p data-path-to-node=\"10,1,0\"><b data-path-to-node=\"10,1,0\" data-index-in-node=\"0\">G\u00e9n\u00e9ration de collag\u00e8ne :<\/b> Au cours de plusieurs mois, le corps produit un nouveau collag\u00e8ne de type I, solide, autour des particules.<\/p>\n<\/li>\n<li>\n<p data-path-to-node=\"10,2,0\"><b data-path-to-node=\"10,2,0\" data-index-in-node=\"0\">Correction naturelle :<\/b> Ce r\u00e9seau de collag\u00e8ne nouvellement g\u00e9n\u00e9r\u00e9 remplace le volume facial perdu, lisse les rides profondes et am\u00e9liore l\u2019\u00e9paisseur et l\u2019\u00e9lasticit\u00e9 globales de la peau.<\/p>\n<\/li>\n<\/ol>\n<h3 data-path-to-node=\"11\"><b data-path-to-node=\"11\" data-index-in-node=\"0\">Indications pour des r\u00e9sultats subtilement transformateurs<\/b><\/h3>\n<p data-path-to-node=\"12\">Sculptra est le traitement d\u00e9finitif pour les clients qui recherchent un rajeunissement facial global subtil mais significatif, particuli\u00e8rement efficace pour :<\/p>\n<ul data-path-to-node=\"13\">\n<li>\n<p data-path-to-node=\"13,0,0\">Corriger les plis nasog\u00e9niens peu profonds \u00e0 profonds (rides du sourire).<\/p>\n<\/li>\n<li>\n<p data-path-to-node=\"13,1,0\">Traiter les d\u00e9ficiences de contour profondes et le creux des tempes et des joues.<\/p>\n<\/li>\n<li>\n<p data-path-to-node=\"13,2,0\">Am\u00e9liorer l\u2019apparence des rides de la marionnette profondes.<\/p>\n<\/li>\n<\/ul>\n<p data-path-to-node=\"14\">En proposant Sculptra, vous vous engagez \u00e0 offrir une am\u00e9lioration esth\u00e9tique durable et d\u2019apparence naturelle. C\u2019est le choix ultime pour les patients qui pr\u00e9f\u00e8rent une transformation progressive qui ressemble \u00e0 la meilleure version d\u2019eux-m\u00eames, et non \u00e0 un changement radical. <\/p>\n","protected":false},"excerpt":{"rendered":"<p><b data-path-to-node=\"18\" data-index-in-node=\"0\">Sculptra<\/b> est un stimulateur de collag\u00e8ne injectable \u00e0 base d\u2019<b data-path-to-node=\"18\" data-index-in-node=\"26\">acide poly-L-lactique (PLLA)<\/b>, fourni sous forme de <b data-path-to-node=\"18\" data-index-in-node=\"87\">flacon de <span class=\"math-inline\" data-math=\"150 \\text{ mg}\" data-index-in-node=\"87\">150 mg<\/span><\/b> g\u00e9n\u00e9ralement reconstitu\u00e9 \u00e0 <span class=\"math-inline\" data-math=\"5 \\text{ ml}\" data-index-in-node=\"134\">5 ml<\/span>. Il agit progressivement en stimulant la production naturelle de collag\u00e8ne par l\u2019organisme pour restaurer le volume profond et corriger les plis du visage. Cette approche unique offre des r\u00e9sultats subtils et d\u2019apparence naturelle qui peuvent durer <b data-path-to-node=\"18\" data-index-in-node=\"350\">plus de deux ans<\/b>, offrant ainsi un rajeunissement facial \u00e0 long terme.  <\/p>\n","protected":false},"featured_media":241,"comment_status":"open","ping_status":"closed","template":"","meta":[],"product_brand":[],"product_cat":[79],"product_tag":[],"class_list":{"0":"post-834","1":"product","2":"type-product","3":"status-publish","4":"has-post-thumbnail","6":"product_cat-produits-de-comblement-cutane","8":"first","9":"instock","10":"shipping-taxable","11":"purchasable","12":"product-type-simple"},"yoast_head":"<!-- This site is optimized with the Yoast SEO plugin v26.6 - https:\/\/yoast.com\/wordpress\/plugins\/seo\/ -->\n<title>Acheter Sculptra : agent de comblement \u00e0 base d\u2019acide poly-L-lactique Online - Beutox.com<\/title>\n<meta name=\"robots\" content=\"index, follow, max-snippet:-1, max-image-preview:large, max-video-preview:-1\" \/>\n<link rel=\"canonical\" href=\"https:\/\/beutox.com\/fr\/product\/sculptra-agent-de-comblement-a-base-dacide-poly-l-lactique\/\" \/>\n<meta property=\"og:locale\" content=\"fr_FR\" \/>\n<meta property=\"og:type\" content=\"article\" \/>\n<meta property=\"og:title\" content=\"Acheter Sculptra : agent de comblement \u00e0 base d\u2019acide poly-L-lactique Online - Beutox.com\" \/>\n<meta property=\"og:description\" content=\"Sculptra est un stimulateur de collag\u00e8ne injectable \u00e0 base d\u2019acide poly-L-lactique (PLLA), fourni sous forme de flacon de 150 mg g\u00e9n\u00e9ralement reconstitu\u00e9 \u00e0 5 ml. Il agit progressivement en stimulant la production naturelle de collag\u00e8ne par l\u2019organisme pour restaurer le volume profond et corriger les plis du visage. Cette approche unique offre des r\u00e9sultats subtils et d\u2019apparence naturelle qui peuvent durer plus de deux ans, offrant ainsi un rajeunissement facial \u00e0 long terme.\" \/>\n<meta property=\"og:url\" content=\"https:\/\/beutox.com\/fr\/product\/sculptra-agent-de-comblement-a-base-dacide-poly-l-lactique\/\" \/>\n<meta property=\"og:site_name\" content=\"Beutox.com\" \/>\n<meta property=\"og:image\" content=\"https:\/\/beutox.com\/wp-content\/uploads\/2025\/12\/buy-sculptra.webp\" \/>\n\t<meta property=\"og:image:width\" content=\"697\" \/>\n\t<meta property=\"og:image:height\" content=\"696\" \/>\n\t<meta property=\"og:image:type\" content=\"image\/webp\" \/>\n<meta name=\"twitter:card\" content=\"summary_large_image\" \/>\n<meta name=\"twitter:label1\" content=\"Dur\u00e9e de lecture estim\u00e9e\" \/>\n\t<meta name=\"twitter:data1\" content=\"2 minutes\" \/>\n<script type=\"application\/ld+json\" class=\"yoast-schema-graph\">{\"@context\":\"https:\/\/schema.org\",\"@graph\":[{\"@type\":\"WebPage\",\"@id\":\"https:\/\/beutox.com\/fr\/product\/sculptra-agent-de-comblement-a-base-dacide-poly-l-lactique\/\",\"url\":\"https:\/\/beutox.com\/fr\/product\/sculptra-agent-de-comblement-a-base-dacide-poly-l-lactique\/\",\"name\":\"Acheter Sculptra : agent de comblement \u00e0 base d\u2019acide poly-L-lactique Online - Beutox.com\",\"isPartOf\":{\"@id\":\"https:\/\/beutox.com\/fr\/#website\"},\"primaryImageOfPage\":{\"@id\":\"https:\/\/beutox.com\/fr\/product\/sculptra-agent-de-comblement-a-base-dacide-poly-l-lactique\/#primaryimage\"},\"image\":{\"@id\":\"https:\/\/beutox.com\/fr\/product\/sculptra-agent-de-comblement-a-base-dacide-poly-l-lactique\/#primaryimage\"},\"thumbnailUrl\":\"https:\/\/beutox.com\/wp-content\/uploads\/2025\/12\/buy-sculptra.webp\",\"datePublished\":\"2025-12-19T20:31:47+00:00\",\"breadcrumb\":{\"@id\":\"https:\/\/beutox.com\/fr\/product\/sculptra-agent-de-comblement-a-base-dacide-poly-l-lactique\/#breadcrumb\"},\"inLanguage\":\"fr-FR\",\"potentialAction\":[{\"@type\":\"ReadAction\",\"target\":[\"https:\/\/beutox.com\/fr\/product\/sculptra-agent-de-comblement-a-base-dacide-poly-l-lactique\/\"]}]},{\"@type\":\"ImageObject\",\"inLanguage\":\"fr-FR\",\"@id\":\"https:\/\/beutox.com\/fr\/product\/sculptra-agent-de-comblement-a-base-dacide-poly-l-lactique\/#primaryimage\",\"url\":\"https:\/\/beutox.com\/wp-content\/uploads\/2025\/12\/buy-sculptra.webp\",\"contentUrl\":\"https:\/\/beutox.com\/wp-content\/uploads\/2025\/12\/buy-sculptra.webp\",\"width\":697,\"height\":696},{\"@type\":\"BreadcrumbList\",\"@id\":\"https:\/\/beutox.com\/fr\/product\/sculptra-agent-de-comblement-a-base-dacide-poly-l-lactique\/#breadcrumb\",\"itemListElement\":[{\"@type\":\"ListItem\",\"position\":1,\"name\":\"Accueil\",\"item\":\"https:\/\/beutox.com\/fr\/accueil\/\"},{\"@type\":\"ListItem\",\"position\":2,\"name\":\"Boutique\",\"item\":\"https:\/\/beutox.com\/shop\/\"},{\"@type\":\"ListItem\",\"position\":3,\"name\":\"Sculptra : agent de comblement \u00e0 base d\u2019acide poly-L-lactique\"}]},{\"@type\":\"WebSite\",\"@id\":\"https:\/\/beutox.com\/fr\/#website\",\"url\":\"https:\/\/beutox.com\/fr\/\",\"name\":\"Beutox.com\",\"description\":\"Buy botox online, We ship to USA, UK, Canada, Australia, EU, Saudi Arabia and the rest of the world\",\"potentialAction\":[{\"@type\":\"SearchAction\",\"target\":{\"@type\":\"EntryPoint\",\"urlTemplate\":\"https:\/\/beutox.com\/fr\/?s={search_term_string}\"},\"query-input\":{\"@type\":\"PropertyValueSpecification\",\"valueRequired\":true,\"valueName\":\"search_term_string\"}}],\"inLanguage\":\"fr-FR\"}]}<\/script>\n<!-- \/ Yoast SEO plugin. -->","yoast_head_json":{"title":"Acheter Sculptra : agent de comblement \u00e0 base d\u2019acide poly-L-lactique Online - Beutox.com","robots":{"index":"index","follow":"follow","max-snippet":"max-snippet:-1","max-image-preview":"max-image-preview:large","max-video-preview":"max-video-preview:-1"},"canonical":"https:\/\/beutox.com\/fr\/product\/sculptra-agent-de-comblement-a-base-dacide-poly-l-lactique\/","og_locale":"fr_FR","og_type":"article","og_title":"Acheter Sculptra : agent de comblement \u00e0 base d\u2019acide poly-L-lactique Online - Beutox.com","og_description":"Sculptra est un stimulateur de collag\u00e8ne injectable \u00e0 base d\u2019acide poly-L-lactique (PLLA), fourni sous forme de flacon de 150 mg g\u00e9n\u00e9ralement reconstitu\u00e9 \u00e0 5 ml. Il agit progressivement en stimulant la production naturelle de collag\u00e8ne par l\u2019organisme pour restaurer le volume profond et corriger les plis du visage. Cette approche unique offre des r\u00e9sultats subtils et d\u2019apparence naturelle qui peuvent durer plus de deux ans, offrant ainsi un rajeunissement facial \u00e0 long terme.","og_url":"https:\/\/beutox.com\/fr\/product\/sculptra-agent-de-comblement-a-base-dacide-poly-l-lactique\/","og_site_name":"Beutox.com","og_image":[{"width":697,"height":696,"url":"https:\/\/beutox.com\/wp-content\/uploads\/2025\/12\/buy-sculptra.webp","type":"image\/webp"}],"twitter_card":"summary_large_image","twitter_misc":{"Dur\u00e9e de lecture estim\u00e9e":"2 minutes"},"schema":{"@context":"https:\/\/schema.org","@graph":[{"@type":"WebPage","@id":"https:\/\/beutox.com\/fr\/product\/sculptra-agent-de-comblement-a-base-dacide-poly-l-lactique\/","url":"https:\/\/beutox.com\/fr\/product\/sculptra-agent-de-comblement-a-base-dacide-poly-l-lactique\/","name":"Acheter Sculptra : agent de comblement \u00e0 base d\u2019acide poly-L-lactique Online - Beutox.com","isPartOf":{"@id":"https:\/\/beutox.com\/fr\/#website"},"primaryImageOfPage":{"@id":"https:\/\/beutox.com\/fr\/product\/sculptra-agent-de-comblement-a-base-dacide-poly-l-lactique\/#primaryimage"},"image":{"@id":"https:\/\/beutox.com\/fr\/product\/sculptra-agent-de-comblement-a-base-dacide-poly-l-lactique\/#primaryimage"},"thumbnailUrl":"https:\/\/beutox.com\/wp-content\/uploads\/2025\/12\/buy-sculptra.webp","datePublished":"2025-12-19T20:31:47+00:00","breadcrumb":{"@id":"https:\/\/beutox.com\/fr\/product\/sculptra-agent-de-comblement-a-base-dacide-poly-l-lactique\/#breadcrumb"},"inLanguage":"fr-FR","potentialAction":[{"@type":"ReadAction","target":["https:\/\/beutox.com\/fr\/product\/sculptra-agent-de-comblement-a-base-dacide-poly-l-lactique\/"]}]},{"@type":"ImageObject","inLanguage":"fr-FR","@id":"https:\/\/beutox.com\/fr\/product\/sculptra-agent-de-comblement-a-base-dacide-poly-l-lactique\/#primaryimage","url":"https:\/\/beutox.com\/wp-content\/uploads\/2025\/12\/buy-sculptra.webp","contentUrl":"https:\/\/beutox.com\/wp-content\/uploads\/2025\/12\/buy-sculptra.webp","width":697,"height":696},{"@type":"BreadcrumbList","@id":"https:\/\/beutox.com\/fr\/product\/sculptra-agent-de-comblement-a-base-dacide-poly-l-lactique\/#breadcrumb","itemListElement":[{"@type":"ListItem","position":1,"name":"Accueil","item":"https:\/\/beutox.com\/fr\/accueil\/"},{"@type":"ListItem","position":2,"name":"Boutique","item":"https:\/\/beutox.com\/shop\/"},{"@type":"ListItem","position":3,"name":"Sculptra : agent de comblement \u00e0 base d\u2019acide poly-L-lactique"}]},{"@type":"WebSite","@id":"https:\/\/beutox.com\/fr\/#website","url":"https:\/\/beutox.com\/fr\/","name":"Beutox.com","description":"Buy botox online, We ship to USA, UK, Canada, Australia, EU, Saudi Arabia and the rest of the world","potentialAction":[{"@type":"SearchAction","target":{"@type":"EntryPoint","urlTemplate":"https:\/\/beutox.com\/fr\/?s={search_term_string}"},"query-input":{"@type":"PropertyValueSpecification","valueRequired":true,"valueName":"search_term_string"}}],"inLanguage":"fr-FR"}]}},"_links":{"self":[{"href":"https:\/\/beutox.com\/fr\/wp-json\/wp\/v2\/product\/834","targetHints":{"allow":["GET"]}}],"collection":[{"href":"https:\/\/beutox.com\/fr\/wp-json\/wp\/v2\/product"}],"about":[{"href":"https:\/\/beutox.com\/fr\/wp-json\/wp\/v2\/types\/product"}],"replies":[{"embeddable":true,"href":"https:\/\/beutox.com\/fr\/wp-json\/wp\/v2\/comments?post=834"}],"wp:featuredmedia":[{"embeddable":true,"href":"https:\/\/beutox.com\/fr\/wp-json\/wp\/v2\/media\/241"}],"wp:attachment":[{"href":"https:\/\/beutox.com\/fr\/wp-json\/wp\/v2\/media?parent=834"}],"wp:term":[{"taxonomy":"product_brand","embeddable":true,"href":"https:\/\/beutox.com\/fr\/wp-json\/wp\/v2\/product_brand?post=834"},{"taxonomy":"product_cat","embeddable":true,"href":"https:\/\/beutox.com\/fr\/wp-json\/wp\/v2\/product_cat?post=834"},{"taxonomy":"product_tag","embeddable":true,"href":"https:\/\/beutox.com\/fr\/wp-json\/wp\/v2\/product_tag?post=834"}],"curies":[{"name":"wp","href":"https:\/\/api.w.org\/{rel}","templated":true}]}}