{"id":731,"date":"2025-12-19T13:48:19","date_gmt":"2025-12-19T13:48:19","guid":{"rendered":"https:\/\/beutox.com\/product\/flacon-de-botox-jeuveau-100-ui\/"},"modified":"2026-02-10T00:26:55","modified_gmt":"2026-02-10T00:26:55","slug":"flacon-de-botox-jeuveau-100-ui","status":"publish","type":"product","link":"https:\/\/beutox.com\/fr\/product\/flacon-de-botox-jeuveau-100-ui\/","title":{"rendered":"Jeuveau 100 UI"},"content":{"rendered":"<h3 data-path-to-node=\"2\"><b data-path-to-node=\"2\" data-index-in-node=\"0\">R\u00e9v\u00e9lez votre plus belle peau avec Jeuveau (PrabotulinumtoxinA)<\/b><\/h3>\n<p data-path-to-node=\"3\">Entrez dans l&rsquo;avenir de l&rsquo;anti-\u00e2ge avec <b data-path-to-node=\"3\" data-index-in-node=\"40\">Jeuveau 100 UI<\/b>, la neurotoxine innovante qui devient rapidement le choix de l&rsquo;industrie pour traiter les rides glabellaires mod\u00e9r\u00e9es \u00e0 s\u00e9v\u00e8res, ces \u00ab\u00a0rides du lion\u00a0\u00bb g\u00eanantes entre vos sourcils. Souvent surnomm\u00e9 le \u00ab\u00a0Newtox\u00a0\u00bb, Jeuveau offre une formulation moderne et hautement purifi\u00e9e de toxine botulique de type A, sp\u00e9cialement con\u00e7ue pour offrir des r\u00e9sultats exceptionnellement pr\u00e9visibles, naturels et constants.<\/p>\n<h3 data-path-to-node=\"4\"><b data-path-to-node=\"4\" data-index-in-node=\"0\">La science d&rsquo;une beaut\u00e9 parfaite<\/b><\/h3>\n<p data-path-to-node=\"5\">Jeuveau, \u00e9galement connu sous le nom de PrabotulinumtoxinA-xvfs, est fabriqu\u00e9 \u00e0 l&rsquo;aide d&rsquo;un processus de purification de pointe appel\u00e9 technologie Hi-Pure\u2122. Cette m\u00e9thode avanc\u00e9e garantit une qualit\u00e9 et une efficacit\u00e9 \u00e9lev\u00e9es, ce qui le distingue des produits botuliniques traditionnels. Lorsqu&rsquo;il est inject\u00e9 dans le muscle, Jeuveau agit en bloquant temporairement les signaux nerveux qui provoquent les contractions musculaires. En relaxant les muscles responsables des rides dynamiques, la peau sus-jacente se lisse, ce qui donne une apparence rafra\u00eechie et visiblement plus jeune.   <\/p>\n<h3 data-path-to-node=\"6\"><b data-path-to-node=\"6\" data-index-in-node=\"0\">Pourquoi choisir Jeuveau pour votre clinique&nbsp;?<\/b><\/h3>\n<ul data-path-to-node=\"7\">\n<li>\n<p data-path-to-node=\"7,0,0\"><b data-path-to-node=\"7,0,0\" data-index-in-node=\"0\">Efficacit\u00e9 cibl\u00e9e&nbsp;:<\/b> Le flacon de 100&nbsp;UI fournit le dosage parfait pour les traitements standard, assurant un effet maximal sur la zone cible sans compromettre l&rsquo;expressivit\u00e9 naturelle du visage.<\/p>\n<\/li>\n<li>\n<p data-path-to-node=\"7,1,0\"><b data-path-to-node=\"7,1,0\" data-index-in-node=\"0\">Action rapide, r\u00e9sultats durables&nbsp;:<\/b> Les patients commencent g\u00e9n\u00e9ralement \u00e0 constater une am\u00e9lioration visible en seulement 2 \u00e0 3&nbsp;jours, l&rsquo;effet lissant maximal \u00e9tant atteint vers le 7e au 14e&nbsp;jour. Ces effets rajeunissants sont cliniquement prouv\u00e9s pour durer jusqu&rsquo;\u00e0 4 \u00e0 5&nbsp;mois, offrant aux patients une p\u00e9riode prolong\u00e9e de confiance sans rides. <\/p>\n<\/li>\n<li>\n<p data-path-to-node=\"7,2,0\"><b data-path-to-node=\"7,2,0\" data-index-in-node=\"0\">Puret\u00e9 et confiance&nbsp;:<\/b> Jeuveau a fait l&rsquo;objet d&rsquo;essais cliniques rigoureux et est approuv\u00e9 par la FDA, ce qui donne aux praticiens et aux patients une tranquillit\u00e9 d&rsquo;esprit quant \u00e0 son profil de s\u00e9curit\u00e9 et \u00e0 sa fiabilit\u00e9.<\/p>\n<\/li>\n<li>\n<p data-path-to-node=\"7,3,0\"><b data-path-to-node=\"7,3,0\" data-index-in-node=\"0\">Esth\u00e9tique moderne&nbsp;:<\/b> R\u00e9pondez \u00e0 une client\u00e8le qui exige ce qu&rsquo;il y a de plus r\u00e9cent et de mieux. Le fait de proposer Jeuveau positionne votre plateforme de commerce \u00e9lectronique et votre clinique \u00e0 l&rsquo;avant-garde de la m\u00e9decine esth\u00e9tique contemporaine. <\/p>\n<\/li>\n<\/ul>\n<p data-path-to-node=\"8\"><b data-path-to-node=\"8\" data-index-in-node=\"0\">Am\u00e9liorez votre pratique et aidez vos clients \u00e0 obtenir une apparence magnifiquement lisse, expressive et jeune. Commandez d\u00e8s aujourd&rsquo;hui votre authentique Jeuveau 100&nbsp;UI et offrez la prochaine g\u00e9n\u00e9ration de traitements esth\u00e9tiques. <\/b><\/p>\n","protected":false},"excerpt":{"rendered":"<p data-path-to-node=\"11\">Prix sur demande pour les professionnels de la sant\u00e9. Contactez-nous \u00e0 info@beutox.com pour conna\u00eetre la disponibilit\u00e9 actuelle des stocks et les conditions B2B. <\/p>\n","protected":false},"featured_media":732,"comment_status":"open","ping_status":"closed","template":"","meta":[],"product_brand":[],"product_cat":[72],"product_tag":[],"class_list":{"0":"post-731","1":"product","2":"type-product","3":"status-publish","4":"has-post-thumbnail","6":"product_cat-botox","8":"first","9":"instock","10":"shipping-taxable","11":"product-type-simple"},"yoast_head":"<!-- This site is optimized with the Yoast SEO plugin v26.6 - https:\/\/yoast.com\/wordpress\/plugins\/seo\/ -->\n<title>Acheter Jeuveau 100 UI Online - Beutox.com<\/title>\n<meta name=\"description\" content=\"Achetez Jeuveau 100 unit\u00e9s (PrabotulinumtoxinA-xvfs) pour un usage esth\u00e9tique professionnel. Fabriqu\u00e9 de fa\u00e7on moderne avec la technologie Hi-Pure\u2122 pour des r\u00e9sultats pr\u00e9cis. Licence m\u00e9dicale ou ordonnance valide requise. Livraison fiable en cha\u00eene du froid pour les cabinets m\u00e9dicaux et les cliniques autoris\u00e9s.\" \/>\n<meta name=\"robots\" content=\"index, follow, max-snippet:-1, max-image-preview:large, max-video-preview:-1\" \/>\n<link rel=\"canonical\" href=\"https:\/\/beutox.com\/fr\/product\/flacon-de-botox-jeuveau-100-ui\/\" \/>\n<meta property=\"og:locale\" content=\"fr_FR\" \/>\n<meta property=\"og:type\" content=\"article\" \/>\n<meta property=\"og:title\" content=\"Acheter Jeuveau 100 UI Online - Beutox.com\" \/>\n<meta property=\"og:description\" content=\"Achetez Jeuveau 100 unit\u00e9s (PrabotulinumtoxinA-xvfs) pour un usage esth\u00e9tique professionnel. Fabriqu\u00e9 de fa\u00e7on moderne avec la technologie Hi-Pure\u2122 pour des r\u00e9sultats pr\u00e9cis. Licence m\u00e9dicale ou ordonnance valide requise. Livraison fiable en cha\u00eene du froid pour les cabinets m\u00e9dicaux et les cliniques autoris\u00e9s.\" \/>\n<meta property=\"og:url\" content=\"https:\/\/beutox.com\/fr\/product\/flacon-de-botox-jeuveau-100-ui\/\" \/>\n<meta property=\"og:site_name\" content=\"Beutox.com\" \/>\n<meta property=\"article:modified_time\" content=\"2026-02-10T00:26:55+00:00\" \/>\n<meta property=\"og:image\" content=\"https:\/\/beutox.com\/wp-content\/uploads\/2025\/12\/Jeuveau-botox-100iu.jpg\" \/>\n\t<meta property=\"og:image:width\" content=\"1024\" \/>\n\t<meta property=\"og:image:height\" content=\"1024\" \/>\n\t<meta property=\"og:image:type\" content=\"image\/jpeg\" \/>\n<meta name=\"twitter:card\" content=\"summary_large_image\" \/>\n<meta name=\"twitter:label1\" content=\"Dur\u00e9e de lecture estim\u00e9e\" \/>\n\t<meta name=\"twitter:data1\" content=\"2 minutes\" \/>\n<script type=\"application\/ld+json\" class=\"yoast-schema-graph\">{\"@context\":\"https:\/\/schema.org\",\"@graph\":[{\"@type\":\"WebPage\",\"@id\":\"https:\/\/beutox.com\/fr\/product\/flacon-de-botox-jeuveau-100-ui\/\",\"url\":\"https:\/\/beutox.com\/fr\/product\/flacon-de-botox-jeuveau-100-ui\/\",\"name\":\"Acheter Jeuveau 100 UI Online - Beutox.com\",\"isPartOf\":{\"@id\":\"https:\/\/beutox.com\/fr\/#website\"},\"primaryImageOfPage\":{\"@id\":\"https:\/\/beutox.com\/fr\/product\/flacon-de-botox-jeuveau-100-ui\/#primaryimage\"},\"image\":{\"@id\":\"https:\/\/beutox.com\/fr\/product\/flacon-de-botox-jeuveau-100-ui\/#primaryimage\"},\"thumbnailUrl\":\"https:\/\/beutox.com\/wp-content\/uploads\/2025\/12\/Jeuveau-botox-100iu.jpg\",\"datePublished\":\"2025-12-19T13:48:19+00:00\",\"dateModified\":\"2026-02-10T00:26:55+00:00\",\"description\":\"Achetez Jeuveau 100 unit\u00e9s (PrabotulinumtoxinA-xvfs) pour un usage esth\u00e9tique professionnel. Fabriqu\u00e9 de fa\u00e7on moderne avec la technologie Hi-Pure\u2122 pour des r\u00e9sultats pr\u00e9cis. Licence m\u00e9dicale ou ordonnance valide requise. Livraison fiable en cha\u00eene du froid pour les cabinets m\u00e9dicaux et les cliniques autoris\u00e9s.\",\"breadcrumb\":{\"@id\":\"https:\/\/beutox.com\/fr\/product\/flacon-de-botox-jeuveau-100-ui\/#breadcrumb\"},\"inLanguage\":\"fr-FR\",\"potentialAction\":[{\"@type\":\"ReadAction\",\"target\":[\"https:\/\/beutox.com\/fr\/product\/flacon-de-botox-jeuveau-100-ui\/\"]}]},{\"@type\":\"ImageObject\",\"inLanguage\":\"fr-FR\",\"@id\":\"https:\/\/beutox.com\/fr\/product\/flacon-de-botox-jeuveau-100-ui\/#primaryimage\",\"url\":\"https:\/\/beutox.com\/wp-content\/uploads\/2025\/12\/Jeuveau-botox-100iu.jpg\",\"contentUrl\":\"https:\/\/beutox.com\/wp-content\/uploads\/2025\/12\/Jeuveau-botox-100iu.jpg\",\"width\":1024,\"height\":1024},{\"@type\":\"BreadcrumbList\",\"@id\":\"https:\/\/beutox.com\/fr\/product\/flacon-de-botox-jeuveau-100-ui\/#breadcrumb\",\"itemListElement\":[{\"@type\":\"ListItem\",\"position\":1,\"name\":\"Accueil\",\"item\":\"https:\/\/beutox.com\/fr\/accueil\/\"},{\"@type\":\"ListItem\",\"position\":2,\"name\":\"Boutique\",\"item\":\"https:\/\/beutox.com\/shop\/\"},{\"@type\":\"ListItem\",\"position\":3,\"name\":\"Jeuveau 100 UI\"}]},{\"@type\":\"WebSite\",\"@id\":\"https:\/\/beutox.com\/fr\/#website\",\"url\":\"https:\/\/beutox.com\/fr\/\",\"name\":\"Beutox.com\",\"description\":\"Buy botox online, We ship to USA, UK, Canada, Australia, EU, Saudi Arabia and the rest of the world\",\"potentialAction\":[{\"@type\":\"SearchAction\",\"target\":{\"@type\":\"EntryPoint\",\"urlTemplate\":\"https:\/\/beutox.com\/fr\/?s={search_term_string}\"},\"query-input\":{\"@type\":\"PropertyValueSpecification\",\"valueRequired\":true,\"valueName\":\"search_term_string\"}}],\"inLanguage\":\"fr-FR\"}]}<\/script>\n<!-- \/ Yoast SEO plugin. -->","yoast_head_json":{"title":"Acheter Jeuveau 100 UI Online - Beutox.com","description":"Achetez Jeuveau 100 unit\u00e9s (PrabotulinumtoxinA-xvfs) pour un usage esth\u00e9tique professionnel. Fabriqu\u00e9 de fa\u00e7on moderne avec la technologie Hi-Pure\u2122 pour des r\u00e9sultats pr\u00e9cis. Licence m\u00e9dicale ou ordonnance valide requise. Livraison fiable en cha\u00eene du froid pour les cabinets m\u00e9dicaux et les cliniques autoris\u00e9s.","robots":{"index":"index","follow":"follow","max-snippet":"max-snippet:-1","max-image-preview":"max-image-preview:large","max-video-preview":"max-video-preview:-1"},"canonical":"https:\/\/beutox.com\/fr\/product\/flacon-de-botox-jeuveau-100-ui\/","og_locale":"fr_FR","og_type":"article","og_title":"Acheter Jeuveau 100 UI Online - Beutox.com","og_description":"Achetez Jeuveau 100 unit\u00e9s (PrabotulinumtoxinA-xvfs) pour un usage esth\u00e9tique professionnel. Fabriqu\u00e9 de fa\u00e7on moderne avec la technologie Hi-Pure\u2122 pour des r\u00e9sultats pr\u00e9cis. Licence m\u00e9dicale ou ordonnance valide requise. Livraison fiable en cha\u00eene du froid pour les cabinets m\u00e9dicaux et les cliniques autoris\u00e9s.","og_url":"https:\/\/beutox.com\/fr\/product\/flacon-de-botox-jeuveau-100-ui\/","og_site_name":"Beutox.com","article_modified_time":"2026-02-10T00:26:55+00:00","og_image":[{"width":1024,"height":1024,"url":"https:\/\/beutox.com\/wp-content\/uploads\/2025\/12\/Jeuveau-botox-100iu.jpg","type":"image\/jpeg"}],"twitter_card":"summary_large_image","twitter_misc":{"Dur\u00e9e de lecture estim\u00e9e":"2 minutes"},"schema":{"@context":"https:\/\/schema.org","@graph":[{"@type":"WebPage","@id":"https:\/\/beutox.com\/fr\/product\/flacon-de-botox-jeuveau-100-ui\/","url":"https:\/\/beutox.com\/fr\/product\/flacon-de-botox-jeuveau-100-ui\/","name":"Acheter Jeuveau 100 UI Online - Beutox.com","isPartOf":{"@id":"https:\/\/beutox.com\/fr\/#website"},"primaryImageOfPage":{"@id":"https:\/\/beutox.com\/fr\/product\/flacon-de-botox-jeuveau-100-ui\/#primaryimage"},"image":{"@id":"https:\/\/beutox.com\/fr\/product\/flacon-de-botox-jeuveau-100-ui\/#primaryimage"},"thumbnailUrl":"https:\/\/beutox.com\/wp-content\/uploads\/2025\/12\/Jeuveau-botox-100iu.jpg","datePublished":"2025-12-19T13:48:19+00:00","dateModified":"2026-02-10T00:26:55+00:00","description":"Achetez Jeuveau 100 unit\u00e9s (PrabotulinumtoxinA-xvfs) pour un usage esth\u00e9tique professionnel. Fabriqu\u00e9 de fa\u00e7on moderne avec la technologie Hi-Pure\u2122 pour des r\u00e9sultats pr\u00e9cis. Licence m\u00e9dicale ou ordonnance valide requise. Livraison fiable en cha\u00eene du froid pour les cabinets m\u00e9dicaux et les cliniques autoris\u00e9s.","breadcrumb":{"@id":"https:\/\/beutox.com\/fr\/product\/flacon-de-botox-jeuveau-100-ui\/#breadcrumb"},"inLanguage":"fr-FR","potentialAction":[{"@type":"ReadAction","target":["https:\/\/beutox.com\/fr\/product\/flacon-de-botox-jeuveau-100-ui\/"]}]},{"@type":"ImageObject","inLanguage":"fr-FR","@id":"https:\/\/beutox.com\/fr\/product\/flacon-de-botox-jeuveau-100-ui\/#primaryimage","url":"https:\/\/beutox.com\/wp-content\/uploads\/2025\/12\/Jeuveau-botox-100iu.jpg","contentUrl":"https:\/\/beutox.com\/wp-content\/uploads\/2025\/12\/Jeuveau-botox-100iu.jpg","width":1024,"height":1024},{"@type":"BreadcrumbList","@id":"https:\/\/beutox.com\/fr\/product\/flacon-de-botox-jeuveau-100-ui\/#breadcrumb","itemListElement":[{"@type":"ListItem","position":1,"name":"Accueil","item":"https:\/\/beutox.com\/fr\/accueil\/"},{"@type":"ListItem","position":2,"name":"Boutique","item":"https:\/\/beutox.com\/shop\/"},{"@type":"ListItem","position":3,"name":"Jeuveau 100 UI"}]},{"@type":"WebSite","@id":"https:\/\/beutox.com\/fr\/#website","url":"https:\/\/beutox.com\/fr\/","name":"Beutox.com","description":"Buy botox online, We ship to USA, UK, Canada, Australia, EU, Saudi Arabia and the rest of the world","potentialAction":[{"@type":"SearchAction","target":{"@type":"EntryPoint","urlTemplate":"https:\/\/beutox.com\/fr\/?s={search_term_string}"},"query-input":{"@type":"PropertyValueSpecification","valueRequired":true,"valueName":"search_term_string"}}],"inLanguage":"fr-FR"}]}},"_links":{"self":[{"href":"https:\/\/beutox.com\/fr\/wp-json\/wp\/v2\/product\/731","targetHints":{"allow":["GET"]}}],"collection":[{"href":"https:\/\/beutox.com\/fr\/wp-json\/wp\/v2\/product"}],"about":[{"href":"https:\/\/beutox.com\/fr\/wp-json\/wp\/v2\/types\/product"}],"replies":[{"embeddable":true,"href":"https:\/\/beutox.com\/fr\/wp-json\/wp\/v2\/comments?post=731"}],"wp:featuredmedia":[{"embeddable":true,"href":"https:\/\/beutox.com\/fr\/wp-json\/wp\/v2\/media\/732"}],"wp:attachment":[{"href":"https:\/\/beutox.com\/fr\/wp-json\/wp\/v2\/media?parent=731"}],"wp:term":[{"taxonomy":"product_brand","embeddable":true,"href":"https:\/\/beutox.com\/fr\/wp-json\/wp\/v2\/product_brand?post=731"},{"taxonomy":"product_cat","embeddable":true,"href":"https:\/\/beutox.com\/fr\/wp-json\/wp\/v2\/product_cat?post=731"},{"taxonomy":"product_tag","embeddable":true,"href":"https:\/\/beutox.com\/fr\/wp-json\/wp\/v2\/product_tag?post=731"}],"curies":[{"name":"wp","href":"https:\/\/api.w.org\/{rel}","templated":true}]}}