{"id":719,"date":"2025-12-19T12:19:40","date_gmt":"2025-12-19T12:19:40","guid":{"rendered":"https:\/\/beutox.com\/product\/daxxify-toxine-botulinique-de-type-a-100-ui\/"},"modified":"2026-02-10T00:28:11","modified_gmt":"2026-02-10T00:28:11","slug":"daxxify-toxine-botulinique-de-type-a-100-ui","status":"publish","type":"product","link":"https:\/\/beutox.com\/fr\/product\/daxxify-toxine-botulinique-de-type-a-100-ui\/","title":{"rendered":"Daxxify Toxine botulinique de type A 100 UI"},"content":{"rendered":"<p data-path-to-node=\"2\"><b data-path-to-node=\"2\" data-index-in-node=\"0\">R\u00e9v\u00e9lez une beaut\u00e9 intemporelle&nbsp;: d\u00e9couvrez DAXXIFY\u00ae (DaxibotulinumtoxinA-lanm) 100&nbsp;UI<\/b><\/p>\n<p data-path-to-node=\"3\">Entrez dans l\u2019avenir de la science esth\u00e9tique avec DAXXIFY\u00ae, la derni\u00e8re innovation qui \u00e9tablit une nouvelle norme dans le monde des produits injectables. Con\u00e7u pour les personnes exigeantes et les praticiens modernes, DAXXIFY\u00ae (DaxibotulinumtoxinA-lanm) 100&nbsp;UI n\u2019est pas un simple produit, c\u2019est un changement de paradigme dans la qu\u00eate d\u2019une peau jeune et lisse. <\/p>\n<p data-path-to-node=\"4\">Ce qui distingue DAXXIFY\u00ae est sa technologie r\u00e9volutionnaire d\u2019\u00e9change de peptides. Contrairement aux formulations traditionnelles, cette structure unique permet \u00e0 la toxine botulinique active de type&nbsp;A d\u2019offrir des r\u00e9sultats exceptionnels et durables. Pour vos clients, cela signifie moins de rendez-vous et une r\u00e9duction durable et naturelle des rides d\u2019expression mod\u00e9r\u00e9es \u00e0 s\u00e9v\u00e8res (rides glabellaires). Imaginez que vous offrez une solution qui leur permet de conserver une apparence optimale pendant une p\u00e9riode prolong\u00e9e, ce qui am\u00e9liore la satisfaction et la fid\u00e9lisation de la client\u00e8le.   <\/p>\n<p data-path-to-node=\"5\">Notre flacon de 100&nbsp;UI est fabriqu\u00e9 avec soin selon les normes de qualit\u00e9 les plus strictes, ce qui garantit la puret\u00e9 et l\u2019efficacit\u00e9 constante \u00e0 chaque utilisation. C\u2019est un outil puissant dans votre trousse \u00e0 outils esth\u00e9tiques, qui vous offre la pr\u00e9cision et la fiabilit\u00e9 n\u00e9cessaires pour obtenir des r\u00e9sultats pr\u00e9visibles et magnifiques. Ce produit est id\u00e9al pour les cabinets d\u2019esth\u00e9tique qui cherchent \u00e0 rehausser leur offre de services et \u00e0 r\u00e9pondre aux besoins des clients qui recherchent le summum de la performance des neuromodulateurs.  <\/p>\n<p data-path-to-node=\"6\">Au-del\u00e0 de son efficacit\u00e9, le choix de DAXXIFY\u00ae t\u00e9moigne d\u2019un engagement envers l\u2019innovation et les soins de qualit\u00e9 sup\u00e9rieure. C\u2019est un investissement dans un produit qui offre une valeur tangible gr\u00e2ce \u00e0 sa remarquable tenue. Offrez \u00e0 vos clients la confiance qui d\u00e9coule d\u2019une apparence rafra\u00eechie et revitalis\u00e9e, gr\u00e2ce \u00e0 la prochaine g\u00e9n\u00e9ration de traitements esth\u00e9tiques.  <\/p>\n<p data-path-to-node=\"7\"><b data-path-to-node=\"7\" data-index-in-node=\"0\">Principaux avantages pour votre cabinet&nbsp;:<\/b><\/p>\n<ul data-path-to-node=\"8\">\n<li>\n<p data-path-to-node=\"8,0,0\"><b data-path-to-node=\"8,0,0\" data-index-in-node=\"0\">Efficacit\u00e9 prolong\u00e9e&nbsp;:<\/b> Offre une dur\u00e9e d\u2019effet consid\u00e9rablement plus longue que les neuromodulateurs de g\u00e9n\u00e9ration ant\u00e9rieure.<\/p>\n<\/li>\n<li>\n<p data-path-to-node=\"8,1,0\"><b data-path-to-node=\"8,1,0\" data-index-in-node=\"0\">Aliment\u00e9 par des peptides&nbsp;:<\/b> Utilise un peptide stabilisateur unique qui am\u00e9liore l\u2019absorption et la long\u00e9vit\u00e9 du produit.<\/p>\n<\/li>\n<li>\n<p data-path-to-node=\"8,2,0\"><b data-path-to-node=\"8,2,0\" data-index-in-node=\"0\">Offre de qualit\u00e9 sup\u00e9rieure&nbsp;:<\/b> Positionne votre cabinet \u00e0 l\u2019avant-garde de la technologie esth\u00e9tique.<\/p>\n<\/li>\n<li>\n<p data-path-to-node=\"8,3,0\"><b data-path-to-node=\"8,3,0\" data-index-in-node=\"0\">Pr\u00e9cision et puret\u00e9&nbsp;:<\/b> Qualit\u00e9 garantie pour des r\u00e9sultats pr\u00e9visibles et reproductibles.<\/p>\n<\/li>\n<\/ul>\n<p data-path-to-node=\"9\">Rehaussez votre cabinet d\u2019esth\u00e9tique d\u00e8s aujourd\u2019hui. Choisissez DAXXIFY\u00ae 100&nbsp;UI, l\u00e0 o\u00f9 la science rencontre la beaut\u00e9 durable. <\/p>\n","protected":false},"excerpt":{"rendered":"<p>Prix sur demande pour les professionnels de la sant\u00e9. Contactez-nous \u00e0 info@beutox.com pour conna\u00eetre la disponibilit\u00e9 actuelle des stocks et les conditions B2B. <\/p>\n","protected":false},"featured_media":720,"comment_status":"open","ping_status":"closed","template":"","meta":[],"product_brand":[],"product_cat":[72],"product_tag":[],"class_list":{"0":"post-719","1":"product","2":"type-product","3":"status-publish","4":"has-post-thumbnail","6":"product_cat-botox","8":"first","9":"instock","10":"shipping-taxable","11":"product-type-simple"},"yoast_head":"<!-- This site is optimized with the Yoast SEO plugin v26.6 - https:\/\/yoast.com\/wordpress\/plugins\/seo\/ -->\n<title>Acheter Daxxify Toxine botulinique de type A 100 UI Online - Beutox.com<\/title>\n<meta name=\"description\" content=\"Commandez Daxxify 100 unit\u00e9s : le premier neuromodulateur longue dur\u00e9e am\u00e9lior\u00e9 par des peptides pour un usage professionnel. Toxine botulique de type A de qualit\u00e9 clinique. Licence m\u00e9dicale ou ordonnance valide requise. Exp\u00e9dition s\u00e9curis\u00e9e en cha\u00eene du froid pour les pratiques esth\u00e9tiques autoris\u00e9es.\" \/>\n<meta name=\"robots\" content=\"index, follow, max-snippet:-1, max-image-preview:large, max-video-preview:-1\" \/>\n<link rel=\"canonical\" href=\"https:\/\/beutox.com\/fr\/product\/daxxify-toxine-botulinique-de-type-a-100-ui\/\" \/>\n<meta property=\"og:locale\" content=\"fr_FR\" \/>\n<meta property=\"og:type\" content=\"article\" \/>\n<meta property=\"og:title\" content=\"Acheter Daxxify Toxine botulinique de type A 100 UI Online - Beutox.com\" \/>\n<meta property=\"og:description\" content=\"Commandez Daxxify 100 unit\u00e9s : le premier neuromodulateur longue dur\u00e9e am\u00e9lior\u00e9 par des peptides pour un usage professionnel. Toxine botulique de type A de qualit\u00e9 clinique. Licence m\u00e9dicale ou ordonnance valide requise. Exp\u00e9dition s\u00e9curis\u00e9e en cha\u00eene du froid pour les pratiques esth\u00e9tiques autoris\u00e9es.\" \/>\n<meta property=\"og:url\" content=\"https:\/\/beutox.com\/fr\/product\/daxxify-toxine-botulinique-de-type-a-100-ui\/\" \/>\n<meta property=\"og:site_name\" content=\"Beutox.com\" \/>\n<meta property=\"article:modified_time\" content=\"2026-02-10T00:28:11+00:00\" \/>\n<meta property=\"og:image\" content=\"https:\/\/beutox.com\/wp-content\/uploads\/2025\/12\/Daxxify-Botulinum-toxin-type-A-100IU.jpg\" \/>\n\t<meta property=\"og:image:width\" content=\"1026\" \/>\n\t<meta property=\"og:image:height\" content=\"1024\" \/>\n\t<meta property=\"og:image:type\" content=\"image\/jpeg\" \/>\n<meta name=\"twitter:card\" content=\"summary_large_image\" \/>\n<meta name=\"twitter:label1\" content=\"Dur\u00e9e de lecture estim\u00e9e\" \/>\n\t<meta name=\"twitter:data1\" content=\"2 minutes\" \/>\n<script type=\"application\/ld+json\" class=\"yoast-schema-graph\">{\"@context\":\"https:\/\/schema.org\",\"@graph\":[{\"@type\":\"WebPage\",\"@id\":\"https:\/\/beutox.com\/fr\/product\/daxxify-toxine-botulinique-de-type-a-100-ui\/\",\"url\":\"https:\/\/beutox.com\/fr\/product\/daxxify-toxine-botulinique-de-type-a-100-ui\/\",\"name\":\"Acheter Daxxify Toxine botulinique de type A 100 UI Online - Beutox.com\",\"isPartOf\":{\"@id\":\"https:\/\/beutox.com\/fr\/#website\"},\"primaryImageOfPage\":{\"@id\":\"https:\/\/beutox.com\/fr\/product\/daxxify-toxine-botulinique-de-type-a-100-ui\/#primaryimage\"},\"image\":{\"@id\":\"https:\/\/beutox.com\/fr\/product\/daxxify-toxine-botulinique-de-type-a-100-ui\/#primaryimage\"},\"thumbnailUrl\":\"https:\/\/beutox.com\/wp-content\/uploads\/2025\/12\/Daxxify-Botulinum-toxin-type-A-100IU.jpg\",\"datePublished\":\"2025-12-19T12:19:40+00:00\",\"dateModified\":\"2026-02-10T00:28:11+00:00\",\"description\":\"Commandez Daxxify 100 unit\u00e9s : le premier neuromodulateur longue dur\u00e9e am\u00e9lior\u00e9 par des peptides pour un usage professionnel. Toxine botulique de type A de qualit\u00e9 clinique. Licence m\u00e9dicale ou ordonnance valide requise. Exp\u00e9dition s\u00e9curis\u00e9e en cha\u00eene du froid pour les pratiques esth\u00e9tiques autoris\u00e9es.\",\"breadcrumb\":{\"@id\":\"https:\/\/beutox.com\/fr\/product\/daxxify-toxine-botulinique-de-type-a-100-ui\/#breadcrumb\"},\"inLanguage\":\"fr-FR\",\"potentialAction\":[{\"@type\":\"ReadAction\",\"target\":[\"https:\/\/beutox.com\/fr\/product\/daxxify-toxine-botulinique-de-type-a-100-ui\/\"]}]},{\"@type\":\"ImageObject\",\"inLanguage\":\"fr-FR\",\"@id\":\"https:\/\/beutox.com\/fr\/product\/daxxify-toxine-botulinique-de-type-a-100-ui\/#primaryimage\",\"url\":\"https:\/\/beutox.com\/wp-content\/uploads\/2025\/12\/Daxxify-Botulinum-toxin-type-A-100IU.jpg\",\"contentUrl\":\"https:\/\/beutox.com\/wp-content\/uploads\/2025\/12\/Daxxify-Botulinum-toxin-type-A-100IU.jpg\",\"width\":1026,\"height\":1024},{\"@type\":\"BreadcrumbList\",\"@id\":\"https:\/\/beutox.com\/fr\/product\/daxxify-toxine-botulinique-de-type-a-100-ui\/#breadcrumb\",\"itemListElement\":[{\"@type\":\"ListItem\",\"position\":1,\"name\":\"Accueil\",\"item\":\"https:\/\/beutox.com\/fr\/accueil\/\"},{\"@type\":\"ListItem\",\"position\":2,\"name\":\"Boutique\",\"item\":\"https:\/\/beutox.com\/shop\/\"},{\"@type\":\"ListItem\",\"position\":3,\"name\":\"Daxxify Toxine botulinique de type A 100 UI\"}]},{\"@type\":\"WebSite\",\"@id\":\"https:\/\/beutox.com\/fr\/#website\",\"url\":\"https:\/\/beutox.com\/fr\/\",\"name\":\"Beutox.com\",\"description\":\"Buy botox online, We ship to USA, UK, Canada, Australia, EU, Saudi Arabia and the rest of the world\",\"potentialAction\":[{\"@type\":\"SearchAction\",\"target\":{\"@type\":\"EntryPoint\",\"urlTemplate\":\"https:\/\/beutox.com\/fr\/?s={search_term_string}\"},\"query-input\":{\"@type\":\"PropertyValueSpecification\",\"valueRequired\":true,\"valueName\":\"search_term_string\"}}],\"inLanguage\":\"fr-FR\"}]}<\/script>\n<!-- \/ Yoast SEO plugin. -->","yoast_head_json":{"title":"Acheter Daxxify Toxine botulinique de type A 100 UI Online - Beutox.com","description":"Commandez Daxxify 100 unit\u00e9s : le premier neuromodulateur longue dur\u00e9e am\u00e9lior\u00e9 par des peptides pour un usage professionnel. Toxine botulique de type A de qualit\u00e9 clinique. Licence m\u00e9dicale ou ordonnance valide requise. Exp\u00e9dition s\u00e9curis\u00e9e en cha\u00eene du froid pour les pratiques esth\u00e9tiques autoris\u00e9es.","robots":{"index":"index","follow":"follow","max-snippet":"max-snippet:-1","max-image-preview":"max-image-preview:large","max-video-preview":"max-video-preview:-1"},"canonical":"https:\/\/beutox.com\/fr\/product\/daxxify-toxine-botulinique-de-type-a-100-ui\/","og_locale":"fr_FR","og_type":"article","og_title":"Acheter Daxxify Toxine botulinique de type A 100 UI Online - Beutox.com","og_description":"Commandez Daxxify 100 unit\u00e9s : le premier neuromodulateur longue dur\u00e9e am\u00e9lior\u00e9 par des peptides pour un usage professionnel. Toxine botulique de type A de qualit\u00e9 clinique. Licence m\u00e9dicale ou ordonnance valide requise. Exp\u00e9dition s\u00e9curis\u00e9e en cha\u00eene du froid pour les pratiques esth\u00e9tiques autoris\u00e9es.","og_url":"https:\/\/beutox.com\/fr\/product\/daxxify-toxine-botulinique-de-type-a-100-ui\/","og_site_name":"Beutox.com","article_modified_time":"2026-02-10T00:28:11+00:00","og_image":[{"width":1026,"height":1024,"url":"https:\/\/beutox.com\/wp-content\/uploads\/2025\/12\/Daxxify-Botulinum-toxin-type-A-100IU.jpg","type":"image\/jpeg"}],"twitter_card":"summary_large_image","twitter_misc":{"Dur\u00e9e de lecture estim\u00e9e":"2 minutes"},"schema":{"@context":"https:\/\/schema.org","@graph":[{"@type":"WebPage","@id":"https:\/\/beutox.com\/fr\/product\/daxxify-toxine-botulinique-de-type-a-100-ui\/","url":"https:\/\/beutox.com\/fr\/product\/daxxify-toxine-botulinique-de-type-a-100-ui\/","name":"Acheter Daxxify Toxine botulinique de type A 100 UI Online - Beutox.com","isPartOf":{"@id":"https:\/\/beutox.com\/fr\/#website"},"primaryImageOfPage":{"@id":"https:\/\/beutox.com\/fr\/product\/daxxify-toxine-botulinique-de-type-a-100-ui\/#primaryimage"},"image":{"@id":"https:\/\/beutox.com\/fr\/product\/daxxify-toxine-botulinique-de-type-a-100-ui\/#primaryimage"},"thumbnailUrl":"https:\/\/beutox.com\/wp-content\/uploads\/2025\/12\/Daxxify-Botulinum-toxin-type-A-100IU.jpg","datePublished":"2025-12-19T12:19:40+00:00","dateModified":"2026-02-10T00:28:11+00:00","description":"Commandez Daxxify 100 unit\u00e9s : le premier neuromodulateur longue dur\u00e9e am\u00e9lior\u00e9 par des peptides pour un usage professionnel. Toxine botulique de type A de qualit\u00e9 clinique. Licence m\u00e9dicale ou ordonnance valide requise. Exp\u00e9dition s\u00e9curis\u00e9e en cha\u00eene du froid pour les pratiques esth\u00e9tiques autoris\u00e9es.","breadcrumb":{"@id":"https:\/\/beutox.com\/fr\/product\/daxxify-toxine-botulinique-de-type-a-100-ui\/#breadcrumb"},"inLanguage":"fr-FR","potentialAction":[{"@type":"ReadAction","target":["https:\/\/beutox.com\/fr\/product\/daxxify-toxine-botulinique-de-type-a-100-ui\/"]}]},{"@type":"ImageObject","inLanguage":"fr-FR","@id":"https:\/\/beutox.com\/fr\/product\/daxxify-toxine-botulinique-de-type-a-100-ui\/#primaryimage","url":"https:\/\/beutox.com\/wp-content\/uploads\/2025\/12\/Daxxify-Botulinum-toxin-type-A-100IU.jpg","contentUrl":"https:\/\/beutox.com\/wp-content\/uploads\/2025\/12\/Daxxify-Botulinum-toxin-type-A-100IU.jpg","width":1026,"height":1024},{"@type":"BreadcrumbList","@id":"https:\/\/beutox.com\/fr\/product\/daxxify-toxine-botulinique-de-type-a-100-ui\/#breadcrumb","itemListElement":[{"@type":"ListItem","position":1,"name":"Accueil","item":"https:\/\/beutox.com\/fr\/accueil\/"},{"@type":"ListItem","position":2,"name":"Boutique","item":"https:\/\/beutox.com\/shop\/"},{"@type":"ListItem","position":3,"name":"Daxxify Toxine botulinique de type A 100 UI"}]},{"@type":"WebSite","@id":"https:\/\/beutox.com\/fr\/#website","url":"https:\/\/beutox.com\/fr\/","name":"Beutox.com","description":"Buy botox online, We ship to USA, UK, Canada, Australia, EU, Saudi Arabia and the rest of the world","potentialAction":[{"@type":"SearchAction","target":{"@type":"EntryPoint","urlTemplate":"https:\/\/beutox.com\/fr\/?s={search_term_string}"},"query-input":{"@type":"PropertyValueSpecification","valueRequired":true,"valueName":"search_term_string"}}],"inLanguage":"fr-FR"}]}},"_links":{"self":[{"href":"https:\/\/beutox.com\/fr\/wp-json\/wp\/v2\/product\/719","targetHints":{"allow":["GET"]}}],"collection":[{"href":"https:\/\/beutox.com\/fr\/wp-json\/wp\/v2\/product"}],"about":[{"href":"https:\/\/beutox.com\/fr\/wp-json\/wp\/v2\/types\/product"}],"replies":[{"embeddable":true,"href":"https:\/\/beutox.com\/fr\/wp-json\/wp\/v2\/comments?post=719"}],"wp:featuredmedia":[{"embeddable":true,"href":"https:\/\/beutox.com\/fr\/wp-json\/wp\/v2\/media\/720"}],"wp:attachment":[{"href":"https:\/\/beutox.com\/fr\/wp-json\/wp\/v2\/media?parent=719"}],"wp:term":[{"taxonomy":"product_brand","embeddable":true,"href":"https:\/\/beutox.com\/fr\/wp-json\/wp\/v2\/product_brand?post=719"},{"taxonomy":"product_cat","embeddable":true,"href":"https:\/\/beutox.com\/fr\/wp-json\/wp\/v2\/product_cat?post=719"},{"taxonomy":"product_tag","embeddable":true,"href":"https:\/\/beutox.com\/fr\/wp-json\/wp\/v2\/product_tag?post=719"}],"curies":[{"name":"wp","href":"https:\/\/api.w.org\/{rel}","templated":true}]}}