{"id":679,"date":"2025-12-19T11:53:04","date_gmt":"2025-12-19T11:53:04","guid":{"rendered":"https:\/\/beutox.com\/product\/bocouture-botox-100-ui\/"},"modified":"2026-02-10T00:33:22","modified_gmt":"2026-02-10T00:33:22","slug":"bocouture-botox-100-ui","status":"publish","type":"product","link":"https:\/\/beutox.com\/fr\/product\/bocouture-botox-100-ui\/","title":{"rendered":"Bocouture 100 UI"},"content":{"rendered":"<p data-path-to-node=\"3\"><b data-path-to-node=\"3\" data-index-in-node=\"0\">D\u00e9couvrez le secret d&rsquo;une peau visiblement plus lisse et d&rsquo;apparence plus jeune.<\/b><\/p>\n<p data-path-to-node=\"4\">Bocouture 100 Unit\u00e9s est la solution de nouvelle g\u00e9n\u00e9ration pour ceux qui recherchent un traitement esth\u00e9tique efficace et pur visant \u00e0 att\u00e9nuer et \u00e0 lisser les rides d&rsquo;expression. Con\u00e7u avec une formulation innovante, ce produit repr\u00e9sente un progr\u00e8s significatif dans le monde de l&rsquo;esth\u00e9tique professionnelle, offrant des r\u00e9sultats naturels et une exp\u00e9rience de traitement de haute qualit\u00e9. <\/p>\n<h3 data-path-to-node=\"5\">\u2728 Puret\u00e9 et performance sans compromis<\/h3>\n<p data-path-to-node=\"6\">Ce qui distingue Bocouture, c&rsquo;est sa puret\u00e9 exceptionnelle. Il contient de la <b data-path-to-node=\"6\" data-index-in-node=\"65\">toxine botulinique de type A (150 kD)<\/b> sous sa forme la plus raffin\u00e9e, ce qui signifie qu&rsquo;il est <b data-path-to-node=\"6\" data-index-in-node=\"137\">exempt de prot\u00e9ines complexantes non essentielles<\/b>. Cette caract\u00e9ristique unique minimise le risque de d\u00e9velopper une r\u00e9sistance, maximisant l&rsquo;efficacit\u00e9 du traitement au fil du temps et garantissant des r\u00e9sultats constants et fiables.  <\/p>\n<p data-path-to-node=\"7\"><b data-path-to-node=\"7\" data-index-in-node=\"0\">Pourquoi choisir Bocouture&nbsp;?<\/b><\/p>\n<ul data-path-to-node=\"8\">\n<li>\n<p data-path-to-node=\"8,0,0\"><b data-path-to-node=\"8,0,0\" data-index-in-node=\"0\">Action cibl\u00e9e&nbsp;:<\/b> Il aide \u00e0 d\u00e9tendre les muscles faciaux responsables des rides dynamiques (telles que les rides d&rsquo;expression, les pattes d&rsquo;oie et les rides du front), cr\u00e9ant une apparence plus repos\u00e9e et sereine.<\/p>\n<\/li>\n<li>\n<p data-path-to-node=\"8,1,0\"><b data-path-to-node=\"8,1,0\" data-index-in-node=\"0\">R\u00e9sultats naturels&nbsp;:<\/b> L&rsquo;objectif est un rajeunissement subtil qui pr\u00e9serve vos expressions naturelles. Pas de \u00ab&nbsp;look fig\u00e9&nbsp;\u00bb&nbsp;: juste votre beaut\u00e9 \u00e0 son meilleur. <\/p>\n<\/li>\n<li>\n<p data-path-to-node=\"8,2,0\"><b data-path-to-node=\"8,2,0\" data-index-in-node=\"0\">Formulation pure&nbsp;:<\/b> Sa composition \u00ab&nbsp;nue&nbsp;\u00bb est id\u00e9ale pour les patients qui souhaitent une s\u00e9curit\u00e9 et une tol\u00e9rabilit\u00e9 maximales, ce qui en fait un choix privil\u00e9gi\u00e9 pour les professionnels avertis.<\/p>\n<\/li>\n<\/ul>\n<h3 data-path-to-node=\"9\">\ud83d\udc96 Un investissement dans la confiance<\/h3>\n<p data-path-to-node=\"10\">Une peau lisse et \u00e9clatante est plus qu&rsquo;une simple pr\u00e9occupation esth\u00e9tique&nbsp;; c&rsquo;est un regain de confiance qui se refl\u00e8te dans chaque interaction. Bocouture 100 Unit\u00e9s est le partenaire id\u00e9al pour les praticiens esth\u00e9tiques qui souhaitent offrir \u00e0 leurs clients un traitement haut de gamme, soutenu par la science et la puret\u00e9. <\/p>\n<p data-path-to-node=\"11\">Le flacon de 100 UI offre une excellente polyvalence pour traiter plusieurs zones du visage ou pour planifier des s\u00e9ances ult\u00e9rieures, ce qui en fait un \u00e9l\u00e9ment essentiel de votre pratique.<\/p>\n<p data-path-to-node=\"12\"><b data-path-to-node=\"12\" data-index-in-node=\"0\">Sp\u00e9cifications du produit&nbsp;:<\/b><\/p>\n<ul data-path-to-node=\"13\">\n<li>\n<p data-path-to-node=\"13,0,0\"><b data-path-to-node=\"13,0,0\" data-index-in-node=\"0\">Ingr\u00e9dient actif&nbsp;:<\/b> Toxine botulinique de type A (150 kD).<\/p>\n<\/li>\n<li>\n<p data-path-to-node=\"13,1,0\"><b data-path-to-node=\"13,1,0\" data-index-in-node=\"0\">Format&nbsp;:<\/b> Poudre pour solution injectable.<\/p>\n<\/li>\n<li>\n<p data-path-to-node=\"13,2,0\"><b data-path-to-node=\"13,2,0\" data-index-in-node=\"0\">Contenu&nbsp;:<\/b> 100&nbsp;unit\u00e9s.<\/p>\n<\/li>\n<li>\n<p data-path-to-node=\"13,3,0\"><b data-path-to-node=\"13,3,0\" data-index-in-node=\"0\">Caract\u00e9ristique principale&nbsp;:<\/b> Exempt de prot\u00e9ines complexantes.<\/p>\n<\/li>\n<\/ul>\n<p data-path-to-node=\"15\"><b data-path-to-node=\"15\" data-index-in-node=\"0\">Ajoutez Bocouture 100 Unit\u00e9s \u00e0 votre panier et commencez d\u00e8s aujourd&rsquo;hui \u00e0 offrir l&rsquo;avenir de la beaut\u00e9 pure et naturelle&nbsp;!<\/b><\/p>\n","protected":false},"excerpt":{"rendered":"<p>Prix sur demande pour les professionnels de la sant\u00e9. Contactez-nous \u00e0 info@beutox.com pour conna\u00eetre la disponibilit\u00e9 actuelle des stocks et les conditions B2B. <\/p>\n","protected":false},"featured_media":680,"comment_status":"open","ping_status":"closed","template":"","meta":[],"product_brand":[],"product_cat":[72],"product_tag":[],"class_list":{"0":"post-679","1":"product","2":"type-product","3":"status-publish","4":"has-post-thumbnail","6":"product_cat-botox","8":"first","9":"instock","10":"shipping-taxable","11":"product-type-simple"},"yoast_head":"<!-- This site is optimized with the Yoast SEO plugin v26.6 - https:\/\/yoast.com\/wordpress\/plugins\/seo\/ -->\n<title>Acheter Bocouture 100 UI Online - Beutox.com<\/title>\n<meta name=\"description\" content=\"Commandez Bocouture 100 unit\u00e9s en ligne. Toxine botulinique de type A pure pour les traitements esth\u00e9tiques et th\u00e9rapeutiques professionnels. Une prescription m\u00e9dicale valide ou une licence professionnelle est requise pour l&#039;achat. Livraison s\u00e9curis\u00e9e \u00e0 temp\u00e9rature contr\u00f4l\u00e9e pour les cliniques de sant\u00e9 autoris\u00e9es.\" \/>\n<meta name=\"robots\" content=\"index, follow, max-snippet:-1, max-image-preview:large, max-video-preview:-1\" \/>\n<link rel=\"canonical\" href=\"https:\/\/beutox.com\/fr\/product\/bocouture-botox-100-ui\/\" \/>\n<meta property=\"og:locale\" content=\"fr_FR\" \/>\n<meta property=\"og:type\" content=\"article\" \/>\n<meta property=\"og:title\" content=\"Acheter Bocouture 100 UI Online - Beutox.com\" \/>\n<meta property=\"og:description\" content=\"Commandez Bocouture 100 unit\u00e9s en ligne. Toxine botulinique de type A pure pour les traitements esth\u00e9tiques et th\u00e9rapeutiques professionnels. Une prescription m\u00e9dicale valide ou une licence professionnelle est requise pour l&#039;achat. Livraison s\u00e9curis\u00e9e \u00e0 temp\u00e9rature contr\u00f4l\u00e9e pour les cliniques de sant\u00e9 autoris\u00e9es.\" \/>\n<meta property=\"og:url\" content=\"https:\/\/beutox.com\/fr\/product\/bocouture-botox-100-ui\/\" \/>\n<meta property=\"og:site_name\" content=\"Beutox.com\" \/>\n<meta property=\"article:modified_time\" content=\"2026-02-10T00:33:22+00:00\" \/>\n<meta property=\"og:image\" content=\"https:\/\/beutox.com\/wp-content\/uploads\/2025\/12\/Bocouture-botox-100IU.jpg\" \/>\n\t<meta property=\"og:image:width\" content=\"1024\" \/>\n\t<meta property=\"og:image:height\" content=\"1024\" \/>\n\t<meta property=\"og:image:type\" content=\"image\/jpeg\" \/>\n<meta name=\"twitter:card\" content=\"summary_large_image\" \/>\n<meta name=\"twitter:label1\" content=\"Dur\u00e9e de lecture estim\u00e9e\" \/>\n\t<meta name=\"twitter:data1\" content=\"2 minutes\" \/>\n<script type=\"application\/ld+json\" class=\"yoast-schema-graph\">{\"@context\":\"https:\/\/schema.org\",\"@graph\":[{\"@type\":\"WebPage\",\"@id\":\"https:\/\/beutox.com\/fr\/product\/bocouture-botox-100-ui\/\",\"url\":\"https:\/\/beutox.com\/fr\/product\/bocouture-botox-100-ui\/\",\"name\":\"Acheter Bocouture 100 UI Online - Beutox.com\",\"isPartOf\":{\"@id\":\"https:\/\/beutox.com\/fr\/#website\"},\"primaryImageOfPage\":{\"@id\":\"https:\/\/beutox.com\/fr\/product\/bocouture-botox-100-ui\/#primaryimage\"},\"image\":{\"@id\":\"https:\/\/beutox.com\/fr\/product\/bocouture-botox-100-ui\/#primaryimage\"},\"thumbnailUrl\":\"https:\/\/beutox.com\/wp-content\/uploads\/2025\/12\/Bocouture-botox-100IU.jpg\",\"datePublished\":\"2025-12-19T11:53:04+00:00\",\"dateModified\":\"2026-02-10T00:33:22+00:00\",\"description\":\"Commandez Bocouture 100 unit\u00e9s en ligne. Toxine botulinique de type A pure pour les traitements esth\u00e9tiques et th\u00e9rapeutiques professionnels. Une prescription m\u00e9dicale valide ou une licence professionnelle est requise pour l'achat. Livraison s\u00e9curis\u00e9e \u00e0 temp\u00e9rature contr\u00f4l\u00e9e pour les cliniques de sant\u00e9 autoris\u00e9es.\",\"breadcrumb\":{\"@id\":\"https:\/\/beutox.com\/fr\/product\/bocouture-botox-100-ui\/#breadcrumb\"},\"inLanguage\":\"fr-FR\",\"potentialAction\":[{\"@type\":\"ReadAction\",\"target\":[\"https:\/\/beutox.com\/fr\/product\/bocouture-botox-100-ui\/\"]}]},{\"@type\":\"ImageObject\",\"inLanguage\":\"fr-FR\",\"@id\":\"https:\/\/beutox.com\/fr\/product\/bocouture-botox-100-ui\/#primaryimage\",\"url\":\"https:\/\/beutox.com\/wp-content\/uploads\/2025\/12\/Bocouture-botox-100IU.jpg\",\"contentUrl\":\"https:\/\/beutox.com\/wp-content\/uploads\/2025\/12\/Bocouture-botox-100IU.jpg\",\"width\":1024,\"height\":1024},{\"@type\":\"BreadcrumbList\",\"@id\":\"https:\/\/beutox.com\/fr\/product\/bocouture-botox-100-ui\/#breadcrumb\",\"itemListElement\":[{\"@type\":\"ListItem\",\"position\":1,\"name\":\"Accueil\",\"item\":\"https:\/\/beutox.com\/fr\/accueil\/\"},{\"@type\":\"ListItem\",\"position\":2,\"name\":\"Boutique\",\"item\":\"https:\/\/beutox.com\/shop\/\"},{\"@type\":\"ListItem\",\"position\":3,\"name\":\"Bocouture 100 UI\"}]},{\"@type\":\"WebSite\",\"@id\":\"https:\/\/beutox.com\/fr\/#website\",\"url\":\"https:\/\/beutox.com\/fr\/\",\"name\":\"Beutox.com\",\"description\":\"Buy botox online, We ship to USA, UK, Canada, Australia, EU, Saudi Arabia and the rest of the world\",\"potentialAction\":[{\"@type\":\"SearchAction\",\"target\":{\"@type\":\"EntryPoint\",\"urlTemplate\":\"https:\/\/beutox.com\/fr\/?s={search_term_string}\"},\"query-input\":{\"@type\":\"PropertyValueSpecification\",\"valueRequired\":true,\"valueName\":\"search_term_string\"}}],\"inLanguage\":\"fr-FR\"}]}<\/script>\n<!-- \/ Yoast SEO plugin. -->","yoast_head_json":{"title":"Acheter Bocouture 100 UI Online - Beutox.com","description":"Commandez Bocouture 100 unit\u00e9s en ligne. Toxine botulinique de type A pure pour les traitements esth\u00e9tiques et th\u00e9rapeutiques professionnels. Une prescription m\u00e9dicale valide ou une licence professionnelle est requise pour l'achat. Livraison s\u00e9curis\u00e9e \u00e0 temp\u00e9rature contr\u00f4l\u00e9e pour les cliniques de sant\u00e9 autoris\u00e9es.","robots":{"index":"index","follow":"follow","max-snippet":"max-snippet:-1","max-image-preview":"max-image-preview:large","max-video-preview":"max-video-preview:-1"},"canonical":"https:\/\/beutox.com\/fr\/product\/bocouture-botox-100-ui\/","og_locale":"fr_FR","og_type":"article","og_title":"Acheter Bocouture 100 UI Online - Beutox.com","og_description":"Commandez Bocouture 100 unit\u00e9s en ligne. Toxine botulinique de type A pure pour les traitements esth\u00e9tiques et th\u00e9rapeutiques professionnels. Une prescription m\u00e9dicale valide ou une licence professionnelle est requise pour l'achat. Livraison s\u00e9curis\u00e9e \u00e0 temp\u00e9rature contr\u00f4l\u00e9e pour les cliniques de sant\u00e9 autoris\u00e9es.","og_url":"https:\/\/beutox.com\/fr\/product\/bocouture-botox-100-ui\/","og_site_name":"Beutox.com","article_modified_time":"2026-02-10T00:33:22+00:00","og_image":[{"width":1024,"height":1024,"url":"https:\/\/beutox.com\/wp-content\/uploads\/2025\/12\/Bocouture-botox-100IU.jpg","type":"image\/jpeg"}],"twitter_card":"summary_large_image","twitter_misc":{"Dur\u00e9e de lecture estim\u00e9e":"2 minutes"},"schema":{"@context":"https:\/\/schema.org","@graph":[{"@type":"WebPage","@id":"https:\/\/beutox.com\/fr\/product\/bocouture-botox-100-ui\/","url":"https:\/\/beutox.com\/fr\/product\/bocouture-botox-100-ui\/","name":"Acheter Bocouture 100 UI Online - Beutox.com","isPartOf":{"@id":"https:\/\/beutox.com\/fr\/#website"},"primaryImageOfPage":{"@id":"https:\/\/beutox.com\/fr\/product\/bocouture-botox-100-ui\/#primaryimage"},"image":{"@id":"https:\/\/beutox.com\/fr\/product\/bocouture-botox-100-ui\/#primaryimage"},"thumbnailUrl":"https:\/\/beutox.com\/wp-content\/uploads\/2025\/12\/Bocouture-botox-100IU.jpg","datePublished":"2025-12-19T11:53:04+00:00","dateModified":"2026-02-10T00:33:22+00:00","description":"Commandez Bocouture 100 unit\u00e9s en ligne. Toxine botulinique de type A pure pour les traitements esth\u00e9tiques et th\u00e9rapeutiques professionnels. Une prescription m\u00e9dicale valide ou une licence professionnelle est requise pour l'achat. Livraison s\u00e9curis\u00e9e \u00e0 temp\u00e9rature contr\u00f4l\u00e9e pour les cliniques de sant\u00e9 autoris\u00e9es.","breadcrumb":{"@id":"https:\/\/beutox.com\/fr\/product\/bocouture-botox-100-ui\/#breadcrumb"},"inLanguage":"fr-FR","potentialAction":[{"@type":"ReadAction","target":["https:\/\/beutox.com\/fr\/product\/bocouture-botox-100-ui\/"]}]},{"@type":"ImageObject","inLanguage":"fr-FR","@id":"https:\/\/beutox.com\/fr\/product\/bocouture-botox-100-ui\/#primaryimage","url":"https:\/\/beutox.com\/wp-content\/uploads\/2025\/12\/Bocouture-botox-100IU.jpg","contentUrl":"https:\/\/beutox.com\/wp-content\/uploads\/2025\/12\/Bocouture-botox-100IU.jpg","width":1024,"height":1024},{"@type":"BreadcrumbList","@id":"https:\/\/beutox.com\/fr\/product\/bocouture-botox-100-ui\/#breadcrumb","itemListElement":[{"@type":"ListItem","position":1,"name":"Accueil","item":"https:\/\/beutox.com\/fr\/accueil\/"},{"@type":"ListItem","position":2,"name":"Boutique","item":"https:\/\/beutox.com\/shop\/"},{"@type":"ListItem","position":3,"name":"Bocouture 100 UI"}]},{"@type":"WebSite","@id":"https:\/\/beutox.com\/fr\/#website","url":"https:\/\/beutox.com\/fr\/","name":"Beutox.com","description":"Buy botox online, We ship to USA, UK, Canada, Australia, EU, Saudi Arabia and the rest of the world","potentialAction":[{"@type":"SearchAction","target":{"@type":"EntryPoint","urlTemplate":"https:\/\/beutox.com\/fr\/?s={search_term_string}"},"query-input":{"@type":"PropertyValueSpecification","valueRequired":true,"valueName":"search_term_string"}}],"inLanguage":"fr-FR"}]}},"_links":{"self":[{"href":"https:\/\/beutox.com\/fr\/wp-json\/wp\/v2\/product\/679","targetHints":{"allow":["GET"]}}],"collection":[{"href":"https:\/\/beutox.com\/fr\/wp-json\/wp\/v2\/product"}],"about":[{"href":"https:\/\/beutox.com\/fr\/wp-json\/wp\/v2\/types\/product"}],"replies":[{"embeddable":true,"href":"https:\/\/beutox.com\/fr\/wp-json\/wp\/v2\/comments?post=679"}],"wp:featuredmedia":[{"embeddable":true,"href":"https:\/\/beutox.com\/fr\/wp-json\/wp\/v2\/media\/680"}],"wp:attachment":[{"href":"https:\/\/beutox.com\/fr\/wp-json\/wp\/v2\/media?parent=679"}],"wp:term":[{"taxonomy":"product_brand","embeddable":true,"href":"https:\/\/beutox.com\/fr\/wp-json\/wp\/v2\/product_brand?post=679"},{"taxonomy":"product_cat","embeddable":true,"href":"https:\/\/beutox.com\/fr\/wp-json\/wp\/v2\/product_cat?post=679"},{"taxonomy":"product_tag","embeddable":true,"href":"https:\/\/beutox.com\/fr\/wp-json\/wp\/v2\/product_tag?post=679"}],"curies":[{"name":"wp","href":"https:\/\/api.w.org\/{rel}","templated":true}]}}