{"id":648,"date":"2025-10-28T08:19:47","date_gmt":"2025-10-28T08:19:47","guid":{"rendered":"https:\/\/beutox.com\/product\/ajax-injections-de-vitamine-a\/"},"modified":"2025-10-28T08:19:47","modified_gmt":"2025-10-28T08:19:47","slug":"ajax-injections-de-vitamine-a","status":"publish","type":"product","link":"https:\/\/beutox.com\/fr\/product\/ajax-injections-de-vitamine-a\/","title":{"rendered":"AJAX Injections de vitamine A"},"content":{"rendered":"<h3>Ajax\u2122 Vivid&nbsp;: Votre monde, d&rsquo;une clart\u00e9 cristalline<\/h3>\n<p><b>D\u00e9voilez l&rsquo;\u00e9clat de votre quotidien<\/b> avec les lentilles de contact <b>Ajax\u2122 Vivid<\/b>, le m\u00e9lange parfait d&rsquo;une clart\u00e9 visuelle r\u00e9volutionnaire et d&rsquo;un confort exceptionnel tout au long de la journ\u00e9e. Con\u00e7ues pour la vie moderne, o\u00f9 vos yeux passent en douceur d&rsquo;un monde \u00e9clair\u00e9 par des \u00e9crans \u00e0 la lumi\u00e8re naturelle de l&rsquo;ext\u00e9rieur, Ajax\u2122 Vivid est votre secret pour un look \u00e9blouissant sans effort et une vision v\u00e9ritablement rafra\u00eechie. <\/p>\n<h3><b>D\u00e9couvrez la diff\u00e9rence \u00ab&nbsp;Vivid&nbsp;\u00bb<\/b><\/h3>\n<p>Le monde n&rsquo;est pas une image en noir et blanc, alors pourquoi votre vision devrait-elle \u00eatre moins \u00e9clatante&nbsp;? Les lentilles Ajax\u2122 Vivid sont con\u00e7ues avec une technologie hydrogel avanc\u00e9e, permettant une <g id=\"gid_0\">teneur \u00e9lev\u00e9e en eau<\/g> qui maintient vos yeux hydrat\u00e9s et confortables du moment o\u00f9 vous les mettez jusqu&rsquo;\u00e0 ce que vous les retiriez. Oubliez la s\u00e9cheresse de milieu de journ\u00e9e&nbsp;; ces lentilles sont votre billet pour une exp\u00e9rience visuelle impeccable et ininterrompue.  <\/p>\n<ul>\n<li><b>Acuity visuelle exceptionnelle&nbsp;:<\/b> Voyez le monde avec une <b>clart\u00e9 et une profondeur<\/b> \u00e9tonnantes. Que vous conduisiez, que vous lisiez des petits caract\u00e8res ou que vous admiriez un paysage \u00e0 couper le souffle, Ajax\u2122 Vivid offre une vision nette et constante qui rehausse chaque instant. <\/li>\n<li><b>Hydratation et confort toute la journ\u00e9e&nbsp;:<\/b> Notre formule exclusive assure un coussin d&rsquo;hydratation autour de votre \u0153il. C&rsquo;est comme porter une lentille qui respire avec vous, \u00e9liminant l&rsquo;inconfort courant associ\u00e9 au port prolong\u00e9. <\/li>\n<li><b>Am\u00e9lioration subtile et naturelle&nbsp;:<\/b> Au-del\u00e0 de la correction de la vision, la touche <i>Vivid<\/i> offre un <b>effet d\u00e9licat d&rsquo;illumination des yeux<\/b>. Il d\u00e9finit subtilement le contour naturel de votre iris, ajoutant une touche d&rsquo;\u00e9clat et de profondeur qui rend vos yeux plus expressifs et plus beaux, tout en restant compl\u00e8tement naturels. <\/li>\n<\/ul>\n<h3><b>Une innovation \u00e0 laquelle vous pouvez faire confiance<\/b><\/h3>\n<p>Ajax\u2122 Vivid est plus qu&rsquo;une simple lentille&nbsp;; c&rsquo;est un engagement envers la sant\u00e9 de vos yeux et votre confiance esth\u00e9tique. La conception est ax\u00e9e sur un ajustement lisse et facile et une perm\u00e9abilit\u00e9 \u00e9lev\u00e9e \u00e0 l&rsquo;oxyg\u00e8ne, soutenant la sant\u00e9 naturelle de vos yeux. <\/p>\n<p>Imaginez commencer votre journ\u00e9e avec un esprit clair et une vue encore plus claire. Imaginez-vous terminer une journ\u00e9e bien remplie sans la fatigue ou les rougeurs des yeux fatigu\u00e9s. C&rsquo;est la promesse d&rsquo;Ajax\u2122 Vivid. L&#8217;emballage \u00e9l\u00e9gant et compact refl\u00e8te la qualit\u00e9 sup\u00e9rieure \u00e0 l&rsquo;int\u00e9rieur, garantissant que vos lentilles sont scell\u00e9es de mani\u00e8re hygi\u00e9nique et pr\u00eates pour un nouveau d\u00e9part chaque fois que vous en avez besoin.   <\/p>\n<h3><b>Parfait pour votre vie dynamique<\/b><\/h3>\n<p>Que vous soyez un professionnel qui passe des heures sur des appareils num\u00e9riques, un \u00e9tudiant qui navigue dans un emploi du temps charg\u00e9 ou un aventurier qui explore le monde, les lentilles Ajax\u2122 Vivid s&rsquo;adaptent \u00e0 votre style de vie. Elles offrent des performances fiables et un confort qui vous feront oublier que vous portez des lentilles de contact. <\/p>\n<p><b>Pr\u00eat \u00e0 voir le monde aussi clairement qu&rsquo;il \u00e9tait cens\u00e9 l&rsquo;\u00eatre&nbsp;?<\/b><\/p>\n<p>Ajoutez Ajax\u2122 Vivid \u00e0 votre panier d\u00e8s aujourd&rsquo;hui et ouvrez la porte \u00e0 une personne plus claire, plus confortable et subtilement plus belle.<\/p>\n","protected":false},"excerpt":{"rendered":"<p>Ajax\u2122 Vivid&nbsp;: Votre monde, d&rsquo;une clart\u00e9 cristalline D\u00e9voilez l&rsquo;\u00e9clat de votre quotidien avec les lentilles de contact Ajax\u2122 Vivid, le&hellip;<\/p>\n","protected":false},"featured_media":100,"comment_status":"open","ping_status":"closed","template":"","meta":[],"product_brand":[],"product_cat":[79],"product_tag":[],"class_list":{"0":"post-648","1":"product","2":"type-product","3":"status-publish","4":"has-post-thumbnail","6":"product_cat-produits-de-comblement-cutane","8":"first","9":"instock","10":"shipping-taxable","11":"purchasable","12":"product-type-simple"},"yoast_head":"<!-- This site is optimized with the Yoast SEO plugin v26.6 - https:\/\/yoast.com\/wordpress\/plugins\/seo\/ -->\n<title>Acheter AJAX Injections de vitamine A Online - Beutox.com<\/title>\n<meta name=\"robots\" content=\"index, follow, max-snippet:-1, max-image-preview:large, max-video-preview:-1\" \/>\n<link rel=\"canonical\" href=\"https:\/\/beutox.com\/fr\/product\/ajax-injections-de-vitamine-a\/\" \/>\n<meta property=\"og:locale\" content=\"fr_FR\" \/>\n<meta property=\"og:type\" content=\"article\" \/>\n<meta property=\"og:title\" content=\"Acheter AJAX Injections de vitamine A Online - Beutox.com\" \/>\n<meta property=\"og:description\" content=\"Ajax\u2122 Vivid&nbsp;: Votre monde, d&rsquo;une clart\u00e9 cristalline D\u00e9voilez l&rsquo;\u00e9clat de votre quotidien avec les lentilles de contact Ajax\u2122 Vivid, le&hellip;\" \/>\n<meta property=\"og:url\" content=\"https:\/\/beutox.com\/fr\/product\/ajax-injections-de-vitamine-a\/\" \/>\n<meta property=\"og:site_name\" content=\"Beutox.com\" \/>\n<meta property=\"og:image\" content=\"https:\/\/beutox.com\/wp-content\/uploads\/2025\/10\/AJAX-Vitamin-A.webp\" \/>\n\t<meta property=\"og:image:width\" content=\"800\" \/>\n\t<meta property=\"og:image:height\" content=\"800\" \/>\n\t<meta property=\"og:image:type\" content=\"image\/webp\" \/>\n<meta name=\"twitter:card\" content=\"summary_large_image\" \/>\n<meta name=\"twitter:label1\" content=\"Dur\u00e9e de lecture estim\u00e9e\" \/>\n\t<meta name=\"twitter:data1\" content=\"3 minutes\" \/>\n<script type=\"application\/ld+json\" class=\"yoast-schema-graph\">{\"@context\":\"https:\/\/schema.org\",\"@graph\":[{\"@type\":\"WebPage\",\"@id\":\"https:\/\/beutox.com\/fr\/product\/ajax-injections-de-vitamine-a\/\",\"url\":\"https:\/\/beutox.com\/fr\/product\/ajax-injections-de-vitamine-a\/\",\"name\":\"Acheter AJAX Injections de vitamine A Online - Beutox.com\",\"isPartOf\":{\"@id\":\"https:\/\/beutox.com\/fr\/#website\"},\"primaryImageOfPage\":{\"@id\":\"https:\/\/beutox.com\/fr\/product\/ajax-injections-de-vitamine-a\/#primaryimage\"},\"image\":{\"@id\":\"https:\/\/beutox.com\/fr\/product\/ajax-injections-de-vitamine-a\/#primaryimage\"},\"thumbnailUrl\":\"https:\/\/beutox.com\/wp-content\/uploads\/2025\/10\/AJAX-Vitamin-A.webp\",\"datePublished\":\"2025-10-28T08:19:47+00:00\",\"breadcrumb\":{\"@id\":\"https:\/\/beutox.com\/fr\/product\/ajax-injections-de-vitamine-a\/#breadcrumb\"},\"inLanguage\":\"fr-FR\",\"potentialAction\":[{\"@type\":\"ReadAction\",\"target\":[\"https:\/\/beutox.com\/fr\/product\/ajax-injections-de-vitamine-a\/\"]}]},{\"@type\":\"ImageObject\",\"inLanguage\":\"fr-FR\",\"@id\":\"https:\/\/beutox.com\/fr\/product\/ajax-injections-de-vitamine-a\/#primaryimage\",\"url\":\"https:\/\/beutox.com\/wp-content\/uploads\/2025\/10\/AJAX-Vitamin-A.webp\",\"contentUrl\":\"https:\/\/beutox.com\/wp-content\/uploads\/2025\/10\/AJAX-Vitamin-A.webp\",\"width\":800,\"height\":800},{\"@type\":\"BreadcrumbList\",\"@id\":\"https:\/\/beutox.com\/fr\/product\/ajax-injections-de-vitamine-a\/#breadcrumb\",\"itemListElement\":[{\"@type\":\"ListItem\",\"position\":1,\"name\":\"Accueil\",\"item\":\"https:\/\/beutox.com\/fr\/accueil\/\"},{\"@type\":\"ListItem\",\"position\":2,\"name\":\"Boutique\",\"item\":\"https:\/\/beutox.com\/shop\/\"},{\"@type\":\"ListItem\",\"position\":3,\"name\":\"AJAX Injections de vitamine A\"}]},{\"@type\":\"WebSite\",\"@id\":\"https:\/\/beutox.com\/fr\/#website\",\"url\":\"https:\/\/beutox.com\/fr\/\",\"name\":\"Beutox.com\",\"description\":\"Buy botox online, We ship to USA, UK, Canada, Australia, EU, Saudi Arabia and the rest of the world\",\"potentialAction\":[{\"@type\":\"SearchAction\",\"target\":{\"@type\":\"EntryPoint\",\"urlTemplate\":\"https:\/\/beutox.com\/fr\/?s={search_term_string}\"},\"query-input\":{\"@type\":\"PropertyValueSpecification\",\"valueRequired\":true,\"valueName\":\"search_term_string\"}}],\"inLanguage\":\"fr-FR\"}]}<\/script>\n<!-- \/ Yoast SEO plugin. -->","yoast_head_json":{"title":"Acheter AJAX Injections de vitamine A Online - Beutox.com","robots":{"index":"index","follow":"follow","max-snippet":"max-snippet:-1","max-image-preview":"max-image-preview:large","max-video-preview":"max-video-preview:-1"},"canonical":"https:\/\/beutox.com\/fr\/product\/ajax-injections-de-vitamine-a\/","og_locale":"fr_FR","og_type":"article","og_title":"Acheter AJAX Injections de vitamine A Online - Beutox.com","og_description":"Ajax\u2122 Vivid&nbsp;: Votre monde, d&rsquo;une clart\u00e9 cristalline D\u00e9voilez l&rsquo;\u00e9clat de votre quotidien avec les lentilles de contact Ajax\u2122 Vivid, le&hellip;","og_url":"https:\/\/beutox.com\/fr\/product\/ajax-injections-de-vitamine-a\/","og_site_name":"Beutox.com","og_image":[{"width":800,"height":800,"url":"https:\/\/beutox.com\/wp-content\/uploads\/2025\/10\/AJAX-Vitamin-A.webp","type":"image\/webp"}],"twitter_card":"summary_large_image","twitter_misc":{"Dur\u00e9e de lecture estim\u00e9e":"3 minutes"},"schema":{"@context":"https:\/\/schema.org","@graph":[{"@type":"WebPage","@id":"https:\/\/beutox.com\/fr\/product\/ajax-injections-de-vitamine-a\/","url":"https:\/\/beutox.com\/fr\/product\/ajax-injections-de-vitamine-a\/","name":"Acheter AJAX Injections de vitamine A Online - Beutox.com","isPartOf":{"@id":"https:\/\/beutox.com\/fr\/#website"},"primaryImageOfPage":{"@id":"https:\/\/beutox.com\/fr\/product\/ajax-injections-de-vitamine-a\/#primaryimage"},"image":{"@id":"https:\/\/beutox.com\/fr\/product\/ajax-injections-de-vitamine-a\/#primaryimage"},"thumbnailUrl":"https:\/\/beutox.com\/wp-content\/uploads\/2025\/10\/AJAX-Vitamin-A.webp","datePublished":"2025-10-28T08:19:47+00:00","breadcrumb":{"@id":"https:\/\/beutox.com\/fr\/product\/ajax-injections-de-vitamine-a\/#breadcrumb"},"inLanguage":"fr-FR","potentialAction":[{"@type":"ReadAction","target":["https:\/\/beutox.com\/fr\/product\/ajax-injections-de-vitamine-a\/"]}]},{"@type":"ImageObject","inLanguage":"fr-FR","@id":"https:\/\/beutox.com\/fr\/product\/ajax-injections-de-vitamine-a\/#primaryimage","url":"https:\/\/beutox.com\/wp-content\/uploads\/2025\/10\/AJAX-Vitamin-A.webp","contentUrl":"https:\/\/beutox.com\/wp-content\/uploads\/2025\/10\/AJAX-Vitamin-A.webp","width":800,"height":800},{"@type":"BreadcrumbList","@id":"https:\/\/beutox.com\/fr\/product\/ajax-injections-de-vitamine-a\/#breadcrumb","itemListElement":[{"@type":"ListItem","position":1,"name":"Accueil","item":"https:\/\/beutox.com\/fr\/accueil\/"},{"@type":"ListItem","position":2,"name":"Boutique","item":"https:\/\/beutox.com\/shop\/"},{"@type":"ListItem","position":3,"name":"AJAX Injections de vitamine A"}]},{"@type":"WebSite","@id":"https:\/\/beutox.com\/fr\/#website","url":"https:\/\/beutox.com\/fr\/","name":"Beutox.com","description":"Buy botox online, We ship to USA, UK, Canada, Australia, EU, Saudi Arabia and the rest of the world","potentialAction":[{"@type":"SearchAction","target":{"@type":"EntryPoint","urlTemplate":"https:\/\/beutox.com\/fr\/?s={search_term_string}"},"query-input":{"@type":"PropertyValueSpecification","valueRequired":true,"valueName":"search_term_string"}}],"inLanguage":"fr-FR"}]}},"_links":{"self":[{"href":"https:\/\/beutox.com\/fr\/wp-json\/wp\/v2\/product\/648","targetHints":{"allow":["GET"]}}],"collection":[{"href":"https:\/\/beutox.com\/fr\/wp-json\/wp\/v2\/product"}],"about":[{"href":"https:\/\/beutox.com\/fr\/wp-json\/wp\/v2\/types\/product"}],"replies":[{"embeddable":true,"href":"https:\/\/beutox.com\/fr\/wp-json\/wp\/v2\/comments?post=648"}],"wp:featuredmedia":[{"embeddable":true,"href":"https:\/\/beutox.com\/fr\/wp-json\/wp\/v2\/media\/100"}],"wp:attachment":[{"href":"https:\/\/beutox.com\/fr\/wp-json\/wp\/v2\/media?parent=648"}],"wp:term":[{"taxonomy":"product_brand","embeddable":true,"href":"https:\/\/beutox.com\/fr\/wp-json\/wp\/v2\/product_brand?post=648"},{"taxonomy":"product_cat","embeddable":true,"href":"https:\/\/beutox.com\/fr\/wp-json\/wp\/v2\/product_cat?post=648"},{"taxonomy":"product_tag","embeddable":true,"href":"https:\/\/beutox.com\/fr\/wp-json\/wp\/v2\/product_tag?post=648"}],"curies":[{"name":"wp","href":"https:\/\/api.w.org\/{rel}","templated":true}]}}