{"id":249,"date":"2025-10-27T15:13:51","date_gmt":"2025-10-27T15:13:51","guid":{"rendered":"https:\/\/beutox.com\/panier\/"},"modified":"2025-12-19T21:15:57","modified_gmt":"2025-12-19T21:15:57","slug":"panier","status":"publish","type":"page","link":"https:\/\/beutox.com\/fr\/panier\/","title":{"rendered":"Panier"},"content":{"rendered":"\n<div data-block-name=\"woocommerce\/cart\" class=\"wp-block-woocommerce-cart alignwide is-loading\">\n<div data-block-name=\"woocommerce\/filled-cart-block\" class=\"wp-block-woocommerce-filled-cart-block\">\n<div data-block-name=\"woocommerce\/cart-items-block\" class=\"wp-block-woocommerce-cart-items-block\">\n<div data-block-name=\"woocommerce\/cart-line-items-block\" data-translated-with-w-p-m-l-t-m=\"1\" class=\"wp-block-woocommerce-cart-line-items-block\"\/>\n\n\n<\/div>\n\n\n\n\n<div data-block-name=\"woocommerce\/cart-totals-block\" class=\"wp-block-woocommerce-cart-totals-block\">\n<div data-block-name=\"woocommerce\/cart-order-summary-block\" class=\"wp-block-woocommerce-cart-order-summary-block\">\n\t\t\t<div data-block-name=\"woocommerce\/cart-order-summary-heading-block\" class=\"wp-block-woocommerce-cart-order-summary-heading-block\"><\/div>\n\t\t\t<div data-block-name=\"woocommerce\/cart-order-summary-subtotal-block\" class=\"wp-block-woocommerce-cart-order-summary-subtotal-block\"><\/div>\n\t\t\t<div data-block-name=\"woocommerce\/cart-order-summary-fee-block\" class=\"wp-block-woocommerce-cart-order-summary-fee-block\"><\/div>\n\t\t\t<div data-block-name=\"woocommerce\/cart-order-summary-discount-block\" class=\"wp-block-woocommerce-cart-order-summary-discount-block\"><\/div>\n\t\t\t<div data-block-name=\"woocommerce\/cart-order-summary-coupon-form-block\" class=\"wp-block-woocommerce-cart-order-summary-coupon-form-block\"><\/div>\n\t\t\t<div data-block-name=\"woocommerce\/cart-order-summary-shipping-form-block\" class=\"wp-block-woocommerce-cart-order-summary-shipping-block\"><\/div>\n\t\t\t<div data-block-name=\"woocommerce\/cart-order-summary-taxes-block\" class=\"wp-block-woocommerce-cart-order-summary-taxes-block\"><\/div>\n\t\t\n<div data-block-name=\"woocommerce\/cart-order-summary-heading-block\" class=\"wp-block-woocommerce-cart-order-summary-heading-block\"><\/div><div data-block-name=\"woocommerce\/cart-order-summary-coupon-form-block\" data-translated-with-w-p-m-l-t-m=\"1\" class=\"wp-block-woocommerce-cart-order-summary-coupon-form-block\"\/>\n\n\n\n<div data-block-name=\"woocommerce\/cart-express-payment-block\" data-button-border-radius=\"4\" data-button-height=\"48\" data-show-button-styles=\"false\" data-translated-with-w-p-m-l-t-m=\"1\" class=\"wp-block-woocommerce-cart-express-payment-block\"\/>\n\n\n\n<div data-block-name=\"woocommerce\/proceed-to-checkout-block\" class=\"wp-block-woocommerce-proceed-to-checkout-block\"><\/div>\n\n\n\n<div data-block-name=\"woocommerce\/cart-accepted-payment-methods-block\" data-translated-with-w-p-m-l-t-m=\"1\" class=\"wp-block-woocommerce-cart-accepted-payment-methods-block\"\/>\n<\/div>\n<\/div>\n\n\n\n<div data-block-name=\"woocommerce\/empty-cart-block\" class=\"wp-block-woocommerce-empty-cart-block\">\n<h2 class=\"wp-block-heading has-text-align-center with-empty-cart-icon wc-block-cart__empty-cart__title\">Votre panier est vide !<\/h2>\n\n\n\n<hr class=\"wp-block-separator has-alpha-channel-opacity is-style-dots\"\/>\n\n\n\n<h2 class=\"wp-block-heading has-text-align-center\">Nouveaut\u00e9s en magasin<\/h2>\n\n\n<div data-block-name=\"woocommerce\/product-new\" data-columns=\"4\" data-rows=\"1\" class=\"wc-block-grid wp-block-product-new wp-block-woocommerce-product-new wc-block-product-new has-4-columns\"><ul class=\"wc-block-grid__products\"><li class=\"wc-block-grid__product\">\n\t\t\t\t<a href=\"https:\/\/beutox.com\/fr\/product\/biot150-complexe-de-controle-cinetique-intermediaire\/\" class=\"wc-block-grid__product-link\">\n\t\t\t\t\t\n\t\t\t\t\t<div class=\"wc-block-grid__product-image\"><img loading=\"lazy\" decoding=\"async\" width=\"300\" height=\"300\" src=\"https:\/\/beutox.com\/wp-content\/uploads\/2026\/02\/biotox150-300x300.jpg\" class=\"attachment-woocommerce_thumbnail size-woocommerce_thumbnail\" alt=\"BIOT150 \u2013 Complexe de contr\u00f4le cin\u00e9tique interm\u00e9diaire\" srcset=\"https:\/\/beutox.com\/wp-content\/uploads\/2026\/02\/biotox150-300x300.jpg 300w, https:\/\/beutox.com\/wp-content\/uploads\/2026\/02\/biotox150-150x150.jpg 150w, https:\/\/beutox.com\/wp-content\/uploads\/2026\/02\/biotox150-100x100.jpg 100w, https:\/\/beutox.com\/wp-content\/uploads\/2026\/02\/biotox150.jpg 500w\" sizes=\"auto, (max-width: 300px) 100vw, 300px\" \/><\/div>\n\t\t\t\t\t<div class=\"wc-block-grid__product-title\">BIOT150 \u2013 Complexe de contr\u00f4le cin\u00e9tique interm\u00e9diaire<\/div>\n\t\t\t\t<\/a>\n\t\t\t\t<div class=\"wc-block-grid__product-price price\"><span class=\"woocommerce-Price-amount amount\"><span class=\"woocommerce-Price-currencySymbol\">&euro;<\/span>219.00<\/span><\/div>\n\t\t\t\t\n\t\t\t\t<div class=\"wp-block-button wc-block-grid__product-add-to-cart\"><a href=\"\/fr\/wp-json\/wp\/v2\/pages\/249?add-to-cart=996\" aria-label=\"Ajouter au panier\u00a0: &ldquo;BIOT150 \u2013 Complexe de contr\u00f4le cin\u00e9tique interm\u00e9diaire&rdquo;\" data-quantity=\"1\" data-product_id=\"996\" data-product_sku=\"\" data-price=\"219\" rel=\"nofollow\" class=\"wp-block-button__link  add_to_cart_button ajax_add_to_cart\">Ajouter au panier<\/a><\/div>\n\t\t\t<\/li><li class=\"wc-block-grid__product\">\n\t\t\t\t<a href=\"https:\/\/beutox.com\/fr\/product\/biot200-solution-myo-relaxante\/\" class=\"wc-block-grid__product-link\">\n\t\t\t\t\t\n\t\t\t\t\t<div class=\"wc-block-grid__product-image\"><img loading=\"lazy\" decoding=\"async\" width=\"300\" height=\"300\" src=\"https:\/\/beutox.com\/wp-content\/uploads\/2026\/02\/biotox_200-300x300.jpg\" class=\"attachment-woocommerce_thumbnail size-woocommerce_thumbnail\" alt=\"BIOT200 | Solution Myo-Relaxante\" srcset=\"https:\/\/beutox.com\/wp-content\/uploads\/2026\/02\/biotox_200-300x300.jpg 300w, https:\/\/beutox.com\/wp-content\/uploads\/2026\/02\/biotox_200-150x150.jpg 150w, https:\/\/beutox.com\/wp-content\/uploads\/2026\/02\/biotox_200-100x100.jpg 100w, https:\/\/beutox.com\/wp-content\/uploads\/2026\/02\/biotox_200.jpg 500w\" sizes=\"auto, (max-width: 300px) 100vw, 300px\" \/><\/div>\n\t\t\t\t\t<div class=\"wc-block-grid__product-title\">BIOT200 | Solution Myo-Relaxante<\/div>\n\t\t\t\t<\/a>\n\t\t\t\t<div class=\"wc-block-grid__product-price price\"><span class=\"woocommerce-Price-amount amount\"><span class=\"woocommerce-Price-currencySymbol\">&euro;<\/span>249.00<\/span><\/div>\n\t\t\t\t\n\t\t\t\t<div class=\"wp-block-button wc-block-grid__product-add-to-cart\"><a href=\"\/fr\/wp-json\/wp\/v2\/pages\/249?add-to-cart=991\" aria-label=\"Ajouter au panier\u00a0: &ldquo;BIOT200 | Solution Myo-Relaxante&rdquo;\" data-quantity=\"1\" data-product_id=\"991\" data-product_sku=\"\" data-price=\"249\" rel=\"nofollow\" class=\"wp-block-button__link  add_to_cart_button ajax_add_to_cart\">Ajouter au panier<\/a><\/div>\n\t\t\t<\/li><li class=\"wc-block-grid__product\">\n\t\t\t\t<a href=\"https:\/\/beutox.com\/fr\/product\/solution-ppc-dacide-desoxycholinique-type-aqualyx\/\" class=\"wc-block-grid__product-link\">\n\t\t\t\t\t\n\t\t\t\t\t<div class=\"wc-block-grid__product-image\"><img loading=\"lazy\" decoding=\"async\" width=\"300\" height=\"300\" src=\"https:\/\/beutox.com\/wp-content\/uploads\/2025\/12\/lipolab-PCC-Solution-bottle-vial-like-aqualyx-1-300x300.jpg\" class=\"attachment-woocommerce_thumbnail size-woocommerce_thumbnail\" alt=\"Solution PPC d&#039;acide d\u00e9soxycholinique, type Aqualyx\" srcset=\"https:\/\/beutox.com\/wp-content\/uploads\/2025\/12\/lipolab-PCC-Solution-bottle-vial-like-aqualyx-1-300x300.jpg 300w, https:\/\/beutox.com\/wp-content\/uploads\/2025\/12\/lipolab-PCC-Solution-bottle-vial-like-aqualyx-1-150x150.jpg 150w, https:\/\/beutox.com\/wp-content\/uploads\/2025\/12\/lipolab-PCC-Solution-bottle-vial-like-aqualyx-1-768x768.jpg 768w, https:\/\/beutox.com\/wp-content\/uploads\/2025\/12\/lipolab-PCC-Solution-bottle-vial-like-aqualyx-1-600x600.jpg 600w, https:\/\/beutox.com\/wp-content\/uploads\/2025\/12\/lipolab-PCC-Solution-bottle-vial-like-aqualyx-1-100x100.jpg 100w, https:\/\/beutox.com\/wp-content\/uploads\/2025\/12\/lipolab-PCC-Solution-bottle-vial-like-aqualyx-1.jpg 1024w\" sizes=\"auto, (max-width: 300px) 100vw, 300px\" \/><\/div>\n\t\t\t\t\t<div class=\"wc-block-grid__product-title\">Solution PPC d&rsquo;acide d\u00e9soxycholinique, type Aqualyx<\/div>\n\t\t\t\t<\/a>\n\t\t\t\t<div class=\"wc-block-grid__product-price price\"><span class=\"woocommerce-Price-amount amount\"><span class=\"woocommerce-Price-currencySymbol\">&euro;<\/span>69.00<\/span><\/div>\n\t\t\t\t\n\t\t\t\t<div class=\"wp-block-button wc-block-grid__product-add-to-cart\"><a href=\"\/fr\/wp-json\/wp\/v2\/pages\/249?add-to-cart=817\" aria-label=\"Ajouter au panier\u00a0: &ldquo;Solution PPC d&#039;acide d\u00e9soxycholinique, type Aqualyx&rdquo;\" data-quantity=\"1\" data-product_id=\"817\" data-product_sku=\"\" data-price=\"69\" rel=\"nofollow\" class=\"wp-block-button__link  add_to_cart_button ajax_add_to_cart\">Ajouter au panier<\/a><\/div>\n\t\t\t<\/li><li class=\"wc-block-grid__product\">\n\t\t\t\t<a href=\"https:\/\/beutox.com\/fr\/product\/beufiller-deep-produit-de-comblement-de-2-ml-pour-la-restauration-du-volume\/\" class=\"wc-block-grid__product-link\">\n\t\t\t\t\t\n\t\t\t\t\t<div class=\"wc-block-grid__product-image\"><img loading=\"lazy\" decoding=\"async\" width=\"300\" height=\"300\" src=\"https:\/\/beutox.com\/wp-content\/uploads\/2025\/12\/Beufiller-Deep-2ml-300x300.jpg\" class=\"attachment-woocommerce_thumbnail size-woocommerce_thumbnail\" alt=\"Beufiller Deep, produit de comblement de 2 ml pour la restauration du volume\" srcset=\"https:\/\/beutox.com\/wp-content\/uploads\/2025\/12\/Beufiller-Deep-2ml-300x300.jpg 300w, https:\/\/beutox.com\/wp-content\/uploads\/2025\/12\/Beufiller-Deep-2ml-150x150.jpg 150w, https:\/\/beutox.com\/wp-content\/uploads\/2025\/12\/Beufiller-Deep-2ml-768x768.jpg 768w, https:\/\/beutox.com\/wp-content\/uploads\/2025\/12\/Beufiller-Deep-2ml-600x600.jpg 600w, https:\/\/beutox.com\/wp-content\/uploads\/2025\/12\/Beufiller-Deep-2ml-100x100.jpg 100w, https:\/\/beutox.com\/wp-content\/uploads\/2025\/12\/Beufiller-Deep-2ml.jpg 1024w\" sizes=\"auto, (max-width: 300px) 100vw, 300px\" \/><\/div>\n\t\t\t\t\t<div class=\"wc-block-grid__product-title\">Beufiller Deep, produit de comblement de 2 ml pour la restauration du volume<\/div>\n\t\t\t\t<\/a>\n\t\t\t\t<div class=\"wc-block-grid__product-price price\"><span class=\"woocommerce-Price-amount amount\"><span class=\"woocommerce-Price-currencySymbol\">&euro;<\/span>69.00<\/span><\/div>\n\t\t\t\t\n\t\t\t\t<div class=\"wp-block-button wc-block-grid__product-add-to-cart\"><a href=\"\/fr\/wp-json\/wp\/v2\/pages\/249?add-to-cart=825\" aria-label=\"Ajouter au panier\u00a0: &ldquo;Beufiller Deep, produit de comblement de 2 ml pour la restauration du volume&rdquo;\" data-quantity=\"1\" data-product_id=\"825\" data-product_sku=\"\" data-price=\"69\" rel=\"nofollow\" class=\"wp-block-button__link  add_to_cart_button ajax_add_to_cart\">Ajouter au panier<\/a><\/div>\n\t\t\t<\/li><\/ul><\/div><\/div>\n<\/div>\n","protected":false},"excerpt":{"rendered":"","protected":false},"author":1,"featured_media":0,"parent":0,"menu_order":0,"comment_status":"closed","ping_status":"closed","template":"","meta":{"footnotes":""},"class_list":["post-249","page","type-page","status-publish","hentry"],"yoast_head":"<!-- This site is optimized with the Yoast SEO plugin v26.6 - https:\/\/yoast.com\/wordpress\/plugins\/seo\/ -->\n<title>Panier - Beutox.com<\/title>\n<meta name=\"robots\" content=\"index, follow, max-snippet:-1, max-image-preview:large, max-video-preview:-1\" \/>\n<link rel=\"canonical\" href=\"https:\/\/beutox.com\/fr\/panier\/\" \/>\n<meta property=\"og:locale\" content=\"fr_FR\" \/>\n<meta property=\"og:type\" content=\"article\" \/>\n<meta property=\"og:title\" content=\"Panier - Beutox.com\" \/>\n<meta property=\"og:url\" content=\"https:\/\/beutox.com\/fr\/panier\/\" \/>\n<meta property=\"og:site_name\" content=\"Beutox.com\" \/>\n<meta property=\"article:modified_time\" content=\"2025-12-19T21:15:57+00:00\" \/>\n<meta name=\"twitter:card\" content=\"summary_large_image\" \/>\n<script type=\"application\/ld+json\" class=\"yoast-schema-graph\">{\"@context\":\"https:\/\/schema.org\",\"@graph\":[{\"@type\":\"WebPage\",\"@id\":\"https:\/\/beutox.com\/fr\/panier\/\",\"url\":\"https:\/\/beutox.com\/fr\/panier\/\",\"name\":\"Panier - Beutox.com\",\"isPartOf\":{\"@id\":\"https:\/\/beutox.com\/fr\/#website\"},\"datePublished\":\"2025-10-27T15:13:51+00:00\",\"dateModified\":\"2025-12-19T21:15:57+00:00\",\"breadcrumb\":{\"@id\":\"https:\/\/beutox.com\/fr\/panier\/#breadcrumb\"},\"inLanguage\":\"fr-FR\",\"potentialAction\":[{\"@type\":\"ReadAction\",\"target\":[\"https:\/\/beutox.com\/fr\/panier\/\"]}]},{\"@type\":\"BreadcrumbList\",\"@id\":\"https:\/\/beutox.com\/fr\/panier\/#breadcrumb\",\"itemListElement\":[{\"@type\":\"ListItem\",\"position\":1,\"name\":\"Accueil\",\"item\":\"https:\/\/beutox.com\/fr\/accueil\/\"},{\"@type\":\"ListItem\",\"position\":2,\"name\":\"Panier\"}]},{\"@type\":\"WebSite\",\"@id\":\"https:\/\/beutox.com\/fr\/#website\",\"url\":\"https:\/\/beutox.com\/fr\/\",\"name\":\"Beutox.com\",\"description\":\"Buy botox online, We ship to USA, UK, Canada, Australia, EU, Saudi Arabia and the rest of the world\",\"potentialAction\":[{\"@type\":\"SearchAction\",\"target\":{\"@type\":\"EntryPoint\",\"urlTemplate\":\"https:\/\/beutox.com\/fr\/?s={search_term_string}\"},\"query-input\":{\"@type\":\"PropertyValueSpecification\",\"valueRequired\":true,\"valueName\":\"search_term_string\"}}],\"inLanguage\":\"fr-FR\"}]}<\/script>\n<!-- \/ Yoast SEO plugin. -->","yoast_head_json":{"title":"Panier - Beutox.com","robots":{"index":"index","follow":"follow","max-snippet":"max-snippet:-1","max-image-preview":"max-image-preview:large","max-video-preview":"max-video-preview:-1"},"canonical":"https:\/\/beutox.com\/fr\/panier\/","og_locale":"fr_FR","og_type":"article","og_title":"Panier - Beutox.com","og_url":"https:\/\/beutox.com\/fr\/panier\/","og_site_name":"Beutox.com","article_modified_time":"2025-12-19T21:15:57+00:00","twitter_card":"summary_large_image","schema":{"@context":"https:\/\/schema.org","@graph":[{"@type":"WebPage","@id":"https:\/\/beutox.com\/fr\/panier\/","url":"https:\/\/beutox.com\/fr\/panier\/","name":"Panier - Beutox.com","isPartOf":{"@id":"https:\/\/beutox.com\/fr\/#website"},"datePublished":"2025-10-27T15:13:51+00:00","dateModified":"2025-12-19T21:15:57+00:00","breadcrumb":{"@id":"https:\/\/beutox.com\/fr\/panier\/#breadcrumb"},"inLanguage":"fr-FR","potentialAction":[{"@type":"ReadAction","target":["https:\/\/beutox.com\/fr\/panier\/"]}]},{"@type":"BreadcrumbList","@id":"https:\/\/beutox.com\/fr\/panier\/#breadcrumb","itemListElement":[{"@type":"ListItem","position":1,"name":"Accueil","item":"https:\/\/beutox.com\/fr\/accueil\/"},{"@type":"ListItem","position":2,"name":"Panier"}]},{"@type":"WebSite","@id":"https:\/\/beutox.com\/fr\/#website","url":"https:\/\/beutox.com\/fr\/","name":"Beutox.com","description":"Buy botox online, We ship to USA, UK, Canada, Australia, EU, Saudi Arabia and the rest of the world","potentialAction":[{"@type":"SearchAction","target":{"@type":"EntryPoint","urlTemplate":"https:\/\/beutox.com\/fr\/?s={search_term_string}"},"query-input":{"@type":"PropertyValueSpecification","valueRequired":true,"valueName":"search_term_string"}}],"inLanguage":"fr-FR"}]}},"_links":{"self":[{"href":"https:\/\/beutox.com\/fr\/wp-json\/wp\/v2\/pages\/249","targetHints":{"allow":["GET"]}}],"collection":[{"href":"https:\/\/beutox.com\/fr\/wp-json\/wp\/v2\/pages"}],"about":[{"href":"https:\/\/beutox.com\/fr\/wp-json\/wp\/v2\/types\/page"}],"author":[{"embeddable":true,"href":"https:\/\/beutox.com\/fr\/wp-json\/wp\/v2\/users\/1"}],"replies":[{"embeddable":true,"href":"https:\/\/beutox.com\/fr\/wp-json\/wp\/v2\/comments?post=249"}],"version-history":[{"count":3,"href":"https:\/\/beutox.com\/fr\/wp-json\/wp\/v2\/pages\/249\/revisions"}],"predecessor-version":[{"id":264,"href":"https:\/\/beutox.com\/fr\/wp-json\/wp\/v2\/pages\/249\/revisions\/264"}],"wp:attachment":[{"href":"https:\/\/beutox.com\/fr\/wp-json\/wp\/v2\/media?parent=249"}],"curies":[{"name":"wp","href":"https:\/\/api.w.org\/{rel}","templated":true}]}}