{"id":882,"date":"2025-12-19T16:24:30","date_gmt":"2025-12-19T16:24:30","guid":{"rendered":"https:\/\/beutox.com\/product\/juvederm-ultra-4\/"},"modified":"2025-12-19T16:24:30","modified_gmt":"2025-12-19T16:24:30","slug":"juvederm-ultra-4","status":"publish","type":"product","link":"https:\/\/beutox.com\/es\/product\/juvederm-ultra-4\/","title":{"rendered":"Juvederm Ultra 4"},"content":{"rendered":"<h3 data-path-to-node=\"4\"><b data-path-to-node=\"4\" data-index-in-node=\"0\">La soluci\u00f3n para la p\u00e9rdida de volumen significativa<\/b><\/h3>\n<p data-path-to-node=\"5\">Mejore sus procedimientos avanzados de contorno y restauraci\u00f3n de volumen con <b data-path-to-node=\"5\" data-index-in-node=\"72\">Juv\u00e9derm Ultra 4<\/b>. Como parte de la familia Juv\u00e9derm, reconocida mundialmente, este relleno d\u00e9rmico inyectable est\u00e1 espec\u00edficamente formulado con una mayor concentraci\u00f3n de \u00e1cido hialur\u00f3nico (AH) reticulado para abordar los desaf\u00edos est\u00e9ticos m\u00e1s exigentes. <\/p>\n<p data-path-to-node=\"6\">Juv\u00e9derm Ultra 4 posee una <b data-path-to-node=\"6\" data-index-in-node=\"29\">consistencia de gel robusta y de alta viscosidad<\/b>, lo que lo convierte en la opci\u00f3n ideal para la inyecci\u00f3n en tejidos profundos para abordar las deficiencias de volumen pronunciadas y los pliegues severos que requieren un estiramiento y una proyecci\u00f3n significativos.<\/p>\n<h3 data-path-to-node=\"7\"><b data-path-to-node=\"7\" data-index-in-node=\"0\">Ingenier\u00eda de precisi\u00f3n para una correcci\u00f3n profunda<\/b><\/h3>\n<p data-path-to-node=\"8\">Cada jeringa de Juv\u00e9derm Ultra 4 contiene <b data-path-to-node=\"8\" data-index-in-node=\"42\">24 mg\/ml de AH altamente reticulado<\/b>, lo que le confiere la integridad estructural necesaria para:<\/p>\n<ul data-path-to-node=\"9\">\n<li>\n<p data-path-to-node=\"9,0,0\"><b data-path-to-node=\"9,0,0\" data-index-in-node=\"0\">Pliegues nasolabiales severos:<\/b> Rellena y suaviza eficazmente las l\u00edneas m\u00e1s profundas que se extienden desde la nariz hasta la boca.<\/p>\n<\/li>\n<li>\n<p data-path-to-node=\"9,1,0\"><b data-path-to-node=\"9,1,0\" data-index-in-node=\"0\">Volumen de mejillas y zona media del rostro:<\/b> Restaura el volumen perdido en las mejillas y la zona submalar, corrigiendo el hundimiento y realzando la convexidad facial general.<\/p>\n<\/li>\n<li>\n<p data-path-to-node=\"9,2,0\"><b data-path-to-node=\"9,2,0\" data-index-in-node=\"0\">Definici\u00f3n del contorno facial:<\/b> Esculpe y define la l\u00ednea de la mand\u00edbula y el ment\u00f3n, aportando equilibrio y armon\u00eda a la parte inferior del rostro.<\/p>\n<\/li>\n<li>\n<p data-path-to-node=\"9,3,0\"><b data-path-to-node=\"9,3,0\" data-index-in-node=\"0\">Relleno de depresiones profundas:<\/b> Trata otras depresiones faciales profundas y cicatrices que requieren un soporte tisular sustancial.<\/p>\n<\/li>\n<\/ul>\n<h3 data-path-to-node=\"10\"><b data-path-to-node=\"10\" data-index-in-node=\"0\">Soporte fiable y mayor comodidad<\/b><\/h3>\n<p data-path-to-node=\"11\">Gracias a su formulaci\u00f3n duradera, el soporte estructural proporcionado por Juv\u00e9derm Ultra 4 es excepcionalmente duradero, con resultados que a menudo perduran hasta 12 meses o m\u00e1s. Adem\u00e1s, la inclusi\u00f3n de <b data-path-to-node=\"11\" data-index-in-node=\"207\">lidoca\u00edna (0,3 %)<\/b> garantiza una experiencia m\u00e1s c\u00f3moda para el paciente durante el proceso de inyecci\u00f3n profunda, lo que le permite concentrarse en lograr un contorno y un estiramiento \u00f3ptimos. <\/p>\n<p data-path-to-node=\"12\">Elija Juv\u00e9derm Ultra 4 cuando sus pacientes exijan una soluci\u00f3n potente y fiable para la correcci\u00f3n significativa del volumen y la reducci\u00f3n profunda de las arrugas. Conf\u00ede en este robusto relleno para ofrecer los resultados definidos, estirados y estructurados de forma juvenil que distinguen la pr\u00e1ctica experta. <\/p>\n","protected":false},"excerpt":{"rendered":"<p><b data-path-to-node=\"16\" data-index-in-node=\"0\">Juv\u00e9derm Ultra 4<\/b> es un relleno d\u00e9rmico denso de \u00e1cido hialur\u00f3nico altamente reticulado dise\u00f1ado para la <b data-path-to-node=\"16\" data-index-in-node=\"92\">restauraci\u00f3n profunda del volumen<\/b> y la correcci\u00f3n de <b data-path-to-node=\"16\" data-index-in-node=\"138\">pliegues faciales severos<\/b>. Ideal para realzar las mejillas, definir los contornos faciales y tratar las l\u00edneas nasolabiales profundas, su robusta formulaci\u00f3n proporciona un estiramiento sustancial y resultados visibles y duraderos. Incluye lidoca\u00edna para una mayor comodidad del paciente.  <\/p>\n","protected":false},"featured_media":235,"comment_status":"open","ping_status":"closed","template":"","meta":[],"product_brand":[],"product_cat":[73],"product_tag":[],"class_list":{"0":"post-882","1":"product","2":"type-product","3":"status-publish","4":"has-post-thumbnail","6":"product_cat-rellenos-dermicos","8":"first","9":"instock","10":"shipping-taxable","11":"purchasable","12":"product-type-simple"},"yoast_head":"<!-- This site is optimized with the Yoast SEO plugin v26.6 - https:\/\/yoast.com\/wordpress\/plugins\/seo\/ -->\n<title>Comprar Juvederm Ultra 4 Online - Beutox.com<\/title>\n<meta name=\"robots\" content=\"index, follow, max-snippet:-1, max-image-preview:large, max-video-preview:-1\" \/>\n<link rel=\"canonical\" href=\"https:\/\/beutox.com\/es\/product\/juvederm-ultra-4\/\" \/>\n<meta property=\"og:locale\" content=\"es_ES\" \/>\n<meta property=\"og:type\" content=\"article\" \/>\n<meta property=\"og:title\" content=\"Comprar Juvederm Ultra 4 Online - Beutox.com\" \/>\n<meta property=\"og:description\" content=\"Juv\u00e9derm Ultra 4 es un relleno d\u00e9rmico denso de \u00e1cido hialur\u00f3nico altamente reticulado dise\u00f1ado para la restauraci\u00f3n profunda del volumen y la correcci\u00f3n de pliegues faciales severos. Ideal para realzar las mejillas, definir los contornos faciales y tratar las l\u00edneas nasolabiales profundas, su robusta formulaci\u00f3n proporciona un estiramiento sustancial y resultados visibles y duraderos. Incluye lidoca\u00edna para una mayor comodidad del paciente.\" \/>\n<meta property=\"og:url\" content=\"https:\/\/beutox.com\/es\/product\/juvederm-ultra-4\/\" \/>\n<meta property=\"og:site_name\" content=\"Beutox.com\" \/>\n<meta property=\"og:image\" content=\"https:\/\/beutox.com\/wp-content\/uploads\/2025\/12\/juvederm-ultra-4-.jpg.webp\" \/>\n\t<meta property=\"og:image:width\" content=\"800\" \/>\n\t<meta property=\"og:image:height\" content=\"800\" \/>\n\t<meta property=\"og:image:type\" content=\"image\/webp\" \/>\n<meta name=\"twitter:card\" content=\"summary_large_image\" \/>\n<meta name=\"twitter:label1\" content=\"Tiempo de lectura\" \/>\n\t<meta name=\"twitter:data1\" content=\"2 minutos\" \/>\n<script type=\"application\/ld+json\" class=\"yoast-schema-graph\">{\"@context\":\"https:\/\/schema.org\",\"@graph\":[{\"@type\":\"WebPage\",\"@id\":\"https:\/\/beutox.com\/es\/product\/juvederm-ultra-4\/\",\"url\":\"https:\/\/beutox.com\/es\/product\/juvederm-ultra-4\/\",\"name\":\"Comprar Juvederm Ultra 4 Online - Beutox.com\",\"isPartOf\":{\"@id\":\"https:\/\/beutox.com\/es\/#website\"},\"primaryImageOfPage\":{\"@id\":\"https:\/\/beutox.com\/es\/product\/juvederm-ultra-4\/#primaryimage\"},\"image\":{\"@id\":\"https:\/\/beutox.com\/es\/product\/juvederm-ultra-4\/#primaryimage\"},\"thumbnailUrl\":\"https:\/\/beutox.com\/wp-content\/uploads\/2025\/12\/juvederm-ultra-4-.jpg.webp\",\"datePublished\":\"2025-12-19T16:24:30+00:00\",\"breadcrumb\":{\"@id\":\"https:\/\/beutox.com\/es\/product\/juvederm-ultra-4\/#breadcrumb\"},\"inLanguage\":\"es\",\"potentialAction\":[{\"@type\":\"ReadAction\",\"target\":[\"https:\/\/beutox.com\/es\/product\/juvederm-ultra-4\/\"]}]},{\"@type\":\"ImageObject\",\"inLanguage\":\"es\",\"@id\":\"https:\/\/beutox.com\/es\/product\/juvederm-ultra-4\/#primaryimage\",\"url\":\"https:\/\/beutox.com\/wp-content\/uploads\/2025\/12\/juvederm-ultra-4-.jpg.webp\",\"contentUrl\":\"https:\/\/beutox.com\/wp-content\/uploads\/2025\/12\/juvederm-ultra-4-.jpg.webp\",\"width\":800,\"height\":800},{\"@type\":\"BreadcrumbList\",\"@id\":\"https:\/\/beutox.com\/es\/product\/juvederm-ultra-4\/#breadcrumb\",\"itemListElement\":[{\"@type\":\"ListItem\",\"position\":1,\"name\":\"Inicio\",\"item\":\"https:\/\/beutox.com\/es\/inicio\/\"},{\"@type\":\"ListItem\",\"position\":2,\"name\":\"Tienda\",\"item\":\"https:\/\/beutox.com\/shop\/\"},{\"@type\":\"ListItem\",\"position\":3,\"name\":\"Juvederm Ultra 4\"}]},{\"@type\":\"WebSite\",\"@id\":\"https:\/\/beutox.com\/es\/#website\",\"url\":\"https:\/\/beutox.com\/es\/\",\"name\":\"Beutox.com\",\"description\":\"Buy botox online, We ship to USA, UK, Canada, Australia, EU, Saudi Arabia and the rest of the world\",\"potentialAction\":[{\"@type\":\"SearchAction\",\"target\":{\"@type\":\"EntryPoint\",\"urlTemplate\":\"https:\/\/beutox.com\/es\/?s={search_term_string}\"},\"query-input\":{\"@type\":\"PropertyValueSpecification\",\"valueRequired\":true,\"valueName\":\"search_term_string\"}}],\"inLanguage\":\"es\"}]}<\/script>\n<!-- \/ Yoast SEO plugin. -->","yoast_head_json":{"title":"Comprar Juvederm Ultra 4 Online - Beutox.com","robots":{"index":"index","follow":"follow","max-snippet":"max-snippet:-1","max-image-preview":"max-image-preview:large","max-video-preview":"max-video-preview:-1"},"canonical":"https:\/\/beutox.com\/es\/product\/juvederm-ultra-4\/","og_locale":"es_ES","og_type":"article","og_title":"Comprar Juvederm Ultra 4 Online - Beutox.com","og_description":"Juv\u00e9derm Ultra 4 es un relleno d\u00e9rmico denso de \u00e1cido hialur\u00f3nico altamente reticulado dise\u00f1ado para la restauraci\u00f3n profunda del volumen y la correcci\u00f3n de pliegues faciales severos. Ideal para realzar las mejillas, definir los contornos faciales y tratar las l\u00edneas nasolabiales profundas, su robusta formulaci\u00f3n proporciona un estiramiento sustancial y resultados visibles y duraderos. Incluye lidoca\u00edna para una mayor comodidad del paciente.","og_url":"https:\/\/beutox.com\/es\/product\/juvederm-ultra-4\/","og_site_name":"Beutox.com","og_image":[{"width":800,"height":800,"url":"https:\/\/beutox.com\/wp-content\/uploads\/2025\/12\/juvederm-ultra-4-.jpg.webp","type":"image\/webp"}],"twitter_card":"summary_large_image","twitter_misc":{"Tiempo de lectura":"2 minutos"},"schema":{"@context":"https:\/\/schema.org","@graph":[{"@type":"WebPage","@id":"https:\/\/beutox.com\/es\/product\/juvederm-ultra-4\/","url":"https:\/\/beutox.com\/es\/product\/juvederm-ultra-4\/","name":"Comprar Juvederm Ultra 4 Online - Beutox.com","isPartOf":{"@id":"https:\/\/beutox.com\/es\/#website"},"primaryImageOfPage":{"@id":"https:\/\/beutox.com\/es\/product\/juvederm-ultra-4\/#primaryimage"},"image":{"@id":"https:\/\/beutox.com\/es\/product\/juvederm-ultra-4\/#primaryimage"},"thumbnailUrl":"https:\/\/beutox.com\/wp-content\/uploads\/2025\/12\/juvederm-ultra-4-.jpg.webp","datePublished":"2025-12-19T16:24:30+00:00","breadcrumb":{"@id":"https:\/\/beutox.com\/es\/product\/juvederm-ultra-4\/#breadcrumb"},"inLanguage":"es","potentialAction":[{"@type":"ReadAction","target":["https:\/\/beutox.com\/es\/product\/juvederm-ultra-4\/"]}]},{"@type":"ImageObject","inLanguage":"es","@id":"https:\/\/beutox.com\/es\/product\/juvederm-ultra-4\/#primaryimage","url":"https:\/\/beutox.com\/wp-content\/uploads\/2025\/12\/juvederm-ultra-4-.jpg.webp","contentUrl":"https:\/\/beutox.com\/wp-content\/uploads\/2025\/12\/juvederm-ultra-4-.jpg.webp","width":800,"height":800},{"@type":"BreadcrumbList","@id":"https:\/\/beutox.com\/es\/product\/juvederm-ultra-4\/#breadcrumb","itemListElement":[{"@type":"ListItem","position":1,"name":"Inicio","item":"https:\/\/beutox.com\/es\/inicio\/"},{"@type":"ListItem","position":2,"name":"Tienda","item":"https:\/\/beutox.com\/shop\/"},{"@type":"ListItem","position":3,"name":"Juvederm Ultra 4"}]},{"@type":"WebSite","@id":"https:\/\/beutox.com\/es\/#website","url":"https:\/\/beutox.com\/es\/","name":"Beutox.com","description":"Buy botox online, We ship to USA, UK, Canada, Australia, EU, Saudi Arabia and the rest of the world","potentialAction":[{"@type":"SearchAction","target":{"@type":"EntryPoint","urlTemplate":"https:\/\/beutox.com\/es\/?s={search_term_string}"},"query-input":{"@type":"PropertyValueSpecification","valueRequired":true,"valueName":"search_term_string"}}],"inLanguage":"es"}]}},"_links":{"self":[{"href":"https:\/\/beutox.com\/es\/wp-json\/wp\/v2\/product\/882","targetHints":{"allow":["GET"]}}],"collection":[{"href":"https:\/\/beutox.com\/es\/wp-json\/wp\/v2\/product"}],"about":[{"href":"https:\/\/beutox.com\/es\/wp-json\/wp\/v2\/types\/product"}],"replies":[{"embeddable":true,"href":"https:\/\/beutox.com\/es\/wp-json\/wp\/v2\/comments?post=882"}],"wp:featuredmedia":[{"embeddable":true,"href":"https:\/\/beutox.com\/es\/wp-json\/wp\/v2\/media\/235"}],"wp:attachment":[{"href":"https:\/\/beutox.com\/es\/wp-json\/wp\/v2\/media?parent=882"}],"wp:term":[{"taxonomy":"product_brand","embeddable":true,"href":"https:\/\/beutox.com\/es\/wp-json\/wp\/v2\/product_brand?post=882"},{"taxonomy":"product_cat","embeddable":true,"href":"https:\/\/beutox.com\/es\/wp-json\/wp\/v2\/product_cat?post=882"},{"taxonomy":"product_tag","embeddable":true,"href":"https:\/\/beutox.com\/es\/wp-json\/wp\/v2\/product_tag?post=882"}],"curies":[{"name":"wp","href":"https:\/\/api.w.org\/{rel}","templated":true}]}}