{"id":868,"date":"2025-12-19T16:39:25","date_gmt":"2025-12-19T16:39:25","guid":{"rendered":"https:\/\/beutox.com\/product\/profhilo-hl\/"},"modified":"2025-12-19T16:39:25","modified_gmt":"2025-12-19T16:39:25","slug":"profhilo-hl","status":"publish","type":"product","link":"https:\/\/beutox.com\/es\/product\/profhilo-hl\/","title":{"rendered":"Profhilo H+L"},"content":{"rendered":"<h3 data-path-to-node=\"4\"><b data-path-to-node=\"4\" data-index-in-node=\"0\">La ciencia de la laxitud cut\u00e1nea: m\u00e1s all\u00e1 del relleno<\/b><\/h3>\n<p data-path-to-node=\"5\">Presente a sus clientes la innovaci\u00f3n de <b data-path-to-node=\"5\" data-index-in-node=\"44\">Profhilo H+L<\/b>, un tratamiento inyectable revolucionario que redefine el rejuvenecimiento de la piel. A diferencia de los rellenos d\u00e9rmicos tradicionales que se centran en el volumen localizado, Profhilo emplea un enfoque \u00fanico de \u00abbiorremodelaci\u00f3n\u00bb, que se dirige a la laxitud cut\u00e1nea global, la hidrataci\u00f3n y la calidad general. <\/p>\n<p data-path-to-node=\"6\">Este galardonado producto no es solo un potenciador de la piel; es el primer inyectable estabilizado de \u00e1cido hialur\u00f3nico (AH) formulado sin agentes de reticulaci\u00f3n qu\u00edmica (como BDDE), lo que lo hace altamente biocompatible.<\/p>\n<h3 data-path-to-node=\"7\"><b data-path-to-node=\"7\" data-index-in-node=\"0\">Tecnolog\u00eda patentada NAHYCO\u00ae y alta concentraci\u00f3n<\/b><\/h3>\n<p data-path-to-node=\"8\">Profhilo H+L utiliza la <b data-path-to-node=\"8\" data-index-in-node=\"35\">tecnolog\u00eda patentada NAHYCO\u00ae<\/b>, que combina dos tipos distintos de \u00e1cido hialur\u00f3nico puro y ultrapuro: \u00e1cido hialur\u00f3nico de alto peso molecular (H-HA) y \u00e1cido hialur\u00f3nico de bajo peso molecular (L-HA), en complejos cooperativos h\u00edbridos estables a trav\u00e9s de un proceso t\u00e9rmico.<\/p>\n<p data-path-to-node=\"9\"><b data-path-to-node=\"9\" data-index-in-node=\"0\">Especificaci\u00f3n del producto:<\/b> Cada envase contiene <b data-path-to-node=\"9\" data-index-in-node=\"45\">1 jeringa precargada de <span class=\"math-inline\" data-math=\"2 \\text{ ml}\" data-index-in-node=\"69\">2 ml<\/span><\/b>, que proporciona una impresionante concentraci\u00f3n total de <b data-path-to-node=\"9\" data-index-in-node=\"131\"><span class=\"math-inline\" data-math=\"64 \\text{ mg}\" data-index-in-node=\"131\">64 mg<\/span> de AH<\/b> (32 mg de H-HA + 32 mg de L-HA), una de las m\u00e1s altas del mercado.<\/p>\n<p data-path-to-node=\"10\">Esta f\u00f3rmula \u00fanica de doble acci\u00f3n permite:<\/p>\n<ul data-path-to-node=\"11\">\n<li>\n<p data-path-to-node=\"11,0,0\"><b data-path-to-node=\"11,0,0\" data-index-in-node=\"0\">L-HA (bajo peso molecular):<\/b> Hidrata profundamente la piel y proporciona el \u00abimpulso\u00bb inicial de hidrataci\u00f3n.<\/p>\n<\/li>\n<li>\n<p data-path-to-node=\"11,1,0\"><b data-path-to-node=\"11,1,0\" data-index-in-node=\"0\">H-HA (alto peso molecular):<\/b> Crea una estructura de AH estable que proporciona un andamio a la dermis, liber\u00e1ndose lentamente con el tiempo.<\/p>\n<\/li>\n<\/ul>\n<h3 data-path-to-node=\"12\"><b data-path-to-node=\"12\" data-index-in-node=\"0\">Estimulaci\u00f3n y longevidad<\/b><\/h3>\n<p data-path-to-node=\"13\">Una vez inyectado (normalmente utilizando la t\u00e9cnica espec\u00edfica de <b data-path-to-node=\"13\" data-index-in-node=\"44\">Puntos Bio Est\u00e9ticos (BAP)<\/b>), Profhilo se extiende f\u00e1cilmente y se integra perfectamente en el tejido. Act\u00faa estimulando la producci\u00f3n natural de cuatro tipos diferentes de <g id=\"gid_1\">col\u00e1geno<\/g> y <g id=\"gid_2\">elastina<\/g>, abordando eficazmente la atrofia d\u00e9rmica y biorremodelando la piel desde el interior. El resultado es una mejora visible en la calidad, la textura, la firmeza y la luminosidad de la piel en la cara, el cuello, el escote y las manos.  <\/p>\n<p data-path-to-node=\"14\">Ofrezca Profhilo H+L como el tratamiento definitivo para la piel que parece apagada, cansada o fl\u00e1cida. Su pureza sin igual y su alta concentraci\u00f3n ofrecen un resultado natural, fresco y duradero, que normalmente requiere solo dos sesiones iniciales espaciadas un mes. <\/p>\n","protected":false},"excerpt":{"rendered":"<p><b data-path-to-node=\"18\" data-index-in-node=\"0\">Profhilo H+L<\/b> es un tratamiento inyectable revolucionario de biorremodelaci\u00f3n que contiene <b data-path-to-node=\"18\" data-index-in-node=\"78\"><span class=\"math-inline\" data-math=\"64 \\text{ mg}\" data-index-in-node=\"78\">64 mg<\/span> de \u00e1cido hialur\u00f3nico puro<\/b> (H-HA + L-HA) en una <b data-path-to-node=\"18\" data-index-in-node=\"135\"><span class=\"math-inline\" data-math=\"2 \\text{ ml}\" data-index-in-node=\"135\">jeringa de 2 ml<\/span><\/b>. Desarrollado con la <b data-path-to-node=\"18\" data-index-in-node=\"172\">tecnolog\u00eda NAHYCO\u00ae<\/b> (sin reticulantes qu\u00edmicos), hidrata intensamente la piel y estimula el col\u00e1geno y la elastina, tratando eficazmente la laxitud cut\u00e1nea y mejorando la textura y la luminosidad general para un rejuvenecimiento natural y duradero. <\/p>\n","protected":false},"featured_media":239,"comment_status":"open","ping_status":"closed","template":"","meta":[],"product_brand":[],"product_cat":[73],"product_tag":[],"class_list":{"0":"post-868","1":"product","2":"type-product","3":"status-publish","4":"has-post-thumbnail","6":"product_cat-rellenos-dermicos","8":"first","9":"instock","10":"shipping-taxable","11":"purchasable","12":"product-type-simple"},"yoast_head":"<!-- This site is optimized with the Yoast SEO plugin v26.6 - https:\/\/yoast.com\/wordpress\/plugins\/seo\/ -->\n<title>Comprar Profhilo H+L Online - Beutox.com<\/title>\n<meta name=\"robots\" content=\"index, follow, max-snippet:-1, max-image-preview:large, max-video-preview:-1\" \/>\n<link rel=\"canonical\" href=\"https:\/\/beutox.com\/es\/product\/profhilo-hl\/\" \/>\n<meta property=\"og:locale\" content=\"es_ES\" \/>\n<meta property=\"og:type\" content=\"article\" \/>\n<meta property=\"og:title\" content=\"Comprar Profhilo H+L Online - Beutox.com\" \/>\n<meta property=\"og:description\" content=\"Profhilo H+L es un tratamiento inyectable revolucionario de biorremodelaci\u00f3n que contiene 64 mg de \u00e1cido hialur\u00f3nico puro (H-HA + L-HA) en una jeringa de 2 ml. Desarrollado con la tecnolog\u00eda NAHYCO\u00ae (sin reticulantes qu\u00edmicos), hidrata intensamente la piel y estimula el col\u00e1geno y la elastina, tratando eficazmente la laxitud cut\u00e1nea y mejorando la textura y la luminosidad general para un rejuvenecimiento natural y duradero.\" \/>\n<meta property=\"og:url\" content=\"https:\/\/beutox.com\/es\/product\/profhilo-hl\/\" \/>\n<meta property=\"og:site_name\" content=\"Beutox.com\" \/>\n<meta property=\"og:image\" content=\"https:\/\/beutox.com\/wp-content\/uploads\/2025\/12\/PROFHILO-HL.webp\" \/>\n\t<meta property=\"og:image:width\" content=\"550\" \/>\n\t<meta property=\"og:image:height\" content=\"550\" \/>\n\t<meta property=\"og:image:type\" content=\"image\/webp\" \/>\n<meta name=\"twitter:card\" content=\"summary_large_image\" \/>\n<meta name=\"twitter:label1\" content=\"Tiempo de lectura\" \/>\n\t<meta name=\"twitter:data1\" content=\"2 minutos\" \/>\n<script type=\"application\/ld+json\" class=\"yoast-schema-graph\">{\"@context\":\"https:\/\/schema.org\",\"@graph\":[{\"@type\":\"WebPage\",\"@id\":\"https:\/\/beutox.com\/es\/product\/profhilo-hl\/\",\"url\":\"https:\/\/beutox.com\/es\/product\/profhilo-hl\/\",\"name\":\"Comprar Profhilo H+L Online - Beutox.com\",\"isPartOf\":{\"@id\":\"https:\/\/beutox.com\/es\/#website\"},\"primaryImageOfPage\":{\"@id\":\"https:\/\/beutox.com\/es\/product\/profhilo-hl\/#primaryimage\"},\"image\":{\"@id\":\"https:\/\/beutox.com\/es\/product\/profhilo-hl\/#primaryimage\"},\"thumbnailUrl\":\"https:\/\/beutox.com\/wp-content\/uploads\/2025\/12\/PROFHILO-HL.webp\",\"datePublished\":\"2025-12-19T16:39:25+00:00\",\"breadcrumb\":{\"@id\":\"https:\/\/beutox.com\/es\/product\/profhilo-hl\/#breadcrumb\"},\"inLanguage\":\"es\",\"potentialAction\":[{\"@type\":\"ReadAction\",\"target\":[\"https:\/\/beutox.com\/es\/product\/profhilo-hl\/\"]}]},{\"@type\":\"ImageObject\",\"inLanguage\":\"es\",\"@id\":\"https:\/\/beutox.com\/es\/product\/profhilo-hl\/#primaryimage\",\"url\":\"https:\/\/beutox.com\/wp-content\/uploads\/2025\/12\/PROFHILO-HL.webp\",\"contentUrl\":\"https:\/\/beutox.com\/wp-content\/uploads\/2025\/12\/PROFHILO-HL.webp\",\"width\":550,\"height\":550},{\"@type\":\"BreadcrumbList\",\"@id\":\"https:\/\/beutox.com\/es\/product\/profhilo-hl\/#breadcrumb\",\"itemListElement\":[{\"@type\":\"ListItem\",\"position\":1,\"name\":\"Inicio\",\"item\":\"https:\/\/beutox.com\/es\/inicio\/\"},{\"@type\":\"ListItem\",\"position\":2,\"name\":\"Tienda\",\"item\":\"https:\/\/beutox.com\/shop\/\"},{\"@type\":\"ListItem\",\"position\":3,\"name\":\"Profhilo H+L\"}]},{\"@type\":\"WebSite\",\"@id\":\"https:\/\/beutox.com\/es\/#website\",\"url\":\"https:\/\/beutox.com\/es\/\",\"name\":\"Beutox.com\",\"description\":\"Buy botox online, We ship to USA, UK, Canada, Australia, EU, Saudi Arabia and the rest of the world\",\"potentialAction\":[{\"@type\":\"SearchAction\",\"target\":{\"@type\":\"EntryPoint\",\"urlTemplate\":\"https:\/\/beutox.com\/es\/?s={search_term_string}\"},\"query-input\":{\"@type\":\"PropertyValueSpecification\",\"valueRequired\":true,\"valueName\":\"search_term_string\"}}],\"inLanguage\":\"es\"}]}<\/script>\n<!-- \/ Yoast SEO plugin. -->","yoast_head_json":{"title":"Comprar Profhilo H+L Online - Beutox.com","robots":{"index":"index","follow":"follow","max-snippet":"max-snippet:-1","max-image-preview":"max-image-preview:large","max-video-preview":"max-video-preview:-1"},"canonical":"https:\/\/beutox.com\/es\/product\/profhilo-hl\/","og_locale":"es_ES","og_type":"article","og_title":"Comprar Profhilo H+L Online - Beutox.com","og_description":"Profhilo H+L es un tratamiento inyectable revolucionario de biorremodelaci\u00f3n que contiene 64 mg de \u00e1cido hialur\u00f3nico puro (H-HA + L-HA) en una jeringa de 2 ml. Desarrollado con la tecnolog\u00eda NAHYCO\u00ae (sin reticulantes qu\u00edmicos), hidrata intensamente la piel y estimula el col\u00e1geno y la elastina, tratando eficazmente la laxitud cut\u00e1nea y mejorando la textura y la luminosidad general para un rejuvenecimiento natural y duradero.","og_url":"https:\/\/beutox.com\/es\/product\/profhilo-hl\/","og_site_name":"Beutox.com","og_image":[{"width":550,"height":550,"url":"https:\/\/beutox.com\/wp-content\/uploads\/2025\/12\/PROFHILO-HL.webp","type":"image\/webp"}],"twitter_card":"summary_large_image","twitter_misc":{"Tiempo de lectura":"2 minutos"},"schema":{"@context":"https:\/\/schema.org","@graph":[{"@type":"WebPage","@id":"https:\/\/beutox.com\/es\/product\/profhilo-hl\/","url":"https:\/\/beutox.com\/es\/product\/profhilo-hl\/","name":"Comprar Profhilo H+L Online - Beutox.com","isPartOf":{"@id":"https:\/\/beutox.com\/es\/#website"},"primaryImageOfPage":{"@id":"https:\/\/beutox.com\/es\/product\/profhilo-hl\/#primaryimage"},"image":{"@id":"https:\/\/beutox.com\/es\/product\/profhilo-hl\/#primaryimage"},"thumbnailUrl":"https:\/\/beutox.com\/wp-content\/uploads\/2025\/12\/PROFHILO-HL.webp","datePublished":"2025-12-19T16:39:25+00:00","breadcrumb":{"@id":"https:\/\/beutox.com\/es\/product\/profhilo-hl\/#breadcrumb"},"inLanguage":"es","potentialAction":[{"@type":"ReadAction","target":["https:\/\/beutox.com\/es\/product\/profhilo-hl\/"]}]},{"@type":"ImageObject","inLanguage":"es","@id":"https:\/\/beutox.com\/es\/product\/profhilo-hl\/#primaryimage","url":"https:\/\/beutox.com\/wp-content\/uploads\/2025\/12\/PROFHILO-HL.webp","contentUrl":"https:\/\/beutox.com\/wp-content\/uploads\/2025\/12\/PROFHILO-HL.webp","width":550,"height":550},{"@type":"BreadcrumbList","@id":"https:\/\/beutox.com\/es\/product\/profhilo-hl\/#breadcrumb","itemListElement":[{"@type":"ListItem","position":1,"name":"Inicio","item":"https:\/\/beutox.com\/es\/inicio\/"},{"@type":"ListItem","position":2,"name":"Tienda","item":"https:\/\/beutox.com\/shop\/"},{"@type":"ListItem","position":3,"name":"Profhilo H+L"}]},{"@type":"WebSite","@id":"https:\/\/beutox.com\/es\/#website","url":"https:\/\/beutox.com\/es\/","name":"Beutox.com","description":"Buy botox online, We ship to USA, UK, Canada, Australia, EU, Saudi Arabia and the rest of the world","potentialAction":[{"@type":"SearchAction","target":{"@type":"EntryPoint","urlTemplate":"https:\/\/beutox.com\/es\/?s={search_term_string}"},"query-input":{"@type":"PropertyValueSpecification","valueRequired":true,"valueName":"search_term_string"}}],"inLanguage":"es"}]}},"_links":{"self":[{"href":"https:\/\/beutox.com\/es\/wp-json\/wp\/v2\/product\/868","targetHints":{"allow":["GET"]}}],"collection":[{"href":"https:\/\/beutox.com\/es\/wp-json\/wp\/v2\/product"}],"about":[{"href":"https:\/\/beutox.com\/es\/wp-json\/wp\/v2\/types\/product"}],"replies":[{"embeddable":true,"href":"https:\/\/beutox.com\/es\/wp-json\/wp\/v2\/comments?post=868"}],"wp:featuredmedia":[{"embeddable":true,"href":"https:\/\/beutox.com\/es\/wp-json\/wp\/v2\/media\/239"}],"wp:attachment":[{"href":"https:\/\/beutox.com\/es\/wp-json\/wp\/v2\/media?parent=868"}],"wp:term":[{"taxonomy":"product_brand","embeddable":true,"href":"https:\/\/beutox.com\/es\/wp-json\/wp\/v2\/product_brand?post=868"},{"taxonomy":"product_cat","embeddable":true,"href":"https:\/\/beutox.com\/es\/wp-json\/wp\/v2\/product_cat?post=868"},{"taxonomy":"product_tag","embeddable":true,"href":"https:\/\/beutox.com\/es\/wp-json\/wp\/v2\/product_tag?post=868"}],"curies":[{"name":"wp","href":"https:\/\/api.w.org\/{rel}","templated":true}]}}