{"id":791,"date":"2025-12-19T16:14:31","date_gmt":"2025-12-19T16:14:31","guid":{"rendered":"https:\/\/beutox.com\/product\/fillmed-filorga-nctf-135ha\/"},"modified":"2025-12-19T16:14:31","modified_gmt":"2025-12-19T16:14:31","slug":"fillmed-filorga-nctf-135ha","status":"publish","type":"product","link":"https:\/\/beutox.com\/es\/product\/fillmed-filorga-nctf-135ha\/","title":{"rendered":"Fillmed Filorga Nctf 135ha"},"content":{"rendered":"<h3 data-path-to-node=\"4\"><b data-path-to-node=\"4\" data-index-in-node=\"0\">Descubre el secreto de una luminosidad eterna<\/b><\/h3>\n<p data-path-to-node=\"5\">Eleve sus tratamientos est\u00e9ticos con <b data-path-to-node=\"5\" data-index-in-node=\"39\">Fillmed Filorga NCTF 135HA<\/b>, la soluci\u00f3n polirevitalizante l\u00edder para la mesoterapia avanzada. Esta innovadora f\u00f3rmula inyectable va m\u00e1s all\u00e1 de la simple hidrataci\u00f3n, ofreciendo un enfoque verdaderamente global contra el envejecimiento que se dirige a las causas ra\u00edz y las consecuencias visibles del deterioro de la piel. <\/p>\n<h3 data-path-to-node=\"6\"><b data-path-to-node=\"6\" data-index-in-node=\"0\">La diferencia de NCTF: una f\u00f3rmula potente<\/b><\/h3>\n<p data-path-to-node=\"7\">Lo que distingue a NCTF 135HA es su composici\u00f3n patentada y cl\u00ednicamente probada. Cada vial es un c\u00f3ctel completo de reconstrucci\u00f3n de la piel, que contiene <b data-path-to-node=\"7\" data-index-in-node=\"135\">5 mg\/ml de \u00e1cido hialur\u00f3nico no reticulado (HA)<\/b>, reconocido por su excepcional capacidad para restaurar la densidad, la elasticidad y la hidrataci\u00f3n profunda de la piel. <\/p>\n<p data-path-to-node=\"8\">Pero la verdadera magia reside en los <b data-path-to-node=\"8\" data-index-in-node=\"31\">59 ingredientes activos<\/b> que componen el legendario complejo NCTF:<\/p>\n<ul data-path-to-node=\"9\">\n<li>\n<p data-path-to-node=\"9,0,0\"><b data-path-to-node=\"9,0,0\" data-index-in-node=\"0\">12 vitaminas:<\/b> Estimulan las funciones celulares vitales.<\/p>\n<\/li>\n<li>\n<p data-path-to-node=\"9,1,0\"><b data-path-to-node=\"9,1,0\" data-index-in-node=\"0\">24 amino\u00e1cidos:<\/b> Elementos esenciales para la formaci\u00f3n de col\u00e1geno y elastina.<\/p>\n<\/li>\n<li>\n<p data-path-to-node=\"9,2,0\"><b data-path-to-node=\"9,2,0\" data-index-in-node=\"0\">6 coenzimas:<\/b> Aceleran los intercambios metab\u00f3licos y la reparaci\u00f3n de los tejidos.<\/p>\n<\/li>\n<li>\n<p data-path-to-node=\"9,3,0\"><b data-path-to-node=\"9,3,0\" data-index-in-node=\"0\">5 bases nucleicas:<\/b> Permiten la comunicaci\u00f3n celular y la s\u00edntesis de prote\u00ednas.<\/p>\n<\/li>\n<li>\n<p data-path-to-node=\"9,4,0\"><b data-path-to-node=\"9,4,0\" data-index-in-node=\"0\">4 minerales y 2 antioxidantes:<\/b> Protegen la piel de los radicales libres y mantienen el equilibrio biol\u00f3gico.<\/p>\n<\/li>\n<\/ul>\n<h3 data-path-to-node=\"10\"><b data-path-to-node=\"10\" data-index-in-node=\"0\">Resultados visibles, transformaci\u00f3n profunda<\/b><\/h3>\n<p data-path-to-node=\"11\">Administrado mediante microinyecciones (o m\u00e9todos de aplicaci\u00f3n avanzados como el microneedling), NCTF 135HA introduce directamente estos nutrientes en la dermis. El resultado es una profunda <b data-path-to-node=\"11\" data-index-in-node=\"177\">biorevitalizaci\u00f3n<\/b> que se hace visible desde las primeras sesiones: <\/p>\n<ul data-path-to-node=\"12\">\n<li>\n<p data-path-to-node=\"12,0,0\"><b data-path-to-node=\"12,0,0\" data-index-in-node=\"0\">Hidrataci\u00f3n intensa:<\/b> Repone la humedad perdida para un aspecto terso y radiante.<\/p>\n<\/li>\n<li>\n<p data-path-to-node=\"12,1,0\"><b data-path-to-node=\"12,1,0\" data-index-in-node=\"0\">Reducci\u00f3n de arrugas:<\/b> Suaviza las l\u00edneas de expresi\u00f3n y las arrugas superficiales.<\/p>\n<\/li>\n<li>\n<p data-path-to-node=\"12,2,0\"><b data-path-to-node=\"12,2,0\" data-index-in-node=\"0\">Luminosidad mejorada:<\/b> Restaura un cutis sano y uniforme y maximiza la luminosidad.<\/p>\n<\/li>\n<li>\n<p data-path-to-node=\"12,3,0\"><b data-path-to-node=\"12,3,0\" data-index-in-node=\"0\">Elasticidad mejorada:<\/b> Reafirma y redensifica la estructura de soporte de la piel.<\/p>\n<\/li>\n<\/ul>\n<p data-path-to-node=\"13\">Recomendado para el rostro, el cuello, el escote y las manos, NCTF 135HA es el est\u00e1ndar de oro para tratar la piel apagada, cansada o madura. Ofrezca a sus clientes el pin\u00e1culo de la regeneraci\u00f3n celular y sea testigo de una piel que realmente prospera, que irradia vitalidad renovada y resistencia juvenil. <\/p>\n<p data-path-to-node=\"14\"><b data-path-to-node=\"14\" data-index-in-node=\"0\">Nota para profesionales: Este producto est\u00e1 dise\u00f1ado para ser inyectado \u00fanicamente por profesionales de la est\u00e9tica capacitados.<\/b><\/p>\n","protected":false},"excerpt":{"rendered":"<p><b data-path-to-node=\"17\" data-index-in-node=\"0\">Fillmed Filorga NCTF 135HA<\/b> es una soluci\u00f3n de mesoterapia avanzada para la revitalizaci\u00f3n completa de la piel. Contiene <b data-path-to-node=\"17\" data-index-in-node=\"109\">5 mg\/ml de \u00e1cido hialur\u00f3nico no reticulado<\/b> combinado con el patentado <b data-path-to-node=\"17\" data-index-in-node=\"179\">complejo NCTF\u00ae<\/b>, un c\u00f3ctel de <b data-path-to-node=\"17\" data-index-in-node=\"208\">59 ingredientes activos<\/b> (vitaminas, amino\u00e1cidos, minerales). Esta potente f\u00f3rmula hidrata intensamente, suaviza las l\u00edneas de expresi\u00f3n y aumenta la luminosidad, proporcionando profundos efectos antiedad desde el nivel celular.  <\/p>\n","protected":false},"featured_media":231,"comment_status":"open","ping_status":"closed","template":"","meta":[],"product_brand":[],"product_cat":[84,73],"product_tag":[],"class_list":{"0":"post-791","1":"product","2":"type-product","3":"status-publish","4":"has-post-thumbnail","6":"product_cat-productos-de-mesoterapia","7":"product_cat-rellenos-dermicos","9":"first","10":"instock","11":"shipping-taxable","12":"purchasable","13":"product-type-simple"},"yoast_head":"<!-- This site is optimized with the Yoast SEO plugin v26.6 - https:\/\/yoast.com\/wordpress\/plugins\/seo\/ -->\n<title>Comprar Fillmed Filorga Nctf 135ha Online - Beutox.com<\/title>\n<meta name=\"robots\" content=\"index, follow, max-snippet:-1, max-image-preview:large, max-video-preview:-1\" \/>\n<link rel=\"canonical\" href=\"https:\/\/beutox.com\/es\/product\/fillmed-filorga-nctf-135ha\/\" \/>\n<meta property=\"og:locale\" content=\"es_ES\" \/>\n<meta property=\"og:type\" content=\"article\" \/>\n<meta property=\"og:title\" content=\"Comprar Fillmed Filorga Nctf 135ha Online - Beutox.com\" \/>\n<meta property=\"og:description\" content=\"Fillmed Filorga NCTF 135HA es una soluci\u00f3n de mesoterapia avanzada para la revitalizaci\u00f3n completa de la piel. Contiene 5 mg\/ml de \u00e1cido hialur\u00f3nico no reticulado combinado con el patentado complejo NCTF\u00ae, un c\u00f3ctel de 59 ingredientes activos (vitaminas, amino\u00e1cidos, minerales). Esta potente f\u00f3rmula hidrata intensamente, suaviza las l\u00edneas de expresi\u00f3n y aumenta la luminosidad, proporcionando profundos efectos antiedad desde el nivel celular.\" \/>\n<meta property=\"og:url\" content=\"https:\/\/beutox.com\/es\/product\/fillmed-filorga-nctf-135ha\/\" \/>\n<meta property=\"og:site_name\" content=\"Beutox.com\" \/>\n<meta property=\"og:image\" content=\"https:\/\/beutox.com\/wp-content\/uploads\/2025\/12\/fillmed-nctf-135ha-1.jpg\" \/>\n\t<meta property=\"og:image:width\" content=\"800\" \/>\n\t<meta property=\"og:image:height\" content=\"800\" \/>\n\t<meta property=\"og:image:type\" content=\"image\/jpeg\" \/>\n<meta name=\"twitter:card\" content=\"summary_large_image\" \/>\n<meta name=\"twitter:label1\" content=\"Tiempo de lectura\" \/>\n\t<meta name=\"twitter:data1\" content=\"2 minutos\" \/>\n<script type=\"application\/ld+json\" class=\"yoast-schema-graph\">{\"@context\":\"https:\/\/schema.org\",\"@graph\":[{\"@type\":\"WebPage\",\"@id\":\"https:\/\/beutox.com\/es\/product\/fillmed-filorga-nctf-135ha\/\",\"url\":\"https:\/\/beutox.com\/es\/product\/fillmed-filorga-nctf-135ha\/\",\"name\":\"Comprar Fillmed Filorga Nctf 135ha Online - Beutox.com\",\"isPartOf\":{\"@id\":\"https:\/\/beutox.com\/es\/#website\"},\"primaryImageOfPage\":{\"@id\":\"https:\/\/beutox.com\/es\/product\/fillmed-filorga-nctf-135ha\/#primaryimage\"},\"image\":{\"@id\":\"https:\/\/beutox.com\/es\/product\/fillmed-filorga-nctf-135ha\/#primaryimage\"},\"thumbnailUrl\":\"https:\/\/beutox.com\/wp-content\/uploads\/2025\/12\/fillmed-nctf-135ha-1.jpg\",\"datePublished\":\"2025-12-19T16:14:31+00:00\",\"breadcrumb\":{\"@id\":\"https:\/\/beutox.com\/es\/product\/fillmed-filorga-nctf-135ha\/#breadcrumb\"},\"inLanguage\":\"es\",\"potentialAction\":[{\"@type\":\"ReadAction\",\"target\":[\"https:\/\/beutox.com\/es\/product\/fillmed-filorga-nctf-135ha\/\"]}]},{\"@type\":\"ImageObject\",\"inLanguage\":\"es\",\"@id\":\"https:\/\/beutox.com\/es\/product\/fillmed-filorga-nctf-135ha\/#primaryimage\",\"url\":\"https:\/\/beutox.com\/wp-content\/uploads\/2025\/12\/fillmed-nctf-135ha-1.jpg\",\"contentUrl\":\"https:\/\/beutox.com\/wp-content\/uploads\/2025\/12\/fillmed-nctf-135ha-1.jpg\",\"width\":800,\"height\":800},{\"@type\":\"BreadcrumbList\",\"@id\":\"https:\/\/beutox.com\/es\/product\/fillmed-filorga-nctf-135ha\/#breadcrumb\",\"itemListElement\":[{\"@type\":\"ListItem\",\"position\":1,\"name\":\"Inicio\",\"item\":\"https:\/\/beutox.com\/es\/inicio\/\"},{\"@type\":\"ListItem\",\"position\":2,\"name\":\"Tienda\",\"item\":\"https:\/\/beutox.com\/shop\/\"},{\"@type\":\"ListItem\",\"position\":3,\"name\":\"Fillmed Filorga Nctf 135ha\"}]},{\"@type\":\"WebSite\",\"@id\":\"https:\/\/beutox.com\/es\/#website\",\"url\":\"https:\/\/beutox.com\/es\/\",\"name\":\"Beutox.com\",\"description\":\"Buy botox online, We ship to USA, UK, Canada, Australia, EU, Saudi Arabia and the rest of the world\",\"potentialAction\":[{\"@type\":\"SearchAction\",\"target\":{\"@type\":\"EntryPoint\",\"urlTemplate\":\"https:\/\/beutox.com\/es\/?s={search_term_string}\"},\"query-input\":{\"@type\":\"PropertyValueSpecification\",\"valueRequired\":true,\"valueName\":\"search_term_string\"}}],\"inLanguage\":\"es\"}]}<\/script>\n<!-- \/ Yoast SEO plugin. -->","yoast_head_json":{"title":"Comprar Fillmed Filorga Nctf 135ha Online - Beutox.com","robots":{"index":"index","follow":"follow","max-snippet":"max-snippet:-1","max-image-preview":"max-image-preview:large","max-video-preview":"max-video-preview:-1"},"canonical":"https:\/\/beutox.com\/es\/product\/fillmed-filorga-nctf-135ha\/","og_locale":"es_ES","og_type":"article","og_title":"Comprar Fillmed Filorga Nctf 135ha Online - Beutox.com","og_description":"Fillmed Filorga NCTF 135HA es una soluci\u00f3n de mesoterapia avanzada para la revitalizaci\u00f3n completa de la piel. Contiene 5 mg\/ml de \u00e1cido hialur\u00f3nico no reticulado combinado con el patentado complejo NCTF\u00ae, un c\u00f3ctel de 59 ingredientes activos (vitaminas, amino\u00e1cidos, minerales). Esta potente f\u00f3rmula hidrata intensamente, suaviza las l\u00edneas de expresi\u00f3n y aumenta la luminosidad, proporcionando profundos efectos antiedad desde el nivel celular.","og_url":"https:\/\/beutox.com\/es\/product\/fillmed-filorga-nctf-135ha\/","og_site_name":"Beutox.com","og_image":[{"width":800,"height":800,"url":"https:\/\/beutox.com\/wp-content\/uploads\/2025\/12\/fillmed-nctf-135ha-1.jpg","type":"image\/jpeg"}],"twitter_card":"summary_large_image","twitter_misc":{"Tiempo de lectura":"2 minutos"},"schema":{"@context":"https:\/\/schema.org","@graph":[{"@type":"WebPage","@id":"https:\/\/beutox.com\/es\/product\/fillmed-filorga-nctf-135ha\/","url":"https:\/\/beutox.com\/es\/product\/fillmed-filorga-nctf-135ha\/","name":"Comprar Fillmed Filorga Nctf 135ha Online - Beutox.com","isPartOf":{"@id":"https:\/\/beutox.com\/es\/#website"},"primaryImageOfPage":{"@id":"https:\/\/beutox.com\/es\/product\/fillmed-filorga-nctf-135ha\/#primaryimage"},"image":{"@id":"https:\/\/beutox.com\/es\/product\/fillmed-filorga-nctf-135ha\/#primaryimage"},"thumbnailUrl":"https:\/\/beutox.com\/wp-content\/uploads\/2025\/12\/fillmed-nctf-135ha-1.jpg","datePublished":"2025-12-19T16:14:31+00:00","breadcrumb":{"@id":"https:\/\/beutox.com\/es\/product\/fillmed-filorga-nctf-135ha\/#breadcrumb"},"inLanguage":"es","potentialAction":[{"@type":"ReadAction","target":["https:\/\/beutox.com\/es\/product\/fillmed-filorga-nctf-135ha\/"]}]},{"@type":"ImageObject","inLanguage":"es","@id":"https:\/\/beutox.com\/es\/product\/fillmed-filorga-nctf-135ha\/#primaryimage","url":"https:\/\/beutox.com\/wp-content\/uploads\/2025\/12\/fillmed-nctf-135ha-1.jpg","contentUrl":"https:\/\/beutox.com\/wp-content\/uploads\/2025\/12\/fillmed-nctf-135ha-1.jpg","width":800,"height":800},{"@type":"BreadcrumbList","@id":"https:\/\/beutox.com\/es\/product\/fillmed-filorga-nctf-135ha\/#breadcrumb","itemListElement":[{"@type":"ListItem","position":1,"name":"Inicio","item":"https:\/\/beutox.com\/es\/inicio\/"},{"@type":"ListItem","position":2,"name":"Tienda","item":"https:\/\/beutox.com\/shop\/"},{"@type":"ListItem","position":3,"name":"Fillmed Filorga Nctf 135ha"}]},{"@type":"WebSite","@id":"https:\/\/beutox.com\/es\/#website","url":"https:\/\/beutox.com\/es\/","name":"Beutox.com","description":"Buy botox online, We ship to USA, UK, Canada, Australia, EU, Saudi Arabia and the rest of the world","potentialAction":[{"@type":"SearchAction","target":{"@type":"EntryPoint","urlTemplate":"https:\/\/beutox.com\/es\/?s={search_term_string}"},"query-input":{"@type":"PropertyValueSpecification","valueRequired":true,"valueName":"search_term_string"}}],"inLanguage":"es"}]}},"_links":{"self":[{"href":"https:\/\/beutox.com\/es\/wp-json\/wp\/v2\/product\/791","targetHints":{"allow":["GET"]}}],"collection":[{"href":"https:\/\/beutox.com\/es\/wp-json\/wp\/v2\/product"}],"about":[{"href":"https:\/\/beutox.com\/es\/wp-json\/wp\/v2\/types\/product"}],"replies":[{"embeddable":true,"href":"https:\/\/beutox.com\/es\/wp-json\/wp\/v2\/comments?post=791"}],"wp:featuredmedia":[{"embeddable":true,"href":"https:\/\/beutox.com\/es\/wp-json\/wp\/v2\/media\/231"}],"wp:attachment":[{"href":"https:\/\/beutox.com\/es\/wp-json\/wp\/v2\/media?parent=791"}],"wp:term":[{"taxonomy":"product_brand","embeddable":true,"href":"https:\/\/beutox.com\/es\/wp-json\/wp\/v2\/product_brand?post=791"},{"taxonomy":"product_cat","embeddable":true,"href":"https:\/\/beutox.com\/es\/wp-json\/wp\/v2\/product_cat?post=791"},{"taxonomy":"product_tag","embeddable":true,"href":"https:\/\/beutox.com\/es\/wp-json\/wp\/v2\/product_tag?post=791"}],"curies":[{"name":"wp","href":"https:\/\/api.w.org\/{rel}","templated":true}]}}