{"id":713,"date":"2025-12-19T12:19:40","date_gmt":"2025-12-19T12:19:40","guid":{"rendered":"https:\/\/beutox.com\/product\/daxxify-toxina-botulinica-tipo-a-100-ui\/"},"modified":"2026-02-10T00:28:08","modified_gmt":"2026-02-10T00:28:08","slug":"daxxify-toxina-botulinica-tipo-a-100-ui","status":"publish","type":"product","link":"https:\/\/beutox.com\/es\/product\/daxxify-toxina-botulinica-tipo-a-100-ui\/","title":{"rendered":"Daxxify Toxina botul\u00ednica tipo A 100 UI"},"content":{"rendered":"<p data-path-to-node=\"2\"><b data-path-to-node=\"2\" data-index-in-node=\"0\">Desbloqueando la belleza atemporal: Presentamos DAXXIFY\u00ae (DaxibotulinumtoxinA-lanm) 100 UI<\/b><\/p>\n<p data-path-to-node=\"3\">Ad\u00e9ntrese en el futuro de la ciencia est\u00e9tica con DAXXIFY\u00ae, la \u00faltima innovaci\u00f3n que establece un nuevo est\u00e1ndar en el mundo de los inyectables. Dise\u00f1ado para el individuo exigente y el profesional moderno, DAXXIFY\u00ae (DaxibotulinumtoxinA-lanm) 100 UI no es solo otro producto, es un cambio de paradigma en la b\u00fasqueda de una piel joven y tersa. <\/p>\n<p data-path-to-node=\"4\">Lo que distingue a DAXXIFY\u00ae es su innovadora tecnolog\u00eda de intercambio de p\u00e9ptidos. A diferencia de las formulaciones tradicionales, esta estructura \u00fanica permite que la toxina botul\u00ednica tipo A activa ofrezca resultados excepcionales y duraderos. Para sus clientes, esto significa menos citas y una reducci\u00f3n sostenida y de aspecto natural de las l\u00edneas de expresi\u00f3n moderadas a graves (l\u00edneas glabelares). Imagine ofrecer una soluci\u00f3n que les mantenga con el mejor aspecto durante un per\u00edodo prolongado, mejorando la satisfacci\u00f3n y la fidelidad del cliente.   <\/p>\n<p data-path-to-node=\"5\">Nuestro vial de 100 UI se fabrica meticulosamente bajo los m\u00e1s altos controles de calidad, lo que garantiza la pureza y la eficacia constante con cada uso. Es una herramienta poderosa en su kit de herramientas est\u00e9ticas, que proporciona la precisi\u00f3n y la fiabilidad necesarias para lograr resultados predecibles y hermosos. Este producto es ideal para las pr\u00e1cticas est\u00e9ticas que buscan elevar su oferta de servicios y atender a los clientes que buscan el pin\u00e1culo del rendimiento neuromodulador.  <\/p>\n<p data-path-to-node=\"6\">M\u00e1s all\u00e1 de su eficacia, elegir DAXXIFY\u00ae demuestra un compromiso con la innovaci\u00f3n y la atenci\u00f3n premium. Es una inversi\u00f3n en un producto que ofrece un valor tangible a trav\u00e9s de su notable poder de permanencia. Proporcione a sus clientes la confianza que proviene de una apariencia renovada y revitalizada, impulsada por la pr\u00f3xima generaci\u00f3n de tratamientos est\u00e9ticos.  <\/p>\n<p data-path-to-node=\"7\"><b data-path-to-node=\"7\" data-index-in-node=\"0\">Beneficios clave para su consulta:<\/b><\/p>\n<ul data-path-to-node=\"8\">\n<li>\n<p data-path-to-node=\"8,0,0\"><b data-path-to-node=\"8,0,0\" data-index-in-node=\"0\">Eficacia prolongada:<\/b> Ofrece una duraci\u00f3n del efecto significativamente mayor en comparaci\u00f3n con los neuromoduladores de generaciones anteriores.<\/p>\n<\/li>\n<li>\n<p data-path-to-node=\"8,1,0\"><b data-path-to-node=\"8,1,0\" data-index-in-node=\"0\">Potenciado por p\u00e9ptidos:<\/b> Utiliza un p\u00e9ptido estabilizador \u00fanico que mejora la absorci\u00f3n y la longevidad del producto.<\/p>\n<\/li>\n<li>\n<p data-path-to-node=\"8,2,0\"><b data-path-to-node=\"8,2,0\" data-index-in-node=\"0\">Oferta premium:<\/b> Posiciona su consulta a la vanguardia de la tecnolog\u00eda est\u00e9tica.<\/p>\n<\/li>\n<li>\n<p data-path-to-node=\"8,3,0\"><b data-path-to-node=\"8,3,0\" data-index-in-node=\"0\">Precisi\u00f3n y pureza:<\/b> Calidad garantizada para resultados predecibles y reproducibles.<\/p>\n<\/li>\n<\/ul>\n<p data-path-to-node=\"9\">Eleve su consulta est\u00e9tica hoy mismo. Elija DAXXIFY\u00ae 100 UI, donde la ciencia se une a la belleza perdurable. <\/p>\n","protected":false},"excerpt":{"rendered":"<p>Precios a petici\u00f3n para profesionales sanitarios. P\u00f3ngase en contacto con nosotros en info@beutox.com para conocer la disponibilidad actual y las condiciones B2B. <\/p>\n","protected":false},"featured_media":714,"comment_status":"open","ping_status":"closed","template":"","meta":[],"product_brand":[],"product_cat":[69],"product_tag":[],"class_list":{"0":"post-713","1":"product","2":"type-product","3":"status-publish","4":"has-post-thumbnail","6":"product_cat-botox","8":"first","9":"instock","10":"shipping-taxable","11":"product-type-simple"},"yoast_head":"<!-- This site is optimized with the Yoast SEO plugin v26.6 - https:\/\/yoast.com\/wordpress\/plugins\/seo\/ -->\n<title>Comprar Daxxify Toxina botul\u00ednica tipo A 100 UI Online - Beutox.com<\/title>\n<meta name=\"description\" content=\"Solicite Daxxify 100 Unidades: el primer neuromodulador de larga duraci\u00f3n mejorado con p\u00e9ptidos para uso profesional. Toxina botul\u00ednica tipo A de grado cl\u00ednico. Se requiere licencia m\u00e9dica o receta v\u00e1lida. Env\u00edo seguro con cadena de fr\u00edo para centros de est\u00e9tica autorizados.\" \/>\n<meta name=\"robots\" content=\"index, follow, max-snippet:-1, max-image-preview:large, max-video-preview:-1\" \/>\n<link rel=\"canonical\" href=\"https:\/\/beutox.com\/es\/product\/daxxify-toxina-botulinica-tipo-a-100-ui\/\" \/>\n<meta property=\"og:locale\" content=\"es_ES\" \/>\n<meta property=\"og:type\" content=\"article\" \/>\n<meta property=\"og:title\" content=\"Comprar Daxxify Toxina botul\u00ednica tipo A 100 UI Online - Beutox.com\" \/>\n<meta property=\"og:description\" content=\"Solicite Daxxify 100 Unidades: el primer neuromodulador de larga duraci\u00f3n mejorado con p\u00e9ptidos para uso profesional. Toxina botul\u00ednica tipo A de grado cl\u00ednico. Se requiere licencia m\u00e9dica o receta v\u00e1lida. Env\u00edo seguro con cadena de fr\u00edo para centros de est\u00e9tica autorizados.\" \/>\n<meta property=\"og:url\" content=\"https:\/\/beutox.com\/es\/product\/daxxify-toxina-botulinica-tipo-a-100-ui\/\" \/>\n<meta property=\"og:site_name\" content=\"Beutox.com\" \/>\n<meta property=\"article:modified_time\" content=\"2026-02-10T00:28:08+00:00\" \/>\n<meta property=\"og:image\" content=\"https:\/\/beutox.com\/wp-content\/uploads\/2025\/12\/Daxxify-Botulinum-toxin-type-A-100IU.jpg\" \/>\n\t<meta property=\"og:image:width\" content=\"1026\" \/>\n\t<meta property=\"og:image:height\" content=\"1024\" \/>\n\t<meta property=\"og:image:type\" content=\"image\/jpeg\" \/>\n<meta name=\"twitter:card\" content=\"summary_large_image\" \/>\n<meta name=\"twitter:label1\" content=\"Tiempo de lectura\" \/>\n\t<meta name=\"twitter:data1\" content=\"2 minutos\" \/>\n<script type=\"application\/ld+json\" class=\"yoast-schema-graph\">{\"@context\":\"https:\/\/schema.org\",\"@graph\":[{\"@type\":\"WebPage\",\"@id\":\"https:\/\/beutox.com\/es\/product\/daxxify-toxina-botulinica-tipo-a-100-ui\/\",\"url\":\"https:\/\/beutox.com\/es\/product\/daxxify-toxina-botulinica-tipo-a-100-ui\/\",\"name\":\"Comprar Daxxify Toxina botul\u00ednica tipo A 100 UI Online - Beutox.com\",\"isPartOf\":{\"@id\":\"https:\/\/beutox.com\/es\/#website\"},\"primaryImageOfPage\":{\"@id\":\"https:\/\/beutox.com\/es\/product\/daxxify-toxina-botulinica-tipo-a-100-ui\/#primaryimage\"},\"image\":{\"@id\":\"https:\/\/beutox.com\/es\/product\/daxxify-toxina-botulinica-tipo-a-100-ui\/#primaryimage\"},\"thumbnailUrl\":\"https:\/\/beutox.com\/wp-content\/uploads\/2025\/12\/Daxxify-Botulinum-toxin-type-A-100IU.jpg\",\"datePublished\":\"2025-12-19T12:19:40+00:00\",\"dateModified\":\"2026-02-10T00:28:08+00:00\",\"description\":\"Solicite Daxxify 100 Unidades: el primer neuromodulador de larga duraci\u00f3n mejorado con p\u00e9ptidos para uso profesional. Toxina botul\u00ednica tipo A de grado cl\u00ednico. Se requiere licencia m\u00e9dica o receta v\u00e1lida. Env\u00edo seguro con cadena de fr\u00edo para centros de est\u00e9tica autorizados.\",\"breadcrumb\":{\"@id\":\"https:\/\/beutox.com\/es\/product\/daxxify-toxina-botulinica-tipo-a-100-ui\/#breadcrumb\"},\"inLanguage\":\"es\",\"potentialAction\":[{\"@type\":\"ReadAction\",\"target\":[\"https:\/\/beutox.com\/es\/product\/daxxify-toxina-botulinica-tipo-a-100-ui\/\"]}]},{\"@type\":\"ImageObject\",\"inLanguage\":\"es\",\"@id\":\"https:\/\/beutox.com\/es\/product\/daxxify-toxina-botulinica-tipo-a-100-ui\/#primaryimage\",\"url\":\"https:\/\/beutox.com\/wp-content\/uploads\/2025\/12\/Daxxify-Botulinum-toxin-type-A-100IU.jpg\",\"contentUrl\":\"https:\/\/beutox.com\/wp-content\/uploads\/2025\/12\/Daxxify-Botulinum-toxin-type-A-100IU.jpg\",\"width\":1026,\"height\":1024},{\"@type\":\"BreadcrumbList\",\"@id\":\"https:\/\/beutox.com\/es\/product\/daxxify-toxina-botulinica-tipo-a-100-ui\/#breadcrumb\",\"itemListElement\":[{\"@type\":\"ListItem\",\"position\":1,\"name\":\"Inicio\",\"item\":\"https:\/\/beutox.com\/es\/inicio\/\"},{\"@type\":\"ListItem\",\"position\":2,\"name\":\"Tienda\",\"item\":\"https:\/\/beutox.com\/shop\/\"},{\"@type\":\"ListItem\",\"position\":3,\"name\":\"Daxxify Toxina botul\u00ednica tipo A 100 UI\"}]},{\"@type\":\"WebSite\",\"@id\":\"https:\/\/beutox.com\/es\/#website\",\"url\":\"https:\/\/beutox.com\/es\/\",\"name\":\"Beutox.com\",\"description\":\"Buy botox online, We ship to USA, UK, Canada, Australia, EU, Saudi Arabia and the rest of the world\",\"potentialAction\":[{\"@type\":\"SearchAction\",\"target\":{\"@type\":\"EntryPoint\",\"urlTemplate\":\"https:\/\/beutox.com\/es\/?s={search_term_string}\"},\"query-input\":{\"@type\":\"PropertyValueSpecification\",\"valueRequired\":true,\"valueName\":\"search_term_string\"}}],\"inLanguage\":\"es\"}]}<\/script>\n<!-- \/ Yoast SEO plugin. -->","yoast_head_json":{"title":"Comprar Daxxify Toxina botul\u00ednica tipo A 100 UI Online - Beutox.com","description":"Solicite Daxxify 100 Unidades: el primer neuromodulador de larga duraci\u00f3n mejorado con p\u00e9ptidos para uso profesional. Toxina botul\u00ednica tipo A de grado cl\u00ednico. Se requiere licencia m\u00e9dica o receta v\u00e1lida. Env\u00edo seguro con cadena de fr\u00edo para centros de est\u00e9tica autorizados.","robots":{"index":"index","follow":"follow","max-snippet":"max-snippet:-1","max-image-preview":"max-image-preview:large","max-video-preview":"max-video-preview:-1"},"canonical":"https:\/\/beutox.com\/es\/product\/daxxify-toxina-botulinica-tipo-a-100-ui\/","og_locale":"es_ES","og_type":"article","og_title":"Comprar Daxxify Toxina botul\u00ednica tipo A 100 UI Online - Beutox.com","og_description":"Solicite Daxxify 100 Unidades: el primer neuromodulador de larga duraci\u00f3n mejorado con p\u00e9ptidos para uso profesional. Toxina botul\u00ednica tipo A de grado cl\u00ednico. Se requiere licencia m\u00e9dica o receta v\u00e1lida. Env\u00edo seguro con cadena de fr\u00edo para centros de est\u00e9tica autorizados.","og_url":"https:\/\/beutox.com\/es\/product\/daxxify-toxina-botulinica-tipo-a-100-ui\/","og_site_name":"Beutox.com","article_modified_time":"2026-02-10T00:28:08+00:00","og_image":[{"width":1026,"height":1024,"url":"https:\/\/beutox.com\/wp-content\/uploads\/2025\/12\/Daxxify-Botulinum-toxin-type-A-100IU.jpg","type":"image\/jpeg"}],"twitter_card":"summary_large_image","twitter_misc":{"Tiempo de lectura":"2 minutos"},"schema":{"@context":"https:\/\/schema.org","@graph":[{"@type":"WebPage","@id":"https:\/\/beutox.com\/es\/product\/daxxify-toxina-botulinica-tipo-a-100-ui\/","url":"https:\/\/beutox.com\/es\/product\/daxxify-toxina-botulinica-tipo-a-100-ui\/","name":"Comprar Daxxify Toxina botul\u00ednica tipo A 100 UI Online - Beutox.com","isPartOf":{"@id":"https:\/\/beutox.com\/es\/#website"},"primaryImageOfPage":{"@id":"https:\/\/beutox.com\/es\/product\/daxxify-toxina-botulinica-tipo-a-100-ui\/#primaryimage"},"image":{"@id":"https:\/\/beutox.com\/es\/product\/daxxify-toxina-botulinica-tipo-a-100-ui\/#primaryimage"},"thumbnailUrl":"https:\/\/beutox.com\/wp-content\/uploads\/2025\/12\/Daxxify-Botulinum-toxin-type-A-100IU.jpg","datePublished":"2025-12-19T12:19:40+00:00","dateModified":"2026-02-10T00:28:08+00:00","description":"Solicite Daxxify 100 Unidades: el primer neuromodulador de larga duraci\u00f3n mejorado con p\u00e9ptidos para uso profesional. Toxina botul\u00ednica tipo A de grado cl\u00ednico. Se requiere licencia m\u00e9dica o receta v\u00e1lida. Env\u00edo seguro con cadena de fr\u00edo para centros de est\u00e9tica autorizados.","breadcrumb":{"@id":"https:\/\/beutox.com\/es\/product\/daxxify-toxina-botulinica-tipo-a-100-ui\/#breadcrumb"},"inLanguage":"es","potentialAction":[{"@type":"ReadAction","target":["https:\/\/beutox.com\/es\/product\/daxxify-toxina-botulinica-tipo-a-100-ui\/"]}]},{"@type":"ImageObject","inLanguage":"es","@id":"https:\/\/beutox.com\/es\/product\/daxxify-toxina-botulinica-tipo-a-100-ui\/#primaryimage","url":"https:\/\/beutox.com\/wp-content\/uploads\/2025\/12\/Daxxify-Botulinum-toxin-type-A-100IU.jpg","contentUrl":"https:\/\/beutox.com\/wp-content\/uploads\/2025\/12\/Daxxify-Botulinum-toxin-type-A-100IU.jpg","width":1026,"height":1024},{"@type":"BreadcrumbList","@id":"https:\/\/beutox.com\/es\/product\/daxxify-toxina-botulinica-tipo-a-100-ui\/#breadcrumb","itemListElement":[{"@type":"ListItem","position":1,"name":"Inicio","item":"https:\/\/beutox.com\/es\/inicio\/"},{"@type":"ListItem","position":2,"name":"Tienda","item":"https:\/\/beutox.com\/shop\/"},{"@type":"ListItem","position":3,"name":"Daxxify Toxina botul\u00ednica tipo A 100 UI"}]},{"@type":"WebSite","@id":"https:\/\/beutox.com\/es\/#website","url":"https:\/\/beutox.com\/es\/","name":"Beutox.com","description":"Buy botox online, We ship to USA, UK, Canada, Australia, EU, Saudi Arabia and the rest of the world","potentialAction":[{"@type":"SearchAction","target":{"@type":"EntryPoint","urlTemplate":"https:\/\/beutox.com\/es\/?s={search_term_string}"},"query-input":{"@type":"PropertyValueSpecification","valueRequired":true,"valueName":"search_term_string"}}],"inLanguage":"es"}]}},"_links":{"self":[{"href":"https:\/\/beutox.com\/es\/wp-json\/wp\/v2\/product\/713","targetHints":{"allow":["GET"]}}],"collection":[{"href":"https:\/\/beutox.com\/es\/wp-json\/wp\/v2\/product"}],"about":[{"href":"https:\/\/beutox.com\/es\/wp-json\/wp\/v2\/types\/product"}],"replies":[{"embeddable":true,"href":"https:\/\/beutox.com\/es\/wp-json\/wp\/v2\/comments?post=713"}],"wp:featuredmedia":[{"embeddable":true,"href":"https:\/\/beutox.com\/es\/wp-json\/wp\/v2\/media\/714"}],"wp:attachment":[{"href":"https:\/\/beutox.com\/es\/wp-json\/wp\/v2\/media?parent=713"}],"wp:term":[{"taxonomy":"product_brand","embeddable":true,"href":"https:\/\/beutox.com\/es\/wp-json\/wp\/v2\/product_brand?post=713"},{"taxonomy":"product_cat","embeddable":true,"href":"https:\/\/beutox.com\/es\/wp-json\/wp\/v2\/product_cat?post=713"},{"taxonomy":"product_tag","embeddable":true,"href":"https:\/\/beutox.com\/es\/wp-json\/wp\/v2\/product_tag?post=713"}],"curies":[{"name":"wp","href":"https:\/\/api.w.org\/{rel}","templated":true}]}}