{"id":695,"date":"2025-12-19T12:04:45","date_gmt":"2025-12-19T12:04:45","guid":{"rendered":"https:\/\/beutox.com\/product\/botox-200ui-botulax\/"},"modified":"2025-12-19T12:04:45","modified_gmt":"2025-12-19T12:04:45","slug":"botox-200ui-botulax","status":"publish","type":"product","link":"https:\/\/beutox.com\/es\/product\/botox-200ui-botulax\/","title":{"rendered":"Botox 200ui Botulax"},"content":{"rendered":"<p data-path-to-node=\"3\">\u00bfCansado de ver c\u00f3mo las l\u00edneas de expresi\u00f3n y las arrugas disminuyen su brillo natural? Ad\u00e9ntrese en el futuro del antienvejecimiento con <b data-path-to-node=\"3\" data-index-in-node=\"108\">Botulax 200 Unidades<\/b>, el tratamiento premium con toxina botul\u00ednica tipo A de Clostridium, creado por los principales expertos de Hugel Pharma. Esto no es solo un producto; es su nueva arma secreta para lograr un cutis m\u00e1s terso y juvenil con resultados de calidad profesional.  <\/p>\n<h3 data-path-to-node=\"4\">\ud83c\udfaf Precisi\u00f3n y pureza en cada vial<\/h3>\n<p data-path-to-node=\"5\">Botulax 200UI es famoso por su <b data-path-to-node=\"5\" data-index-in-node=\"34\">excepcional pureza<\/b> y su <b data-path-to-node=\"5\" data-index-in-node=\"57\">potencia constante<\/b>, lo que garantiza que reciba un tratamiento fiable y muy eficaz en cada ocasi\u00f3n. Desarrollado mediante biotecnolog\u00eda coreana avanzada, act\u00faa relajando temporalmente los m\u00fasculos responsables de las arrugas din\u00e1micas: esas molestas l\u00edneas que aparecen con las expresiones faciales. Ya sea que se dirija a las l\u00edneas de expresi\u00f3n (l\u00edneas glabelares), las patas de gallo o las arrugas de la frente, Botulax ofrece una soluci\u00f3n precisa y no quir\u00fargica.  <\/p>\n<h3 data-path-to-node=\"6\">\ud83c\udf1f Experimente la diferencia de Botulax<\/h3>\n<p data-path-to-node=\"7\">Lo que distingue a Botulax es su r\u00e1pida acci\u00f3n y su resultado predecible. Los usuarios informan con frecuencia que notan una piel m\u00e1s tersa y una apariencia renovada, a menudo a los pocos d\u00edas de la aplicaci\u00f3n, y el efecto completo suele asentarse en dos semanas. Los resultados son de aspecto natural, suavizan su expresi\u00f3n sin congelarla, lo que le ayuda a verse como la mejor versi\u00f3n de s\u00ed mismo, la m\u00e1s descansada.  <\/p>\n<p data-path-to-node=\"8\">Este vial de 200 unidades es la soluci\u00f3n ideal tanto para aplicaciones cosm\u00e9ticas espec\u00edficas como para usos terap\u00e9uticos m\u00e1s amplios, y ofrece una excelente relaci\u00f3n calidad-precio para profesionales y cl\u00ednicas. Su alta concentraci\u00f3n significa una mayor flexibilidad y eficacia para una variedad de planes de tratamiento. <\/p>\n<h3 data-path-to-node=\"9\">\u2705 Calidad de confianza, resultados visibles<\/h3>\n<p data-path-to-node=\"10\">Cuando elige Botulax, est\u00e1 eligiendo un producto con una trayectoria probada de seguridad y satisfacci\u00f3n a nivel mundial. Es un elemento esencial en las pr\u00e1cticas est\u00e9ticas profesionales, celebrado por ofrecer resultados duraderos y est\u00e9ticamente agradables. <\/p>\n<p data-path-to-node=\"11\"><b data-path-to-node=\"11\" data-index-in-node=\"0\">\u00bfListo para hacer retroceder el reloj?<\/b> A\u00f1ada <b data-path-to-node=\"11\" data-index-in-node=\"34\">Botulax 200UI<\/b> a su kit de herramientas profesional hoy mismo y descubra el secreto de una tersura y una confianza duraderas.<\/p>\n","protected":false},"excerpt":{"rendered":"<p data-path-to-node=\"3\">Desbloquee resultados antienvejecimiento superiores con <b data-path-to-node=\"3\" data-index-in-node=\"40\">Botulax 200 Unidades<\/b>, la toxina botul\u00ednica tipo A de Clostridium premium. Famoso por su <b data-path-to-node=\"3\" data-index-in-node=\"122\">alta pureza<\/b> y su <b data-path-to-node=\"3\" data-index-in-node=\"138\">potencia constante<\/b>, Botulax se dirige con precisi\u00f3n a las arrugas din\u00e1micas como las l\u00edneas de expresi\u00f3n y las patas de gallo. Consiga un cutis m\u00e1s terso y de aspecto natural con esta soluci\u00f3n de calidad profesional y de confianza. \u00a1Invierta hoy mismo en su luminosidad!  <\/p>\n","protected":false},"featured_media":696,"comment_status":"open","ping_status":"closed","template":"","meta":[],"product_brand":[],"product_cat":[69],"product_tag":[],"class_list":{"0":"post-695","1":"product","2":"type-product","3":"status-publish","4":"has-post-thumbnail","6":"product_cat-botox","8":"first","9":"instock","10":"shipping-taxable","11":"purchasable","12":"product-type-simple"},"yoast_head":"<!-- This site is optimized with the Yoast SEO plugin v26.6 - https:\/\/yoast.com\/wordpress\/plugins\/seo\/ -->\n<title>Comprar Botox 200ui Botulax Online - Beutox.com<\/title>\n<meta name=\"robots\" content=\"index, follow, max-snippet:-1, max-image-preview:large, max-video-preview:-1\" \/>\n<link rel=\"canonical\" href=\"https:\/\/beutox.com\/es\/product\/botox-200ui-botulax\/\" \/>\n<meta property=\"og:locale\" content=\"es_ES\" \/>\n<meta property=\"og:type\" content=\"article\" \/>\n<meta property=\"og:title\" content=\"Comprar Botox 200ui Botulax Online - Beutox.com\" \/>\n<meta property=\"og:description\" content=\"Desbloquee resultados antienvejecimiento superiores con Botulax 200 Unidades, la toxina botul\u00ednica tipo A de Clostridium premium. Famoso por su alta pureza y su potencia constante, Botulax se dirige con precisi\u00f3n a las arrugas din\u00e1micas como las l\u00edneas de expresi\u00f3n y las patas de gallo. Consiga un cutis m\u00e1s terso y de aspecto natural con esta soluci\u00f3n de calidad profesional y de confianza. \u00a1Invierta hoy mismo en su luminosidad!\" \/>\n<meta property=\"og:url\" content=\"https:\/\/beutox.com\/es\/product\/botox-200ui-botulax\/\" \/>\n<meta property=\"og:site_name\" content=\"Beutox.com\" \/>\n<meta property=\"og:image\" content=\"https:\/\/beutox.com\/wp-content\/uploads\/2025\/12\/Botox-200iu-Botulax.jpg\" \/>\n\t<meta property=\"og:image:width\" content=\"1024\" \/>\n\t<meta property=\"og:image:height\" content=\"1024\" \/>\n\t<meta property=\"og:image:type\" content=\"image\/jpeg\" \/>\n<meta name=\"twitter:card\" content=\"summary_large_image\" \/>\n<meta name=\"twitter:label1\" content=\"Tiempo de lectura\" \/>\n\t<meta name=\"twitter:data1\" content=\"2 minutos\" \/>\n<script type=\"application\/ld+json\" class=\"yoast-schema-graph\">{\"@context\":\"https:\/\/schema.org\",\"@graph\":[{\"@type\":\"WebPage\",\"@id\":\"https:\/\/beutox.com\/es\/product\/botox-200ui-botulax\/\",\"url\":\"https:\/\/beutox.com\/es\/product\/botox-200ui-botulax\/\",\"name\":\"Comprar Botox 200ui Botulax Online - Beutox.com\",\"isPartOf\":{\"@id\":\"https:\/\/beutox.com\/es\/#website\"},\"primaryImageOfPage\":{\"@id\":\"https:\/\/beutox.com\/es\/product\/botox-200ui-botulax\/#primaryimage\"},\"image\":{\"@id\":\"https:\/\/beutox.com\/es\/product\/botox-200ui-botulax\/#primaryimage\"},\"thumbnailUrl\":\"https:\/\/beutox.com\/wp-content\/uploads\/2025\/12\/Botox-200iu-Botulax.jpg\",\"datePublished\":\"2025-12-19T12:04:45+00:00\",\"breadcrumb\":{\"@id\":\"https:\/\/beutox.com\/es\/product\/botox-200ui-botulax\/#breadcrumb\"},\"inLanguage\":\"es\",\"potentialAction\":[{\"@type\":\"ReadAction\",\"target\":[\"https:\/\/beutox.com\/es\/product\/botox-200ui-botulax\/\"]}]},{\"@type\":\"ImageObject\",\"inLanguage\":\"es\",\"@id\":\"https:\/\/beutox.com\/es\/product\/botox-200ui-botulax\/#primaryimage\",\"url\":\"https:\/\/beutox.com\/wp-content\/uploads\/2025\/12\/Botox-200iu-Botulax.jpg\",\"contentUrl\":\"https:\/\/beutox.com\/wp-content\/uploads\/2025\/12\/Botox-200iu-Botulax.jpg\",\"width\":1024,\"height\":1024},{\"@type\":\"BreadcrumbList\",\"@id\":\"https:\/\/beutox.com\/es\/product\/botox-200ui-botulax\/#breadcrumb\",\"itemListElement\":[{\"@type\":\"ListItem\",\"position\":1,\"name\":\"Inicio\",\"item\":\"https:\/\/beutox.com\/es\/inicio\/\"},{\"@type\":\"ListItem\",\"position\":2,\"name\":\"Tienda\",\"item\":\"https:\/\/beutox.com\/shop\/\"},{\"@type\":\"ListItem\",\"position\":3,\"name\":\"Botox 200ui Botulax\"}]},{\"@type\":\"WebSite\",\"@id\":\"https:\/\/beutox.com\/es\/#website\",\"url\":\"https:\/\/beutox.com\/es\/\",\"name\":\"Beutox.com\",\"description\":\"Buy botox online, We ship to USA, UK, Canada, Australia, EU, Saudi Arabia and the rest of the world\",\"potentialAction\":[{\"@type\":\"SearchAction\",\"target\":{\"@type\":\"EntryPoint\",\"urlTemplate\":\"https:\/\/beutox.com\/es\/?s={search_term_string}\"},\"query-input\":{\"@type\":\"PropertyValueSpecification\",\"valueRequired\":true,\"valueName\":\"search_term_string\"}}],\"inLanguage\":\"es\"}]}<\/script>\n<!-- \/ Yoast SEO plugin. -->","yoast_head_json":{"title":"Comprar Botox 200ui Botulax Online - Beutox.com","robots":{"index":"index","follow":"follow","max-snippet":"max-snippet:-1","max-image-preview":"max-image-preview:large","max-video-preview":"max-video-preview:-1"},"canonical":"https:\/\/beutox.com\/es\/product\/botox-200ui-botulax\/","og_locale":"es_ES","og_type":"article","og_title":"Comprar Botox 200ui Botulax Online - Beutox.com","og_description":"Desbloquee resultados antienvejecimiento superiores con Botulax 200 Unidades, la toxina botul\u00ednica tipo A de Clostridium premium. Famoso por su alta pureza y su potencia constante, Botulax se dirige con precisi\u00f3n a las arrugas din\u00e1micas como las l\u00edneas de expresi\u00f3n y las patas de gallo. Consiga un cutis m\u00e1s terso y de aspecto natural con esta soluci\u00f3n de calidad profesional y de confianza. \u00a1Invierta hoy mismo en su luminosidad!","og_url":"https:\/\/beutox.com\/es\/product\/botox-200ui-botulax\/","og_site_name":"Beutox.com","og_image":[{"width":1024,"height":1024,"url":"https:\/\/beutox.com\/wp-content\/uploads\/2025\/12\/Botox-200iu-Botulax.jpg","type":"image\/jpeg"}],"twitter_card":"summary_large_image","twitter_misc":{"Tiempo de lectura":"2 minutos"},"schema":{"@context":"https:\/\/schema.org","@graph":[{"@type":"WebPage","@id":"https:\/\/beutox.com\/es\/product\/botox-200ui-botulax\/","url":"https:\/\/beutox.com\/es\/product\/botox-200ui-botulax\/","name":"Comprar Botox 200ui Botulax Online - Beutox.com","isPartOf":{"@id":"https:\/\/beutox.com\/es\/#website"},"primaryImageOfPage":{"@id":"https:\/\/beutox.com\/es\/product\/botox-200ui-botulax\/#primaryimage"},"image":{"@id":"https:\/\/beutox.com\/es\/product\/botox-200ui-botulax\/#primaryimage"},"thumbnailUrl":"https:\/\/beutox.com\/wp-content\/uploads\/2025\/12\/Botox-200iu-Botulax.jpg","datePublished":"2025-12-19T12:04:45+00:00","breadcrumb":{"@id":"https:\/\/beutox.com\/es\/product\/botox-200ui-botulax\/#breadcrumb"},"inLanguage":"es","potentialAction":[{"@type":"ReadAction","target":["https:\/\/beutox.com\/es\/product\/botox-200ui-botulax\/"]}]},{"@type":"ImageObject","inLanguage":"es","@id":"https:\/\/beutox.com\/es\/product\/botox-200ui-botulax\/#primaryimage","url":"https:\/\/beutox.com\/wp-content\/uploads\/2025\/12\/Botox-200iu-Botulax.jpg","contentUrl":"https:\/\/beutox.com\/wp-content\/uploads\/2025\/12\/Botox-200iu-Botulax.jpg","width":1024,"height":1024},{"@type":"BreadcrumbList","@id":"https:\/\/beutox.com\/es\/product\/botox-200ui-botulax\/#breadcrumb","itemListElement":[{"@type":"ListItem","position":1,"name":"Inicio","item":"https:\/\/beutox.com\/es\/inicio\/"},{"@type":"ListItem","position":2,"name":"Tienda","item":"https:\/\/beutox.com\/shop\/"},{"@type":"ListItem","position":3,"name":"Botox 200ui Botulax"}]},{"@type":"WebSite","@id":"https:\/\/beutox.com\/es\/#website","url":"https:\/\/beutox.com\/es\/","name":"Beutox.com","description":"Buy botox online, We ship to USA, UK, Canada, Australia, EU, Saudi Arabia and the rest of the world","potentialAction":[{"@type":"SearchAction","target":{"@type":"EntryPoint","urlTemplate":"https:\/\/beutox.com\/es\/?s={search_term_string}"},"query-input":{"@type":"PropertyValueSpecification","valueRequired":true,"valueName":"search_term_string"}}],"inLanguage":"es"}]}},"_links":{"self":[{"href":"https:\/\/beutox.com\/es\/wp-json\/wp\/v2\/product\/695","targetHints":{"allow":["GET"]}}],"collection":[{"href":"https:\/\/beutox.com\/es\/wp-json\/wp\/v2\/product"}],"about":[{"href":"https:\/\/beutox.com\/es\/wp-json\/wp\/v2\/types\/product"}],"replies":[{"embeddable":true,"href":"https:\/\/beutox.com\/es\/wp-json\/wp\/v2\/comments?post=695"}],"wp:featuredmedia":[{"embeddable":true,"href":"https:\/\/beutox.com\/es\/wp-json\/wp\/v2\/media\/696"}],"wp:attachment":[{"href":"https:\/\/beutox.com\/es\/wp-json\/wp\/v2\/media?parent=695"}],"wp:term":[{"taxonomy":"product_brand","embeddable":true,"href":"https:\/\/beutox.com\/es\/wp-json\/wp\/v2\/product_brand?post=695"},{"taxonomy":"product_cat","embeddable":true,"href":"https:\/\/beutox.com\/es\/wp-json\/wp\/v2\/product_cat?post=695"},{"taxonomy":"product_tag","embeddable":true,"href":"https:\/\/beutox.com\/es\/wp-json\/wp\/v2\/product_tag?post=695"}],"curies":[{"name":"wp","href":"https:\/\/api.w.org\/{rel}","templated":true}]}}