{"id":580,"date":"2025-10-28T08:19:47","date_gmt":"2025-10-28T08:19:47","guid":{"rendered":"https:\/\/beutox.com\/product\/inyecciones-de-vitamina-a-ajax\/"},"modified":"2025-10-28T08:19:47","modified_gmt":"2025-10-28T08:19:47","slug":"inyecciones-de-vitamina-a-ajax","status":"publish","type":"product","link":"https:\/\/beutox.com\/es\/product\/inyecciones-de-vitamina-a-ajax\/","title":{"rendered":"Inyecciones de vitamina A AJAX"},"content":{"rendered":"<h3>Ajax\u2122 Vivid: Tu mundo, n\u00edtido como el cristal<\/h3>\n<p><b>Descubre la brillantez de tu d\u00eda a d\u00eda<\/b> con las lentes de contacto <b>Ajax\u2122 Vivid<\/b>, la combinaci\u00f3n perfecta de claridad visual revolucionaria y comodidad excepcional durante todo el d\u00eda. Dise\u00f1adas para la vida moderna, donde tus ojos pasan sin problemas de un mundo iluminado por pantallas al brillo natural del aire libre, Ajax\u2122 Vivid es tu secreto para una mirada deslumbrante y sin esfuerzo y una visi\u00f3n verdaderamente renovada. <\/p>\n<h3><b>Experimenta la diferencia &#8216;Vivid&#8217;<\/b><\/h3>\n<p>El mundo no es una imagen en blanco y negro, as\u00ed que, \u00bfpor qu\u00e9 tu visi\u00f3n deber\u00eda ser menos vibrante? Las lentes Ajax\u2122 Vivid est\u00e1n dise\u00f1adas con tecnolog\u00eda avanzada de hidrogel, lo que permite un <g id=\"gid_0\">alto contenido de agua<\/g> que mantiene tus ojos hidratados y c\u00f3modos desde el momento en que te las pones hasta que te las quitas. Olv\u00eddate de la sequedad de la mitad del d\u00eda; estas lentes son tu billete para una experiencia visual pr\u00edstina e ininterrumpida.  <\/p>\n<ul>\n<li><b>Agudeza visual excepcional:<\/b> Ve el mundo con una <b>claridad y profundidad<\/b> asombrosas. Ya sea que est\u00e9s conduciendo, leyendo letra peque\u00f1a o contemplando un paisaje impresionante, Ajax\u2122 Vivid proporciona una visi\u00f3n consistentemente n\u00edtida que eleva cada momento. <\/li>\n<li><b>Hidrataci\u00f3n y comodidad durante todo el d\u00eda:<\/b> Nuestra f\u00f3rmula patentada garantiza un colch\u00f3n de hidrataci\u00f3n alrededor de tu ojo. Es como llevar una lente que respira contigo, eliminando la incomodidad com\u00fan asociada con el uso prolongado. <\/li>\n<li><b>Realce sutil y natural:<\/b> M\u00e1s all\u00e1 de la correcci\u00f3n de la visi\u00f3n, el toque <i>Vivid<\/i> ofrece un <b>delicado efecto iluminador de los ojos<\/b>. Define sutilmente el contorno natural de tu iris, a\u00f1adiendo un toque de brillo y profundidad que hace que tus ojos se vean m\u00e1s expresivos y hermosos, pero completamente naturales. <\/li>\n<\/ul>\n<h3><b>Innovaci\u00f3n en la que puedes confiar<\/b><\/h3>\n<p>Ajax\u2122 Vivid es m\u00e1s que una simple lente; es un compromiso con la salud de tus ojos y la confianza est\u00e9tica. El dise\u00f1o se centra en un ajuste suave y f\u00e1cil y una alta permeabilidad al ox\u00edgeno, lo que favorece la salud natural de tus ojos. <\/p>\n<p>Imagina comenzar el d\u00eda con una mente clara y una vista a\u00fan m\u00e1s clara. Imag\u00ednate terminar un d\u00eda ajetreado sin la tensi\u00f3n o el enrojecimiento de los ojos cansados. Esta es la promesa de Ajax\u2122 Vivid. El elegante y compacto embalaje refleja la calidad superior del interior, asegurando que tus lentes est\u00e9n selladas higi\u00e9nicamente y listas para un nuevo comienzo cuando las necesites.   <\/p>\n<h3><b>Perfecto para tu vida din\u00e1mica<\/b><\/h3>\n<p>Ya seas un profesional que pasa horas en dispositivos digitales, un estudiante que navega por un horario apretado o un aventurero que explora el mundo, las lentes Ajax\u2122 Vivid se adaptan a tu estilo de vida. Ofrecen un rendimiento y una comodidad fiables que te har\u00e1n olvidar que incluso est\u00e1s usando lentes de contacto. <\/p>\n<p><b>\u00bfListo para ver el mundo tan v\u00edvidamente como debe verse?<\/b><\/p>\n<p>A\u00f1ade Ajax\u2122 Vivid a tu carrito hoy mismo y abre la puerta a una versi\u00f3n m\u00e1s clara, m\u00e1s c\u00f3moda y sutilmente m\u00e1s hermosa de ti.<\/p>\n","protected":false},"excerpt":{"rendered":"<p>Ajax\u2122 Vivid: Tu mundo, n\u00edtido como el cristal Descubre la brillantez de tu d\u00eda a d\u00eda con las lentes de&hellip;<\/p>\n","protected":false},"featured_media":100,"comment_status":"open","ping_status":"closed","template":"","meta":[],"product_brand":[],"product_cat":[73],"product_tag":[],"class_list":{"0":"post-580","1":"product","2":"type-product","3":"status-publish","4":"has-post-thumbnail","6":"product_cat-rellenos-dermicos","8":"first","9":"instock","10":"shipping-taxable","11":"purchasable","12":"product-type-simple"},"yoast_head":"<!-- This site is optimized with the Yoast SEO plugin v26.6 - https:\/\/yoast.com\/wordpress\/plugins\/seo\/ -->\n<title>Comprar Inyecciones de vitamina A AJAX Online - Beutox.com<\/title>\n<meta name=\"robots\" content=\"index, follow, max-snippet:-1, max-image-preview:large, max-video-preview:-1\" \/>\n<link rel=\"canonical\" href=\"https:\/\/beutox.com\/es\/product\/inyecciones-de-vitamina-a-ajax\/\" \/>\n<meta property=\"og:locale\" content=\"es_ES\" \/>\n<meta property=\"og:type\" content=\"article\" \/>\n<meta property=\"og:title\" content=\"Comprar Inyecciones de vitamina A AJAX Online - Beutox.com\" \/>\n<meta property=\"og:description\" content=\"Ajax\u2122 Vivid: Tu mundo, n\u00edtido como el cristal Descubre la brillantez de tu d\u00eda a d\u00eda con las lentes de&hellip;\" \/>\n<meta property=\"og:url\" content=\"https:\/\/beutox.com\/es\/product\/inyecciones-de-vitamina-a-ajax\/\" \/>\n<meta property=\"og:site_name\" content=\"Beutox.com\" \/>\n<meta property=\"og:image\" content=\"https:\/\/beutox.com\/wp-content\/uploads\/2025\/10\/AJAX-Vitamin-A.webp\" \/>\n\t<meta property=\"og:image:width\" content=\"800\" \/>\n\t<meta property=\"og:image:height\" content=\"800\" \/>\n\t<meta property=\"og:image:type\" content=\"image\/webp\" \/>\n<meta name=\"twitter:card\" content=\"summary_large_image\" \/>\n<meta name=\"twitter:label1\" content=\"Tiempo de lectura\" \/>\n\t<meta name=\"twitter:data1\" content=\"3 minutos\" \/>\n<script type=\"application\/ld+json\" class=\"yoast-schema-graph\">{\"@context\":\"https:\/\/schema.org\",\"@graph\":[{\"@type\":\"WebPage\",\"@id\":\"https:\/\/beutox.com\/es\/product\/inyecciones-de-vitamina-a-ajax\/\",\"url\":\"https:\/\/beutox.com\/es\/product\/inyecciones-de-vitamina-a-ajax\/\",\"name\":\"Comprar Inyecciones de vitamina A AJAX Online - Beutox.com\",\"isPartOf\":{\"@id\":\"https:\/\/beutox.com\/es\/#website\"},\"primaryImageOfPage\":{\"@id\":\"https:\/\/beutox.com\/es\/product\/inyecciones-de-vitamina-a-ajax\/#primaryimage\"},\"image\":{\"@id\":\"https:\/\/beutox.com\/es\/product\/inyecciones-de-vitamina-a-ajax\/#primaryimage\"},\"thumbnailUrl\":\"https:\/\/beutox.com\/wp-content\/uploads\/2025\/10\/AJAX-Vitamin-A.webp\",\"datePublished\":\"2025-10-28T08:19:47+00:00\",\"breadcrumb\":{\"@id\":\"https:\/\/beutox.com\/es\/product\/inyecciones-de-vitamina-a-ajax\/#breadcrumb\"},\"inLanguage\":\"es\",\"potentialAction\":[{\"@type\":\"ReadAction\",\"target\":[\"https:\/\/beutox.com\/es\/product\/inyecciones-de-vitamina-a-ajax\/\"]}]},{\"@type\":\"ImageObject\",\"inLanguage\":\"es\",\"@id\":\"https:\/\/beutox.com\/es\/product\/inyecciones-de-vitamina-a-ajax\/#primaryimage\",\"url\":\"https:\/\/beutox.com\/wp-content\/uploads\/2025\/10\/AJAX-Vitamin-A.webp\",\"contentUrl\":\"https:\/\/beutox.com\/wp-content\/uploads\/2025\/10\/AJAX-Vitamin-A.webp\",\"width\":800,\"height\":800},{\"@type\":\"BreadcrumbList\",\"@id\":\"https:\/\/beutox.com\/es\/product\/inyecciones-de-vitamina-a-ajax\/#breadcrumb\",\"itemListElement\":[{\"@type\":\"ListItem\",\"position\":1,\"name\":\"Inicio\",\"item\":\"https:\/\/beutox.com\/es\/inicio\/\"},{\"@type\":\"ListItem\",\"position\":2,\"name\":\"Tienda\",\"item\":\"https:\/\/beutox.com\/shop\/\"},{\"@type\":\"ListItem\",\"position\":3,\"name\":\"Inyecciones de vitamina A AJAX\"}]},{\"@type\":\"WebSite\",\"@id\":\"https:\/\/beutox.com\/es\/#website\",\"url\":\"https:\/\/beutox.com\/es\/\",\"name\":\"Beutox.com\",\"description\":\"Buy botox online, We ship to USA, UK, Canada, Australia, EU, Saudi Arabia and the rest of the world\",\"potentialAction\":[{\"@type\":\"SearchAction\",\"target\":{\"@type\":\"EntryPoint\",\"urlTemplate\":\"https:\/\/beutox.com\/es\/?s={search_term_string}\"},\"query-input\":{\"@type\":\"PropertyValueSpecification\",\"valueRequired\":true,\"valueName\":\"search_term_string\"}}],\"inLanguage\":\"es\"}]}<\/script>\n<!-- \/ Yoast SEO plugin. -->","yoast_head_json":{"title":"Comprar Inyecciones de vitamina A AJAX Online - Beutox.com","robots":{"index":"index","follow":"follow","max-snippet":"max-snippet:-1","max-image-preview":"max-image-preview:large","max-video-preview":"max-video-preview:-1"},"canonical":"https:\/\/beutox.com\/es\/product\/inyecciones-de-vitamina-a-ajax\/","og_locale":"es_ES","og_type":"article","og_title":"Comprar Inyecciones de vitamina A AJAX Online - Beutox.com","og_description":"Ajax\u2122 Vivid: Tu mundo, n\u00edtido como el cristal Descubre la brillantez de tu d\u00eda a d\u00eda con las lentes de&hellip;","og_url":"https:\/\/beutox.com\/es\/product\/inyecciones-de-vitamina-a-ajax\/","og_site_name":"Beutox.com","og_image":[{"width":800,"height":800,"url":"https:\/\/beutox.com\/wp-content\/uploads\/2025\/10\/AJAX-Vitamin-A.webp","type":"image\/webp"}],"twitter_card":"summary_large_image","twitter_misc":{"Tiempo de lectura":"3 minutos"},"schema":{"@context":"https:\/\/schema.org","@graph":[{"@type":"WebPage","@id":"https:\/\/beutox.com\/es\/product\/inyecciones-de-vitamina-a-ajax\/","url":"https:\/\/beutox.com\/es\/product\/inyecciones-de-vitamina-a-ajax\/","name":"Comprar Inyecciones de vitamina A AJAX Online - Beutox.com","isPartOf":{"@id":"https:\/\/beutox.com\/es\/#website"},"primaryImageOfPage":{"@id":"https:\/\/beutox.com\/es\/product\/inyecciones-de-vitamina-a-ajax\/#primaryimage"},"image":{"@id":"https:\/\/beutox.com\/es\/product\/inyecciones-de-vitamina-a-ajax\/#primaryimage"},"thumbnailUrl":"https:\/\/beutox.com\/wp-content\/uploads\/2025\/10\/AJAX-Vitamin-A.webp","datePublished":"2025-10-28T08:19:47+00:00","breadcrumb":{"@id":"https:\/\/beutox.com\/es\/product\/inyecciones-de-vitamina-a-ajax\/#breadcrumb"},"inLanguage":"es","potentialAction":[{"@type":"ReadAction","target":["https:\/\/beutox.com\/es\/product\/inyecciones-de-vitamina-a-ajax\/"]}]},{"@type":"ImageObject","inLanguage":"es","@id":"https:\/\/beutox.com\/es\/product\/inyecciones-de-vitamina-a-ajax\/#primaryimage","url":"https:\/\/beutox.com\/wp-content\/uploads\/2025\/10\/AJAX-Vitamin-A.webp","contentUrl":"https:\/\/beutox.com\/wp-content\/uploads\/2025\/10\/AJAX-Vitamin-A.webp","width":800,"height":800},{"@type":"BreadcrumbList","@id":"https:\/\/beutox.com\/es\/product\/inyecciones-de-vitamina-a-ajax\/#breadcrumb","itemListElement":[{"@type":"ListItem","position":1,"name":"Inicio","item":"https:\/\/beutox.com\/es\/inicio\/"},{"@type":"ListItem","position":2,"name":"Tienda","item":"https:\/\/beutox.com\/shop\/"},{"@type":"ListItem","position":3,"name":"Inyecciones de vitamina A AJAX"}]},{"@type":"WebSite","@id":"https:\/\/beutox.com\/es\/#website","url":"https:\/\/beutox.com\/es\/","name":"Beutox.com","description":"Buy botox online, We ship to USA, UK, Canada, Australia, EU, Saudi Arabia and the rest of the world","potentialAction":[{"@type":"SearchAction","target":{"@type":"EntryPoint","urlTemplate":"https:\/\/beutox.com\/es\/?s={search_term_string}"},"query-input":{"@type":"PropertyValueSpecification","valueRequired":true,"valueName":"search_term_string"}}],"inLanguage":"es"}]}},"_links":{"self":[{"href":"https:\/\/beutox.com\/es\/wp-json\/wp\/v2\/product\/580","targetHints":{"allow":["GET"]}}],"collection":[{"href":"https:\/\/beutox.com\/es\/wp-json\/wp\/v2\/product"}],"about":[{"href":"https:\/\/beutox.com\/es\/wp-json\/wp\/v2\/types\/product"}],"replies":[{"embeddable":true,"href":"https:\/\/beutox.com\/es\/wp-json\/wp\/v2\/comments?post=580"}],"wp:featuredmedia":[{"embeddable":true,"href":"https:\/\/beutox.com\/es\/wp-json\/wp\/v2\/media\/100"}],"wp:attachment":[{"href":"https:\/\/beutox.com\/es\/wp-json\/wp\/v2\/media?parent=580"}],"wp:term":[{"taxonomy":"product_brand","embeddable":true,"href":"https:\/\/beutox.com\/es\/wp-json\/wp\/v2\/product_brand?post=580"},{"taxonomy":"product_cat","embeddable":true,"href":"https:\/\/beutox.com\/es\/wp-json\/wp\/v2\/product_cat?post=580"},{"taxonomy":"product_tag","embeddable":true,"href":"https:\/\/beutox.com\/es\/wp-json\/wp\/v2\/product_tag?post=580"}],"curies":[{"name":"wp","href":"https:\/\/api.w.org\/{rel}","templated":true}]}}