{"id":319,"date":"2025-10-27T15:13:51","date_gmt":"2025-10-27T15:13:51","guid":{"rendered":"https:\/\/beutox.com\/carrito\/"},"modified":"2025-12-19T21:15:52","modified_gmt":"2025-12-19T21:15:52","slug":"carrito","status":"publish","type":"page","link":"https:\/\/beutox.com\/es\/carrito\/","title":{"rendered":"Carrito"},"content":{"rendered":"\n<div data-block-name=\"woocommerce\/cart\" class=\"wp-block-woocommerce-cart alignwide is-loading\">\n<div data-block-name=\"woocommerce\/filled-cart-block\" class=\"wp-block-woocommerce-filled-cart-block\">\n<div data-block-name=\"woocommerce\/cart-items-block\" class=\"wp-block-woocommerce-cart-items-block\">\n<div data-block-name=\"woocommerce\/cart-line-items-block\" data-translated-with-w-p-m-l-t-m=\"1\" class=\"wp-block-woocommerce-cart-line-items-block\"\/>\n\n\n<\/div>\n\n\n\n\n<div data-block-name=\"woocommerce\/cart-totals-block\" class=\"wp-block-woocommerce-cart-totals-block\">\n<div data-block-name=\"woocommerce\/cart-order-summary-block\" class=\"wp-block-woocommerce-cart-order-summary-block\">\n\t\t\t<div data-block-name=\"woocommerce\/cart-order-summary-heading-block\" class=\"wp-block-woocommerce-cart-order-summary-heading-block\"><\/div>\n\t\t\t<div data-block-name=\"woocommerce\/cart-order-summary-subtotal-block\" class=\"wp-block-woocommerce-cart-order-summary-subtotal-block\"><\/div>\n\t\t\t<div data-block-name=\"woocommerce\/cart-order-summary-fee-block\" class=\"wp-block-woocommerce-cart-order-summary-fee-block\"><\/div>\n\t\t\t<div data-block-name=\"woocommerce\/cart-order-summary-discount-block\" class=\"wp-block-woocommerce-cart-order-summary-discount-block\"><\/div>\n\t\t\t<div data-block-name=\"woocommerce\/cart-order-summary-coupon-form-block\" class=\"wp-block-woocommerce-cart-order-summary-coupon-form-block\"><\/div>\n\t\t\t<div data-block-name=\"woocommerce\/cart-order-summary-shipping-form-block\" class=\"wp-block-woocommerce-cart-order-summary-shipping-block\"><\/div>\n\t\t\t<div data-block-name=\"woocommerce\/cart-order-summary-taxes-block\" class=\"wp-block-woocommerce-cart-order-summary-taxes-block\"><\/div>\n\t\t\n<div data-block-name=\"woocommerce\/cart-order-summary-heading-block\" class=\"wp-block-woocommerce-cart-order-summary-heading-block\"><\/div><div data-block-name=\"woocommerce\/cart-order-summary-coupon-form-block\" data-translated-with-w-p-m-l-t-m=\"1\" class=\"wp-block-woocommerce-cart-order-summary-coupon-form-block\"\/>\n\n\n\n<div data-block-name=\"woocommerce\/cart-express-payment-block\" data-button-border-radius=\"4\" data-button-height=\"48\" data-show-button-styles=\"false\" data-translated-with-w-p-m-l-t-m=\"1\" class=\"wp-block-woocommerce-cart-express-payment-block\"\/>\n\n\n\n<div data-block-name=\"woocommerce\/proceed-to-checkout-block\" class=\"wp-block-woocommerce-proceed-to-checkout-block\"><\/div>\n\n\n\n<div data-block-name=\"woocommerce\/cart-accepted-payment-methods-block\" data-translated-with-w-p-m-l-t-m=\"1\" class=\"wp-block-woocommerce-cart-accepted-payment-methods-block\"\/>\n<\/div>\n<\/div>\n\n\n\n<div data-block-name=\"woocommerce\/empty-cart-block\" class=\"wp-block-woocommerce-empty-cart-block\">\n<h2 class=\"wp-block-heading has-text-align-center with-empty-cart-icon wc-block-cart__empty-cart__title\">\u00a1Su carrito est\u00e1 actualmente vac\u00edo!<\/h2>\n\n\n\n<hr class=\"wp-block-separator has-alpha-channel-opacity is-style-dots\"\/>\n\n\n\n<h2 class=\"wp-block-heading has-text-align-center\">Novedades<\/h2>\n\n\n<div data-block-name=\"woocommerce\/product-new\" data-columns=\"4\" data-rows=\"1\" class=\"wc-block-grid wp-block-product-new wp-block-woocommerce-product-new wc-block-product-new has-4-columns\"><ul class=\"wc-block-grid__products\"><li class=\"wc-block-grid__product\">\n\t\t\t\t<a href=\"https:\/\/beutox.com\/es\/product\/biot150-complejo-de-control-cinetico-intermedio\/\" class=\"wc-block-grid__product-link\">\n\t\t\t\t\t\n\t\t\t\t\t<div class=\"wc-block-grid__product-image\"><img loading=\"lazy\" decoding=\"async\" width=\"300\" height=\"300\" src=\"https:\/\/beutox.com\/wp-content\/uploads\/2026\/02\/biotox150-300x300.jpg\" class=\"attachment-woocommerce_thumbnail size-woocommerce_thumbnail\" alt=\"BIOT150 \u2013 Complejo de control cin\u00e9tico intermedio\" srcset=\"https:\/\/beutox.com\/wp-content\/uploads\/2026\/02\/biotox150-300x300.jpg 300w, https:\/\/beutox.com\/wp-content\/uploads\/2026\/02\/biotox150-150x150.jpg 150w, https:\/\/beutox.com\/wp-content\/uploads\/2026\/02\/biotox150-100x100.jpg 100w, https:\/\/beutox.com\/wp-content\/uploads\/2026\/02\/biotox150.jpg 500w\" sizes=\"auto, (max-width: 300px) 100vw, 300px\" \/><\/div>\n\t\t\t\t\t<div class=\"wc-block-grid__product-title\">BIOT150 \u2013 Complejo de control cin\u00e9tico intermedio<\/div>\n\t\t\t\t<\/a>\n\t\t\t\t<div class=\"wc-block-grid__product-price price\"><span class=\"woocommerce-Price-amount amount\"><span class=\"woocommerce-Price-currencySymbol\">&euro;<\/span>219.00<\/span><\/div>\n\t\t\t\t\n\t\t\t\t<div class=\"wp-block-button wc-block-grid__product-add-to-cart\"><a href=\"\/es\/wp-json\/wp\/v2\/pages\/319?add-to-cart=1002\" aria-label=\"A\u00f1adir al carrito: &ldquo;BIOT150 \u2013 Complejo de control cin\u00e9tico intermedio&rdquo;\" data-quantity=\"1\" data-product_id=\"1002\" data-product_sku=\"\" data-price=\"219\" rel=\"nofollow\" class=\"wp-block-button__link  add_to_cart_button ajax_add_to_cart\">A\u00f1adir al carrito<\/a><\/div>\n\t\t\t<\/li><li class=\"wc-block-grid__product\">\n\t\t\t\t<a href=\"https:\/\/beutox.com\/es\/product\/biot200-solucion-miorrelajante\/\" class=\"wc-block-grid__product-link\">\n\t\t\t\t\t\n\t\t\t\t\t<div class=\"wc-block-grid__product-image\"><img loading=\"lazy\" decoding=\"async\" width=\"300\" height=\"300\" src=\"https:\/\/beutox.com\/wp-content\/uploads\/2026\/02\/biotox_200-300x300.jpg\" class=\"attachment-woocommerce_thumbnail size-woocommerce_thumbnail\" alt=\"BIOT200 | Soluci\u00f3n miorrelajante\" srcset=\"https:\/\/beutox.com\/wp-content\/uploads\/2026\/02\/biotox_200-300x300.jpg 300w, https:\/\/beutox.com\/wp-content\/uploads\/2026\/02\/biotox_200-150x150.jpg 150w, https:\/\/beutox.com\/wp-content\/uploads\/2026\/02\/biotox_200-100x100.jpg 100w, https:\/\/beutox.com\/wp-content\/uploads\/2026\/02\/biotox_200.jpg 500w\" sizes=\"auto, (max-width: 300px) 100vw, 300px\" \/><\/div>\n\t\t\t\t\t<div class=\"wc-block-grid__product-title\">BIOT200 | Soluci\u00f3n miorrelajante<\/div>\n\t\t\t\t<\/a>\n\t\t\t\t<div class=\"wc-block-grid__product-price price\"><span class=\"woocommerce-Price-amount amount\"><span class=\"woocommerce-Price-currencySymbol\">&euro;<\/span>249.00<\/span><\/div>\n\t\t\t\t\n\t\t\t\t<div class=\"wp-block-button wc-block-grid__product-add-to-cart\"><a href=\"\/es\/wp-json\/wp\/v2\/pages\/319?add-to-cart=987\" aria-label=\"A\u00f1adir al carrito: &ldquo;BIOT200 | Soluci\u00f3n miorrelajante&rdquo;\" data-quantity=\"1\" data-product_id=\"987\" data-product_sku=\"\" data-price=\"249\" rel=\"nofollow\" class=\"wp-block-button__link  add_to_cart_button ajax_add_to_cart\">A\u00f1adir al carrito<\/a><\/div>\n\t\t\t<\/li><li class=\"wc-block-grid__product\">\n\t\t\t\t<a href=\"https:\/\/beutox.com\/es\/product\/solucion-ppc-de-acido-desoxicolico-similar-a-aqualyx\/\" class=\"wc-block-grid__product-link\">\n\t\t\t\t\t\n\t\t\t\t\t<div class=\"wc-block-grid__product-image\"><img loading=\"lazy\" decoding=\"async\" width=\"300\" height=\"300\" src=\"https:\/\/beutox.com\/wp-content\/uploads\/2025\/12\/lipolab-PCC-Solution-bottle-vial-like-aqualyx-1-300x300.jpg\" class=\"attachment-woocommerce_thumbnail size-woocommerce_thumbnail\" alt=\"Soluci\u00f3n PPC de \u00e1cido desoxic\u00f3lico similar a Aqualyx\" srcset=\"https:\/\/beutox.com\/wp-content\/uploads\/2025\/12\/lipolab-PCC-Solution-bottle-vial-like-aqualyx-1-300x300.jpg 300w, https:\/\/beutox.com\/wp-content\/uploads\/2025\/12\/lipolab-PCC-Solution-bottle-vial-like-aqualyx-1-150x150.jpg 150w, https:\/\/beutox.com\/wp-content\/uploads\/2025\/12\/lipolab-PCC-Solution-bottle-vial-like-aqualyx-1-768x768.jpg 768w, https:\/\/beutox.com\/wp-content\/uploads\/2025\/12\/lipolab-PCC-Solution-bottle-vial-like-aqualyx-1-600x600.jpg 600w, https:\/\/beutox.com\/wp-content\/uploads\/2025\/12\/lipolab-PCC-Solution-bottle-vial-like-aqualyx-1-100x100.jpg 100w, https:\/\/beutox.com\/wp-content\/uploads\/2025\/12\/lipolab-PCC-Solution-bottle-vial-like-aqualyx-1.jpg 1024w\" sizes=\"auto, (max-width: 300px) 100vw, 300px\" \/><\/div>\n\t\t\t\t\t<div class=\"wc-block-grid__product-title\">Soluci\u00f3n PPC de \u00e1cido desoxic\u00f3lico similar a Aqualyx<\/div>\n\t\t\t\t<\/a>\n\t\t\t\t<div class=\"wc-block-grid__product-price price\"><span class=\"woocommerce-Price-amount amount\"><span class=\"woocommerce-Price-currencySymbol\">&euro;<\/span>69.00<\/span><\/div>\n\t\t\t\t\n\t\t\t\t<div class=\"wp-block-button wc-block-grid__product-add-to-cart\"><a href=\"\/es\/wp-json\/wp\/v2\/pages\/319?add-to-cart=822\" aria-label=\"A\u00f1adir al carrito: &ldquo;Soluci\u00f3n PPC de \u00e1cido desoxic\u00f3lico similar a Aqualyx&rdquo;\" data-quantity=\"1\" data-product_id=\"822\" data-product_sku=\"\" data-price=\"69\" rel=\"nofollow\" class=\"wp-block-button__link  add_to_cart_button ajax_add_to_cart\">A\u00f1adir al carrito<\/a><\/div>\n\t\t\t<\/li><li class=\"wc-block-grid__product\">\n\t\t\t\t<a href=\"https:\/\/beutox.com\/es\/product\/beufiller-deep-2-ml-relleno-de-restauracion-de-volumen\/\" class=\"wc-block-grid__product-link\">\n\t\t\t\t\t\n\t\t\t\t\t<div class=\"wc-block-grid__product-image\"><img loading=\"lazy\" decoding=\"async\" width=\"300\" height=\"300\" src=\"https:\/\/beutox.com\/wp-content\/uploads\/2025\/12\/Beufiller-Deep-2ml-300x300.jpg\" class=\"attachment-woocommerce_thumbnail size-woocommerce_thumbnail\" alt=\"Beufiller Deep 2 ml, relleno de restauraci\u00f3n de volumen\" srcset=\"https:\/\/beutox.com\/wp-content\/uploads\/2025\/12\/Beufiller-Deep-2ml-300x300.jpg 300w, https:\/\/beutox.com\/wp-content\/uploads\/2025\/12\/Beufiller-Deep-2ml-150x150.jpg 150w, https:\/\/beutox.com\/wp-content\/uploads\/2025\/12\/Beufiller-Deep-2ml-768x768.jpg 768w, https:\/\/beutox.com\/wp-content\/uploads\/2025\/12\/Beufiller-Deep-2ml-600x600.jpg 600w, https:\/\/beutox.com\/wp-content\/uploads\/2025\/12\/Beufiller-Deep-2ml-100x100.jpg 100w, https:\/\/beutox.com\/wp-content\/uploads\/2025\/12\/Beufiller-Deep-2ml.jpg 1024w\" sizes=\"auto, (max-width: 300px) 100vw, 300px\" \/><\/div>\n\t\t\t\t\t<div class=\"wc-block-grid__product-title\">Beufiller Deep 2 ml, relleno de restauraci\u00f3n de volumen<\/div>\n\t\t\t\t<\/a>\n\t\t\t\t<div class=\"wc-block-grid__product-price price\"><span class=\"woocommerce-Price-amount amount\"><span class=\"woocommerce-Price-currencySymbol\">&euro;<\/span>69.00<\/span><\/div>\n\t\t\t\t\n\t\t\t\t<div class=\"wp-block-button wc-block-grid__product-add-to-cart\"><a href=\"\/es\/wp-json\/wp\/v2\/pages\/319?add-to-cart=830\" aria-label=\"A\u00f1adir al carrito: &ldquo;Beufiller Deep 2 ml, relleno de restauraci\u00f3n de volumen&rdquo;\" data-quantity=\"1\" data-product_id=\"830\" data-product_sku=\"\" data-price=\"69\" rel=\"nofollow\" class=\"wp-block-button__link  add_to_cart_button ajax_add_to_cart\">A\u00f1adir al carrito<\/a><\/div>\n\t\t\t<\/li><\/ul><\/div><\/div>\n<\/div>\n","protected":false},"excerpt":{"rendered":"","protected":false},"author":1,"featured_media":0,"parent":0,"menu_order":0,"comment_status":"closed","ping_status":"closed","template":"","meta":{"footnotes":""},"class_list":["post-319","page","type-page","status-publish","hentry"],"yoast_head":"<!-- This site is optimized with the Yoast SEO plugin v26.6 - https:\/\/yoast.com\/wordpress\/plugins\/seo\/ -->\n<title>Carrito - Beutox.com<\/title>\n<meta name=\"robots\" content=\"index, follow, max-snippet:-1, max-image-preview:large, max-video-preview:-1\" \/>\n<link rel=\"canonical\" href=\"https:\/\/beutox.com\/es\/carrito\/\" \/>\n<meta property=\"og:locale\" content=\"es_ES\" \/>\n<meta property=\"og:type\" content=\"article\" \/>\n<meta property=\"og:title\" content=\"Carrito - Beutox.com\" \/>\n<meta property=\"og:url\" content=\"https:\/\/beutox.com\/es\/carrito\/\" \/>\n<meta property=\"og:site_name\" content=\"Beutox.com\" \/>\n<meta property=\"article:modified_time\" content=\"2025-12-19T21:15:52+00:00\" \/>\n<meta name=\"twitter:card\" content=\"summary_large_image\" \/>\n<script type=\"application\/ld+json\" class=\"yoast-schema-graph\">{\"@context\":\"https:\/\/schema.org\",\"@graph\":[{\"@type\":\"WebPage\",\"@id\":\"https:\/\/beutox.com\/es\/carrito\/\",\"url\":\"https:\/\/beutox.com\/es\/carrito\/\",\"name\":\"Carrito - Beutox.com\",\"isPartOf\":{\"@id\":\"https:\/\/beutox.com\/es\/#website\"},\"datePublished\":\"2025-10-27T15:13:51+00:00\",\"dateModified\":\"2025-12-19T21:15:52+00:00\",\"breadcrumb\":{\"@id\":\"https:\/\/beutox.com\/es\/carrito\/#breadcrumb\"},\"inLanguage\":\"es\",\"potentialAction\":[{\"@type\":\"ReadAction\",\"target\":[\"https:\/\/beutox.com\/es\/carrito\/\"]}]},{\"@type\":\"BreadcrumbList\",\"@id\":\"https:\/\/beutox.com\/es\/carrito\/#breadcrumb\",\"itemListElement\":[{\"@type\":\"ListItem\",\"position\":1,\"name\":\"Inicio\",\"item\":\"https:\/\/beutox.com\/es\/inicio\/\"},{\"@type\":\"ListItem\",\"position\":2,\"name\":\"Carrito\"}]},{\"@type\":\"WebSite\",\"@id\":\"https:\/\/beutox.com\/es\/#website\",\"url\":\"https:\/\/beutox.com\/es\/\",\"name\":\"Beutox.com\",\"description\":\"Buy botox online, We ship to USA, UK, Canada, Australia, EU, Saudi Arabia and the rest of the world\",\"potentialAction\":[{\"@type\":\"SearchAction\",\"target\":{\"@type\":\"EntryPoint\",\"urlTemplate\":\"https:\/\/beutox.com\/es\/?s={search_term_string}\"},\"query-input\":{\"@type\":\"PropertyValueSpecification\",\"valueRequired\":true,\"valueName\":\"search_term_string\"}}],\"inLanguage\":\"es\"}]}<\/script>\n<!-- \/ Yoast SEO plugin. -->","yoast_head_json":{"title":"Carrito - Beutox.com","robots":{"index":"index","follow":"follow","max-snippet":"max-snippet:-1","max-image-preview":"max-image-preview:large","max-video-preview":"max-video-preview:-1"},"canonical":"https:\/\/beutox.com\/es\/carrito\/","og_locale":"es_ES","og_type":"article","og_title":"Carrito - Beutox.com","og_url":"https:\/\/beutox.com\/es\/carrito\/","og_site_name":"Beutox.com","article_modified_time":"2025-12-19T21:15:52+00:00","twitter_card":"summary_large_image","schema":{"@context":"https:\/\/schema.org","@graph":[{"@type":"WebPage","@id":"https:\/\/beutox.com\/es\/carrito\/","url":"https:\/\/beutox.com\/es\/carrito\/","name":"Carrito - Beutox.com","isPartOf":{"@id":"https:\/\/beutox.com\/es\/#website"},"datePublished":"2025-10-27T15:13:51+00:00","dateModified":"2025-12-19T21:15:52+00:00","breadcrumb":{"@id":"https:\/\/beutox.com\/es\/carrito\/#breadcrumb"},"inLanguage":"es","potentialAction":[{"@type":"ReadAction","target":["https:\/\/beutox.com\/es\/carrito\/"]}]},{"@type":"BreadcrumbList","@id":"https:\/\/beutox.com\/es\/carrito\/#breadcrumb","itemListElement":[{"@type":"ListItem","position":1,"name":"Inicio","item":"https:\/\/beutox.com\/es\/inicio\/"},{"@type":"ListItem","position":2,"name":"Carrito"}]},{"@type":"WebSite","@id":"https:\/\/beutox.com\/es\/#website","url":"https:\/\/beutox.com\/es\/","name":"Beutox.com","description":"Buy botox online, We ship to USA, UK, Canada, Australia, EU, Saudi Arabia and the rest of the world","potentialAction":[{"@type":"SearchAction","target":{"@type":"EntryPoint","urlTemplate":"https:\/\/beutox.com\/es\/?s={search_term_string}"},"query-input":{"@type":"PropertyValueSpecification","valueRequired":true,"valueName":"search_term_string"}}],"inLanguage":"es"}]}},"_links":{"self":[{"href":"https:\/\/beutox.com\/es\/wp-json\/wp\/v2\/pages\/319","targetHints":{"allow":["GET"]}}],"collection":[{"href":"https:\/\/beutox.com\/es\/wp-json\/wp\/v2\/pages"}],"about":[{"href":"https:\/\/beutox.com\/es\/wp-json\/wp\/v2\/types\/page"}],"author":[{"embeddable":true,"href":"https:\/\/beutox.com\/es\/wp-json\/wp\/v2\/users\/1"}],"replies":[{"embeddable":true,"href":"https:\/\/beutox.com\/es\/wp-json\/wp\/v2\/comments?post=319"}],"version-history":[{"count":1,"href":"https:\/\/beutox.com\/es\/wp-json\/wp\/v2\/pages\/319\/revisions"}],"predecessor-version":[{"id":322,"href":"https:\/\/beutox.com\/es\/wp-json\/wp\/v2\/pages\/319\/revisions\/322"}],"wp:attachment":[{"href":"https:\/\/beutox.com\/es\/wp-json\/wp\/v2\/media?parent=319"}],"curies":[{"name":"wp","href":"https:\/\/api.w.org\/{rel}","templated":true}]}}