{"id":920,"date":"2025-12-19T11:53:04","date_gmt":"2025-12-19T11:53:04","guid":{"rendered":"https:\/\/beutox.com\/product\/bocouture-botox-100-ie\/"},"modified":"2026-02-10T00:33:21","modified_gmt":"2026-02-10T00:33:21","slug":"bocouture-botox-100-ie","status":"publish","type":"product","link":"https:\/\/beutox.com\/de\/produkt\/bocouture-botox-100-ie\/","title":{"rendered":"Bocouture 100 IE"},"content":{"rendered":"<p data-path-to-node=\"3\"><b data-path-to-node=\"3\" data-index-in-node=\"0\">Entdecken Sie das Geheimnis sichtbar glatterer und j\u00fcnger aussehender Haut.<\/b><\/p>\n<p data-path-to-node=\"4\">Bocouture 100 Einheiten ist die L\u00f6sung der n\u00e4chsten Generation f\u00fcr alle, die eine effektive und reine \u00e4sthetische Behandlung zur Milderung und Gl\u00e4ttung von Mimikfalten suchen. Dieses Produkt wurde mit einer innovativen Formulierung entwickelt und stellt einen bedeutenden Fortschritt in der Welt der professionellen \u00c4sthetik dar. Es liefert nat\u00fcrliche Ergebnisse und ein hochwertiges Behandlungserlebnis. <\/p>\n<h3 data-path-to-node=\"5\">\u2728 Kompromisslose Reinheit und Leistung<\/h3>\n<p data-path-to-node=\"6\">Was Bocouture auszeichnet, ist seine au\u00dfergew\u00f6hnliche Reinheit. Es enth\u00e4lt <b data-path-to-node=\"6\" data-index-in-node=\"65\">Botulinumtoxin Typ A (150 kD)<\/b> in seiner reinsten Form, d. h. es ist <b data-path-to-node=\"6\" data-index-in-node=\"137\">frei von nicht essentiellen Komplexproteinen<\/b>. Dieses einzigartige Merkmal minimiert das Risiko der Resistenzentwicklung, maximiert die Wirksamkeit der Behandlung im Laufe der Zeit und gew\u00e4hrleistet konsistente, zuverl\u00e4ssige Ergebnisse.  <\/p>\n<p data-path-to-node=\"7\"><b data-path-to-node=\"7\" data-index-in-node=\"0\">Warum Bocouture w\u00e4hlen?<\/b><\/p>\n<ul data-path-to-node=\"8\">\n<li>\n<p data-path-to-node=\"8,0,0\"><b data-path-to-node=\"8,0,0\" data-index-in-node=\"0\">Gezielte Wirkung:<\/b> Es hilft, die Gesichtsmuskeln zu entspannen, die f\u00fcr dynamische Falten verantwortlich sind (wie z. B. Zornesfalten, Kr\u00e4henf\u00fc\u00dfe und Stirnfalten), wodurch ein ausgeruhteres und gelasseneres Aussehen entsteht.<\/p>\n<\/li>\n<li>\n<p data-path-to-node=\"8,1,0\"><b data-path-to-node=\"8,1,0\" data-index-in-node=\"0\">Nat\u00fcrliche Ergebnisse:<\/b> Ziel ist eine subtile Verj\u00fcngung, die Ihre nat\u00fcrlichen Gesichtsz\u00fcge bewahrt. Kein &#8222;Frozen Look&#8220; \u2013 nur Ihre Sch\u00f6nheit von ihrer besten Seite. <\/p>\n<\/li>\n<li>\n<p data-path-to-node=\"8,2,0\"><b data-path-to-node=\"8,2,0\" data-index-in-node=\"0\">Reine Formulierung:<\/b> Seine &#8222;nackte&#8220; Zusammensetzung ist ideal f\u00fcr Patienten, die h\u00f6chste Sicherheit und Vertr\u00e4glichkeit w\u00fcnschen, was es zu einer bevorzugten Wahl f\u00fcr anspruchsvolle Fachleute macht.<\/p>\n<\/li>\n<\/ul>\n<h3 data-path-to-node=\"9\">\ud83d\udc96 Eine Investition in Selbstvertrauen<\/h3>\n<p data-path-to-node=\"10\">Glatte, strahlende Haut ist mehr als nur ein \u00e4sthetisches Anliegen; sie ist ein Schub f\u00fcr das Selbstvertrauen, der sich in jeder Interaktion widerspiegelt. Bocouture 100 Einheiten ist der perfekte Partner f\u00fcr \u00c4sthetik-Experten, die ihren Kunden eine Premium-Behandlung anbieten m\u00f6chten, die auf Wissenschaft und Reinheit basiert. <\/p>\n<p data-path-to-node=\"11\">Die 100-IE-Durchstechflasche bietet eine ausgezeichnete Vielseitigkeit f\u00fcr die Behandlung mehrerer Gesichtsbereiche oder f\u00fcr die Planung nachfolgender Sitzungen, was sie zu einem wesentlichen Element in Ihrer Praxis macht.<\/p>\n<p data-path-to-node=\"12\"><b data-path-to-node=\"12\" data-index-in-node=\"0\">Produktspezifikationen:<\/b><\/p>\n<ul data-path-to-node=\"13\">\n<li>\n<p data-path-to-node=\"13,0,0\"><b data-path-to-node=\"13,0,0\" data-index-in-node=\"0\">Wirkstoff:<\/b> Botulinumtoxin Typ A (150 kD).<\/p>\n<\/li>\n<li>\n<p data-path-to-node=\"13,1,0\"><b data-path-to-node=\"13,1,0\" data-index-in-node=\"0\">Format:<\/b> Pulver zur Herstellung einer Injektionsl\u00f6sung.<\/p>\n<\/li>\n<li>\n<p data-path-to-node=\"13,2,0\"><b data-path-to-node=\"13,2,0\" data-index-in-node=\"0\">Inhalt:<\/b> 100 Einheiten.<\/p>\n<\/li>\n<li>\n<p data-path-to-node=\"13,3,0\"><b data-path-to-node=\"13,3,0\" data-index-in-node=\"0\">Hauptmerkmal:<\/b> Frei von Komplexproteinen.<\/p>\n<\/li>\n<\/ul>\n<p data-path-to-node=\"15\"><b data-path-to-node=\"15\" data-index-in-node=\"0\">F\u00fcgen Sie Bocouture 100 Einheiten Ihrem Warenkorb hinzu und bieten Sie noch heute die Zukunft der reinen, nat\u00fcrlichen Sch\u00f6nheit an!<\/b><\/p>\n","protected":false},"excerpt":{"rendered":"<p>Preise auf Anfrage f\u00fcr medizinisches Fachpersonal. Kontaktieren Sie uns unter info@beutox.com bez\u00fcglich der aktuellen Lagerverf\u00fcgbarkeit und B2B-Konditionen. <\/p>\n","protected":false},"featured_media":921,"comment_status":"open","ping_status":"closed","template":"","meta":[],"product_brand":[],"product_cat":[41],"product_tag":[],"class_list":{"0":"post-920","1":"product","2":"type-product","3":"status-publish","4":"has-post-thumbnail","6":"product_cat-botox","8":"first","9":"instock","10":"shipping-taxable","11":"product-type-simple"},"yoast_head":"<!-- This site is optimized with the Yoast SEO plugin v26.6 - https:\/\/yoast.com\/wordpress\/plugins\/seo\/ -->\n<title>Bocouture 100 IE Kaufen Online - Beutox.com<\/title>\n<meta name=\"description\" content=\"Bestellen Sie Bocouture 100 Einheiten online. Reines Botulinumtoxin Typ A f\u00fcr professionelle \u00e4sthetische und therapeutische Behandlungen. Ein g\u00fcltiges \u00e4rztliches Rezept oder eine professionelle Lizenz ist f\u00fcr den Kauf erforderlich. Sichere, temperaturkontrollierte Lieferung f\u00fcr autorisierte Gesundheitseinrichtungen.\" \/>\n<meta name=\"robots\" content=\"index, follow, max-snippet:-1, max-image-preview:large, max-video-preview:-1\" \/>\n<link rel=\"canonical\" href=\"https:\/\/beutox.com\/de\/produkt\/bocouture-botox-100-ie\/\" \/>\n<meta property=\"og:locale\" content=\"de_DE\" \/>\n<meta property=\"og:type\" content=\"article\" \/>\n<meta property=\"og:title\" content=\"Bocouture 100 IE Kaufen Online - Beutox.com\" \/>\n<meta property=\"og:description\" content=\"Bestellen Sie Bocouture 100 Einheiten online. Reines Botulinumtoxin Typ A f\u00fcr professionelle \u00e4sthetische und therapeutische Behandlungen. Ein g\u00fcltiges \u00e4rztliches Rezept oder eine professionelle Lizenz ist f\u00fcr den Kauf erforderlich. Sichere, temperaturkontrollierte Lieferung f\u00fcr autorisierte Gesundheitseinrichtungen.\" \/>\n<meta property=\"og:url\" content=\"https:\/\/beutox.com\/de\/produkt\/bocouture-botox-100-ie\/\" \/>\n<meta property=\"og:site_name\" content=\"Beutox.com\" \/>\n<meta property=\"article:modified_time\" content=\"2026-02-10T00:33:21+00:00\" \/>\n<meta property=\"og:image\" content=\"https:\/\/beutox.com\/wp-content\/uploads\/2025\/12\/Bocouture-botox-100IU.jpg\" \/>\n\t<meta property=\"og:image:width\" content=\"1024\" \/>\n\t<meta property=\"og:image:height\" content=\"1024\" \/>\n\t<meta property=\"og:image:type\" content=\"image\/jpeg\" \/>\n<meta name=\"twitter:card\" content=\"summary_large_image\" \/>\n<meta name=\"twitter:label1\" content=\"Gesch\u00e4tzte Lesezeit\" \/>\n\t<meta name=\"twitter:data1\" content=\"2\u00a0Minuten\" \/>\n<script type=\"application\/ld+json\" class=\"yoast-schema-graph\">{\"@context\":\"https:\/\/schema.org\",\"@graph\":[{\"@type\":\"WebPage\",\"@id\":\"https:\/\/beutox.com\/de\/produkt\/bocouture-botox-100-ie\/\",\"url\":\"https:\/\/beutox.com\/de\/produkt\/bocouture-botox-100-ie\/\",\"name\":\"Bocouture 100 IE Kaufen Online - Beutox.com\",\"isPartOf\":{\"@id\":\"https:\/\/beutox.com\/de\/#website\"},\"primaryImageOfPage\":{\"@id\":\"https:\/\/beutox.com\/de\/produkt\/bocouture-botox-100-ie\/#primaryimage\"},\"image\":{\"@id\":\"https:\/\/beutox.com\/de\/produkt\/bocouture-botox-100-ie\/#primaryimage\"},\"thumbnailUrl\":\"https:\/\/beutox.com\/wp-content\/uploads\/2025\/12\/Bocouture-botox-100IU.jpg\",\"datePublished\":\"2025-12-19T11:53:04+00:00\",\"dateModified\":\"2026-02-10T00:33:21+00:00\",\"description\":\"Bestellen Sie Bocouture 100 Einheiten online. Reines Botulinumtoxin Typ A f\u00fcr professionelle \u00e4sthetische und therapeutische Behandlungen. Ein g\u00fcltiges \u00e4rztliches Rezept oder eine professionelle Lizenz ist f\u00fcr den Kauf erforderlich. Sichere, temperaturkontrollierte Lieferung f\u00fcr autorisierte Gesundheitseinrichtungen.\",\"breadcrumb\":{\"@id\":\"https:\/\/beutox.com\/de\/produkt\/bocouture-botox-100-ie\/#breadcrumb\"},\"inLanguage\":\"de\",\"potentialAction\":[{\"@type\":\"ReadAction\",\"target\":[\"https:\/\/beutox.com\/de\/produkt\/bocouture-botox-100-ie\/\"]}]},{\"@type\":\"ImageObject\",\"inLanguage\":\"de\",\"@id\":\"https:\/\/beutox.com\/de\/produkt\/bocouture-botox-100-ie\/#primaryimage\",\"url\":\"https:\/\/beutox.com\/wp-content\/uploads\/2025\/12\/Bocouture-botox-100IU.jpg\",\"contentUrl\":\"https:\/\/beutox.com\/wp-content\/uploads\/2025\/12\/Bocouture-botox-100IU.jpg\",\"width\":1024,\"height\":1024},{\"@type\":\"BreadcrumbList\",\"@id\":\"https:\/\/beutox.com\/de\/produkt\/bocouture-botox-100-ie\/#breadcrumb\",\"itemListElement\":[{\"@type\":\"ListItem\",\"position\":1,\"name\":\"Startseite\",\"item\":\"https:\/\/beutox.com\/de\/startseite\/\"},{\"@type\":\"ListItem\",\"position\":2,\"name\":\"Shop\",\"item\":\"https:\/\/beutox.com\/de\/shop\/\"},{\"@type\":\"ListItem\",\"position\":3,\"name\":\"Bocouture 100 IE\"}]},{\"@type\":\"WebSite\",\"@id\":\"https:\/\/beutox.com\/de\/#website\",\"url\":\"https:\/\/beutox.com\/de\/\",\"name\":\"Beutox.com\",\"description\":\"Buy botox online, We ship to USA, UK, Canada, Australia, EU, Saudi Arabia and the rest of the world\",\"potentialAction\":[{\"@type\":\"SearchAction\",\"target\":{\"@type\":\"EntryPoint\",\"urlTemplate\":\"https:\/\/beutox.com\/de\/?s={search_term_string}\"},\"query-input\":{\"@type\":\"PropertyValueSpecification\",\"valueRequired\":true,\"valueName\":\"search_term_string\"}}],\"inLanguage\":\"de\"}]}<\/script>\n<!-- \/ Yoast SEO plugin. -->","yoast_head_json":{"title":"Bocouture 100 IE Kaufen Online - Beutox.com","description":"Bestellen Sie Bocouture 100 Einheiten online. Reines Botulinumtoxin Typ A f\u00fcr professionelle \u00e4sthetische und therapeutische Behandlungen. Ein g\u00fcltiges \u00e4rztliches Rezept oder eine professionelle Lizenz ist f\u00fcr den Kauf erforderlich. Sichere, temperaturkontrollierte Lieferung f\u00fcr autorisierte Gesundheitseinrichtungen.","robots":{"index":"index","follow":"follow","max-snippet":"max-snippet:-1","max-image-preview":"max-image-preview:large","max-video-preview":"max-video-preview:-1"},"canonical":"https:\/\/beutox.com\/de\/produkt\/bocouture-botox-100-ie\/","og_locale":"de_DE","og_type":"article","og_title":"Bocouture 100 IE Kaufen Online - Beutox.com","og_description":"Bestellen Sie Bocouture 100 Einheiten online. Reines Botulinumtoxin Typ A f\u00fcr professionelle \u00e4sthetische und therapeutische Behandlungen. Ein g\u00fcltiges \u00e4rztliches Rezept oder eine professionelle Lizenz ist f\u00fcr den Kauf erforderlich. Sichere, temperaturkontrollierte Lieferung f\u00fcr autorisierte Gesundheitseinrichtungen.","og_url":"https:\/\/beutox.com\/de\/produkt\/bocouture-botox-100-ie\/","og_site_name":"Beutox.com","article_modified_time":"2026-02-10T00:33:21+00:00","og_image":[{"width":1024,"height":1024,"url":"https:\/\/beutox.com\/wp-content\/uploads\/2025\/12\/Bocouture-botox-100IU.jpg","type":"image\/jpeg"}],"twitter_card":"summary_large_image","twitter_misc":{"Gesch\u00e4tzte Lesezeit":"2\u00a0Minuten"},"schema":{"@context":"https:\/\/schema.org","@graph":[{"@type":"WebPage","@id":"https:\/\/beutox.com\/de\/produkt\/bocouture-botox-100-ie\/","url":"https:\/\/beutox.com\/de\/produkt\/bocouture-botox-100-ie\/","name":"Bocouture 100 IE Kaufen Online - Beutox.com","isPartOf":{"@id":"https:\/\/beutox.com\/de\/#website"},"primaryImageOfPage":{"@id":"https:\/\/beutox.com\/de\/produkt\/bocouture-botox-100-ie\/#primaryimage"},"image":{"@id":"https:\/\/beutox.com\/de\/produkt\/bocouture-botox-100-ie\/#primaryimage"},"thumbnailUrl":"https:\/\/beutox.com\/wp-content\/uploads\/2025\/12\/Bocouture-botox-100IU.jpg","datePublished":"2025-12-19T11:53:04+00:00","dateModified":"2026-02-10T00:33:21+00:00","description":"Bestellen Sie Bocouture 100 Einheiten online. Reines Botulinumtoxin Typ A f\u00fcr professionelle \u00e4sthetische und therapeutische Behandlungen. Ein g\u00fcltiges \u00e4rztliches Rezept oder eine professionelle Lizenz ist f\u00fcr den Kauf erforderlich. Sichere, temperaturkontrollierte Lieferung f\u00fcr autorisierte Gesundheitseinrichtungen.","breadcrumb":{"@id":"https:\/\/beutox.com\/de\/produkt\/bocouture-botox-100-ie\/#breadcrumb"},"inLanguage":"de","potentialAction":[{"@type":"ReadAction","target":["https:\/\/beutox.com\/de\/produkt\/bocouture-botox-100-ie\/"]}]},{"@type":"ImageObject","inLanguage":"de","@id":"https:\/\/beutox.com\/de\/produkt\/bocouture-botox-100-ie\/#primaryimage","url":"https:\/\/beutox.com\/wp-content\/uploads\/2025\/12\/Bocouture-botox-100IU.jpg","contentUrl":"https:\/\/beutox.com\/wp-content\/uploads\/2025\/12\/Bocouture-botox-100IU.jpg","width":1024,"height":1024},{"@type":"BreadcrumbList","@id":"https:\/\/beutox.com\/de\/produkt\/bocouture-botox-100-ie\/#breadcrumb","itemListElement":[{"@type":"ListItem","position":1,"name":"Startseite","item":"https:\/\/beutox.com\/de\/startseite\/"},{"@type":"ListItem","position":2,"name":"Shop","item":"https:\/\/beutox.com\/de\/shop\/"},{"@type":"ListItem","position":3,"name":"Bocouture 100 IE"}]},{"@type":"WebSite","@id":"https:\/\/beutox.com\/de\/#website","url":"https:\/\/beutox.com\/de\/","name":"Beutox.com","description":"Buy botox online, We ship to USA, UK, Canada, Australia, EU, Saudi Arabia and the rest of the world","potentialAction":[{"@type":"SearchAction","target":{"@type":"EntryPoint","urlTemplate":"https:\/\/beutox.com\/de\/?s={search_term_string}"},"query-input":{"@type":"PropertyValueSpecification","valueRequired":true,"valueName":"search_term_string"}}],"inLanguage":"de"}]}},"_links":{"self":[{"href":"https:\/\/beutox.com\/de\/wp-json\/wp\/v2\/product\/920","targetHints":{"allow":["GET"]}}],"collection":[{"href":"https:\/\/beutox.com\/de\/wp-json\/wp\/v2\/product"}],"about":[{"href":"https:\/\/beutox.com\/de\/wp-json\/wp\/v2\/types\/product"}],"replies":[{"embeddable":true,"href":"https:\/\/beutox.com\/de\/wp-json\/wp\/v2\/comments?post=920"}],"wp:featuredmedia":[{"embeddable":true,"href":"https:\/\/beutox.com\/de\/wp-json\/wp\/v2\/media\/921"}],"wp:attachment":[{"href":"https:\/\/beutox.com\/de\/wp-json\/wp\/v2\/media?parent=920"}],"wp:term":[{"taxonomy":"product_brand","embeddable":true,"href":"https:\/\/beutox.com\/de\/wp-json\/wp\/v2\/product_brand?post=920"},{"taxonomy":"product_cat","embeddable":true,"href":"https:\/\/beutox.com\/de\/wp-json\/wp\/v2\/product_cat?post=920"},{"taxonomy":"product_tag","embeddable":true,"href":"https:\/\/beutox.com\/de\/wp-json\/wp\/v2\/product_tag?post=920"}],"curies":[{"name":"wp","href":"https:\/\/api.w.org\/{rel}","templated":true}]}}