{"id":886,"date":"2025-12-19T16:24:30","date_gmt":"2025-12-19T16:24:30","guid":{"rendered":"https:\/\/beutox.com\/product\/juvederm-ultra-4\/"},"modified":"2025-12-19T16:24:30","modified_gmt":"2025-12-19T16:24:30","slug":"juvederm-ultra-4","status":"publish","type":"product","link":"https:\/\/beutox.com\/de\/produkt\/juvederm-ultra-4\/","title":{"rendered":"Juvederm Ultra 4"},"content":{"rendered":"<h3 data-path-to-node=\"4\"><b data-path-to-node=\"4\" data-index-in-node=\"0\">Die L\u00f6sung bei erheblichem Volumenverlust<\/b><\/h3>\n<p data-path-to-node=\"5\">Optimieren Sie Ihre fortschrittlichen Konturierungs- und Volumenaufbauverfahren mit <b data-path-to-node=\"5\" data-index-in-node=\"72\">Juv\u00e9derm Ultra 4<\/b>. Als Teil der weltweit anerkannten Juv\u00e9derm-Familie ist dieser injizierbare dermale Filler speziell mit einer h\u00f6heren Konzentration an vernetzter Hyalurons\u00e4ure (HA) formuliert, um die anspruchsvollsten \u00e4sthetischen Herausforderungen zu meistern. <\/p>\n<p data-path-to-node=\"6\">Juv\u00e9derm Ultra 4 besitzt eine <b data-path-to-node=\"6\" data-index-in-node=\"29\">robuste Gelkonsistenz mit hoher Viskosit\u00e4t<\/b>, was es zur idealen Wahl f\u00fcr die Injektion in tiefes Gewebe macht, um ausgepr\u00e4gte Volumendefizite und schwere Falten zu behandeln, die einen deutlichen Lift und eine Projektion erfordern.<\/p>\n<h3 data-path-to-node=\"7\"><b data-path-to-node=\"7\" data-index-in-node=\"0\">Pr\u00e4zisionsentwicklung f\u00fcr tiefe Korrektur<\/b><\/h3>\n<p data-path-to-node=\"8\">Jede Spritze Juv\u00e9derm Ultra 4 enth\u00e4lt <b data-path-to-node=\"8\" data-index-in-node=\"42\">24 mg\/ml hochvernetzte HA<\/b>, was ihr die strukturelle Integrit\u00e4t verleiht, die f\u00fcr Folgendes erforderlich ist:<\/p>\n<ul data-path-to-node=\"9\">\n<li>\n<p data-path-to-node=\"9,0,0\"><b data-path-to-node=\"9,0,0\" data-index-in-node=\"0\">Schwere Nasolabialfalten:<\/b> Effektives Auff\u00fcllen und Gl\u00e4tten der tiefsten Linien, die sich von der Nase zum Mund erstrecken.<\/p>\n<\/li>\n<li>\n<p data-path-to-node=\"9,1,0\"><b data-path-to-node=\"9,1,0\" data-index-in-node=\"0\">Wangen- und Mittelgesichtsvolumen:<\/b> Wiederherstellung des verlorenen Volumens der Wangen und des submalaren Bereichs, Korrektur von Hohlr\u00e4umen und Verbesserung der allgemeinen Gesichtskonvexit\u00e4t.<\/p>\n<\/li>\n<li>\n<p data-path-to-node=\"9,2,0\"><b data-path-to-node=\"9,2,0\" data-index-in-node=\"0\">Definition der Gesichtskontur:<\/b> Modellierung und Definition der Kieferlinie und des Kinns, wodurch Gleichgewicht und Harmonie im unteren Gesichtsbereich entstehen.<\/p>\n<\/li>\n<li>\n<p data-path-to-node=\"9,3,0\"><b data-path-to-node=\"9,3,0\" data-index-in-node=\"0\">Auff\u00fcllen tiefer Vertiefungen:<\/b> Behandlung anderer tiefer Gesichtsvertiefungen und Narben, die eine erhebliche Gewebeunterst\u00fctzung erfordern.<\/p>\n<\/li>\n<\/ul>\n<h3 data-path-to-node=\"10\"><b data-path-to-node=\"10\" data-index-in-node=\"0\">Zuverl\u00e4ssige Unterst\u00fctzung und erh\u00f6hter Komfort<\/b><\/h3>\n<p data-path-to-node=\"11\">Dank seiner haltbaren Formulierung ist die strukturelle Unterst\u00fctzung durch Juv\u00e9derm Ultra 4 au\u00dfergew\u00f6hnlich langlebig, wobei die Ergebnisse oft bis zu 12 Monate oder l\u00e4nger anhalten. Dar\u00fcber hinaus sorgt der Zusatz von <b data-path-to-node=\"11\" data-index-in-node=\"207\">Lidocain (0,3 %)<\/b> f\u00fcr ein angenehmeres Patientenerlebnis w\u00e4hrend des tiefen Injektionsprozesses, sodass Sie sich auf die Erzielung optimaler Konturierung und des Lifts konzentrieren k\u00f6nnen. <\/p>\n<p data-path-to-node=\"12\">W\u00e4hlen Sie Juv\u00e9derm Ultra 4, wenn Ihre Patienten eine leistungsstarke, zuverl\u00e4ssige L\u00f6sung f\u00fcr eine signifikante Volumenkorrektur und eine deutliche Faltenreduzierung w\u00fcnschen. Vertrauen Sie auf diesen robusten Filler, um die definierten, gelifteten und jugendlich strukturierten Ergebnisse zu liefern, die eine kompetente Praxis auszeichnen. <\/p>\n","protected":false},"excerpt":{"rendered":"<p><b data-path-to-node=\"16\" data-index-in-node=\"0\">Juv\u00e9derm Ultra 4<\/b> ist ein dichter, hochvernetzter Hyalurons\u00e4ure-Filler, der f\u00fcr die <b data-path-to-node=\"16\" data-index-in-node=\"92\">tiefe Volumenwiederherstellung<\/b> und die Korrektur von <b data-path-to-node=\"16\" data-index-in-node=\"138\">starken Gesichtsfalten<\/b> entwickelt wurde. Ideal zur Verbesserung der Wangen, zur Definition der Gesichtskonturen und zur Behandlung tiefer Nasolabialfalten. Seine robuste Formulierung sorgt f\u00fcr einen deutlichen Lift und lang anhaltende, sichtbare Ergebnisse. Enth\u00e4lt Lidocain f\u00fcr erh\u00f6hten Patientenkomfort.  <\/p>\n","protected":false},"featured_media":235,"comment_status":"open","ping_status":"closed","template":"","meta":[],"product_brand":[],"product_cat":[42],"product_tag":[],"class_list":{"0":"post-886","1":"product","2":"type-product","3":"status-publish","4":"has-post-thumbnail","6":"product_cat-dermal-fillers","8":"first","9":"instock","10":"shipping-taxable","11":"purchasable","12":"product-type-simple"},"yoast_head":"<!-- This site is optimized with the Yoast SEO plugin v26.6 - https:\/\/yoast.com\/wordpress\/plugins\/seo\/ -->\n<title>Juvederm Ultra 4 Kaufen Online - Beutox.com<\/title>\n<meta name=\"robots\" content=\"index, follow, max-snippet:-1, max-image-preview:large, max-video-preview:-1\" \/>\n<link rel=\"canonical\" href=\"https:\/\/beutox.com\/de\/produkt\/juvederm-ultra-4\/\" \/>\n<meta property=\"og:locale\" content=\"de_DE\" \/>\n<meta property=\"og:type\" content=\"article\" \/>\n<meta property=\"og:title\" content=\"Juvederm Ultra 4 Kaufen Online - Beutox.com\" \/>\n<meta property=\"og:description\" content=\"Juv\u00e9derm Ultra 4 ist ein dichter, hochvernetzter Hyalurons\u00e4ure-Filler, der f\u00fcr die tiefe Volumenwiederherstellung und die Korrektur von starken Gesichtsfalten entwickelt wurde. Ideal zur Verbesserung der Wangen, zur Definition der Gesichtskonturen und zur Behandlung tiefer Nasolabialfalten. Seine robuste Formulierung sorgt f\u00fcr einen deutlichen Lift und lang anhaltende, sichtbare Ergebnisse. Enth\u00e4lt Lidocain f\u00fcr erh\u00f6hten Patientenkomfort.\" \/>\n<meta property=\"og:url\" content=\"https:\/\/beutox.com\/de\/produkt\/juvederm-ultra-4\/\" \/>\n<meta property=\"og:site_name\" content=\"Beutox.com\" \/>\n<meta property=\"og:image\" content=\"https:\/\/beutox.com\/wp-content\/uploads\/2025\/12\/juvederm-ultra-4-.jpg.webp\" \/>\n\t<meta property=\"og:image:width\" content=\"800\" \/>\n\t<meta property=\"og:image:height\" content=\"800\" \/>\n\t<meta property=\"og:image:type\" content=\"image\/webp\" \/>\n<meta name=\"twitter:card\" content=\"summary_large_image\" \/>\n<meta name=\"twitter:label1\" content=\"Gesch\u00e4tzte Lesezeit\" \/>\n\t<meta name=\"twitter:data1\" content=\"2\u00a0Minuten\" \/>\n<script type=\"application\/ld+json\" class=\"yoast-schema-graph\">{\"@context\":\"https:\/\/schema.org\",\"@graph\":[{\"@type\":\"WebPage\",\"@id\":\"https:\/\/beutox.com\/de\/produkt\/juvederm-ultra-4\/\",\"url\":\"https:\/\/beutox.com\/de\/produkt\/juvederm-ultra-4\/\",\"name\":\"Juvederm Ultra 4 Kaufen Online - Beutox.com\",\"isPartOf\":{\"@id\":\"https:\/\/beutox.com\/de\/#website\"},\"primaryImageOfPage\":{\"@id\":\"https:\/\/beutox.com\/de\/produkt\/juvederm-ultra-4\/#primaryimage\"},\"image\":{\"@id\":\"https:\/\/beutox.com\/de\/produkt\/juvederm-ultra-4\/#primaryimage\"},\"thumbnailUrl\":\"https:\/\/beutox.com\/wp-content\/uploads\/2025\/12\/juvederm-ultra-4-.jpg.webp\",\"datePublished\":\"2025-12-19T16:24:30+00:00\",\"breadcrumb\":{\"@id\":\"https:\/\/beutox.com\/de\/produkt\/juvederm-ultra-4\/#breadcrumb\"},\"inLanguage\":\"de\",\"potentialAction\":[{\"@type\":\"ReadAction\",\"target\":[\"https:\/\/beutox.com\/de\/produkt\/juvederm-ultra-4\/\"]}]},{\"@type\":\"ImageObject\",\"inLanguage\":\"de\",\"@id\":\"https:\/\/beutox.com\/de\/produkt\/juvederm-ultra-4\/#primaryimage\",\"url\":\"https:\/\/beutox.com\/wp-content\/uploads\/2025\/12\/juvederm-ultra-4-.jpg.webp\",\"contentUrl\":\"https:\/\/beutox.com\/wp-content\/uploads\/2025\/12\/juvederm-ultra-4-.jpg.webp\",\"width\":800,\"height\":800},{\"@type\":\"BreadcrumbList\",\"@id\":\"https:\/\/beutox.com\/de\/produkt\/juvederm-ultra-4\/#breadcrumb\",\"itemListElement\":[{\"@type\":\"ListItem\",\"position\":1,\"name\":\"Startseite\",\"item\":\"https:\/\/beutox.com\/de\/startseite\/\"},{\"@type\":\"ListItem\",\"position\":2,\"name\":\"Shop\",\"item\":\"https:\/\/beutox.com\/de\/shop\/\"},{\"@type\":\"ListItem\",\"position\":3,\"name\":\"Juvederm Ultra 4\"}]},{\"@type\":\"WebSite\",\"@id\":\"https:\/\/beutox.com\/de\/#website\",\"url\":\"https:\/\/beutox.com\/de\/\",\"name\":\"Beutox.com\",\"description\":\"Buy botox online, We ship to USA, UK, Canada, Australia, EU, Saudi Arabia and the rest of the world\",\"potentialAction\":[{\"@type\":\"SearchAction\",\"target\":{\"@type\":\"EntryPoint\",\"urlTemplate\":\"https:\/\/beutox.com\/de\/?s={search_term_string}\"},\"query-input\":{\"@type\":\"PropertyValueSpecification\",\"valueRequired\":true,\"valueName\":\"search_term_string\"}}],\"inLanguage\":\"de\"}]}<\/script>\n<!-- \/ Yoast SEO plugin. -->","yoast_head_json":{"title":"Juvederm Ultra 4 Kaufen Online - Beutox.com","robots":{"index":"index","follow":"follow","max-snippet":"max-snippet:-1","max-image-preview":"max-image-preview:large","max-video-preview":"max-video-preview:-1"},"canonical":"https:\/\/beutox.com\/de\/produkt\/juvederm-ultra-4\/","og_locale":"de_DE","og_type":"article","og_title":"Juvederm Ultra 4 Kaufen Online - Beutox.com","og_description":"Juv\u00e9derm Ultra 4 ist ein dichter, hochvernetzter Hyalurons\u00e4ure-Filler, der f\u00fcr die tiefe Volumenwiederherstellung und die Korrektur von starken Gesichtsfalten entwickelt wurde. Ideal zur Verbesserung der Wangen, zur Definition der Gesichtskonturen und zur Behandlung tiefer Nasolabialfalten. Seine robuste Formulierung sorgt f\u00fcr einen deutlichen Lift und lang anhaltende, sichtbare Ergebnisse. Enth\u00e4lt Lidocain f\u00fcr erh\u00f6hten Patientenkomfort.","og_url":"https:\/\/beutox.com\/de\/produkt\/juvederm-ultra-4\/","og_site_name":"Beutox.com","og_image":[{"width":800,"height":800,"url":"https:\/\/beutox.com\/wp-content\/uploads\/2025\/12\/juvederm-ultra-4-.jpg.webp","type":"image\/webp"}],"twitter_card":"summary_large_image","twitter_misc":{"Gesch\u00e4tzte Lesezeit":"2\u00a0Minuten"},"schema":{"@context":"https:\/\/schema.org","@graph":[{"@type":"WebPage","@id":"https:\/\/beutox.com\/de\/produkt\/juvederm-ultra-4\/","url":"https:\/\/beutox.com\/de\/produkt\/juvederm-ultra-4\/","name":"Juvederm Ultra 4 Kaufen Online - Beutox.com","isPartOf":{"@id":"https:\/\/beutox.com\/de\/#website"},"primaryImageOfPage":{"@id":"https:\/\/beutox.com\/de\/produkt\/juvederm-ultra-4\/#primaryimage"},"image":{"@id":"https:\/\/beutox.com\/de\/produkt\/juvederm-ultra-4\/#primaryimage"},"thumbnailUrl":"https:\/\/beutox.com\/wp-content\/uploads\/2025\/12\/juvederm-ultra-4-.jpg.webp","datePublished":"2025-12-19T16:24:30+00:00","breadcrumb":{"@id":"https:\/\/beutox.com\/de\/produkt\/juvederm-ultra-4\/#breadcrumb"},"inLanguage":"de","potentialAction":[{"@type":"ReadAction","target":["https:\/\/beutox.com\/de\/produkt\/juvederm-ultra-4\/"]}]},{"@type":"ImageObject","inLanguage":"de","@id":"https:\/\/beutox.com\/de\/produkt\/juvederm-ultra-4\/#primaryimage","url":"https:\/\/beutox.com\/wp-content\/uploads\/2025\/12\/juvederm-ultra-4-.jpg.webp","contentUrl":"https:\/\/beutox.com\/wp-content\/uploads\/2025\/12\/juvederm-ultra-4-.jpg.webp","width":800,"height":800},{"@type":"BreadcrumbList","@id":"https:\/\/beutox.com\/de\/produkt\/juvederm-ultra-4\/#breadcrumb","itemListElement":[{"@type":"ListItem","position":1,"name":"Startseite","item":"https:\/\/beutox.com\/de\/startseite\/"},{"@type":"ListItem","position":2,"name":"Shop","item":"https:\/\/beutox.com\/de\/shop\/"},{"@type":"ListItem","position":3,"name":"Juvederm Ultra 4"}]},{"@type":"WebSite","@id":"https:\/\/beutox.com\/de\/#website","url":"https:\/\/beutox.com\/de\/","name":"Beutox.com","description":"Buy botox online, We ship to USA, UK, Canada, Australia, EU, Saudi Arabia and the rest of the world","potentialAction":[{"@type":"SearchAction","target":{"@type":"EntryPoint","urlTemplate":"https:\/\/beutox.com\/de\/?s={search_term_string}"},"query-input":{"@type":"PropertyValueSpecification","valueRequired":true,"valueName":"search_term_string"}}],"inLanguage":"de"}]}},"_links":{"self":[{"href":"https:\/\/beutox.com\/de\/wp-json\/wp\/v2\/product\/886","targetHints":{"allow":["GET"]}}],"collection":[{"href":"https:\/\/beutox.com\/de\/wp-json\/wp\/v2\/product"}],"about":[{"href":"https:\/\/beutox.com\/de\/wp-json\/wp\/v2\/types\/product"}],"replies":[{"embeddable":true,"href":"https:\/\/beutox.com\/de\/wp-json\/wp\/v2\/comments?post=886"}],"wp:featuredmedia":[{"embeddable":true,"href":"https:\/\/beutox.com\/de\/wp-json\/wp\/v2\/media\/235"}],"wp:attachment":[{"href":"https:\/\/beutox.com\/de\/wp-json\/wp\/v2\/media?parent=886"}],"wp:term":[{"taxonomy":"product_brand","embeddable":true,"href":"https:\/\/beutox.com\/de\/wp-json\/wp\/v2\/product_brand?post=886"},{"taxonomy":"product_cat","embeddable":true,"href":"https:\/\/beutox.com\/de\/wp-json\/wp\/v2\/product_cat?post=886"},{"taxonomy":"product_tag","embeddable":true,"href":"https:\/\/beutox.com\/de\/wp-json\/wp\/v2\/product_tag?post=886"}],"curies":[{"name":"wp","href":"https:\/\/api.w.org\/{rel}","templated":true}]}}