{"id":880,"date":"2025-12-19T16:31:28","date_gmt":"2025-12-19T16:31:28","guid":{"rendered":"https:\/\/beutox.com\/product\/juvederm-voluma-2-x-1-ml\/"},"modified":"2025-12-19T16:31:28","modified_gmt":"2025-12-19T16:31:28","slug":"juvederm-voluma-2-x-1-ml","status":"publish","type":"product","link":"https:\/\/beutox.com\/de\/produkt\/juvederm-voluma-2-x-1-ml\/","title":{"rendered":"Juvederm Voluma 2 x 1 ml"},"content":{"rendered":"<h3 data-path-to-node=\"4\"><b data-path-to-node=\"4\" data-index-in-node=\"0\">Gesichtsvolumen und jugendliche Struktur neu definieren<\/b><\/h3>\n<p data-path-to-node=\"5\">Wir pr\u00e4sentieren die definitive L\u00f6sung f\u00fcr altersbedingten Volumenverlust mit <b data-path-to-node=\"5\" data-index-in-node=\"67\">Juv\u00e9derm Voluma<\/b>, einem Eckpfeiler der weltbekannten Juv\u00e9derm-Filler-Kollektion. Voluma wurde speziell f\u00fcr die tiefe Injektion in die Gesichtsmitte entwickelt, nicht nur um aufzuf\u00fcllen, sondern auch um einen starken Lifting-Effekt zu erzielen und die harmonischen Konturen der Jugend wiederherzustellen. <\/p>\n<p data-path-to-node=\"6\">Voluma ist der einzige Hyalurons\u00e4ure-Filler (HA), dessen Ergebnisse bei optimaler Behandlung nachweislich bis zu <b data-path-to-node=\"6\" data-index-in-node=\"97\">zwei Jahre<\/b> anhalten. Damit ist er die erste Wahl f\u00fcr Kliniker, die maximale Langlebigkeit und Patientenzufriedenheit anstreben.<\/p>\n<h3 data-path-to-node=\"7\"><b data-path-to-node=\"7\" data-index-in-node=\"0\">Mit VYCROSS\u00ae-Technologie<\/b><\/h3>\n<p data-path-to-node=\"8\">Die \u00fcberlegene Leistung von Juv\u00e9derm Voluma ist der von Allergan entwickelten <b data-path-to-node=\"8\" data-index-in-node=\"84\">VYCROSS\u00ae-Technologie<\/b> zu verdanken. Dieses innovative Herstellungsverfahren vernetzt sowohl niedrig- als auch hochmolekulare HA-Ketten und erzeugt so ein unglaublich glattes, koh\u00e4sives Gel mit au\u00dfergew\u00f6hnlicher Lifting-Kapazit\u00e4t. Diese spezielle Zusammensetzung gew\u00e4hrleistet:  <\/p>\n<ul data-path-to-node=\"9\">\n<li>\n<p data-path-to-node=\"9,0,0\"><b data-path-to-node=\"9,0,0\" data-index-in-node=\"0\">Maximale Projektion:<\/b> Die hohe strukturelle Integrit\u00e4t des Gels bietet die Festigkeit, die erforderlich ist, um erschlafftes Gewebe anzuheben und die Definition von Wangenknochen und Kinn wiederherzustellen.<\/p>\n<\/li>\n<li>\n<p data-path-to-node=\"9,1,0\"><b data-path-to-node=\"9,1,0\" data-index-in-node=\"0\">Nat\u00fcrliches Gef\u00fchl:<\/b> Trotz seiner St\u00e4rke ist das VYCROSS-Gel glatt und leicht zu injizieren und integriert sich nahtlos in das umliegende Gewebe f\u00fcr ein nat\u00fcrliches, nicht aufgedunsenes Aussehen.<\/p>\n<\/li>\n<li>\n<p data-path-to-node=\"9,2,0\"><b data-path-to-node=\"9,2,0\" data-index-in-node=\"0\">Verl\u00e4ngerte Haltbarkeit:<\/b> Die effiziente Vernetzung verlangsamt den nat\u00fcrlichen Abbauprozess und sorgt f\u00fcr die l\u00e4ngste Korrektionsdauer seiner Klasse.<\/p>\n<\/li>\n<\/ul>\n<h3 data-path-to-node=\"10\"><b data-path-to-node=\"10\" data-index-in-node=\"0\">Wichtige Behandlungsindikationen<\/b><\/h3>\n<p data-path-to-node=\"11\">Juv\u00e9derm Voluma ist das unverzichtbare Werkzeug f\u00fcr:<\/p>\n<ul data-path-to-node=\"12\">\n<li>\n<p data-path-to-node=\"12,0,0\"><b data-path-to-node=\"12,0,0\" data-index-in-node=\"0\">Wangenaugmentation:<\/b> Korrektur des altersbedingten Volumendefizits in der Gesichtsmitte, was zu einem sofortigen Lifting und einem erfrischten Profil f\u00fchrt.<\/p>\n<\/li>\n<li>\n<p data-path-to-node=\"12,1,0\"><b data-path-to-node=\"12,1,0\" data-index-in-node=\"0\">Kinnaugmentation:<\/b> Verbesserung der Kinnprojektion und -definition zur Verbesserung der gesamten Gesichtsharmonie und des Profils.<\/p>\n<\/li>\n<li>\n<p data-path-to-node=\"12,2,0\"><b data-path-to-node=\"12,2,0\" data-index-in-node=\"0\">Gesichtskonturierung:<\/b> Modellierung der Kieferpartie und Korrektur von Volumenverlusten an den Schl\u00e4fen f\u00fcr eine umfassende strukturelle Verj\u00fcngung.<\/p>\n<\/li>\n<\/ul>\n<p data-path-to-node=\"13\">Mit <b data-path-to-node=\"13\" data-index-in-node=\"5\">Lidocain (0,3 %)<\/b> in der Formel sorgt Juv\u00e9derm Voluma f\u00fcr ein deutlich angenehmeres Behandlungserlebnis, sodass Sie mit Zuversicht und Pr\u00e4zision eine transformative, lang anhaltende Volumenwiederherstellung erzielen k\u00f6nnen.<\/p>\n","protected":false},"excerpt":{"rendered":"<p><b data-path-to-node=\"17\" data-index-in-node=\"0\">Juv\u00e9derm Voluma<\/b> ist ein hochwertiger, hochviskoser Hyalurons\u00e4ure-Filler, der die <b data-path-to-node=\"17\" data-index-in-node=\"78\">VYCROSS\u00ae-Technologie<\/b> zur tiefen Volumenwiederherstellung nutzt. Es ist in erster Linie f\u00fcr die <g id=\"gid_2\">Wangenaugmentation<\/g> und die <g id=\"gid_3\">Kinnkonturierung<\/g> indiziert und bietet ein deutliches Lifting und Struktur, um altersbedingten Volumenverlust zu korrigieren. Mit integriertem Lidocain und Ergebnissen, die bis zu zwei Jahre anhalten, ist es die erste Wahl f\u00fcr die langfristige Gesichtsverj\u00fcngung.  <\/p>\n","protected":false},"featured_media":237,"comment_status":"open","ping_status":"closed","template":"","meta":[],"product_brand":[],"product_cat":[42],"product_tag":[],"class_list":{"0":"post-880","1":"product","2":"type-product","3":"status-publish","4":"has-post-thumbnail","6":"product_cat-dermal-fillers","8":"first","9":"instock","10":"shipping-taxable","11":"purchasable","12":"product-type-simple"},"yoast_head":"<!-- This site is optimized with the Yoast SEO plugin v26.6 - https:\/\/yoast.com\/wordpress\/plugins\/seo\/ -->\n<title>Juvederm Voluma 2 x 1 ml Kaufen Online - Beutox.com<\/title>\n<meta name=\"robots\" content=\"index, follow, max-snippet:-1, max-image-preview:large, max-video-preview:-1\" \/>\n<link rel=\"canonical\" href=\"https:\/\/beutox.com\/de\/produkt\/juvederm-voluma-2-x-1-ml\/\" \/>\n<meta property=\"og:locale\" content=\"de_DE\" \/>\n<meta property=\"og:type\" content=\"article\" \/>\n<meta property=\"og:title\" content=\"Juvederm Voluma 2 x 1 ml Kaufen Online - Beutox.com\" \/>\n<meta property=\"og:description\" content=\"Juv\u00e9derm Voluma ist ein hochwertiger, hochviskoser Hyalurons\u00e4ure-Filler, der die VYCROSS\u00ae-Technologie zur tiefen Volumenwiederherstellung nutzt. Es ist in erster Linie f\u00fcr die Wangenaugmentation und die Kinnkonturierung indiziert und bietet ein deutliches Lifting und Struktur, um altersbedingten Volumenverlust zu korrigieren. Mit integriertem Lidocain und Ergebnissen, die bis zu zwei Jahre anhalten, ist es die erste Wahl f\u00fcr die langfristige Gesichtsverj\u00fcngung.\" \/>\n<meta property=\"og:url\" content=\"https:\/\/beutox.com\/de\/produkt\/juvederm-voluma-2-x-1-ml\/\" \/>\n<meta property=\"og:site_name\" content=\"Beutox.com\" \/>\n<meta property=\"og:image\" content=\"https:\/\/beutox.com\/wp-content\/uploads\/2025\/12\/Juvederm-Voluma.jpg\" \/>\n\t<meta property=\"og:image:width\" content=\"1024\" \/>\n\t<meta property=\"og:image:height\" content=\"1024\" \/>\n\t<meta property=\"og:image:type\" content=\"image\/jpeg\" \/>\n<meta name=\"twitter:card\" content=\"summary_large_image\" \/>\n<meta name=\"twitter:label1\" content=\"Gesch\u00e4tzte Lesezeit\" \/>\n\t<meta name=\"twitter:data1\" content=\"2\u00a0Minuten\" \/>\n<script type=\"application\/ld+json\" class=\"yoast-schema-graph\">{\"@context\":\"https:\/\/schema.org\",\"@graph\":[{\"@type\":\"WebPage\",\"@id\":\"https:\/\/beutox.com\/de\/produkt\/juvederm-voluma-2-x-1-ml\/\",\"url\":\"https:\/\/beutox.com\/de\/produkt\/juvederm-voluma-2-x-1-ml\/\",\"name\":\"Juvederm Voluma 2 x 1 ml Kaufen Online - Beutox.com\",\"isPartOf\":{\"@id\":\"https:\/\/beutox.com\/de\/#website\"},\"primaryImageOfPage\":{\"@id\":\"https:\/\/beutox.com\/de\/produkt\/juvederm-voluma-2-x-1-ml\/#primaryimage\"},\"image\":{\"@id\":\"https:\/\/beutox.com\/de\/produkt\/juvederm-voluma-2-x-1-ml\/#primaryimage\"},\"thumbnailUrl\":\"https:\/\/beutox.com\/wp-content\/uploads\/2025\/12\/Juvederm-Voluma.jpg\",\"datePublished\":\"2025-12-19T16:31:28+00:00\",\"breadcrumb\":{\"@id\":\"https:\/\/beutox.com\/de\/produkt\/juvederm-voluma-2-x-1-ml\/#breadcrumb\"},\"inLanguage\":\"de\",\"potentialAction\":[{\"@type\":\"ReadAction\",\"target\":[\"https:\/\/beutox.com\/de\/produkt\/juvederm-voluma-2-x-1-ml\/\"]}]},{\"@type\":\"ImageObject\",\"inLanguage\":\"de\",\"@id\":\"https:\/\/beutox.com\/de\/produkt\/juvederm-voluma-2-x-1-ml\/#primaryimage\",\"url\":\"https:\/\/beutox.com\/wp-content\/uploads\/2025\/12\/Juvederm-Voluma.jpg\",\"contentUrl\":\"https:\/\/beutox.com\/wp-content\/uploads\/2025\/12\/Juvederm-Voluma.jpg\",\"width\":1024,\"height\":1024},{\"@type\":\"BreadcrumbList\",\"@id\":\"https:\/\/beutox.com\/de\/produkt\/juvederm-voluma-2-x-1-ml\/#breadcrumb\",\"itemListElement\":[{\"@type\":\"ListItem\",\"position\":1,\"name\":\"Startseite\",\"item\":\"https:\/\/beutox.com\/de\/startseite\/\"},{\"@type\":\"ListItem\",\"position\":2,\"name\":\"Shop\",\"item\":\"https:\/\/beutox.com\/de\/shop\/\"},{\"@type\":\"ListItem\",\"position\":3,\"name\":\"Juvederm Voluma 2 x 1 ml\"}]},{\"@type\":\"WebSite\",\"@id\":\"https:\/\/beutox.com\/de\/#website\",\"url\":\"https:\/\/beutox.com\/de\/\",\"name\":\"Beutox.com\",\"description\":\"Buy botox online, We ship to USA, UK, Canada, Australia, EU, Saudi Arabia and the rest of the world\",\"potentialAction\":[{\"@type\":\"SearchAction\",\"target\":{\"@type\":\"EntryPoint\",\"urlTemplate\":\"https:\/\/beutox.com\/de\/?s={search_term_string}\"},\"query-input\":{\"@type\":\"PropertyValueSpecification\",\"valueRequired\":true,\"valueName\":\"search_term_string\"}}],\"inLanguage\":\"de\"}]}<\/script>\n<!-- \/ Yoast SEO plugin. -->","yoast_head_json":{"title":"Juvederm Voluma 2 x 1 ml Kaufen Online - Beutox.com","robots":{"index":"index","follow":"follow","max-snippet":"max-snippet:-1","max-image-preview":"max-image-preview:large","max-video-preview":"max-video-preview:-1"},"canonical":"https:\/\/beutox.com\/de\/produkt\/juvederm-voluma-2-x-1-ml\/","og_locale":"de_DE","og_type":"article","og_title":"Juvederm Voluma 2 x 1 ml Kaufen Online - Beutox.com","og_description":"Juv\u00e9derm Voluma ist ein hochwertiger, hochviskoser Hyalurons\u00e4ure-Filler, der die VYCROSS\u00ae-Technologie zur tiefen Volumenwiederherstellung nutzt. Es ist in erster Linie f\u00fcr die Wangenaugmentation und die Kinnkonturierung indiziert und bietet ein deutliches Lifting und Struktur, um altersbedingten Volumenverlust zu korrigieren. Mit integriertem Lidocain und Ergebnissen, die bis zu zwei Jahre anhalten, ist es die erste Wahl f\u00fcr die langfristige Gesichtsverj\u00fcngung.","og_url":"https:\/\/beutox.com\/de\/produkt\/juvederm-voluma-2-x-1-ml\/","og_site_name":"Beutox.com","og_image":[{"width":1024,"height":1024,"url":"https:\/\/beutox.com\/wp-content\/uploads\/2025\/12\/Juvederm-Voluma.jpg","type":"image\/jpeg"}],"twitter_card":"summary_large_image","twitter_misc":{"Gesch\u00e4tzte Lesezeit":"2\u00a0Minuten"},"schema":{"@context":"https:\/\/schema.org","@graph":[{"@type":"WebPage","@id":"https:\/\/beutox.com\/de\/produkt\/juvederm-voluma-2-x-1-ml\/","url":"https:\/\/beutox.com\/de\/produkt\/juvederm-voluma-2-x-1-ml\/","name":"Juvederm Voluma 2 x 1 ml Kaufen Online - Beutox.com","isPartOf":{"@id":"https:\/\/beutox.com\/de\/#website"},"primaryImageOfPage":{"@id":"https:\/\/beutox.com\/de\/produkt\/juvederm-voluma-2-x-1-ml\/#primaryimage"},"image":{"@id":"https:\/\/beutox.com\/de\/produkt\/juvederm-voluma-2-x-1-ml\/#primaryimage"},"thumbnailUrl":"https:\/\/beutox.com\/wp-content\/uploads\/2025\/12\/Juvederm-Voluma.jpg","datePublished":"2025-12-19T16:31:28+00:00","breadcrumb":{"@id":"https:\/\/beutox.com\/de\/produkt\/juvederm-voluma-2-x-1-ml\/#breadcrumb"},"inLanguage":"de","potentialAction":[{"@type":"ReadAction","target":["https:\/\/beutox.com\/de\/produkt\/juvederm-voluma-2-x-1-ml\/"]}]},{"@type":"ImageObject","inLanguage":"de","@id":"https:\/\/beutox.com\/de\/produkt\/juvederm-voluma-2-x-1-ml\/#primaryimage","url":"https:\/\/beutox.com\/wp-content\/uploads\/2025\/12\/Juvederm-Voluma.jpg","contentUrl":"https:\/\/beutox.com\/wp-content\/uploads\/2025\/12\/Juvederm-Voluma.jpg","width":1024,"height":1024},{"@type":"BreadcrumbList","@id":"https:\/\/beutox.com\/de\/produkt\/juvederm-voluma-2-x-1-ml\/#breadcrumb","itemListElement":[{"@type":"ListItem","position":1,"name":"Startseite","item":"https:\/\/beutox.com\/de\/startseite\/"},{"@type":"ListItem","position":2,"name":"Shop","item":"https:\/\/beutox.com\/de\/shop\/"},{"@type":"ListItem","position":3,"name":"Juvederm Voluma 2 x 1 ml"}]},{"@type":"WebSite","@id":"https:\/\/beutox.com\/de\/#website","url":"https:\/\/beutox.com\/de\/","name":"Beutox.com","description":"Buy botox online, We ship to USA, UK, Canada, Australia, EU, Saudi Arabia and the rest of the world","potentialAction":[{"@type":"SearchAction","target":{"@type":"EntryPoint","urlTemplate":"https:\/\/beutox.com\/de\/?s={search_term_string}"},"query-input":{"@type":"PropertyValueSpecification","valueRequired":true,"valueName":"search_term_string"}}],"inLanguage":"de"}]}},"_links":{"self":[{"href":"https:\/\/beutox.com\/de\/wp-json\/wp\/v2\/product\/880","targetHints":{"allow":["GET"]}}],"collection":[{"href":"https:\/\/beutox.com\/de\/wp-json\/wp\/v2\/product"}],"about":[{"href":"https:\/\/beutox.com\/de\/wp-json\/wp\/v2\/types\/product"}],"replies":[{"embeddable":true,"href":"https:\/\/beutox.com\/de\/wp-json\/wp\/v2\/comments?post=880"}],"wp:featuredmedia":[{"embeddable":true,"href":"https:\/\/beutox.com\/de\/wp-json\/wp\/v2\/media\/237"}],"wp:attachment":[{"href":"https:\/\/beutox.com\/de\/wp-json\/wp\/v2\/media?parent=880"}],"wp:term":[{"taxonomy":"product_brand","embeddable":true,"href":"https:\/\/beutox.com\/de\/wp-json\/wp\/v2\/product_brand?post=880"},{"taxonomy":"product_cat","embeddable":true,"href":"https:\/\/beutox.com\/de\/wp-json\/wp\/v2\/product_cat?post=880"},{"taxonomy":"product_tag","embeddable":true,"href":"https:\/\/beutox.com\/de\/wp-json\/wp\/v2\/product_tag?post=880"}],"curies":[{"name":"wp","href":"https:\/\/api.w.org\/{rel}","templated":true}]}}