{"id":872,"date":"2025-12-19T16:39:25","date_gmt":"2025-12-19T16:39:25","guid":{"rendered":"https:\/\/beutox.com\/product\/profhilo-hl\/"},"modified":"2025-12-19T16:39:25","modified_gmt":"2025-12-19T16:39:25","slug":"profhilo-hl","status":"publish","type":"product","link":"https:\/\/beutox.com\/de\/produkt\/profhilo-hl\/","title":{"rendered":"Profhilo H+L"},"content":{"rendered":"<h3 data-path-to-node=\"4\"><b data-path-to-node=\"4\" data-index-in-node=\"0\">Die Wissenschaft der Hauterschlaffung: Mehr als nur Auff\u00fcllen<\/b><\/h3>\n<p data-path-to-node=\"5\">F\u00fchren Sie Ihren Kunden die Innovation von <b data-path-to-node=\"5\" data-index-in-node=\"44\">Profhilo H+L<\/b> vor, einer bahnbrechenden injizierbaren Behandlung, die die Hautverj\u00fcngung neu definiert. Im Gegensatz zu traditionellen Hautf\u00fcllern, die sich auf lokalisiertes Volumen konzentrieren, verwendet Profhilo einen einzigartigen &#8222;Bio-Remodeling&#8220;-Ansatz, der auf globale Hauterschlaffung, Hydratation und allgemeine Qualit\u00e4t abzielt. <\/p>\n<p data-path-to-node=\"6\">Dieses preisgekr\u00f6nte Produkt ist nicht nur ein Hautbooster; es ist das erste stabilisierte injizierbare Hyalurons\u00e4ure(HA)-Produkt, das ohne chemische Vernetzungsmittel (wie BDDE) formuliert wurde, was es hoch biokompatibel macht.<\/p>\n<h3 data-path-to-node=\"7\"><b data-path-to-node=\"7\" data-index-in-node=\"0\">Patentierte NAHYCO\u00ae-Technologie und hohe Konzentration<\/b><\/h3>\n<p data-path-to-node=\"8\">Profhilo H+L nutzt die patentierte <b data-path-to-node=\"8\" data-index-in-node=\"35\">NAHYCO\u00ae-Technologie<\/b>, die zwei verschiedene Arten von reiner, ultrareiner Hyalurons\u00e4ure kombiniert \u2013 hochmolekulare (H-HA) und niedrigmolekulare (L-HA) \u2013 zu stabilen, hybriden Kooperativkomplexen durch einen thermischen Prozess.<\/p>\n<p data-path-to-node=\"9\"><b data-path-to-node=\"9\" data-index-in-node=\"0\">Produktspezifikation:<\/b> Jede Packung enth\u00e4lt <b data-path-to-node=\"9\" data-index-in-node=\"45\">1 vorgef\u00fcllte Spritze mit <span class=\"math-inline\" data-math=\"2 \\text{ ml}\" data-index-in-node=\"69\">2 ml<\/span><\/b>, die eine beeindruckende Gesamtkonzentration von <b data-path-to-node=\"9\" data-index-in-node=\"131\"><span class=\"math-inline\" data-math=\"64 \\text{ mg}\" data-index-in-node=\"131\">64 mg<\/span> HA<\/b> (32 mg H-HA + 32 mg L-HA) liefert, eine der h\u00f6chsten auf dem Markt.<\/p>\n<p data-path-to-node=\"10\">Diese einzigartige Dual-Action-Formel erm\u00f6glicht:<\/p>\n<ul data-path-to-node=\"11\">\n<li>\n<p data-path-to-node=\"11,0,0\"><b data-path-to-node=\"11,0,0\" data-index-in-node=\"0\">L-HA (niedriges Molekulargewicht):<\/b> Spendet der Haut tiefenwirksam Feuchtigkeit und sorgt f\u00fcr den anf\u00e4nglichen &#8222;Feuchtigkeitsschub&#8220;.<\/p>\n<\/li>\n<li>\n<p data-path-to-node=\"11,1,0\"><b data-path-to-node=\"11,1,0\" data-index-in-node=\"0\">H-HA (hohes Molekulargewicht):<\/b> Schafft eine stabile HA-Struktur, die dem Dermis ein Ger\u00fcst bietet und sich langsam im Laufe der Zeit freisetzt.<\/p>\n<\/li>\n<\/ul>\n<h3 data-path-to-node=\"12\"><b data-path-to-node=\"12\" data-index-in-node=\"0\">Stimulation und Langlebigkeit<\/b><\/h3>\n<p data-path-to-node=\"13\">Einmal injiziert (typischerweise unter Verwendung der spezifischen <b data-path-to-node=\"13\" data-index-in-node=\"44\">Bio Aesthetic Points (BAP)<\/b>-Technik), verteilt sich Profhilo leicht und integriert sich nahtlos in das Gewebe. Es wirkt, indem es die nat\u00fcrliche Produktion von vier verschiedenen Arten von <g id=\"gid_1\">Kollagen<\/g> und <g id=\"gid_2\">Elastin<\/g> stimuliert und so effektiv die dermale Atrophie angeht und die Haut von innen heraus bio-remodelliert. Das Ergebnis ist eine sichtbare Verbesserung der Hautqualit\u00e4t, -textur, -festigkeit und -leuchtkraft im Gesicht, am Hals, am Dekollet\u00e9 und an den H\u00e4nden.  <\/p>\n<p data-path-to-node=\"14\">Bieten Sie Profhilo H+L als die ultimative Behandlung f\u00fcr Haut an, die stumpf, m\u00fcde oder schlaff erscheint. Seine un\u00fcbertroffene Reinheit und hohe Konzentration liefern ein nat\u00fcrliches, erfrischtes und dauerhaftes Ergebnis, das in der Regel nur zwei anf\u00e4ngliche Sitzungen im Abstand von einem Monat erfordert. <\/p>\n","protected":false},"excerpt":{"rendered":"<p><b data-path-to-node=\"18\" data-index-in-node=\"0\">Profhilo H+L<\/b> ist eine revolution\u00e4re injizierbare Bio-Remodeling-Behandlung mit <b data-path-to-node=\"18\" data-index-in-node=\"78\"><span class=\"math-inline\" data-math=\"64 \\text{ mg}\" data-index-in-node=\"78\">64 mg<\/span> reiner Hyalurons\u00e4ure<\/b> (H-HA + L-HA) in einer <b data-path-to-node=\"18\" data-index-in-node=\"135\"><span class=\"math-inline\" data-math=\"2 \\text{ ml}\" data-index-in-node=\"135\">2 ml<\/span> Spritze<\/b>. Entwickelt mit der <b data-path-to-node=\"18\" data-index-in-node=\"172\">NAHYCO\u00ae-Technologie<\/b> (keine chemischen Vernetzer), spendet es der Haut intensiv Feuchtigkeit und stimuliert Kollagen und Elastin, wodurch Hauterschlaffung wirksam behandelt und die allgemeine Textur und Ausstrahlung f\u00fcr eine nat\u00fcrliche, lang anhaltende Verj\u00fcngung verbessert werden. <\/p>\n","protected":false},"featured_media":239,"comment_status":"open","ping_status":"closed","template":"","meta":[],"product_brand":[],"product_cat":[42],"product_tag":[],"class_list":{"0":"post-872","1":"product","2":"type-product","3":"status-publish","4":"has-post-thumbnail","6":"product_cat-dermal-fillers","8":"first","9":"instock","10":"shipping-taxable","11":"purchasable","12":"product-type-simple"},"yoast_head":"<!-- This site is optimized with the Yoast SEO plugin v26.6 - https:\/\/yoast.com\/wordpress\/plugins\/seo\/ -->\n<title>Profhilo H+L Kaufen Online - Beutox.com<\/title>\n<meta name=\"robots\" content=\"index, follow, max-snippet:-1, max-image-preview:large, max-video-preview:-1\" \/>\n<link rel=\"canonical\" href=\"https:\/\/beutox.com\/de\/produkt\/profhilo-hl\/\" \/>\n<meta property=\"og:locale\" content=\"de_DE\" \/>\n<meta property=\"og:type\" content=\"article\" \/>\n<meta property=\"og:title\" content=\"Profhilo H+L Kaufen Online - Beutox.com\" \/>\n<meta property=\"og:description\" content=\"Profhilo H+L ist eine revolution\u00e4re injizierbare Bio-Remodeling-Behandlung mit 64 mg reiner Hyalurons\u00e4ure (H-HA + L-HA) in einer 2 ml Spritze. Entwickelt mit der NAHYCO\u00ae-Technologie (keine chemischen Vernetzer), spendet es der Haut intensiv Feuchtigkeit und stimuliert Kollagen und Elastin, wodurch Hauterschlaffung wirksam behandelt und die allgemeine Textur und Ausstrahlung f\u00fcr eine nat\u00fcrliche, lang anhaltende Verj\u00fcngung verbessert werden.\" \/>\n<meta property=\"og:url\" content=\"https:\/\/beutox.com\/de\/produkt\/profhilo-hl\/\" \/>\n<meta property=\"og:site_name\" content=\"Beutox.com\" \/>\n<meta property=\"og:image\" content=\"https:\/\/beutox.com\/wp-content\/uploads\/2025\/12\/PROFHILO-HL.webp\" \/>\n\t<meta property=\"og:image:width\" content=\"550\" \/>\n\t<meta property=\"og:image:height\" content=\"550\" \/>\n\t<meta property=\"og:image:type\" content=\"image\/webp\" \/>\n<meta name=\"twitter:card\" content=\"summary_large_image\" \/>\n<meta name=\"twitter:label1\" content=\"Gesch\u00e4tzte Lesezeit\" \/>\n\t<meta name=\"twitter:data1\" content=\"2\u00a0Minuten\" \/>\n<script type=\"application\/ld+json\" class=\"yoast-schema-graph\">{\"@context\":\"https:\/\/schema.org\",\"@graph\":[{\"@type\":\"WebPage\",\"@id\":\"https:\/\/beutox.com\/de\/produkt\/profhilo-hl\/\",\"url\":\"https:\/\/beutox.com\/de\/produkt\/profhilo-hl\/\",\"name\":\"Profhilo H+L Kaufen Online - Beutox.com\",\"isPartOf\":{\"@id\":\"https:\/\/beutox.com\/de\/#website\"},\"primaryImageOfPage\":{\"@id\":\"https:\/\/beutox.com\/de\/produkt\/profhilo-hl\/#primaryimage\"},\"image\":{\"@id\":\"https:\/\/beutox.com\/de\/produkt\/profhilo-hl\/#primaryimage\"},\"thumbnailUrl\":\"https:\/\/beutox.com\/wp-content\/uploads\/2025\/12\/PROFHILO-HL.webp\",\"datePublished\":\"2025-12-19T16:39:25+00:00\",\"breadcrumb\":{\"@id\":\"https:\/\/beutox.com\/de\/produkt\/profhilo-hl\/#breadcrumb\"},\"inLanguage\":\"de\",\"potentialAction\":[{\"@type\":\"ReadAction\",\"target\":[\"https:\/\/beutox.com\/de\/produkt\/profhilo-hl\/\"]}]},{\"@type\":\"ImageObject\",\"inLanguage\":\"de\",\"@id\":\"https:\/\/beutox.com\/de\/produkt\/profhilo-hl\/#primaryimage\",\"url\":\"https:\/\/beutox.com\/wp-content\/uploads\/2025\/12\/PROFHILO-HL.webp\",\"contentUrl\":\"https:\/\/beutox.com\/wp-content\/uploads\/2025\/12\/PROFHILO-HL.webp\",\"width\":550,\"height\":550},{\"@type\":\"BreadcrumbList\",\"@id\":\"https:\/\/beutox.com\/de\/produkt\/profhilo-hl\/#breadcrumb\",\"itemListElement\":[{\"@type\":\"ListItem\",\"position\":1,\"name\":\"Startseite\",\"item\":\"https:\/\/beutox.com\/de\/startseite\/\"},{\"@type\":\"ListItem\",\"position\":2,\"name\":\"Shop\",\"item\":\"https:\/\/beutox.com\/de\/shop\/\"},{\"@type\":\"ListItem\",\"position\":3,\"name\":\"Profhilo H+L\"}]},{\"@type\":\"WebSite\",\"@id\":\"https:\/\/beutox.com\/de\/#website\",\"url\":\"https:\/\/beutox.com\/de\/\",\"name\":\"Beutox.com\",\"description\":\"Buy botox online, We ship to USA, UK, Canada, Australia, EU, Saudi Arabia and the rest of the world\",\"potentialAction\":[{\"@type\":\"SearchAction\",\"target\":{\"@type\":\"EntryPoint\",\"urlTemplate\":\"https:\/\/beutox.com\/de\/?s={search_term_string}\"},\"query-input\":{\"@type\":\"PropertyValueSpecification\",\"valueRequired\":true,\"valueName\":\"search_term_string\"}}],\"inLanguage\":\"de\"}]}<\/script>\n<!-- \/ Yoast SEO plugin. -->","yoast_head_json":{"title":"Profhilo H+L Kaufen Online - Beutox.com","robots":{"index":"index","follow":"follow","max-snippet":"max-snippet:-1","max-image-preview":"max-image-preview:large","max-video-preview":"max-video-preview:-1"},"canonical":"https:\/\/beutox.com\/de\/produkt\/profhilo-hl\/","og_locale":"de_DE","og_type":"article","og_title":"Profhilo H+L Kaufen Online - Beutox.com","og_description":"Profhilo H+L ist eine revolution\u00e4re injizierbare Bio-Remodeling-Behandlung mit 64 mg reiner Hyalurons\u00e4ure (H-HA + L-HA) in einer 2 ml Spritze. Entwickelt mit der NAHYCO\u00ae-Technologie (keine chemischen Vernetzer), spendet es der Haut intensiv Feuchtigkeit und stimuliert Kollagen und Elastin, wodurch Hauterschlaffung wirksam behandelt und die allgemeine Textur und Ausstrahlung f\u00fcr eine nat\u00fcrliche, lang anhaltende Verj\u00fcngung verbessert werden.","og_url":"https:\/\/beutox.com\/de\/produkt\/profhilo-hl\/","og_site_name":"Beutox.com","og_image":[{"width":550,"height":550,"url":"https:\/\/beutox.com\/wp-content\/uploads\/2025\/12\/PROFHILO-HL.webp","type":"image\/webp"}],"twitter_card":"summary_large_image","twitter_misc":{"Gesch\u00e4tzte Lesezeit":"2\u00a0Minuten"},"schema":{"@context":"https:\/\/schema.org","@graph":[{"@type":"WebPage","@id":"https:\/\/beutox.com\/de\/produkt\/profhilo-hl\/","url":"https:\/\/beutox.com\/de\/produkt\/profhilo-hl\/","name":"Profhilo H+L Kaufen Online - Beutox.com","isPartOf":{"@id":"https:\/\/beutox.com\/de\/#website"},"primaryImageOfPage":{"@id":"https:\/\/beutox.com\/de\/produkt\/profhilo-hl\/#primaryimage"},"image":{"@id":"https:\/\/beutox.com\/de\/produkt\/profhilo-hl\/#primaryimage"},"thumbnailUrl":"https:\/\/beutox.com\/wp-content\/uploads\/2025\/12\/PROFHILO-HL.webp","datePublished":"2025-12-19T16:39:25+00:00","breadcrumb":{"@id":"https:\/\/beutox.com\/de\/produkt\/profhilo-hl\/#breadcrumb"},"inLanguage":"de","potentialAction":[{"@type":"ReadAction","target":["https:\/\/beutox.com\/de\/produkt\/profhilo-hl\/"]}]},{"@type":"ImageObject","inLanguage":"de","@id":"https:\/\/beutox.com\/de\/produkt\/profhilo-hl\/#primaryimage","url":"https:\/\/beutox.com\/wp-content\/uploads\/2025\/12\/PROFHILO-HL.webp","contentUrl":"https:\/\/beutox.com\/wp-content\/uploads\/2025\/12\/PROFHILO-HL.webp","width":550,"height":550},{"@type":"BreadcrumbList","@id":"https:\/\/beutox.com\/de\/produkt\/profhilo-hl\/#breadcrumb","itemListElement":[{"@type":"ListItem","position":1,"name":"Startseite","item":"https:\/\/beutox.com\/de\/startseite\/"},{"@type":"ListItem","position":2,"name":"Shop","item":"https:\/\/beutox.com\/de\/shop\/"},{"@type":"ListItem","position":3,"name":"Profhilo H+L"}]},{"@type":"WebSite","@id":"https:\/\/beutox.com\/de\/#website","url":"https:\/\/beutox.com\/de\/","name":"Beutox.com","description":"Buy botox online, We ship to USA, UK, Canada, Australia, EU, Saudi Arabia and the rest of the world","potentialAction":[{"@type":"SearchAction","target":{"@type":"EntryPoint","urlTemplate":"https:\/\/beutox.com\/de\/?s={search_term_string}"},"query-input":{"@type":"PropertyValueSpecification","valueRequired":true,"valueName":"search_term_string"}}],"inLanguage":"de"}]}},"_links":{"self":[{"href":"https:\/\/beutox.com\/de\/wp-json\/wp\/v2\/product\/872","targetHints":{"allow":["GET"]}}],"collection":[{"href":"https:\/\/beutox.com\/de\/wp-json\/wp\/v2\/product"}],"about":[{"href":"https:\/\/beutox.com\/de\/wp-json\/wp\/v2\/types\/product"}],"replies":[{"embeddable":true,"href":"https:\/\/beutox.com\/de\/wp-json\/wp\/v2\/comments?post=872"}],"wp:featuredmedia":[{"embeddable":true,"href":"https:\/\/beutox.com\/de\/wp-json\/wp\/v2\/media\/239"}],"wp:attachment":[{"href":"https:\/\/beutox.com\/de\/wp-json\/wp\/v2\/media?parent=872"}],"wp:term":[{"taxonomy":"product_brand","embeddable":true,"href":"https:\/\/beutox.com\/de\/wp-json\/wp\/v2\/product_brand?post=872"},{"taxonomy":"product_cat","embeddable":true,"href":"https:\/\/beutox.com\/de\/wp-json\/wp\/v2\/product_cat?post=872"},{"taxonomy":"product_tag","embeddable":true,"href":"https:\/\/beutox.com\/de\/wp-json\/wp\/v2\/product_tag?post=872"}],"curies":[{"name":"wp","href":"https:\/\/api.w.org\/{rel}","templated":true}]}}