{"id":842,"date":"2025-12-19T20:31:47","date_gmt":"2025-12-19T20:31:47","guid":{"rendered":"https:\/\/beutox.com\/product\/sculptra-poly-l-milchsaeure-filler\/"},"modified":"2025-12-19T20:31:47","modified_gmt":"2025-12-19T20:31:47","slug":"sculptra-poly-l-milchsaeure-filler","status":"publish","type":"product","link":"https:\/\/beutox.com\/de\/produkt\/sculptra-poly-l-milchsaeure-filler\/","title":{"rendered":"Sculptra Poly-L-Milchs\u00e4ure-Filler"},"content":{"rendered":"<h3 data-path-to-node=\"4\"><b data-path-to-node=\"4\" data-index-in-node=\"0\">Die Kraft von PLLA: Jugend von innen wiederaufbauen<\/b><\/h3>\n<p data-path-to-node=\"5\">Betreten Sie die Zukunft der Anti-Aging-Behandlung mit <b data-path-to-node=\"5\" data-index-in-node=\"40\">Sculptra<\/b>, einer einzigartigen und weltweit bew\u00e4hrten Injektionsbehandlung, die \u00fcber die sofortige F\u00fcllung hinausgeht. Sculptra ist ein hochentwickelter Kollagenstimulator, der aus <b data-path-to-node=\"5\" data-index-in-node=\"194\">Poly-L-Milchs\u00e4ure (PLLA)<\/b> hergestellt wird und die Ursachen der Gesichtsalterung bek\u00e4mpft, indem er die nat\u00fcrliche F\u00e4higkeit der Haut aktiviert, verlorenes Kollagen wiederaufzubauen. <\/p>\n<p data-path-to-node=\"6\">Im Gegensatz zu Hyalurons\u00e4ure-Fillern, die sofortiges Volumen verleihen, wirkt Sculptra allm\u00e4hlich und subtil und stellt Struktur und Volumen \u00fcber eine Reihe von Behandlungen wieder her. Dies f\u00fchrt zu einem erfrischend nat\u00fcrlichen, lang anhaltenden Aussehen, das <b data-path-to-node=\"6\" data-index-in-node=\"243\">\u00fcber zwei Jahre<\/b> anhalten kann. <\/p>\n<h3 data-path-to-node=\"7\"><b data-path-to-node=\"7\" data-index-in-node=\"0\">Produktspezifikationen und Mechanismus<\/b><\/h3>\n<p data-path-to-node=\"8\"><b data-path-to-node=\"8\" data-index-in-node=\"0\">Produktspezifikation:<\/b> Jede Durchstechflasche enth\u00e4lt <b data-path-to-node=\"8\" data-index-in-node=\"42\"><span class=\"math-inline\" data-math=\"150 \\text{ mg}\" data-index-in-node=\"42\">150 mg<\/span> steriles, lyophilisiertes Poly-L-Milchs\u00e4ure<\/b>-Pulver. Dieses Pulver wird typischerweise mit <span class=\"math-inline\" data-math=\"5 \\text{ ml}\" data-index-in-node=\"152\">5 ml<\/span> sterilem Wasser zur Injektion rekonstituiert, oft zusammen mit einer kleinen Menge Lidocain, wodurch die endg\u00fcltige injizierbare Suspension entsteht. <\/p>\n<p data-path-to-node=\"9\">Sobald die PLLA-Mikropartikel tief in die Dermis injiziert wurden, werden sie vom K\u00f6rper aufgenommen. Sie leiten eine starke biologische Reaktion ein: <\/p>\n<ol start=\"1\" data-path-to-node=\"10\">\n<li>\n<p data-path-to-node=\"10,0,0\"><b data-path-to-node=\"10,0,0\" data-index-in-node=\"0\">Stimulation:<\/b> Die PLLA-Mikropartikel wirken als Ger\u00fcste und veranlassen Fibroblasten (die Kollagen produzierenden Zellen der Haut), ihre Produktion allm\u00e4hlich zu steigern.<\/p>\n<\/li>\n<li>\n<p data-path-to-node=\"10,1,0\"><b data-path-to-node=\"10,1,0\" data-index-in-node=\"0\">Kollagenbildung:<\/b> \u00dcber mehrere Monate produziert der K\u00f6rper neues, starkes Typ-I-Kollagen um die Partikel herum.<\/p>\n<\/li>\n<li>\n<p data-path-to-node=\"10,2,0\"><b data-path-to-node=\"10,2,0\" data-index-in-node=\"0\">Nat\u00fcrliche Korrektur:<\/b> Dieses neu gebildete Kollagennetzwerk ersetzt verlorenes Gesichtsvolumen, gl\u00e4ttet tiefe Linien und verbessert die allgemeine Hautdicke und -elastizit\u00e4t.<\/p>\n<\/li>\n<\/ol>\n<h3 data-path-to-node=\"11\"><b data-path-to-node=\"11\" data-index-in-node=\"0\">Indikationen f\u00fcr subtil transformative Ergebnisse<\/b><\/h3>\n<p data-path-to-node=\"12\">Sculptra ist die definitive Behandlung f\u00fcr Kunden, die eine subtile, aber dennoch signifikante globale Gesichtsverj\u00fcngung w\u00fcnschen, die besonders wirksam ist bei:<\/p>\n<ul data-path-to-node=\"13\">\n<li>\n<p data-path-to-node=\"13,0,0\">Korrigieren von flachen bis tiefen Nasolabialfalten (Lachfalten).<\/p>\n<\/li>\n<li>\n<p data-path-to-node=\"13,1,0\">Behandlung von tiefen Konturdefiziten und Hohlr\u00e4umen in Schl\u00e4fen und Wangen.<\/p>\n<\/li>\n<li>\n<p data-path-to-node=\"13,2,0\">Verbesserung des Erscheinungsbilds tiefer Marionettenfalten.<\/p>\n<\/li>\n<\/ul>\n<p data-path-to-node=\"14\">Indem Sie Sculptra anbieten, geben Sie eine Zusage f\u00fcr ein nat\u00fcrlich aussehendes, nachhaltiges \u00e4sthetisches Ergebnis. Es ist die ultimative Wahl f\u00fcr Patienten, die eine allm\u00e4hliche Transformation bevorzugen, die wie ihr bestes Selbst aussieht, nicht wie eine drastische Ver\u00e4nderung. <\/p>\n","protected":false},"excerpt":{"rendered":"<p><b data-path-to-node=\"18\" data-index-in-node=\"0\">Sculptra<\/b> ist ein injizierbarer <b data-path-to-node=\"18\" data-index-in-node=\"26\">Poly-L-Milchs\u00e4ure (PLLA)<\/b>-Kollagenstimulator, der als <b data-path-to-node=\"18\" data-index-in-node=\"87\"><span class=\"math-inline\" data-math=\"150 \\text{ mg}\" data-index-in-node=\"87\">150 mg<\/span> Durchstechflasche<\/b> geliefert und typischerweise auf <span class=\"math-inline\" data-math=\"5 \\text{ ml}\" data-index-in-node=\"134\">5 ml<\/span> rekonstituiert wird. Es wirkt allm\u00e4hlich, indem es die nat\u00fcrliche Kollagenproduktion des K\u00f6rpers anregt, um tiefes Volumen wiederherzustellen und Gesichtsfalten zu korrigieren. Dieser einzigartige Ansatz liefert subtile, nat\u00fcrlich aussehende Ergebnisse, die <b data-path-to-node=\"18\" data-index-in-node=\"350\">\u00fcber zwei Jahre<\/b> anhalten k\u00f6nnen und eine langfristige Gesichtsverj\u00fcngung erm\u00f6glichen.  <\/p>\n","protected":false},"featured_media":241,"comment_status":"open","ping_status":"closed","template":"","meta":[],"product_brand":[],"product_cat":[42],"product_tag":[],"class_list":{"0":"post-842","1":"product","2":"type-product","3":"status-publish","4":"has-post-thumbnail","6":"product_cat-dermal-fillers","8":"first","9":"instock","10":"shipping-taxable","11":"purchasable","12":"product-type-simple"},"yoast_head":"<!-- This site is optimized with the Yoast SEO plugin v26.6 - https:\/\/yoast.com\/wordpress\/plugins\/seo\/ -->\n<title>Sculptra Poly-L-Milchs\u00e4ure-Filler Kaufen Online - Beutox.com<\/title>\n<meta name=\"robots\" content=\"index, follow, max-snippet:-1, max-image-preview:large, max-video-preview:-1\" \/>\n<link rel=\"canonical\" href=\"https:\/\/beutox.com\/de\/produkt\/sculptra-poly-l-milchsaeure-filler\/\" \/>\n<meta property=\"og:locale\" content=\"de_DE\" \/>\n<meta property=\"og:type\" content=\"article\" \/>\n<meta property=\"og:title\" content=\"Sculptra Poly-L-Milchs\u00e4ure-Filler Kaufen Online - Beutox.com\" \/>\n<meta property=\"og:description\" content=\"Sculptra ist ein injizierbarer Poly-L-Milchs\u00e4ure (PLLA)-Kollagenstimulator, der als 150 mg Durchstechflasche geliefert und typischerweise auf 5 ml rekonstituiert wird. Es wirkt allm\u00e4hlich, indem es die nat\u00fcrliche Kollagenproduktion des K\u00f6rpers anregt, um tiefes Volumen wiederherzustellen und Gesichtsfalten zu korrigieren. Dieser einzigartige Ansatz liefert subtile, nat\u00fcrlich aussehende Ergebnisse, die \u00fcber zwei Jahre anhalten k\u00f6nnen und eine langfristige Gesichtsverj\u00fcngung erm\u00f6glichen.\" \/>\n<meta property=\"og:url\" content=\"https:\/\/beutox.com\/de\/produkt\/sculptra-poly-l-milchsaeure-filler\/\" \/>\n<meta property=\"og:site_name\" content=\"Beutox.com\" \/>\n<meta property=\"og:image\" content=\"https:\/\/beutox.com\/wp-content\/uploads\/2025\/12\/buy-sculptra.webp\" \/>\n\t<meta property=\"og:image:width\" content=\"697\" \/>\n\t<meta property=\"og:image:height\" content=\"696\" \/>\n\t<meta property=\"og:image:type\" content=\"image\/webp\" \/>\n<meta name=\"twitter:card\" content=\"summary_large_image\" \/>\n<meta name=\"twitter:label1\" content=\"Gesch\u00e4tzte Lesezeit\" \/>\n\t<meta name=\"twitter:data1\" content=\"2\u00a0Minuten\" \/>\n<script type=\"application\/ld+json\" class=\"yoast-schema-graph\">{\"@context\":\"https:\/\/schema.org\",\"@graph\":[{\"@type\":\"WebPage\",\"@id\":\"https:\/\/beutox.com\/de\/produkt\/sculptra-poly-l-milchsaeure-filler\/\",\"url\":\"https:\/\/beutox.com\/de\/produkt\/sculptra-poly-l-milchsaeure-filler\/\",\"name\":\"Sculptra Poly-L-Milchs\u00e4ure-Filler Kaufen Online - Beutox.com\",\"isPartOf\":{\"@id\":\"https:\/\/beutox.com\/de\/#website\"},\"primaryImageOfPage\":{\"@id\":\"https:\/\/beutox.com\/de\/produkt\/sculptra-poly-l-milchsaeure-filler\/#primaryimage\"},\"image\":{\"@id\":\"https:\/\/beutox.com\/de\/produkt\/sculptra-poly-l-milchsaeure-filler\/#primaryimage\"},\"thumbnailUrl\":\"https:\/\/beutox.com\/wp-content\/uploads\/2025\/12\/buy-sculptra.webp\",\"datePublished\":\"2025-12-19T20:31:47+00:00\",\"breadcrumb\":{\"@id\":\"https:\/\/beutox.com\/de\/produkt\/sculptra-poly-l-milchsaeure-filler\/#breadcrumb\"},\"inLanguage\":\"de\",\"potentialAction\":[{\"@type\":\"ReadAction\",\"target\":[\"https:\/\/beutox.com\/de\/produkt\/sculptra-poly-l-milchsaeure-filler\/\"]}]},{\"@type\":\"ImageObject\",\"inLanguage\":\"de\",\"@id\":\"https:\/\/beutox.com\/de\/produkt\/sculptra-poly-l-milchsaeure-filler\/#primaryimage\",\"url\":\"https:\/\/beutox.com\/wp-content\/uploads\/2025\/12\/buy-sculptra.webp\",\"contentUrl\":\"https:\/\/beutox.com\/wp-content\/uploads\/2025\/12\/buy-sculptra.webp\",\"width\":697,\"height\":696},{\"@type\":\"BreadcrumbList\",\"@id\":\"https:\/\/beutox.com\/de\/produkt\/sculptra-poly-l-milchsaeure-filler\/#breadcrumb\",\"itemListElement\":[{\"@type\":\"ListItem\",\"position\":1,\"name\":\"Startseite\",\"item\":\"https:\/\/beutox.com\/de\/startseite\/\"},{\"@type\":\"ListItem\",\"position\":2,\"name\":\"Shop\",\"item\":\"https:\/\/beutox.com\/de\/shop\/\"},{\"@type\":\"ListItem\",\"position\":3,\"name\":\"Sculptra Poly-L-Milchs\u00e4ure-Filler\"}]},{\"@type\":\"WebSite\",\"@id\":\"https:\/\/beutox.com\/de\/#website\",\"url\":\"https:\/\/beutox.com\/de\/\",\"name\":\"Beutox.com\",\"description\":\"Buy botox online, We ship to USA, UK, Canada, Australia, EU, Saudi Arabia and the rest of the world\",\"potentialAction\":[{\"@type\":\"SearchAction\",\"target\":{\"@type\":\"EntryPoint\",\"urlTemplate\":\"https:\/\/beutox.com\/de\/?s={search_term_string}\"},\"query-input\":{\"@type\":\"PropertyValueSpecification\",\"valueRequired\":true,\"valueName\":\"search_term_string\"}}],\"inLanguage\":\"de\"}]}<\/script>\n<!-- \/ Yoast SEO plugin. -->","yoast_head_json":{"title":"Sculptra Poly-L-Milchs\u00e4ure-Filler Kaufen Online - Beutox.com","robots":{"index":"index","follow":"follow","max-snippet":"max-snippet:-1","max-image-preview":"max-image-preview:large","max-video-preview":"max-video-preview:-1"},"canonical":"https:\/\/beutox.com\/de\/produkt\/sculptra-poly-l-milchsaeure-filler\/","og_locale":"de_DE","og_type":"article","og_title":"Sculptra Poly-L-Milchs\u00e4ure-Filler Kaufen Online - Beutox.com","og_description":"Sculptra ist ein injizierbarer Poly-L-Milchs\u00e4ure (PLLA)-Kollagenstimulator, der als 150 mg Durchstechflasche geliefert und typischerweise auf 5 ml rekonstituiert wird. Es wirkt allm\u00e4hlich, indem es die nat\u00fcrliche Kollagenproduktion des K\u00f6rpers anregt, um tiefes Volumen wiederherzustellen und Gesichtsfalten zu korrigieren. Dieser einzigartige Ansatz liefert subtile, nat\u00fcrlich aussehende Ergebnisse, die \u00fcber zwei Jahre anhalten k\u00f6nnen und eine langfristige Gesichtsverj\u00fcngung erm\u00f6glichen.","og_url":"https:\/\/beutox.com\/de\/produkt\/sculptra-poly-l-milchsaeure-filler\/","og_site_name":"Beutox.com","og_image":[{"width":697,"height":696,"url":"https:\/\/beutox.com\/wp-content\/uploads\/2025\/12\/buy-sculptra.webp","type":"image\/webp"}],"twitter_card":"summary_large_image","twitter_misc":{"Gesch\u00e4tzte Lesezeit":"2\u00a0Minuten"},"schema":{"@context":"https:\/\/schema.org","@graph":[{"@type":"WebPage","@id":"https:\/\/beutox.com\/de\/produkt\/sculptra-poly-l-milchsaeure-filler\/","url":"https:\/\/beutox.com\/de\/produkt\/sculptra-poly-l-milchsaeure-filler\/","name":"Sculptra Poly-L-Milchs\u00e4ure-Filler Kaufen Online - Beutox.com","isPartOf":{"@id":"https:\/\/beutox.com\/de\/#website"},"primaryImageOfPage":{"@id":"https:\/\/beutox.com\/de\/produkt\/sculptra-poly-l-milchsaeure-filler\/#primaryimage"},"image":{"@id":"https:\/\/beutox.com\/de\/produkt\/sculptra-poly-l-milchsaeure-filler\/#primaryimage"},"thumbnailUrl":"https:\/\/beutox.com\/wp-content\/uploads\/2025\/12\/buy-sculptra.webp","datePublished":"2025-12-19T20:31:47+00:00","breadcrumb":{"@id":"https:\/\/beutox.com\/de\/produkt\/sculptra-poly-l-milchsaeure-filler\/#breadcrumb"},"inLanguage":"de","potentialAction":[{"@type":"ReadAction","target":["https:\/\/beutox.com\/de\/produkt\/sculptra-poly-l-milchsaeure-filler\/"]}]},{"@type":"ImageObject","inLanguage":"de","@id":"https:\/\/beutox.com\/de\/produkt\/sculptra-poly-l-milchsaeure-filler\/#primaryimage","url":"https:\/\/beutox.com\/wp-content\/uploads\/2025\/12\/buy-sculptra.webp","contentUrl":"https:\/\/beutox.com\/wp-content\/uploads\/2025\/12\/buy-sculptra.webp","width":697,"height":696},{"@type":"BreadcrumbList","@id":"https:\/\/beutox.com\/de\/produkt\/sculptra-poly-l-milchsaeure-filler\/#breadcrumb","itemListElement":[{"@type":"ListItem","position":1,"name":"Startseite","item":"https:\/\/beutox.com\/de\/startseite\/"},{"@type":"ListItem","position":2,"name":"Shop","item":"https:\/\/beutox.com\/de\/shop\/"},{"@type":"ListItem","position":3,"name":"Sculptra Poly-L-Milchs\u00e4ure-Filler"}]},{"@type":"WebSite","@id":"https:\/\/beutox.com\/de\/#website","url":"https:\/\/beutox.com\/de\/","name":"Beutox.com","description":"Buy botox online, We ship to USA, UK, Canada, Australia, EU, Saudi Arabia and the rest of the world","potentialAction":[{"@type":"SearchAction","target":{"@type":"EntryPoint","urlTemplate":"https:\/\/beutox.com\/de\/?s={search_term_string}"},"query-input":{"@type":"PropertyValueSpecification","valueRequired":true,"valueName":"search_term_string"}}],"inLanguage":"de"}]}},"_links":{"self":[{"href":"https:\/\/beutox.com\/de\/wp-json\/wp\/v2\/product\/842","targetHints":{"allow":["GET"]}}],"collection":[{"href":"https:\/\/beutox.com\/de\/wp-json\/wp\/v2\/product"}],"about":[{"href":"https:\/\/beutox.com\/de\/wp-json\/wp\/v2\/types\/product"}],"replies":[{"embeddable":true,"href":"https:\/\/beutox.com\/de\/wp-json\/wp\/v2\/comments?post=842"}],"wp:featuredmedia":[{"embeddable":true,"href":"https:\/\/beutox.com\/de\/wp-json\/wp\/v2\/media\/241"}],"wp:attachment":[{"href":"https:\/\/beutox.com\/de\/wp-json\/wp\/v2\/media?parent=842"}],"wp:term":[{"taxonomy":"product_brand","embeddable":true,"href":"https:\/\/beutox.com\/de\/wp-json\/wp\/v2\/product_brand?post=842"},{"taxonomy":"product_cat","embeddable":true,"href":"https:\/\/beutox.com\/de\/wp-json\/wp\/v2\/product_cat?post=842"},{"taxonomy":"product_tag","embeddable":true,"href":"https:\/\/beutox.com\/de\/wp-json\/wp\/v2\/product_tag?post=842"}],"curies":[{"name":"wp","href":"https:\/\/api.w.org\/{rel}","templated":true}]}}