{"id":783,"date":"2025-12-19T15:59:42","date_gmt":"2025-12-19T15:59:42","guid":{"rendered":"https:\/\/beutox.com\/product\/hylenex-amphadase-hyalase-vitrase\/"},"modified":"2025-12-19T15:59:42","modified_gmt":"2025-12-19T15:59:42","slug":"hylenex-amphadase-hyalase-vitrase","status":"publish","type":"product","link":"https:\/\/beutox.com\/de\/produkt\/hylenex-amphadase-hyalase-vitrase\/","title":{"rendered":"Hylenex, Amphadase, Hyalase, Vitrase"},"content":{"rendered":"<h3 data-path-to-node=\"3\"><strong>Hylenex, Amphadase, Hyalase, Vitrase Alternative <\/strong><\/h3>\n<p data-path-to-node=\"3\">In der Welt der \u00e4sthetischen Verbesserung sind Pr\u00e4zision und Sicherheit oberstes Gebot. Ob Sie als approbierter Fachmann \u00dcberkorrekturen behandeln oder fr\u00fchere Dermal-Filler-Arbeiten verfeinern m\u00f6chten, eine zuverl\u00e4ssige, hochwertige Hyaluronidase zur Hand zu haben, ist unerl\u00e4sslich, um makellose Ergebnisse zu erzielen und die Sicherheit Ihrer Kunden zu gew\u00e4hrleisten. <\/p>\n<p data-path-to-node=\"4\">Wir stellen vor: <b data-path-to-node=\"4\" data-index-in-node=\"12\">Liporase Hyaluronidase<\/b>, die bew\u00e4hrte L\u00f6sung f\u00fcr die gezielte und effiziente Aufl\u00f6sung von Hyalurons\u00e4ure-basierten Fillern. Liporase wird unter strengen Qualit\u00e4tskontrollen beschafft und hergestellt und bietet Fachleuten ein zuverl\u00e4ssiges und wirksames Werkzeug f\u00fcr pr\u00e4zise Anpassungen, um sicherzustellen, dass Sie immer auf heikle Korrekturen oder Notf\u00e4lle vorbereitet sind. <\/p>\n<h3 data-path-to-node=\"5\"><b data-path-to-node=\"5\" data-index-in-node=\"0\">Die vielseitige Alternative, der Sie vertrauen k\u00f6nnen<\/b><\/h3>\n<p data-path-to-node=\"6\">W\u00e4hrend Industriestandards wie <b data-path-to-node=\"6\" data-index-in-node=\"28\">Hylenex<\/b>, <b data-path-to-node=\"6\" data-index-in-node=\"37\">Amphadase<\/b>, <b data-path-to-node=\"6\" data-index-in-node=\"48\">Hyalase<\/b> und <b data-path-to-node=\"6\" data-index-in-node=\"61\">Vitrase Hyaluronidase<\/b> ihren Platz haben, bietet Liporase eine leistungsstarke und kosteng\u00fcnstige Alternative, ohne Kompromisse bei der Wirksamkeit einzugehen. Unser Produkt ist speziell formuliert, um Hyalurons\u00e4ure schnell zu hydrolysieren und die rasche Absorption und Korrektur von Komplikationen wie Kn\u00f6tchen, \u00dcberf\u00fcllung oder Gef\u00e4\u00dfkompromittierung zu erleichtern. <\/p>\n<p data-path-to-node=\"7\"><b data-path-to-node=\"7\" data-index-in-node=\"0\">Dieses Angebot richtet sich an Profis: eine praktische Packung mit 10 Ampullen.<\/b> Diese Gro\u00dfpackung stellt sicher, dass Ihre Klinik immer gut ausgestattet ist und bietet sofortigen Zugriff auf das notwendige Korrekturmittel, wenn die Zeit dr\u00e4ngt.<\/p>\n<p data-path-to-node=\"8\"><b data-path-to-node=\"8\" data-index-in-node=\"0\">Warum sollten Sie sich f\u00fcr das Liporase 10-Ampullen-Paket f\u00fcr Ihre Praxis entscheiden?<\/b><\/p>\n<ul data-path-to-node=\"9\">\n<li>\n<p data-path-to-node=\"9,0,0\"><b data-path-to-node=\"9,0,0\" data-index-in-node=\"0\">Zuverl\u00e4ssigkeit:<\/b> Von Praktikern weltweit f\u00fcr konsistente, schnell wirkende Ergebnisse gesch\u00e4tzt.<\/p>\n<\/li>\n<li>\n<p data-path-to-node=\"9,1,0\"><b data-path-to-node=\"9,1,0\" data-index-in-node=\"0\">Gezielte Wirksamkeit:<\/b> Baut unerw\u00fcnschte Filler schnell ab, minimiert die Erholungszeit und maximiert die Kundenzufriedenheit.<\/p>\n<\/li>\n<li>\n<p data-path-to-node=\"9,2,0\"><b data-path-to-node=\"9,2,0\" data-index-in-node=\"0\">Au\u00dfergew\u00f6hnliches Preis-Leistungs-Verh\u00e4ltnis:<\/b> Bietet im Vergleich zu f\u00fchrenden Marken ein besseres Kosten-pro-Behandlung-Verh\u00e4ltnis und macht hochwertige Korrekturen zug\u00e4nglich.<\/p>\n<\/li>\n<\/ul>\n<p data-path-to-node=\"10\">Erh\u00f6hen Sie die Sicherheitsstandards Ihrer Praxis und erweitern Sie Ihre Korrekturm\u00f6glichkeiten mit diesem gebrauchsfertigen Profi-Paket. Geben Sie sich bei der Durchf\u00fchrung heikler Eingriffe nicht mit weniger zufrieden. W\u00e4hlen Sie die zuverl\u00e4ssige Pr\u00e4zision und den Komfort von <b data-path-to-node=\"10\" data-index-in-node=\"233\">Liporase Hyaluronidase (10 Ampullen)<\/b>.  <\/p>\n<p data-path-to-node=\"11\"><b data-path-to-node=\"11\" data-index-in-node=\"0\">Kaufen Sie noch heute unser professionelles 10-Ampullen-Paket und sichern Sie sich das wichtigste Werkzeug f\u00fcr einwandfreies Dermal-Filler-Management.<\/b><\/p>\n","protected":false},"excerpt":{"rendered":"<p>Liporase Hyaluronidase ist die professionelle, zuverl\u00e4ssige Alternative zu <b data-path-to-node=\"3\" data-index-in-node=\"68\">Hylenex<\/b>, <b data-path-to-node=\"3\" data-index-in-node=\"77\">Amphadase<\/b>, <b data-path-to-node=\"3\" data-index-in-node=\"88\">Hyalase<\/b> und <b data-path-to-node=\"3\" data-index-in-node=\"101\">Vitrase<\/b>. Dieses essentielle <g id=\"gid_4\">10-Ampullen-Paket<\/g> bietet eine schnelle, gezielte Aufl\u00f6sung von HA-Fillern, ideal zur Korrektur von \u00dcberkorrekturen oder Notf\u00e4llen. W\u00e4hlen Sie Liporase f\u00fcr \u00fcberlegene Wirksamkeit, Sicherheit und Wert.   <b data-path-to-node=\"3\" data-index-in-node=\"303\">Kaufen Sie jetzt dieses professionelle Korrekturwerkzeug.<\/b><\/p>\n","protected":false},"featured_media":227,"comment_status":"open","ping_status":"closed","template":"","meta":[],"product_brand":[],"product_cat":[87],"product_tag":[],"class_list":{"0":"post-783","1":"product","2":"type-product","3":"status-publish","4":"has-post-thumbnail","6":"product_cat-hyaluronidase","8":"first","9":"instock","10":"shipping-taxable","11":"purchasable","12":"product-type-simple"},"yoast_head":"<!-- This site is optimized with the Yoast SEO plugin v26.6 - https:\/\/yoast.com\/wordpress\/plugins\/seo\/ -->\n<title>Hylenex, Amphadase, Hyalase, Vitrase Kaufen Online - Beutox.com<\/title>\n<meta name=\"robots\" content=\"index, follow, max-snippet:-1, max-image-preview:large, max-video-preview:-1\" \/>\n<link rel=\"canonical\" href=\"https:\/\/beutox.com\/de\/produkt\/hylenex-amphadase-hyalase-vitrase\/\" \/>\n<meta property=\"og:locale\" content=\"de_DE\" \/>\n<meta property=\"og:type\" content=\"article\" \/>\n<meta property=\"og:title\" content=\"Hylenex, Amphadase, Hyalase, Vitrase Kaufen Online - Beutox.com\" \/>\n<meta property=\"og:description\" content=\"Liporase Hyaluronidase ist die professionelle, zuverl\u00e4ssige Alternative zu Hylenex, Amphadase, Hyalase und Vitrase. Dieses essentielle 10-Ampullen-Paket bietet eine schnelle, gezielte Aufl\u00f6sung von HA-Fillern, ideal zur Korrektur von \u00dcberkorrekturen oder Notf\u00e4llen. W\u00e4hlen Sie Liporase f\u00fcr \u00fcberlegene Wirksamkeit, Sicherheit und Wert.  Kaufen Sie jetzt dieses professionelle Korrekturwerkzeug.\" \/>\n<meta property=\"og:url\" content=\"https:\/\/beutox.com\/de\/produkt\/hylenex-amphadase-hyalase-vitrase\/\" \/>\n<meta property=\"og:site_name\" content=\"Beutox.com\" \/>\n<meta property=\"og:image\" content=\"https:\/\/beutox.com\/wp-content\/uploads\/2025\/12\/Hylenex-Amphadase-Hyalase-Vitrase.webp\" \/>\n\t<meta property=\"og:image:width\" content=\"600\" \/>\n\t<meta property=\"og:image:height\" content=\"600\" \/>\n\t<meta property=\"og:image:type\" content=\"image\/webp\" \/>\n<meta name=\"twitter:card\" content=\"summary_large_image\" \/>\n<meta name=\"twitter:label1\" content=\"Gesch\u00e4tzte Lesezeit\" \/>\n\t<meta name=\"twitter:data1\" content=\"2\u00a0Minuten\" \/>\n<script type=\"application\/ld+json\" class=\"yoast-schema-graph\">{\"@context\":\"https:\/\/schema.org\",\"@graph\":[{\"@type\":\"WebPage\",\"@id\":\"https:\/\/beutox.com\/de\/produkt\/hylenex-amphadase-hyalase-vitrase\/\",\"url\":\"https:\/\/beutox.com\/de\/produkt\/hylenex-amphadase-hyalase-vitrase\/\",\"name\":\"Hylenex, Amphadase, Hyalase, Vitrase Kaufen Online - Beutox.com\",\"isPartOf\":{\"@id\":\"https:\/\/beutox.com\/de\/#website\"},\"primaryImageOfPage\":{\"@id\":\"https:\/\/beutox.com\/de\/produkt\/hylenex-amphadase-hyalase-vitrase\/#primaryimage\"},\"image\":{\"@id\":\"https:\/\/beutox.com\/de\/produkt\/hylenex-amphadase-hyalase-vitrase\/#primaryimage\"},\"thumbnailUrl\":\"https:\/\/beutox.com\/wp-content\/uploads\/2025\/12\/Hylenex-Amphadase-Hyalase-Vitrase.webp\",\"datePublished\":\"2025-12-19T15:59:42+00:00\",\"breadcrumb\":{\"@id\":\"https:\/\/beutox.com\/de\/produkt\/hylenex-amphadase-hyalase-vitrase\/#breadcrumb\"},\"inLanguage\":\"de\",\"potentialAction\":[{\"@type\":\"ReadAction\",\"target\":[\"https:\/\/beutox.com\/de\/produkt\/hylenex-amphadase-hyalase-vitrase\/\"]}]},{\"@type\":\"ImageObject\",\"inLanguage\":\"de\",\"@id\":\"https:\/\/beutox.com\/de\/produkt\/hylenex-amphadase-hyalase-vitrase\/#primaryimage\",\"url\":\"https:\/\/beutox.com\/wp-content\/uploads\/2025\/12\/Hylenex-Amphadase-Hyalase-Vitrase.webp\",\"contentUrl\":\"https:\/\/beutox.com\/wp-content\/uploads\/2025\/12\/Hylenex-Amphadase-Hyalase-Vitrase.webp\",\"width\":600,\"height\":600},{\"@type\":\"BreadcrumbList\",\"@id\":\"https:\/\/beutox.com\/de\/produkt\/hylenex-amphadase-hyalase-vitrase\/#breadcrumb\",\"itemListElement\":[{\"@type\":\"ListItem\",\"position\":1,\"name\":\"Startseite\",\"item\":\"https:\/\/beutox.com\/de\/startseite\/\"},{\"@type\":\"ListItem\",\"position\":2,\"name\":\"Shop\",\"item\":\"https:\/\/beutox.com\/de\/shop\/\"},{\"@type\":\"ListItem\",\"position\":3,\"name\":\"Hylenex, Amphadase, Hyalase, Vitrase\"}]},{\"@type\":\"WebSite\",\"@id\":\"https:\/\/beutox.com\/de\/#website\",\"url\":\"https:\/\/beutox.com\/de\/\",\"name\":\"Beutox.com\",\"description\":\"Buy botox online, We ship to USA, UK, Canada, Australia, EU, Saudi Arabia and the rest of the world\",\"potentialAction\":[{\"@type\":\"SearchAction\",\"target\":{\"@type\":\"EntryPoint\",\"urlTemplate\":\"https:\/\/beutox.com\/de\/?s={search_term_string}\"},\"query-input\":{\"@type\":\"PropertyValueSpecification\",\"valueRequired\":true,\"valueName\":\"search_term_string\"}}],\"inLanguage\":\"de\"}]}<\/script>\n<!-- \/ Yoast SEO plugin. -->","yoast_head_json":{"title":"Hylenex, Amphadase, Hyalase, Vitrase Kaufen Online - Beutox.com","robots":{"index":"index","follow":"follow","max-snippet":"max-snippet:-1","max-image-preview":"max-image-preview:large","max-video-preview":"max-video-preview:-1"},"canonical":"https:\/\/beutox.com\/de\/produkt\/hylenex-amphadase-hyalase-vitrase\/","og_locale":"de_DE","og_type":"article","og_title":"Hylenex, Amphadase, Hyalase, Vitrase Kaufen Online - Beutox.com","og_description":"Liporase Hyaluronidase ist die professionelle, zuverl\u00e4ssige Alternative zu Hylenex, Amphadase, Hyalase und Vitrase. Dieses essentielle 10-Ampullen-Paket bietet eine schnelle, gezielte Aufl\u00f6sung von HA-Fillern, ideal zur Korrektur von \u00dcberkorrekturen oder Notf\u00e4llen. W\u00e4hlen Sie Liporase f\u00fcr \u00fcberlegene Wirksamkeit, Sicherheit und Wert.  Kaufen Sie jetzt dieses professionelle Korrekturwerkzeug.","og_url":"https:\/\/beutox.com\/de\/produkt\/hylenex-amphadase-hyalase-vitrase\/","og_site_name":"Beutox.com","og_image":[{"width":600,"height":600,"url":"https:\/\/beutox.com\/wp-content\/uploads\/2025\/12\/Hylenex-Amphadase-Hyalase-Vitrase.webp","type":"image\/webp"}],"twitter_card":"summary_large_image","twitter_misc":{"Gesch\u00e4tzte Lesezeit":"2\u00a0Minuten"},"schema":{"@context":"https:\/\/schema.org","@graph":[{"@type":"WebPage","@id":"https:\/\/beutox.com\/de\/produkt\/hylenex-amphadase-hyalase-vitrase\/","url":"https:\/\/beutox.com\/de\/produkt\/hylenex-amphadase-hyalase-vitrase\/","name":"Hylenex, Amphadase, Hyalase, Vitrase Kaufen Online - Beutox.com","isPartOf":{"@id":"https:\/\/beutox.com\/de\/#website"},"primaryImageOfPage":{"@id":"https:\/\/beutox.com\/de\/produkt\/hylenex-amphadase-hyalase-vitrase\/#primaryimage"},"image":{"@id":"https:\/\/beutox.com\/de\/produkt\/hylenex-amphadase-hyalase-vitrase\/#primaryimage"},"thumbnailUrl":"https:\/\/beutox.com\/wp-content\/uploads\/2025\/12\/Hylenex-Amphadase-Hyalase-Vitrase.webp","datePublished":"2025-12-19T15:59:42+00:00","breadcrumb":{"@id":"https:\/\/beutox.com\/de\/produkt\/hylenex-amphadase-hyalase-vitrase\/#breadcrumb"},"inLanguage":"de","potentialAction":[{"@type":"ReadAction","target":["https:\/\/beutox.com\/de\/produkt\/hylenex-amphadase-hyalase-vitrase\/"]}]},{"@type":"ImageObject","inLanguage":"de","@id":"https:\/\/beutox.com\/de\/produkt\/hylenex-amphadase-hyalase-vitrase\/#primaryimage","url":"https:\/\/beutox.com\/wp-content\/uploads\/2025\/12\/Hylenex-Amphadase-Hyalase-Vitrase.webp","contentUrl":"https:\/\/beutox.com\/wp-content\/uploads\/2025\/12\/Hylenex-Amphadase-Hyalase-Vitrase.webp","width":600,"height":600},{"@type":"BreadcrumbList","@id":"https:\/\/beutox.com\/de\/produkt\/hylenex-amphadase-hyalase-vitrase\/#breadcrumb","itemListElement":[{"@type":"ListItem","position":1,"name":"Startseite","item":"https:\/\/beutox.com\/de\/startseite\/"},{"@type":"ListItem","position":2,"name":"Shop","item":"https:\/\/beutox.com\/de\/shop\/"},{"@type":"ListItem","position":3,"name":"Hylenex, Amphadase, Hyalase, Vitrase"}]},{"@type":"WebSite","@id":"https:\/\/beutox.com\/de\/#website","url":"https:\/\/beutox.com\/de\/","name":"Beutox.com","description":"Buy botox online, We ship to USA, UK, Canada, Australia, EU, Saudi Arabia and the rest of the world","potentialAction":[{"@type":"SearchAction","target":{"@type":"EntryPoint","urlTemplate":"https:\/\/beutox.com\/de\/?s={search_term_string}"},"query-input":{"@type":"PropertyValueSpecification","valueRequired":true,"valueName":"search_term_string"}}],"inLanguage":"de"}]}},"_links":{"self":[{"href":"https:\/\/beutox.com\/de\/wp-json\/wp\/v2\/product\/783","targetHints":{"allow":["GET"]}}],"collection":[{"href":"https:\/\/beutox.com\/de\/wp-json\/wp\/v2\/product"}],"about":[{"href":"https:\/\/beutox.com\/de\/wp-json\/wp\/v2\/types\/product"}],"replies":[{"embeddable":true,"href":"https:\/\/beutox.com\/de\/wp-json\/wp\/v2\/comments?post=783"}],"wp:featuredmedia":[{"embeddable":true,"href":"https:\/\/beutox.com\/de\/wp-json\/wp\/v2\/media\/227"}],"wp:attachment":[{"href":"https:\/\/beutox.com\/de\/wp-json\/wp\/v2\/media?parent=783"}],"wp:term":[{"taxonomy":"product_brand","embeddable":true,"href":"https:\/\/beutox.com\/de\/wp-json\/wp\/v2\/product_brand?post=783"},{"taxonomy":"product_cat","embeddable":true,"href":"https:\/\/beutox.com\/de\/wp-json\/wp\/v2\/product_cat?post=783"},{"taxonomy":"product_tag","embeddable":true,"href":"https:\/\/beutox.com\/de\/wp-json\/wp\/v2\/product_tag?post=783"}],"curies":[{"name":"wp","href":"https:\/\/api.w.org\/{rel}","templated":true}]}}