{"id":715,"date":"2025-12-19T12:19:40","date_gmt":"2025-12-19T12:19:40","guid":{"rendered":"https:\/\/beutox.com\/product\/daxxify-botulinumtoxin-typ-a-100-ie\/"},"modified":"2026-02-10T00:28:10","modified_gmt":"2026-02-10T00:28:10","slug":"daxxify-botulinumtoxin-typ-a-100-ie","status":"publish","type":"product","link":"https:\/\/beutox.com\/de\/produkt\/daxxify-botulinumtoxin-typ-a-100-ie\/","title":{"rendered":"Daxxify Botulinumtoxin Typ A 100 IE"},"content":{"rendered":"<p data-path-to-node=\"2\"><b data-path-to-node=\"2\" data-index-in-node=\"0\">Zeitlose Sch\u00f6nheit freisetzen: Wir stellen vor: DAXXIFY\u00ae (DaxibotulinumtoxinA-lanm) 100 IE<\/b><\/p>\n<p data-path-to-node=\"3\">Betreten Sie die Zukunft der \u00e4sthetischen Wissenschaft mit DAXXIFY\u00ae, der neuesten Innovation, die einen neuen Standard in der Welt der Injektionsmittel setzt. DAXXIFY\u00ae (DaxibotulinumtoxinA-lanm) 100 IE wurde f\u00fcr den anspruchsvollen Einzelnen und den modernen Anwender entwickelt und ist nicht nur ein weiteres Produkt, sondern ein Paradigmenwechsel im Streben nach jugendlicher, glatter Haut. <\/p>\n<p data-path-to-node=\"4\">Was DAXXIFY\u00ae auszeichnet, ist seine bahnbrechende Peptid-Austausch-Technologie. Im Gegensatz zu traditionellen Formulierungen erm\u00f6glicht diese einzigartige Struktur dem aktiven Botulinumtoxin Typ A, au\u00dfergew\u00f6hnliche, lang anhaltende Ergebnisse zu erzielen. F\u00fcr Ihre Kunden bedeutet dies weniger Termine und eine anhaltende, nat\u00fcrlich aussehende Reduzierung von m\u00e4\u00dfigen bis starken Zornesfalten (Glabellafalten). Stellen Sie sich vor, Sie bieten eine L\u00f6sung an, die sie \u00fcber einen l\u00e4ngeren Zeitraum optimal aussehen l\u00e4sst und die Kundenzufriedenheit und -bindung erh\u00f6ht.   <\/p>\n<p data-path-to-node=\"5\">Unser 100-IE-Fl\u00e4schchen wird unter h\u00f6chsten Qualit\u00e4tskontrollen sorgf\u00e4ltig hergestellt, um bei jeder Anwendung Reinheit und gleichbleibende Wirksamkeit zu gew\u00e4hrleisten. Es ist ein leistungsstarkes Werkzeug in Ihrem \u00e4sthetischen Werkzeugkasten, das die Pr\u00e4zision und Zuverl\u00e4ssigkeit bietet, die erforderlich sind, um vorhersehbare und sch\u00f6ne Ergebnisse zu erzielen. Dieses Produkt ist ideal f\u00fcr \u00e4sthetische Praxen, die ihr Serviceangebot verbessern und Kunden bedienen m\u00f6chten, die den H\u00f6hepunkt der neuromodulatorischen Leistung suchen.  <\/p>\n<p data-path-to-node=\"6\">\u00dcber seine Wirksamkeit hinaus demonstriert die Wahl von DAXXIFY\u00ae ein Engagement f\u00fcr Innovation und Premium-Pflege. Es ist eine Investition in ein Produkt, das durch seine bemerkenswerte Ausdauer einen greifbaren Mehrwert bietet. Geben Sie Ihren Kunden das Selbstvertrauen, das aus einem erfrischten und revitalisierten Aussehen resultiert, das durch die n\u00e4chste Generation der \u00e4sthetischen Behandlung erm\u00f6glicht wird.  <\/p>\n<p data-path-to-node=\"7\"><b data-path-to-node=\"7\" data-index-in-node=\"0\">Hauptvorteile f\u00fcr Ihre Praxis:<\/b><\/p>\n<ul data-path-to-node=\"8\">\n<li>\n<p data-path-to-node=\"8,0,0\"><b data-path-to-node=\"8,0,0\" data-index-in-node=\"0\">Verl\u00e4ngerte Wirksamkeit:<\/b> Bietet eine deutlich l\u00e4ngere Wirkdauer im Vergleich zu Neuromodulatoren der fr\u00fcheren Generation.<\/p>\n<\/li>\n<li>\n<p data-path-to-node=\"8,1,0\"><b data-path-to-node=\"8,1,0\" data-index-in-node=\"0\">Peptid-basiert:<\/b> Verwendet ein einzigartiges, stabilisierendes Peptid, das die Produktaufnahme und Langlebigkeit verbessert.<\/p>\n<\/li>\n<li>\n<p data-path-to-node=\"8,2,0\"><b data-path-to-node=\"8,2,0\" data-index-in-node=\"0\">Premium-Angebot:<\/b> Positioniert Ihre Praxis an der Spitze der \u00e4sthetischen Technologie.<\/p>\n<\/li>\n<li>\n<p data-path-to-node=\"8,3,0\"><b data-path-to-node=\"8,3,0\" data-index-in-node=\"0\">Pr\u00e4zision und Reinheit:<\/b> Garantierte Qualit\u00e4t f\u00fcr vorhersehbare, reproduzierbare Ergebnisse.<\/p>\n<\/li>\n<\/ul>\n<p data-path-to-node=\"9\">Steigern Sie noch heute Ihre \u00e4sthetische Praxis. W\u00e4hlen Sie DAXXIFY\u00ae 100 IE \u2013 wo Wissenschaft auf dauerhafte Sch\u00f6nheit trifft. <\/p>\n","protected":false},"excerpt":{"rendered":"<p>Preise auf Anfrage f\u00fcr medizinisches Fachpersonal. Kontaktieren Sie uns unter info@beutox.com bez\u00fcglich der aktuellen Lagerverf\u00fcgbarkeit und B2B-Konditionen. <\/p>\n","protected":false},"featured_media":716,"comment_status":"open","ping_status":"closed","template":"","meta":[],"product_brand":[],"product_cat":[41],"product_tag":[],"class_list":{"0":"post-715","1":"product","2":"type-product","3":"status-publish","4":"has-post-thumbnail","6":"product_cat-botox","8":"first","9":"instock","10":"shipping-taxable","11":"product-type-simple"},"yoast_head":"<!-- This site is optimized with the Yoast SEO plugin v26.6 - https:\/\/yoast.com\/wordpress\/plugins\/seo\/ -->\n<title>Daxxify Botulinumtoxin Typ A 100 IE Kaufen Online - Beutox.com<\/title>\n<meta name=\"description\" content=\"Daxxify 100 Units bestellen: der erste lang anhaltende, Peptid-verst\u00e4rkte Neuromodulator f\u00fcr den professionellen Gebrauch. Botulinumtoxin Typ A in Klinikqualit\u00e4t. \u00c4rztliche Zulassung oder g\u00fcltiges Rezept erforderlich. Sicherer K\u00fchlkettenversand f\u00fcr autorisierte \u00c4sthetik-Praxen.\" \/>\n<meta name=\"robots\" content=\"index, follow, max-snippet:-1, max-image-preview:large, max-video-preview:-1\" \/>\n<link rel=\"canonical\" href=\"https:\/\/beutox.com\/de\/produkt\/daxxify-botulinumtoxin-typ-a-100-ie\/\" \/>\n<meta property=\"og:locale\" content=\"de_DE\" \/>\n<meta property=\"og:type\" content=\"article\" \/>\n<meta property=\"og:title\" content=\"Daxxify Botulinumtoxin Typ A 100 IE Kaufen Online - Beutox.com\" \/>\n<meta property=\"og:description\" content=\"Daxxify 100 Units bestellen: der erste lang anhaltende, Peptid-verst\u00e4rkte Neuromodulator f\u00fcr den professionellen Gebrauch. Botulinumtoxin Typ A in Klinikqualit\u00e4t. \u00c4rztliche Zulassung oder g\u00fcltiges Rezept erforderlich. Sicherer K\u00fchlkettenversand f\u00fcr autorisierte \u00c4sthetik-Praxen.\" \/>\n<meta property=\"og:url\" content=\"https:\/\/beutox.com\/de\/produkt\/daxxify-botulinumtoxin-typ-a-100-ie\/\" \/>\n<meta property=\"og:site_name\" content=\"Beutox.com\" \/>\n<meta property=\"article:modified_time\" content=\"2026-02-10T00:28:10+00:00\" \/>\n<meta property=\"og:image\" content=\"https:\/\/beutox.com\/wp-content\/uploads\/2025\/12\/Daxxify-Botulinum-toxin-type-A-100IU.jpg\" \/>\n\t<meta property=\"og:image:width\" content=\"1026\" \/>\n\t<meta property=\"og:image:height\" content=\"1024\" \/>\n\t<meta property=\"og:image:type\" content=\"image\/jpeg\" \/>\n<meta name=\"twitter:card\" content=\"summary_large_image\" \/>\n<meta name=\"twitter:label1\" content=\"Gesch\u00e4tzte Lesezeit\" \/>\n\t<meta name=\"twitter:data1\" content=\"2\u00a0Minuten\" \/>\n<script type=\"application\/ld+json\" class=\"yoast-schema-graph\">{\"@context\":\"https:\/\/schema.org\",\"@graph\":[{\"@type\":\"WebPage\",\"@id\":\"https:\/\/beutox.com\/de\/produkt\/daxxify-botulinumtoxin-typ-a-100-ie\/\",\"url\":\"https:\/\/beutox.com\/de\/produkt\/daxxify-botulinumtoxin-typ-a-100-ie\/\",\"name\":\"Daxxify Botulinumtoxin Typ A 100 IE Kaufen Online - Beutox.com\",\"isPartOf\":{\"@id\":\"https:\/\/beutox.com\/de\/#website\"},\"primaryImageOfPage\":{\"@id\":\"https:\/\/beutox.com\/de\/produkt\/daxxify-botulinumtoxin-typ-a-100-ie\/#primaryimage\"},\"image\":{\"@id\":\"https:\/\/beutox.com\/de\/produkt\/daxxify-botulinumtoxin-typ-a-100-ie\/#primaryimage\"},\"thumbnailUrl\":\"https:\/\/beutox.com\/wp-content\/uploads\/2025\/12\/Daxxify-Botulinum-toxin-type-A-100IU.jpg\",\"datePublished\":\"2025-12-19T12:19:40+00:00\",\"dateModified\":\"2026-02-10T00:28:10+00:00\",\"description\":\"Daxxify 100 Units bestellen: der erste lang anhaltende, Peptid-verst\u00e4rkte Neuromodulator f\u00fcr den professionellen Gebrauch. Botulinumtoxin Typ A in Klinikqualit\u00e4t. \u00c4rztliche Zulassung oder g\u00fcltiges Rezept erforderlich. Sicherer K\u00fchlkettenversand f\u00fcr autorisierte \u00c4sthetik-Praxen.\",\"breadcrumb\":{\"@id\":\"https:\/\/beutox.com\/de\/produkt\/daxxify-botulinumtoxin-typ-a-100-ie\/#breadcrumb\"},\"inLanguage\":\"de\",\"potentialAction\":[{\"@type\":\"ReadAction\",\"target\":[\"https:\/\/beutox.com\/de\/produkt\/daxxify-botulinumtoxin-typ-a-100-ie\/\"]}]},{\"@type\":\"ImageObject\",\"inLanguage\":\"de\",\"@id\":\"https:\/\/beutox.com\/de\/produkt\/daxxify-botulinumtoxin-typ-a-100-ie\/#primaryimage\",\"url\":\"https:\/\/beutox.com\/wp-content\/uploads\/2025\/12\/Daxxify-Botulinum-toxin-type-A-100IU.jpg\",\"contentUrl\":\"https:\/\/beutox.com\/wp-content\/uploads\/2025\/12\/Daxxify-Botulinum-toxin-type-A-100IU.jpg\",\"width\":1026,\"height\":1024},{\"@type\":\"BreadcrumbList\",\"@id\":\"https:\/\/beutox.com\/de\/produkt\/daxxify-botulinumtoxin-typ-a-100-ie\/#breadcrumb\",\"itemListElement\":[{\"@type\":\"ListItem\",\"position\":1,\"name\":\"Startseite\",\"item\":\"https:\/\/beutox.com\/de\/startseite\/\"},{\"@type\":\"ListItem\",\"position\":2,\"name\":\"Shop\",\"item\":\"https:\/\/beutox.com\/de\/shop\/\"},{\"@type\":\"ListItem\",\"position\":3,\"name\":\"Daxxify Botulinumtoxin Typ A 100 IE\"}]},{\"@type\":\"WebSite\",\"@id\":\"https:\/\/beutox.com\/de\/#website\",\"url\":\"https:\/\/beutox.com\/de\/\",\"name\":\"Beutox.com\",\"description\":\"Buy botox online, We ship to USA, UK, Canada, Australia, EU, Saudi Arabia and the rest of the world\",\"potentialAction\":[{\"@type\":\"SearchAction\",\"target\":{\"@type\":\"EntryPoint\",\"urlTemplate\":\"https:\/\/beutox.com\/de\/?s={search_term_string}\"},\"query-input\":{\"@type\":\"PropertyValueSpecification\",\"valueRequired\":true,\"valueName\":\"search_term_string\"}}],\"inLanguage\":\"de\"}]}<\/script>\n<!-- \/ Yoast SEO plugin. -->","yoast_head_json":{"title":"Daxxify Botulinumtoxin Typ A 100 IE Kaufen Online - Beutox.com","description":"Daxxify 100 Units bestellen: der erste lang anhaltende, Peptid-verst\u00e4rkte Neuromodulator f\u00fcr den professionellen Gebrauch. Botulinumtoxin Typ A in Klinikqualit\u00e4t. \u00c4rztliche Zulassung oder g\u00fcltiges Rezept erforderlich. Sicherer K\u00fchlkettenversand f\u00fcr autorisierte \u00c4sthetik-Praxen.","robots":{"index":"index","follow":"follow","max-snippet":"max-snippet:-1","max-image-preview":"max-image-preview:large","max-video-preview":"max-video-preview:-1"},"canonical":"https:\/\/beutox.com\/de\/produkt\/daxxify-botulinumtoxin-typ-a-100-ie\/","og_locale":"de_DE","og_type":"article","og_title":"Daxxify Botulinumtoxin Typ A 100 IE Kaufen Online - Beutox.com","og_description":"Daxxify 100 Units bestellen: der erste lang anhaltende, Peptid-verst\u00e4rkte Neuromodulator f\u00fcr den professionellen Gebrauch. Botulinumtoxin Typ A in Klinikqualit\u00e4t. \u00c4rztliche Zulassung oder g\u00fcltiges Rezept erforderlich. Sicherer K\u00fchlkettenversand f\u00fcr autorisierte \u00c4sthetik-Praxen.","og_url":"https:\/\/beutox.com\/de\/produkt\/daxxify-botulinumtoxin-typ-a-100-ie\/","og_site_name":"Beutox.com","article_modified_time":"2026-02-10T00:28:10+00:00","og_image":[{"width":1026,"height":1024,"url":"https:\/\/beutox.com\/wp-content\/uploads\/2025\/12\/Daxxify-Botulinum-toxin-type-A-100IU.jpg","type":"image\/jpeg"}],"twitter_card":"summary_large_image","twitter_misc":{"Gesch\u00e4tzte Lesezeit":"2\u00a0Minuten"},"schema":{"@context":"https:\/\/schema.org","@graph":[{"@type":"WebPage","@id":"https:\/\/beutox.com\/de\/produkt\/daxxify-botulinumtoxin-typ-a-100-ie\/","url":"https:\/\/beutox.com\/de\/produkt\/daxxify-botulinumtoxin-typ-a-100-ie\/","name":"Daxxify Botulinumtoxin Typ A 100 IE Kaufen Online - Beutox.com","isPartOf":{"@id":"https:\/\/beutox.com\/de\/#website"},"primaryImageOfPage":{"@id":"https:\/\/beutox.com\/de\/produkt\/daxxify-botulinumtoxin-typ-a-100-ie\/#primaryimage"},"image":{"@id":"https:\/\/beutox.com\/de\/produkt\/daxxify-botulinumtoxin-typ-a-100-ie\/#primaryimage"},"thumbnailUrl":"https:\/\/beutox.com\/wp-content\/uploads\/2025\/12\/Daxxify-Botulinum-toxin-type-A-100IU.jpg","datePublished":"2025-12-19T12:19:40+00:00","dateModified":"2026-02-10T00:28:10+00:00","description":"Daxxify 100 Units bestellen: der erste lang anhaltende, Peptid-verst\u00e4rkte Neuromodulator f\u00fcr den professionellen Gebrauch. Botulinumtoxin Typ A in Klinikqualit\u00e4t. \u00c4rztliche Zulassung oder g\u00fcltiges Rezept erforderlich. Sicherer K\u00fchlkettenversand f\u00fcr autorisierte \u00c4sthetik-Praxen.","breadcrumb":{"@id":"https:\/\/beutox.com\/de\/produkt\/daxxify-botulinumtoxin-typ-a-100-ie\/#breadcrumb"},"inLanguage":"de","potentialAction":[{"@type":"ReadAction","target":["https:\/\/beutox.com\/de\/produkt\/daxxify-botulinumtoxin-typ-a-100-ie\/"]}]},{"@type":"ImageObject","inLanguage":"de","@id":"https:\/\/beutox.com\/de\/produkt\/daxxify-botulinumtoxin-typ-a-100-ie\/#primaryimage","url":"https:\/\/beutox.com\/wp-content\/uploads\/2025\/12\/Daxxify-Botulinum-toxin-type-A-100IU.jpg","contentUrl":"https:\/\/beutox.com\/wp-content\/uploads\/2025\/12\/Daxxify-Botulinum-toxin-type-A-100IU.jpg","width":1026,"height":1024},{"@type":"BreadcrumbList","@id":"https:\/\/beutox.com\/de\/produkt\/daxxify-botulinumtoxin-typ-a-100-ie\/#breadcrumb","itemListElement":[{"@type":"ListItem","position":1,"name":"Startseite","item":"https:\/\/beutox.com\/de\/startseite\/"},{"@type":"ListItem","position":2,"name":"Shop","item":"https:\/\/beutox.com\/de\/shop\/"},{"@type":"ListItem","position":3,"name":"Daxxify Botulinumtoxin Typ A 100 IE"}]},{"@type":"WebSite","@id":"https:\/\/beutox.com\/de\/#website","url":"https:\/\/beutox.com\/de\/","name":"Beutox.com","description":"Buy botox online, We ship to USA, UK, Canada, Australia, EU, Saudi Arabia and the rest of the world","potentialAction":[{"@type":"SearchAction","target":{"@type":"EntryPoint","urlTemplate":"https:\/\/beutox.com\/de\/?s={search_term_string}"},"query-input":{"@type":"PropertyValueSpecification","valueRequired":true,"valueName":"search_term_string"}}],"inLanguage":"de"}]}},"_links":{"self":[{"href":"https:\/\/beutox.com\/de\/wp-json\/wp\/v2\/product\/715","targetHints":{"allow":["GET"]}}],"collection":[{"href":"https:\/\/beutox.com\/de\/wp-json\/wp\/v2\/product"}],"about":[{"href":"https:\/\/beutox.com\/de\/wp-json\/wp\/v2\/types\/product"}],"replies":[{"embeddable":true,"href":"https:\/\/beutox.com\/de\/wp-json\/wp\/v2\/comments?post=715"}],"wp:featuredmedia":[{"embeddable":true,"href":"https:\/\/beutox.com\/de\/wp-json\/wp\/v2\/media\/716"}],"wp:attachment":[{"href":"https:\/\/beutox.com\/de\/wp-json\/wp\/v2\/media?parent=715"}],"wp:term":[{"taxonomy":"product_brand","embeddable":true,"href":"https:\/\/beutox.com\/de\/wp-json\/wp\/v2\/product_brand?post=715"},{"taxonomy":"product_cat","embeddable":true,"href":"https:\/\/beutox.com\/de\/wp-json\/wp\/v2\/product_cat?post=715"},{"taxonomy":"product_tag","embeddable":true,"href":"https:\/\/beutox.com\/de\/wp-json\/wp\/v2\/product_tag?post=715"}],"curies":[{"name":"wp","href":"https:\/\/api.w.org\/{rel}","templated":true}]}}