{"id":606,"date":"2025-11-09T14:37:46","date_gmt":"2025-11-09T14:37:46","guid":{"rendered":"https:\/\/beutox.com\/product\/radiesse-calcium-hydroxylapatit-caha-1x15-ml\/"},"modified":"2025-11-09T14:37:46","modified_gmt":"2025-11-09T14:37:46","slug":"radiesse-calcium-hydroxylapatit-caha-1x15-ml","status":"publish","type":"product","link":"https:\/\/beutox.com\/de\/produkt\/radiesse-calcium-hydroxylapatit-caha-1x15-ml\/","title":{"rendered":"RADIESSE Calcium Hydroxylapatit CaHA (1&#215;1,5 ml)"},"content":{"rendered":"<p><b>Sofortiger Lifting-Effekt. Anhaltendes Kollagen. Nat\u00fcrliches Selbstbewusstsein.  <\/b><\/p>\n<p>Entdecken Sie eine jugendlichere Version Ihrer selbst mit <b>RADIESSE\u00ae<\/b>, dem Premium-Dermalfiller, der \u00fcber den einfachen Volumenersatz hinausgeht. Dieses revolution\u00e4re Produkt, hergestellt von <b>Merz Aesthetics<\/b>, bietet eine leistungsstarke Dual-Action-Behandlung f\u00fcr m\u00e4\u00dfige bis schwere Gesichtsfalten, Falten und Konturverluste. <\/p>\n<p>&nbsp;<\/p>\n<h3>\ud83c\udf1f <b>Der Dual-Action-Vorteil<\/b><\/h3>\n<ol start=\"1\">\n<li><b>Sofortiges Volumen &amp; Lifting:<\/b> Nach der Injektion sorgt der einzigartige Geltr\u00e4ger f\u00fcr eine sofortige, sichtbare Korrektur, stellt das verlorene Volumen wieder her und gl\u00e4ttet tiefe Linien, wie z. B. Nasolabialfalten und Marionettenfalten.<\/li>\n<li><b>Langfristige Kollagenstimulation:<\/b> Im Gegensatz zu herk\u00f6mmlichen Fillern ist RADIESSE\u00ae mit <b>Calcium-Hydroxylapatit (CaHA)-Mikrosph\u00e4ren<\/b> formuliert. Diese innovativen Partikel bilden ein st\u00fctzendes Ger\u00fcst unter der Haut und regen sofort die nat\u00fcrliche Kollagenproduktion Ihres K\u00f6rpers an. Im Laufe der Zeit, wenn der Geltr\u00e4ger absorbiert wird, bleibt ein neues, nat\u00fcrliches Kollagennetzwerk zur\u00fcck, das Ihr verj\u00fcngtes Aussehen verl\u00e4ngert.  <\/li>\n<\/ol>\n<p>&nbsp;<\/p>\n<h3><b>Wesentliche Vorteile:<\/b><\/h3>\n<ul>\n<li><b>Nat\u00fcrlich aussehende Ergebnisse:<\/b> Erzielen Sie ein subtiles Lifting und eine Gl\u00e4ttung, die vollkommen nat\u00fcrlich aussieht und sich auch so anf\u00fchlt.<\/li>\n<li><b>Kollagen-Kraftpaket:<\/b> Stimuliert Ihre Haut, ihre eigene strukturelle Unterst\u00fctzung f\u00fcr lang anhaltende Festigkeit und Elastizit\u00e4t aufzubauen.<\/li>\n<li><b>Vielseitige Korrektur:<\/b> Ideal zur Wiederherstellung des Volumens in den <b>Wangen<\/b>, zur Definition der <b>Kieferpartie und des Kinns<\/b>, zur Gl\u00e4ttung tiefer <b>Nasolabialfalten<\/b> und zur Verj\u00fcngung der <b>Handr\u00fccken<\/b>.<\/li>\n<li><b>Verl\u00e4ngerte Lebensdauer:<\/b> Die Ergebnisse halten klinisch erwiesen bei vielen Patienten **12 Monate oder l\u00e4nger** an.<\/li>\n<li><b>Bew\u00e4hrte Formulierung:<\/b> Nicht tierischen Ursprungs, biokompatibel und vollst\u00e4ndig biologisch abbaubar.<\/li>\n<\/ul>\n<p>&nbsp;<\/p>\n<h3><b>Produktspezifikationen:<\/b><\/h3>\n<ul>\n<li><b>Inhalt:<\/b> 1 x 1,5 ml vorgef\u00fcllte Spritze<\/li>\n<li><b>Wirkstoff:<\/b> Calcium Hydroxylapatit (CaHA)<\/li>\n<li><b>Hersteller:<\/b> Merz Aesthetics\u2122<\/li>\n<li><b>Indikation:<\/b> Tiefe dermale und subdermale Implantation zur Korrektur von m\u00e4\u00dfigen bis schweren Gesichtsfalten sowie zur Handaugmentation.<\/li>\n<\/ul>\n<blockquote><p><b>Hinweis:<\/b> RADIESSE\u00ae sollte nur von einem qualifizierten Arzt gem\u00e4\u00df den lokalen Vorschriften und Schulungen verabreicht werden. Dieses Produkt ist nur f\u00fcr den professionellen Gebrauch bestimmt. <\/p><\/blockquote>\n","protected":false},"excerpt":{"rendered":"<p>Sofortiger Lifting-Effekt. Anhaltendes Kollagen. Nat\u00fcrliches Selbstbewusstsein. Entdecken Sie eine jugendlichere Version Ihrer selbst mit RADIESSE\u00ae, dem Premium-Dermalfiller, der \u00fcber den&hellip;<\/p>\n","protected":false},"featured_media":197,"comment_status":"open","ping_status":"closed","template":"","meta":[],"product_brand":[],"product_cat":[42],"product_tag":[],"class_list":{"0":"post-606","1":"product","2":"type-product","3":"status-publish","4":"has-post-thumbnail","6":"product_cat-dermal-fillers","8":"first","9":"instock","10":"shipping-taxable","11":"purchasable","12":"product-type-simple"},"yoast_head":"<!-- This site is optimized with the Yoast SEO plugin v26.6 - https:\/\/yoast.com\/wordpress\/plugins\/seo\/ -->\n<title>RADIESSE Calcium Hydroxylapatit CaHA (1x1,5 ml) Kaufen Online - Beutox.com<\/title>\n<meta name=\"robots\" content=\"index, follow, max-snippet:-1, max-image-preview:large, max-video-preview:-1\" \/>\n<link rel=\"canonical\" href=\"https:\/\/beutox.com\/de\/produkt\/radiesse-calcium-hydroxylapatit-caha-1x15-ml\/\" \/>\n<meta property=\"og:locale\" content=\"de_DE\" \/>\n<meta property=\"og:type\" content=\"article\" \/>\n<meta property=\"og:title\" content=\"RADIESSE Calcium Hydroxylapatit CaHA (1x1,5 ml) Kaufen Online - Beutox.com\" \/>\n<meta property=\"og:description\" content=\"Sofortiger Lifting-Effekt. Anhaltendes Kollagen. Nat\u00fcrliches Selbstbewusstsein. Entdecken Sie eine jugendlichere Version Ihrer selbst mit RADIESSE\u00ae, dem Premium-Dermalfiller, der \u00fcber den&hellip;\" \/>\n<meta property=\"og:url\" content=\"https:\/\/beutox.com\/de\/produkt\/radiesse-calcium-hydroxylapatit-caha-1x15-ml\/\" \/>\n<meta property=\"og:site_name\" content=\"Beutox.com\" \/>\n<meta property=\"og:image\" content=\"https:\/\/beutox.com\/wp-content\/uploads\/2025\/11\/radiesse-1x15mldd.jpg\" \/>\n\t<meta property=\"og:image:width\" content=\"1110\" \/>\n\t<meta property=\"og:image:height\" content=\"1111\" \/>\n\t<meta property=\"og:image:type\" content=\"image\/jpeg\" \/>\n<meta name=\"twitter:card\" content=\"summary_large_image\" \/>\n<meta name=\"twitter:label1\" content=\"Gesch\u00e4tzte Lesezeit\" \/>\n\t<meta name=\"twitter:data1\" content=\"2\u00a0Minuten\" \/>\n<script type=\"application\/ld+json\" class=\"yoast-schema-graph\">{\"@context\":\"https:\/\/schema.org\",\"@graph\":[{\"@type\":\"WebPage\",\"@id\":\"https:\/\/beutox.com\/de\/produkt\/radiesse-calcium-hydroxylapatit-caha-1x15-ml\/\",\"url\":\"https:\/\/beutox.com\/de\/produkt\/radiesse-calcium-hydroxylapatit-caha-1x15-ml\/\",\"name\":\"RADIESSE Calcium Hydroxylapatit CaHA (1x1,5 ml) Kaufen Online - Beutox.com\",\"isPartOf\":{\"@id\":\"https:\/\/beutox.com\/de\/#website\"},\"primaryImageOfPage\":{\"@id\":\"https:\/\/beutox.com\/de\/produkt\/radiesse-calcium-hydroxylapatit-caha-1x15-ml\/#primaryimage\"},\"image\":{\"@id\":\"https:\/\/beutox.com\/de\/produkt\/radiesse-calcium-hydroxylapatit-caha-1x15-ml\/#primaryimage\"},\"thumbnailUrl\":\"https:\/\/beutox.com\/wp-content\/uploads\/2025\/11\/radiesse-1x15mldd.jpg\",\"datePublished\":\"2025-11-09T14:37:46+00:00\",\"breadcrumb\":{\"@id\":\"https:\/\/beutox.com\/de\/produkt\/radiesse-calcium-hydroxylapatit-caha-1x15-ml\/#breadcrumb\"},\"inLanguage\":\"de\",\"potentialAction\":[{\"@type\":\"ReadAction\",\"target\":[\"https:\/\/beutox.com\/de\/produkt\/radiesse-calcium-hydroxylapatit-caha-1x15-ml\/\"]}]},{\"@type\":\"ImageObject\",\"inLanguage\":\"de\",\"@id\":\"https:\/\/beutox.com\/de\/produkt\/radiesse-calcium-hydroxylapatit-caha-1x15-ml\/#primaryimage\",\"url\":\"https:\/\/beutox.com\/wp-content\/uploads\/2025\/11\/radiesse-1x15mldd.jpg\",\"contentUrl\":\"https:\/\/beutox.com\/wp-content\/uploads\/2025\/11\/radiesse-1x15mldd.jpg\",\"width\":1110,\"height\":1111},{\"@type\":\"BreadcrumbList\",\"@id\":\"https:\/\/beutox.com\/de\/produkt\/radiesse-calcium-hydroxylapatit-caha-1x15-ml\/#breadcrumb\",\"itemListElement\":[{\"@type\":\"ListItem\",\"position\":1,\"name\":\"Startseite\",\"item\":\"https:\/\/beutox.com\/de\/startseite\/\"},{\"@type\":\"ListItem\",\"position\":2,\"name\":\"Shop\",\"item\":\"https:\/\/beutox.com\/de\/shop\/\"},{\"@type\":\"ListItem\",\"position\":3,\"name\":\"RADIESSE Calcium Hydroxylapatit CaHA (1&#215;1,5 ml)\"}]},{\"@type\":\"WebSite\",\"@id\":\"https:\/\/beutox.com\/de\/#website\",\"url\":\"https:\/\/beutox.com\/de\/\",\"name\":\"Beutox.com\",\"description\":\"Buy botox online, We ship to USA, UK, Canada, Australia, EU, Saudi Arabia and the rest of the world\",\"potentialAction\":[{\"@type\":\"SearchAction\",\"target\":{\"@type\":\"EntryPoint\",\"urlTemplate\":\"https:\/\/beutox.com\/de\/?s={search_term_string}\"},\"query-input\":{\"@type\":\"PropertyValueSpecification\",\"valueRequired\":true,\"valueName\":\"search_term_string\"}}],\"inLanguage\":\"de\"}]}<\/script>\n<!-- \/ Yoast SEO plugin. -->","yoast_head_json":{"title":"RADIESSE Calcium Hydroxylapatit CaHA (1x1,5 ml) Kaufen Online - Beutox.com","robots":{"index":"index","follow":"follow","max-snippet":"max-snippet:-1","max-image-preview":"max-image-preview:large","max-video-preview":"max-video-preview:-1"},"canonical":"https:\/\/beutox.com\/de\/produkt\/radiesse-calcium-hydroxylapatit-caha-1x15-ml\/","og_locale":"de_DE","og_type":"article","og_title":"RADIESSE Calcium Hydroxylapatit CaHA (1x1,5 ml) Kaufen Online - Beutox.com","og_description":"Sofortiger Lifting-Effekt. Anhaltendes Kollagen. Nat\u00fcrliches Selbstbewusstsein. Entdecken Sie eine jugendlichere Version Ihrer selbst mit RADIESSE\u00ae, dem Premium-Dermalfiller, der \u00fcber den&hellip;","og_url":"https:\/\/beutox.com\/de\/produkt\/radiesse-calcium-hydroxylapatit-caha-1x15-ml\/","og_site_name":"Beutox.com","og_image":[{"width":1110,"height":1111,"url":"https:\/\/beutox.com\/wp-content\/uploads\/2025\/11\/radiesse-1x15mldd.jpg","type":"image\/jpeg"}],"twitter_card":"summary_large_image","twitter_misc":{"Gesch\u00e4tzte Lesezeit":"2\u00a0Minuten"},"schema":{"@context":"https:\/\/schema.org","@graph":[{"@type":"WebPage","@id":"https:\/\/beutox.com\/de\/produkt\/radiesse-calcium-hydroxylapatit-caha-1x15-ml\/","url":"https:\/\/beutox.com\/de\/produkt\/radiesse-calcium-hydroxylapatit-caha-1x15-ml\/","name":"RADIESSE Calcium Hydroxylapatit CaHA (1x1,5 ml) Kaufen Online - Beutox.com","isPartOf":{"@id":"https:\/\/beutox.com\/de\/#website"},"primaryImageOfPage":{"@id":"https:\/\/beutox.com\/de\/produkt\/radiesse-calcium-hydroxylapatit-caha-1x15-ml\/#primaryimage"},"image":{"@id":"https:\/\/beutox.com\/de\/produkt\/radiesse-calcium-hydroxylapatit-caha-1x15-ml\/#primaryimage"},"thumbnailUrl":"https:\/\/beutox.com\/wp-content\/uploads\/2025\/11\/radiesse-1x15mldd.jpg","datePublished":"2025-11-09T14:37:46+00:00","breadcrumb":{"@id":"https:\/\/beutox.com\/de\/produkt\/radiesse-calcium-hydroxylapatit-caha-1x15-ml\/#breadcrumb"},"inLanguage":"de","potentialAction":[{"@type":"ReadAction","target":["https:\/\/beutox.com\/de\/produkt\/radiesse-calcium-hydroxylapatit-caha-1x15-ml\/"]}]},{"@type":"ImageObject","inLanguage":"de","@id":"https:\/\/beutox.com\/de\/produkt\/radiesse-calcium-hydroxylapatit-caha-1x15-ml\/#primaryimage","url":"https:\/\/beutox.com\/wp-content\/uploads\/2025\/11\/radiesse-1x15mldd.jpg","contentUrl":"https:\/\/beutox.com\/wp-content\/uploads\/2025\/11\/radiesse-1x15mldd.jpg","width":1110,"height":1111},{"@type":"BreadcrumbList","@id":"https:\/\/beutox.com\/de\/produkt\/radiesse-calcium-hydroxylapatit-caha-1x15-ml\/#breadcrumb","itemListElement":[{"@type":"ListItem","position":1,"name":"Startseite","item":"https:\/\/beutox.com\/de\/startseite\/"},{"@type":"ListItem","position":2,"name":"Shop","item":"https:\/\/beutox.com\/de\/shop\/"},{"@type":"ListItem","position":3,"name":"RADIESSE Calcium Hydroxylapatit CaHA (1&#215;1,5 ml)"}]},{"@type":"WebSite","@id":"https:\/\/beutox.com\/de\/#website","url":"https:\/\/beutox.com\/de\/","name":"Beutox.com","description":"Buy botox online, We ship to USA, UK, Canada, Australia, EU, Saudi Arabia and the rest of the world","potentialAction":[{"@type":"SearchAction","target":{"@type":"EntryPoint","urlTemplate":"https:\/\/beutox.com\/de\/?s={search_term_string}"},"query-input":{"@type":"PropertyValueSpecification","valueRequired":true,"valueName":"search_term_string"}}],"inLanguage":"de"}]}},"_links":{"self":[{"href":"https:\/\/beutox.com\/de\/wp-json\/wp\/v2\/product\/606","targetHints":{"allow":["GET"]}}],"collection":[{"href":"https:\/\/beutox.com\/de\/wp-json\/wp\/v2\/product"}],"about":[{"href":"https:\/\/beutox.com\/de\/wp-json\/wp\/v2\/types\/product"}],"replies":[{"embeddable":true,"href":"https:\/\/beutox.com\/de\/wp-json\/wp\/v2\/comments?post=606"}],"wp:featuredmedia":[{"embeddable":true,"href":"https:\/\/beutox.com\/de\/wp-json\/wp\/v2\/media\/197"}],"wp:attachment":[{"href":"https:\/\/beutox.com\/de\/wp-json\/wp\/v2\/media?parent=606"}],"wp:term":[{"taxonomy":"product_brand","embeddable":true,"href":"https:\/\/beutox.com\/de\/wp-json\/wp\/v2\/product_brand?post=606"},{"taxonomy":"product_cat","embeddable":true,"href":"https:\/\/beutox.com\/de\/wp-json\/wp\/v2\/product_cat?post=606"},{"taxonomy":"product_tag","embeddable":true,"href":"https:\/\/beutox.com\/de\/wp-json\/wp\/v2\/product_tag?post=606"}],"curies":[{"name":"wp","href":"https:\/\/api.w.org\/{rel}","templated":true}]}}